{"id":10882,"date":"2023-08-10T10:22:52","date_gmt":"2023-08-10T08:22:52","guid":{"rendered":"https:\/\/www.amec.es\/politica-de-privacitat\/"},"modified":"2025-11-03T11:46:11","modified_gmt":"2025-11-03T10:46:11","slug":"politica-de-privacitat","status":"publish","type":"page","link":"https:\/\/amec.es\/ca\/politica-de-privacitat\/","title":{"rendered":"Pol\u00edtica de privacitat"},"content":{"rendered":"\t\t<div data-elementor-type=\"wp-page\" data-elementor-id=\"10882\" class=\"elementor elementor-10882 elementor-5271\" data-elementor-post-type=\"page\">\n\t\t\t\t\t\t<section class=\"elementor-section elementor-top-section elementor-element elementor-element-402e080 elementor-section-stretched elementor-section-boxed elementor-section-height-default elementor-section-height-default\" data-id=\"402e080\" data-element_type=\"section\" data-e-type=\"section\" data-settings=\"{&quot;stretch_section&quot;:&quot;section-stretched&quot;,&quot;background_background&quot;:&quot;classic&quot;}\">\n\t\t\t\t\t\t<div class=\"elementor-container elementor-column-gap-default\">\n\t\t\t\t\t<div class=\"elementor-column elementor-col-100 elementor-top-column elementor-element elementor-element-9b5d3a4\" data-id=\"9b5d3a4\" data-element_type=\"column\" data-e-type=\"column\">\n\t\t\t<div class=\"elementor-widget-wrap elementor-element-populated\">\n\t\t\t\t\t\t<div class=\"elementor-element elementor-element-b66e70d elementor-widget elementor-widget-spacer\" data-id=\"b66e70d\" data-element_type=\"widget\" data-e-type=\"widget\" data-widget_type=\"spacer.default\">\n\t\t\t\t<div class=\"elementor-widget-container\">\n\t\t\t\t\t\t\t<div class=\"elementor-spacer\">\n\t\t\t<div class=\"elementor-spacer-inner\"><\/div>\n\t\t<\/div>\n\t\t\t\t\t\t<\/div>\n\t\t\t\t<\/div>\n\t\t\t\t<div class=\"elementor-element elementor-element-336fd63 elementor-widget elementor-widget-heading\" data-id=\"336fd63\" data-element_type=\"widget\" data-e-type=\"widget\" data-widget_type=\"heading.default\">\n\t\t\t\t<div class=\"elementor-widget-container\">\n\t\t\t\t\t<h2 class=\"elementor-heading-title elementor-size-default\">Pol\u00edtica de privacitat<\/h2>\t\t\t\t<\/div>\n\t\t\t\t<\/div>\n\t\t\t\t<div class=\"elementor-element elementor-element-0b8ee11 elementor-widget__width-initial elementor-widget-divider--view-line elementor-widget elementor-widget-global elementor-global-48210 elementor-global-159 elementor-widget-divider\" data-id=\"0b8ee11\" data-element_type=\"widget\" data-e-type=\"widget\" data-widget_type=\"divider.default\">\n\t\t\t\t<div class=\"elementor-widget-container\">\n\t\t\t\t\t\t\t<div class=\"elementor-divider\">\n\t\t\t<span class=\"elementor-divider-separator\">\n\t\t\t\t\t\t<\/span>\n\t\t<\/div>\n\t\t\t\t\t\t<\/div>\n\t\t\t\t<\/div>\n\t\t\t\t<div class=\"elementor-element elementor-element-4ebdece elementor-widget elementor-widget-text-editor\" data-id=\"4ebdece\" data-element_type=\"widget\" data-e-type=\"widget\" data-widget_type=\"text-editor.default\">\n\t\t\t\t<div class=\"elementor-widget-container\">\n\t\t\t\t\t\t\t\t\t<p>En compliment del que disposa el Reglament (UE) 2016\/679, de 27 d&#8217;abril (RGPD) i la Llei Org\u00e0nica 3\/2018, de 5 de desembre ( <strong>LOPDGDD<\/strong> ), <strong>AMEC<\/strong> us informa que les dades de car\u00e0cter personal que ens proporcioneu durant la vostra navegaci\u00f3 i\/o mitjan\u00e7ant l&#8217;emplenament dels formularis del WEBSITE seran objecte de oferts. Tractem la informaci\u00f3 que ens facilita com a associat i de les persones de contacte que participen de la relaci\u00f3 contractual amb <strong>AMEC<\/strong> , durant el per\u00edode de vig\u00e8ncia de la mateixa per tal de mantenir la relaci\u00f3 contractual i comercial, realitzar tasques administratives relacionades amb aquests serveis i oferir-li un servei \u00f2ptim i de qualitat per mitj\u00e0 del WEBSITE i\/o la indicada a la cl\u00e0usula de la cl\u00e0usula. <\/p>\n<p><\/p>\n<p><strong><br><\/strong><\/p>\n<p><strong>COM UTILITZEM LES SEVES DADES?<\/strong><\/p>\n<p>A <strong>AMEC<\/strong> tractem la informaci\u00f3 que ens facilita com a associat i de les persones de contacte que participen de la relaci\u00f3 comercial durant el per\u00edode de vig\u00e8ncia de la mateixa, per tal de mantenir la relaci\u00f3 contractual i comercial, realitzar tasques administratives relacionades amb la venda dels nostres productes i serveis, aix\u00ed com per oferir-vos un servei \u00f2ptim i de qualitat per mitj\u00e0 del WEBSITE. Aix\u00ed mateix, si empleneu un formulari del website, haureu de llegir la cl\u00e0usula de protecci\u00f3 de dades corresponent per poder con\u00e8ixer la finalitat de recollida de les dades.   &nbsp;<\/p>\n<p><\/p>\n<p>Usem la informaci\u00f3 de qu\u00e8 disposem, segons les seves decisions, per proporcionar-li serveis de qualitat, aix\u00ed com per assegurar-ne el funcionament. La informaci\u00f3 proporcionada tamb\u00e9 us servir\u00e0 per accedir i utilitzar el nostre WEBSITE i proporcionar informaci\u00f3 sobre els productes i serveis que desitgi. <\/p>\n<p><\/p>\n<p>A m\u00e9s, utilitzem la informaci\u00f3 de qu\u00e8 disposem per combatre conductes perjudicials, sospitoses o infraccions de les nostres condicions i pol\u00edtiques, detectar i prevenir spam i conservar la integritat dels nostres productes, serveis i dades recopilades, prenent les mesures de seguretat pertinents conforme a les dades recopilades ia les finalitats del tractament per a la atenci\u00f3 personal que les nostres dades de car\u00e0cter pol\u00edtiques de tractament i mesures de seguretat a qu\u00e8 fa refer\u00e8ncia la normativa europea vigent de protecci\u00f3 de dades.&nbsp;  Les pol\u00edtiques de tractament i mesures de seguretat implantades a <strong>AMEC<\/strong> tenen la finalitat d&#8217;evitar l&#8217;alteraci\u00f3, la p\u00e8rdua, el tractament o l&#8217;\u00fas no autoritzat de les seves dades de car\u00e0cter personal.<\/p>\n<p><\/p>\n<p>Tamb\u00e9 utilitzem la informaci\u00f3 que ens proporciona per respondre-us quan es posa en contacte amb nosaltres o per comunicar-nos amb vost\u00e8 en els casos en qu\u00e8 est\u00e0 legalment perm\u00e8s.<\/p>\n<p><strong>AMEC<\/strong> pot tenir pres\u00e8ncia a xarxes socials. El tractament de les dades que es duguin a terme de les persones que es facin seguidores a les xarxes socials de les p\u00e0gines oficials d&#8217; <g id=\"gid_1\">AMEC<\/g> es regir\u00e0 per aquest apartat. Aix\u00ed com per aquelles condicions d\u00fas, pol\u00edtiques de privadesa i normatives dacc\u00e9s que pertanyin a la xarxa social que procedeixi en cada cas i acceptades pr\u00e8viament per lusuari <g id=\"gid_2\">dAMEC.<\/g> Tractar\u00e0 les dades amb les finalitats d&#8217;administrar correctament la seva pres\u00e8ncia a la xarxa social, informant d&#8217;activitats, productes o serveis d&#8217; <g id=\"gid_3\">AMEC.<\/g> Aix\u00ed com per a qualsevol altra finalitat que les normatives de les xarxes socials permetin. En cap cas utilitzarem els perfils de seguidors a les xarxes socials per enviar publicitat de manera individual.   <\/p>\n<p><\/p>\n<p>L&#8217;usuari, marcant i acceptant la casella corresponent a comunicacions comercials (check-box) consent expressament que <strong>AMEC<\/strong> li remeti un newsletter (butllet\u00ed informatiu) amb novetats, missatges de m\u00e0rqueting, publicitat i\/o informacions relacionades amb la nostra entitat, els serveis que prestem i\/o els nostres productes, a m\u00e9s d&#8217;informar-vos sobre les nostres pol\u00edtiques i condicions.<\/p>\n<p><\/p>\n<p>Les dades recollides no seran tractades de manera incompatible amb els fins indicats.<\/p>\n<p><em>&nbsp;<\/em><\/p>\n<p><strong>QUINA INFORMACI\u00d3 RECOLLIM?<\/strong><\/p>\n<p><\/p>\n<p>El tipus d&#8217;informaci\u00f3 recollida per <strong>AMEC<\/strong> dep\u00e8n de l&#8217;\u00fas que feu del WEBSITE, la informaci\u00f3 sobre la informaci\u00f3 que recopilem i com eliminar-la la trobareu a l&#8217;apartat relatiu a l&#8217;exercici de drets d&#8217;aquesta Pol\u00edtica de Privadesa.<\/p>\n<p><\/p>\n<ul>\n<li>Recopilem la informaci\u00f3 que ens proporciona quan navega pel nostre WEBSITE, espec\u00edficament les dades d&#8217;identificaci\u00f3 i registre incloses en formularis o dades i missatges que ens comuniqui mitjan\u00e7ant aquests. Aquestes dades poden incloure: el vostre nom i cognoms, tel\u00e8fon i correu electr\u00f2nic a m\u00e9s d&#8217;altres dades necess\u00e0ries per processar la vostra sol\u00b7licitud o comunicaci\u00f3. <\/li>\n<li>Podem rebre informaci\u00f3 identificativa quan ens envieu un correu electr\u00f2nic o quan contacteu amb nosaltres.<\/li>\n<li>Podem rebre, actualment o en un futur, informaci\u00f3 identificativa quan accediu o inicieu sessi\u00f3 en una altra p\u00e0gina, com per exemple una xarxa social, des del nostre WEBSITE. Aix\u00f2 pot incloure text i\/o imatges de la vostra informaci\u00f3 personal identificable disponible en aquestes terceres p\u00e0gines. <\/li>\n<\/ul>\n<p>La RESPOSTA als formularis plantejats per rebre informaci\u00f3 dels serveis oferts per <strong>AMEC<\/strong> , aix\u00ed com de qualsevol altre q\u00fcestionari que es pugui facilitar en un futur, \u00e9s totalment potestativa. Aix\u00f2 no obstant, la negativa de l&#8217;associat o usuari a facilitar determinades dades podr\u00e0 impossibilitar la prestaci\u00f3 dels serveis oferts per <strong>AMEC.<\/strong> <\/p>\n<p><\/p>\n<p>Us informem que tamb\u00e9 utilitzem (o podem utilitzar) cookies mentre visita el nostre WEBSITE. Per a m\u00e9s informaci\u00f3 sobre el nostre \u00fas de cookies, si us plau, adreceu-vos a la nostra <u><a href=\"https:\/\/www.amec.es\/politica-de-cookies\/\" target=\"_blank\">Pol\u00edtica de Cookies<\/a> <i>.<\/i><\/u> <\/p>\n<p><\/p>\n<p><strong><br><\/strong><\/p><p><strong>D&#8217;ON PROCEDEIX LA INFORMACI\u00d3 RECOLLIDA?<\/strong><\/p>\n<p><\/p>\n<p>La informaci\u00f3 que recollim mitjan\u00e7ant el WEBSITE prov\u00e9 exclusivament de vosaltres. No rebem dades de tercers ni fonts d&#8217;acc\u00e9s p\u00fablic. <\/p>\n<p><em>&nbsp;<\/em><\/p>\n<p><strong>QUINA BASE LEGAL ENS LEGITIMA PER TRACTAR LES DADES RECOLLIDES?<\/strong><\/p>\n<p><\/p>\n<p>La base legal per al tractament de les vostres dades \u00e9s la seg\u00fcent:<\/p>\n<p><\/p>\n<ul>\n<li>L&#8217;execuci\u00f3 del contracte en qu\u00e8 vost\u00e8 \u00e9s part o l&#8217;empresa que representa i <strong>AMEC<\/strong> o per a l&#8217;aplicaci\u00f3 de mesures precontractuals.<\/li>\n<li>El consentiment prestat mitjan\u00e7ant l&#8217;acceptaci\u00f3 expressa de la present Pol\u00edtica de privadesa, el qual pot revocar en qualsevol moment. Per a m\u00e9s informaci\u00f3 sobre la possibilitat de revocar el vostre consentiment adreceu-vos a l&#8217;apartat relatiu a l&#8217;exercici de drets d&#8217;aquesta Pol\u00edtica. <\/li>\n<li>L&#8217;inter\u00e8s leg\u00edtim de<\/li>\n<li>El compliment d&#8217;obligacions legals de<\/li>\n<\/ul>\n<p><strong>&nbsp;<\/strong><\/p>\n<p><strong>CONSERVEM LES SEVES DADES?<\/strong><\/p>\n<p>Les dades personals proporcionades es conservaran durant el temps necessari per al compliment de les finalitats previstes del tractament. El temps durant el qual conservem les vostres dades dependr\u00e0 de les finalitats per a les quals s\u00f3n recollides i el compliment d&#8217;obligacions legals d&#8217; <strong>AMEC.<\/strong> Les dades es conservaran mentre no se sol\u00b7licite la supressi\u00f3 per l&#8217;interessat. Per a m\u00e9s informaci\u00f3 sobre com suprimir les vostres dades, adreceu-vos a l&#8217;apartat referit a l&#8217;exercici de drets de la present Pol\u00edtica de Privadesa. Les dades obtingudes es conservaran durant el manteniment de l&#8217;enlla\u00e7 contractual amb l&#8217;associat i despr\u00e9s de la finalitzaci\u00f3 de la relaci\u00f3, fins que es puguin exigir responsabilitats d&#8217;acord amb la legislaci\u00f3 vigent en \u00e0mbit mercantil, fiscal i per complir les obligacions relacionades amb l&#8217;\u00e0mbit professional.   <\/p>\n<p><\/p>\n<p><strong><br><\/strong><\/p>\n<p><strong>COM ACTUALITZEM LA SEVA INFORMACI\u00d3?<\/strong><\/p>\n<p><\/p>\n<p>Tota la informaci\u00f3 que faciliti l&#8217;usuari a trav\u00e9s del registre o emplenant els formularis del WEBSITE haur\u00e0 de ser vera\u00e7. De la mateixa manera, ser\u00e0 responsabilitat de l&#8217;usuari mantenir tota la informaci\u00f3 facilitada a <strong>AMEC<\/strong> permanentment actualitzada de manera que respongui, a cada moment, a la situaci\u00f3 real de l&#8217;usuari. L&#8217;usuari ser\u00e0 l&#8217;\u00fanic responsable de les manifestacions falses o inexactes que faci i dels perjudicis que causi a <strong>AMEC<\/strong> oa tercers per la informaci\u00f3 que faciliti.  <\/p>\n<p><\/p>\n<p>Preguem comuniqueu de forma immediata a <strong>AMEC<\/strong> qualsevol canvi o modificaci\u00f3 que es produeixi en relaci\u00f3 amb les dades que ens ha proporcionat, a fi que aquestes responguin amb veracitat a la seva situaci\u00f3 personal en tot moment.<\/p>\n<p><\/p>\n<p><strong>&nbsp;<\/strong><\/p>\n<p><strong>COM POT EXERCIR ELS SEUS DRETS?<\/strong><\/p>\n<p><\/p>\n<p>De conformitat amb la LOPDGDD, vost\u00e8 disposa dels drets seg\u00fcents:<\/p>\n<ul>\n<li>Dret a obtenir confirmaci\u00f3 sobre si a <strong>AMEC<\/strong> estem tractant dades personals que us concerneixen, o no.<\/li>\n<li>Dret a sol\u00b7licitar l&#8217;acc\u00e9s a les dades personals de qu\u00e8 disposem relatives a la vostra persona<\/li>\n<li>Dret a sol\u00b7licitar la seva rectificaci\u00f3 o supressi\u00f3, per exemple, podr\u00e0 demanar que la seva adre\u00e7a de correu electr\u00f2nic es rectifiqui si \u00e9s err\u00f2nia o demanar la supressi\u00f3 de les dades que <strong>AMEC<\/strong> disposa quan, entre altres motius, ja no siguin necess\u00e0ries per als fins que van ser recollits. En el moment de la supressi\u00f3 de les dades, nom\u00e9s les conservarem bloquejades per complir obligacions legals. <\/li>\n<li>Dret a sol\u00b7licitar la limitaci\u00f3 del seu tractament, per exemple, t\u00e9 dret a limitar el tractament de les seves dades per a fins de m\u00e0rqueting, podent comunicar-se amb nosaltres perqu\u00e8 es doni de baixa la subscripci\u00f3 al NEWSLETTER o comunicacions comercials. En aquest cas, nom\u00e9s conservarem les dades per a lexercici o la defensa de reclamacions. <\/li>\n<li>Dret a oposar-se al tractament i retirar el consentiment en qualsevol moment, per exemple, pot demanar a <strong>AMEC<\/strong> deixi de tractar les seves dades, sense que aix\u00f2 afecti la licitud del tractament basat en el consentiment previ a la seva retirada, <strong>AMEC<\/strong> deixant de tractar les dades excepte per motius leg\u00edtims o l&#8217;exercici o la defensa davant de possibles reclamacions.<\/li>\n<li>Dret a la portabilitat de les dades en suport automatitzat a un altre responsable en els sup\u00f2sits de tractament que permet la LOPDGDD.<\/li>\n<\/ul>\n<p>Podeu exercir aquests drets enviant un email a <u><a href=\"mailto:amec@amec.es\">amec@amec.es<\/a><\/u> qualsevol indicant a l&#8217;assumpte \u201cExercici de drets LOPDGDD\u201d i el contingut seg\u00fcent:<\/p>\n<ul>\n<li>El vostre nom i cognoms o nom d&#8217;usuari,<\/li>\n<li>DNI\/NIE (anvers)<\/li>\n<li>Correu electr\u00f2nic<\/li>\n<li>Dret que es vol exercir<\/li>\n<li>Informaci\u00f3 sobre la qual voleu tenir acc\u00e9s, rectificar, suprimir, limitar el tractament o exercir el vostre dret de portabilitat<\/li>\n<\/ul>\n<p><br><\/p><p>Aix\u00ed mateix, els interessats podran presentar una reclamaci\u00f3 davant l&#8217;Autoritat de Control en mat\u00e8ria de Protecci\u00f3 de Dades competent, especialment quan no hagi obtingut satisfacci\u00f3 en l&#8217;exercici dels seus drets, mitjan\u00e7ant el seg\u00fcent enlla\u00e7:<\/p>\n<p><a href=\"https:\/\/sedeagpd.gob.es\/sede-electronica-web\/vistas\/formNuevaReclamacion\/solicitudReclamacion.jsf;jsessionid=58939FC9F6DAB8144DD8E79FC94D0A40\">https:\/\/sedeagpd.gob.es\/sede-electronica-web\/vistas\/formNuevaReclamacion\/solicitudReclamacion.jsf;jsessionid=58939FC9F6DAB8144DD8E79FC94D0A40<\/a><\/p>\n<p><strong>&nbsp;<\/strong><\/p>\n<p><strong>TRANSFERIM O CEDIM LES SEVES DADES A TERCERS?<\/strong><\/p>\n<p>Les dades no es comunicaran ni transferiran a tercers, llevat dels possibles Encarregats de Tractament (prove\u00efdors que presten servei a la nostra entitat).<\/p>\n<p><\/p>\n<p><strong>AMEC<\/strong> pot compartir la seva informaci\u00f3 amb diverses autoritats governamentals en resposta a compareixences, ordres judicials o altres processos legals o per a qualsevol altre assumpte requerit per la llei. Les vostres dades no es comunicaran a tercers excepte per obligaci\u00f3 legal a l&#8217;Ag\u00e8ncia Tribut\u00e0ria, Jutjats i Tribunals, a Bancs i Entitats financeres per a q\u00fcestions relacionades amb el pagament dels serveis i als nostres corresponsables en el cas que fos necessari per complir amb el servei encarregat. <\/p>\n<p><\/p>\n<p>Per a la vostra comoditat i inter\u00e8s podem proporcionar enlla\u00e7os a p\u00e0gines que gestionen organitzadors diferents (&#8220;P\u00e0gines de tercers&#8221;). No divulguem la vostra informaci\u00f3 a aquestes P\u00e0gines de tercers sense el vostre consentiment. &nbsp;  Tot i aix\u00ed, no aprovam i no som responsables de les pr\u00e0ctiques de privadesa d&#8217;aquestes p\u00e0gines. Si decidiu entrar en un enlla\u00e7 d&#8217;una d&#8217;aquestes p\u00e0gines de tercers, heu de revisar la Pol\u00edtica de Privadesa publicada en aquesta p\u00e0gina, per entendre com aquesta p\u00e0gina de tercers recull i utilitza les vostres dades personals. <\/p>\n<p><\/p>\t\t\t\t\t\t\t\t<\/div>\n\t\t\t\t<\/div>\n\t\t\t\t<div class=\"elementor-element elementor-element-21b14ec elementor-widget elementor-widget-spacer\" data-id=\"21b14ec\" data-element_type=\"widget\" data-e-type=\"widget\" data-widget_type=\"spacer.default\">\n\t\t\t\t<div class=\"elementor-widget-container\">\n\t\t\t\t\t\t\t<div class=\"elementor-spacer\">\n\t\t\t<div class=\"elementor-spacer-inner\"><\/div>\n\t\t<\/div>\n\t\t\t\t\t\t<\/div>\n\t\t\t\t<\/div>\n\t\t\t\t\t<\/div>\n\t\t<\/div>\n\t\t\t\t\t<\/div>\n\t\t<\/section>\n\t\t\t\t<\/div>\n\t\t","protected":false},"excerpt":{"rendered":"<p>Pol\u00edtica de privacitat En compliment del que disposa el Reglament (UE) 2016\/679, de 27 d&#8217;abril (RGPD) i la Llei Org\u00e0nica 3\/2018, de 5 de desembre ( LOPDGDD ), AMEC us informa que les dades de car\u00e0cter personal que ens proporcioneu durant la vostra navegaci\u00f3 i\/o mitjan\u00e7ant l&#8217;emplenament dels formularis del WEBSITE seran objecte de oferts. [&hellip;]<\/p>\n","protected":false},"author":1,"featured_media":0,"parent":0,"menu_order":0,"comment_status":"closed","ping_status":"closed","template":"elementor_header_footer","meta":{"inline_featured_image":false,"footnotes":""},"categories":[],"tags":[],"class_list":["post-10882","page","type-page","status-publish","hentry"],"yoast_head":"<!-- This site is optimized with the Yoast SEO plugin v27.3 - https:\/\/yoast.com\/product\/yoast-seo-wordpress\/ -->\n<title>Pol\u00edtica de privacitat | amec Positive Industry<\/title>\n<meta name=\"robots\" content=\"index, follow, max-snippet:-1, max-image-preview:large, max-video-preview:-1\" \/>\n<link rel=\"canonical\" href=\"https:\/\/amec.es\/ca\/politica-de-privacitat\/\" \/>\n<meta property=\"og:locale\" content=\"ca_ES\" \/>\n<meta property=\"og:type\" content=\"article\" \/>\n<meta property=\"og:title\" content=\"Pol\u00edtica de privacitat | amec Positive Industry\" \/>\n<meta property=\"og:description\" content=\"Pol\u00edtica de privacitat En compliment del que disposa el Reglament (UE) 2016\/679, de 27 d&#8217;abril (RGPD) i la Llei Org\u00e0nica 3\/2018, de 5 de desembre ( LOPDGDD ), AMEC us informa que les dades de car\u00e0cter personal que ens proporcioneu durant la vostra navegaci\u00f3 i\/o mitjan\u00e7ant l&#8217;emplenament dels formularis del WEBSITE seran objecte de oferts. [&hellip;]\" \/>\n<meta property=\"og:url\" content=\"https:\/\/amec.es\/ca\/politica-de-privacitat\/\" \/>\n<meta property=\"og:site_name\" content=\"amec Positive Industry\" \/>\n<meta property=\"article:modified_time\" content=\"2025-11-03T10:46:11+00:00\" \/>\n<meta property=\"og:image\" content=\"https:\/\/amec.es\/wp-content\/uploads\/2024\/02\/Logo_AMEC.png\" \/>\n\t<meta property=\"og:image:width\" content=\"1827\" \/>\n\t<meta property=\"og:image:height\" content=\"438\" \/>\n\t<meta property=\"og:image:type\" content=\"image\/png\" \/>\n<meta name=\"twitter:card\" content=\"summary_large_image\" \/>\n<meta name=\"twitter:label1\" content=\"Temps estimat de lectura\" \/>\n\t<meta name=\"twitter:data1\" content=\"9 minuts\" \/>\n<script type=\"application\/ld+json\" class=\"yoast-schema-graph\">{\"@context\":\"https:\\\/\\\/schema.org\",\"@graph\":[{\"@type\":\"WebPage\",\"@id\":\"https:\\\/\\\/amec.es\\\/ca\\\/politica-de-privacitat\\\/\",\"url\":\"https:\\\/\\\/amec.es\\\/ca\\\/politica-de-privacitat\\\/\",\"name\":\"Pol\u00edtica de privacitat | amec Positive Industry\",\"isPartOf\":{\"@id\":\"https:\\\/\\\/amec.es\\\/#website\"},\"datePublished\":\"2023-08-10T08:22:52+00:00\",\"dateModified\":\"2025-11-03T10:46:11+00:00\",\"breadcrumb\":{\"@id\":\"https:\\\/\\\/amec.es\\\/ca\\\/politica-de-privacitat\\\/#breadcrumb\"},\"inLanguage\":\"ca\",\"potentialAction\":[{\"@type\":\"ReadAction\",\"target\":[\"https:\\\/\\\/amec.es\\\/ca\\\/politica-de-privacitat\\\/\"]}]},{\"@type\":\"BreadcrumbList\",\"@id\":\"https:\\\/\\\/amec.es\\\/ca\\\/politica-de-privacitat\\\/#breadcrumb\",\"itemListElement\":[{\"@type\":\"ListItem\",\"position\":1,\"name\":\"Portada\",\"item\":\"https:\\\/\\\/amec.es\\\/\"},{\"@type\":\"ListItem\",\"position\":2,\"name\":\"Pol\u00edtica de privacitat\"}]},{\"@type\":\"WebSite\",\"@id\":\"https:\\\/\\\/amec.es\\\/#website\",\"url\":\"https:\\\/\\\/amec.es\\\/\",\"name\":\"amec Positive Industry\",\"description\":\"\",\"publisher\":{\"@id\":\"https:\\\/\\\/amec.es\\\/#organization\"},\"potentialAction\":[{\"@type\":\"SearchAction\",\"target\":{\"@type\":\"EntryPoint\",\"urlTemplate\":\"https:\\\/\\\/amec.es\\\/?s={search_term_string}\"},\"query-input\":{\"@type\":\"PropertyValueSpecification\",\"valueRequired\":true,\"valueName\":\"search_term_string\"}}],\"inLanguage\":\"ca\"},{\"@type\":\"Organization\",\"@id\":\"https:\\\/\\\/amec.es\\\/#organization\",\"name\":\"amec Positive Industry\",\"url\":\"https:\\\/\\\/amec.es\\\/\",\"logo\":{\"@type\":\"ImageObject\",\"inLanguage\":\"ca\",\"@id\":\"https:\\\/\\\/amec.es\\\/#\\\/schema\\\/logo\\\/image\\\/\",\"url\":\"https:\\\/\\\/amec.es\\\/wp-content\\\/uploads\\\/2023\\\/07\\\/logoamec.png\",\"contentUrl\":\"https:\\\/\\\/amec.es\\\/wp-content\\\/uploads\\\/2023\\\/07\\\/logoamec.png\",\"width\":200,\"height\":48,\"caption\":\"amec Positive Industry\"},\"image\":{\"@id\":\"https:\\\/\\\/amec.es\\\/#\\\/schema\\\/logo\\\/image\\\/\"}}]}<\/script>\n<!-- \/ Yoast SEO plugin. -->","yoast_head_json":{"title":"Pol\u00edtica de privacitat | amec Positive Industry","robots":{"index":"index","follow":"follow","max-snippet":"max-snippet:-1","max-image-preview":"max-image-preview:large","max-video-preview":"max-video-preview:-1"},"canonical":"https:\/\/amec.es\/ca\/politica-de-privacitat\/","og_locale":"ca_ES","og_type":"article","og_title":"Pol\u00edtica de privacitat | amec Positive Industry","og_description":"Pol\u00edtica de privacitat En compliment del que disposa el Reglament (UE) 2016\/679, de 27 d&#8217;abril (RGPD) i la Llei Org\u00e0nica 3\/2018, de 5 de desembre ( LOPDGDD ), AMEC us informa que les dades de car\u00e0cter personal que ens proporcioneu durant la vostra navegaci\u00f3 i\/o mitjan\u00e7ant l&#8217;emplenament dels formularis del WEBSITE seran objecte de oferts. [&hellip;]","og_url":"https:\/\/amec.es\/ca\/politica-de-privacitat\/","og_site_name":"amec Positive Industry","article_modified_time":"2025-11-03T10:46:11+00:00","og_image":[{"width":1827,"height":438,"url":"https:\/\/amec.es\/wp-content\/uploads\/2024\/02\/Logo_AMEC.png","type":"image\/png"}],"twitter_card":"summary_large_image","twitter_misc":{"Temps estimat de lectura":"9 minuts"},"schema":{"@context":"https:\/\/schema.org","@graph":[{"@type":"WebPage","@id":"https:\/\/amec.es\/ca\/politica-de-privacitat\/","url":"https:\/\/amec.es\/ca\/politica-de-privacitat\/","name":"Pol\u00edtica de privacitat | amec Positive Industry","isPartOf":{"@id":"https:\/\/amec.es\/#website"},"datePublished":"2023-08-10T08:22:52+00:00","dateModified":"2025-11-03T10:46:11+00:00","breadcrumb":{"@id":"https:\/\/amec.es\/ca\/politica-de-privacitat\/#breadcrumb"},"inLanguage":"ca","potentialAction":[{"@type":"ReadAction","target":["https:\/\/amec.es\/ca\/politica-de-privacitat\/"]}]},{"@type":"BreadcrumbList","@id":"https:\/\/amec.es\/ca\/politica-de-privacitat\/#breadcrumb","itemListElement":[{"@type":"ListItem","position":1,"name":"Portada","item":"https:\/\/amec.es\/"},{"@type":"ListItem","position":2,"name":"Pol\u00edtica de privacitat"}]},{"@type":"WebSite","@id":"https:\/\/amec.es\/#website","url":"https:\/\/amec.es\/","name":"amec Positive Industry","description":"","publisher":{"@id":"https:\/\/amec.es\/#organization"},"potentialAction":[{"@type":"SearchAction","target":{"@type":"EntryPoint","urlTemplate":"https:\/\/amec.es\/?s={search_term_string}"},"query-input":{"@type":"PropertyValueSpecification","valueRequired":true,"valueName":"search_term_string"}}],"inLanguage":"ca"},{"@type":"Organization","@id":"https:\/\/amec.es\/#organization","name":"amec Positive Industry","url":"https:\/\/amec.es\/","logo":{"@type":"ImageObject","inLanguage":"ca","@id":"https:\/\/amec.es\/#\/schema\/logo\/image\/","url":"https:\/\/amec.es\/wp-content\/uploads\/2023\/07\/logoamec.png","contentUrl":"https:\/\/amec.es\/wp-content\/uploads\/2023\/07\/logoamec.png","width":200,"height":48,"caption":"amec Positive Industry"},"image":{"@id":"https:\/\/amec.es\/#\/schema\/logo\/image\/"}}]}},"_links":{"self":[{"href":"https:\/\/amec.es\/ca\/wp-json\/wp\/v2\/pages\/10882","targetHints":{"allow":["GET"]}}],"collection":[{"href":"https:\/\/amec.es\/ca\/wp-json\/wp\/v2\/pages"}],"about":[{"href":"https:\/\/amec.es\/ca\/wp-json\/wp\/v2\/types\/page"}],"author":[{"embeddable":true,"href":"https:\/\/amec.es\/ca\/wp-json\/wp\/v2\/users\/1"}],"replies":[{"embeddable":true,"href":"https:\/\/amec.es\/ca\/wp-json\/wp\/v2\/comments?post=10882"}],"version-history":[{"count":3,"href":"https:\/\/amec.es\/ca\/wp-json\/wp\/v2\/pages\/10882\/revisions"}],"predecessor-version":[{"id":42786,"href":"https:\/\/amec.es\/ca\/wp-json\/wp\/v2\/pages\/10882\/revisions\/42786"}],"wp:attachment":[{"href":"https:\/\/amec.es\/ca\/wp-json\/wp\/v2\/media?parent=10882"}],"wp:term":[{"taxonomy":"category","embeddable":true,"href":"https:\/\/amec.es\/ca\/wp-json\/wp\/v2\/categories?post=10882"},{"taxonomy":"post_tag","embeddable":true,"href":"https:\/\/amec.es\/ca\/wp-json\/wp\/v2\/tags?post=10882"}],"curies":[{"name":"wp","href":"https:\/\/api.w.org\/{rel}","templated":true}]}}