{"id":11002,"date":"2023-12-18T09:14:38","date_gmt":"2023-12-18T08:14:38","guid":{"rendered":"https:\/\/www.amec.es\/credits-documentaris-funcionament-i-modalitats\/"},"modified":"2024-01-16T12:01:22","modified_gmt":"2024-01-16T11:01:22","slug":"credits-documentaris-funcionament-i-modalitats","status":"publish","type":"page","link":"https:\/\/amec.es\/ca\/credits-documentaris-funcionament-i-modalitats\/","title":{"rendered":"Cr\u00e8dits documentaris &#8211; Funcionament i modalitats"},"content":{"rendered":"\t\t<div data-elementor-type=\"wp-page\" data-elementor-id=\"11002\" class=\"elementor elementor-11002\" data-elementor-post-type=\"page\">\n\t\t\t\t\t\t<section class=\"elementor-section elementor-top-section elementor-element elementor-element-63d23ad4 elementor-section-boxed elementor-section-height-default elementor-section-height-default\" data-id=\"63d23ad4\" data-element_type=\"section\" data-e-type=\"section\" data-settings=\"{&quot;background_background&quot;:&quot;classic&quot;}\">\n\t\t\t\t\t\t<div class=\"elementor-container elementor-column-gap-default\">\n\t\t\t\t\t<div class=\"elementor-column elementor-col-100 elementor-top-column elementor-element elementor-element-65a157da\" data-id=\"65a157da\" data-element_type=\"column\" data-e-type=\"column\">\n\t\t\t<div class=\"elementor-widget-wrap elementor-element-populated\">\n\t\t\t\t\t\t<div class=\"elementor-element elementor-element-d62de9d elementor-widget elementor-widget-heading\" data-id=\"d62de9d\" data-element_type=\"widget\" data-e-type=\"widget\" data-widget_type=\"heading.default\">\n\t\t\t\t<div class=\"elementor-widget-container\">\n\t\t\t\t\t<h2 class=\"elementor-heading-title elementor-size-default\">Cr\u00e8dits documentaris - Funcionament i modalitats<\/h2>\t\t\t\t<\/div>\n\t\t\t\t<\/div>\n\t\t\t\t<div class=\"elementor-element elementor-element-3c317da6 elementor-widget__width-initial elementor-widget-divider--view-line elementor-widget elementor-widget-global elementor-global-48210 elementor-global-159 elementor-widget-divider\" data-id=\"3c317da6\" data-element_type=\"widget\" data-e-type=\"widget\" data-widget_type=\"divider.default\">\n\t\t\t\t<div class=\"elementor-widget-container\">\n\t\t\t\t\t\t\t<div class=\"elementor-divider\">\n\t\t\t<span class=\"elementor-divider-separator\">\n\t\t\t\t\t\t<\/span>\n\t\t<\/div>\n\t\t\t\t\t\t<\/div>\n\t\t\t\t<\/div>\n\t\t\t\t\t<\/div>\n\t\t<\/div>\n\t\t\t\t\t<\/div>\n\t\t<\/section>\n\t\t\t\t<section class=\"elementor-section elementor-top-section elementor-element elementor-element-68b68950 elementor-section-boxed elementor-section-height-default elementor-section-height-default\" data-id=\"68b68950\" data-element_type=\"section\" data-e-type=\"section\" data-settings=\"{&quot;background_background&quot;:&quot;classic&quot;}\">\n\t\t\t\t\t\t<div class=\"elementor-container elementor-column-gap-default\">\n\t\t\t\t\t<div class=\"elementor-column elementor-col-33 elementor-top-column elementor-element elementor-element-39084673\" data-id=\"39084673\" data-element_type=\"column\" data-e-type=\"column\">\n\t\t\t<div class=\"elementor-widget-wrap elementor-element-populated\">\n\t\t\t\t\t\t<div class=\"elementor-element elementor-element-2f5f65da elementor-widget elementor-widget-heading\" data-id=\"2f5f65da\" data-element_type=\"widget\" data-e-type=\"widget\" data-widget_type=\"heading.default\">\n\t\t\t\t<div class=\"elementor-widget-container\">\n\t\t\t\t\t<h2 class=\"elementor-heading-title elementor-size-default\"><p class=\"MsoNormal\" style=\"margin-bottom:0cm;line-height:normal\"><b>Cr\u00e8dits documentaris - Funcionament i modalitats<\/b><span style=\"font-size: 1.4rem\"><\/span><\/p><\/h2>\t\t\t\t<\/div>\n\t\t\t\t<\/div>\n\t\t\t\t\t<\/div>\n\t\t<\/div>\n\t\t\t\t<div class=\"elementor-column elementor-col-66 elementor-top-column elementor-element elementor-element-1339faf6\" data-id=\"1339faf6\" data-element_type=\"column\" data-e-type=\"column\">\n\t\t\t<div class=\"elementor-widget-wrap elementor-element-populated\">\n\t\t\t\t\t\t<div class=\"elementor-element elementor-element-7de79037 elementor-widget elementor-widget-text-editor\" data-id=\"7de79037\" data-element_type=\"widget\" data-e-type=\"widget\" data-widget_type=\"text-editor.default\">\n\t\t\t\t<div class=\"elementor-widget-container\">\n\t\t\t\t\t\t\t\t\t<p>Els cr\u00e8dits documentaris <strong>garantitcen el pagament i faciliten el finan\u00e7ament<\/strong>, \u00e9s b\u00e0sic con\u00e8ixer el seu funcionament, les tipologies que existeixen, quines parts intervenen.<\/p>\n<p>Si treballes al departament d&#8217;exportaci\u00f3 i d&#8217;importaci\u00f3 no et perdis aquesta formaci\u00f3 espec\u00edfica en qu\u00e8 veurem els aspectes seg\u00fcents.<\/p>\n<p><strong>Programa de la sessi\u00f3:<\/strong><\/p>\n<ul>\n<li>Qu\u00e8 \u00e9s un cr\u00e8dit documentari.<\/li>\n<li>Parts que intervenen en el cr\u00e8dit documentari.<\/li>\n<li>Compromisos i obligacions banc\u00e0ries. La confirmaci\u00f3.<\/li>\n<li>Funcionament (sol\u00b7licitud emissi\u00f3, modificacions, presentaci\u00f3 de documents, discrep\u00e0ncies al pagament).<\/li>\n<li>Modalitats<\/li>\n<li>Aspectes i moments clau.<\/li>\n<\/ul>\n<h2 style=\"margin-bottom: 0cm; text-align: justify; line-height: normal;\"> <\/h2>\n<h3 style=\"margin-bottom: 0cm; text-align: justify; line-height: normal;\"><strong>M\u00e9s informaci\u00f3:<\/strong><\/h3>\n<p style=\"margin-bottom: 0cm; text-align: justify; line-height: normal;\">masterclass <strong>online<\/strong><\/p>\n<p style=\"margin-bottom: 0cm; text-align: justify; line-height: normal;\"><strong>Dia: 12 de mar\u00e7<\/strong><\/p>\n<p style=\"margin-bottom: 0cm; text-align: justify; line-height: normal;\"><strong>Horari: De 10:00 a 12:00<\/strong><\/p>\n<p style=\"margin-bottom: 0cm; text-align: justify; line-height: normal;\">Contacte: Eva Pahissa &#8211;<a href=\"mailto:epahissa@amec.es\">epahissa@amec.es<\/a><\/p>\n<p style=\"margin-bottom: 0cm; text-align: justify; line-height: normal;\">Preu: Les empreses membres d&#8217;amec disposen d&#8217;un 40% de descompte en el preu i un 20% de descompte per a les empreses membres de l&#8217;AER.<\/p>\n<p style=\"margin-bottom: 0cm; text-align: justify; line-height: normal;\"><strong>Membres d&#8217;amec: 55Euros + IVA<\/strong><\/p>\n<p style=\"margin-bottom: 0cm; text-align: justify; line-height: normal;\">Membres d&#8217;Ascamm i de l&#8217;AER: 70Euros + IVA<\/p>\n<p>No membres: 90Euros + IVA<\/p>\n<p style=\"margin-bottom: 0cm; text-align: justify; line-height: normal;\">\n\t\t\t\t\t\t\t\t<\/div>\n\t\t\t\t<\/div>\n\t\t\t\t\t<\/div>\n\t\t<\/div>\n\t\t\t\t\t<\/div>\n\t\t<\/section>\n\t\t\t\t<section class=\"elementor-section elementor-top-section elementor-element elementor-element-0c511e6 elementor-section-boxed elementor-section-height-default elementor-section-height-default\" data-id=\"0c511e6\" data-element_type=\"section\" data-e-type=\"section\" data-settings=\"{&quot;background_background&quot;:&quot;classic&quot;}\">\n\t\t\t\t\t\t<div class=\"elementor-container elementor-column-gap-default\">\n\t\t\t\t\t<div class=\"elementor-column elementor-col-100 elementor-top-column elementor-element elementor-element-0d41a7f\" data-id=\"0d41a7f\" data-element_type=\"column\" data-e-type=\"column\">\n\t\t\t<div class=\"elementor-widget-wrap elementor-element-populated\">\n\t\t\t\t\t\t<div class=\"elementor-element elementor-element-1474642 elementor-widget elementor-widget-heading\" data-id=\"1474642\" data-element_type=\"widget\" data-e-type=\"widget\" data-widget_type=\"heading.default\">\n\t\t\t\t<div class=\"elementor-widget-container\">\n\t\t\t\t\t<h2 class=\"elementor-heading-title elementor-size-default\">Inscriu-te a la Masterclass: Cr\u00e8dits documentaris - Funcionament i modalitats<\/h2>\t\t\t\t<\/div>\n\t\t\t\t<\/div>\n\t\t\t\t<div class=\"elementor-element elementor-element-eb9ce3e elementor-widget__width-initial elementor-widget-divider--view-line elementor-widget elementor-widget-global elementor-global-48210 elementor-global-159 elementor-widget-divider\" data-id=\"eb9ce3e\" data-element_type=\"widget\" data-e-type=\"widget\" data-widget_type=\"divider.default\">\n\t\t\t\t<div class=\"elementor-widget-container\">\n\t\t\t\t\t\t\t<div class=\"elementor-divider\">\n\t\t\t<span class=\"elementor-divider-separator\">\n\t\t\t\t\t\t<\/span>\n\t\t<\/div>\n\t\t\t\t\t\t<\/div>\n\t\t\t\t<\/div>\n\t\t\t\t<div class=\"elementor-element elementor-element-b78848e legales-blanco elementor-button-align-stretch elementor-widget elementor-widget-form\" data-id=\"b78848e\" data-element_type=\"widget\" data-e-type=\"widget\" data-settings=\"{&quot;button_width&quot;:&quot;20&quot;,&quot;step_next_label&quot;:&quot;Seg\\u00fcent&quot;,&quot;step_previous_label&quot;:&quot;Anterior&quot;,&quot;step_type&quot;:&quot;number_text&quot;,&quot;step_icon_shape&quot;:&quot;circle&quot;}\" data-widget_type=\"form.default\">\n\t\t\t\t<div class=\"elementor-widget-container\">\n\t\t\t\t\t\t\t<form class=\"elementor-form\" method=\"post\" name=\"Formulari - Cr\u00e8dits documentaris\" aria-label=\"Formulari - Cr\u00e8dits documentaris\">\n\t\t\t<input type=\"hidden\" name=\"post_id\" value=\"11002\"\/>\n\t\t\t<input type=\"hidden\" name=\"form_id\" value=\"b78848e\"\/>\n\t\t\t<input type=\"hidden\" name=\"referer_title\" value=\"amec Positive Industry\" \/>\n\n\t\t\t\n\t\t\t<div class=\"elementor-form-fields-wrapper elementor-labels-above\">\n\t\t\t\t\t\t\t\t<div class=\"elementor-field-type-text elementor-field-group elementor-column elementor-field-group-name elementor-col-100 elementor-field-required\">\n\t\t\t\t\t\t\t\t\t\t\t\t\t<input size=\"1\" type=\"text\" name=\"form_fields[name]\" id=\"form-field-name\" class=\"elementor-field elementor-size-sm  elementor-field-textual\" placeholder=\"Nom*\" required=\"required\">\n\t\t\t\t\t\t\t\t\t\t\t<\/div>\n\t\t\t\t\t\t\t\t<div class=\"elementor-field-type-text elementor-field-group elementor-column elementor-field-group-field_bfb214a elementor-col-100 elementor-field-required\">\n\t\t\t\t\t\t\t\t\t\t\t\t\t<input size=\"1\" type=\"text\" name=\"form_fields[field_bfb214a]\" id=\"form-field-field_bfb214a\" class=\"elementor-field elementor-size-sm  elementor-field-textual\" placeholder=\"Cognoms*\" required=\"required\">\n\t\t\t\t\t\t\t\t\t\t\t<\/div>\n\t\t\t\t\t\t\t\t<div class=\"elementor-field-type-text elementor-field-group elementor-column elementor-field-group-field_cbdc095 elementor-col-100 elementor-field-required\">\n\t\t\t\t\t\t\t\t\t\t\t\t\t<input size=\"1\" type=\"text\" name=\"form_fields[field_cbdc095]\" id=\"form-field-field_cbdc095\" class=\"elementor-field elementor-size-sm  elementor-field-textual\" placeholder=\"El teu correu electr\u00f2nic*\" required=\"required\">\n\t\t\t\t\t\t\t\t\t\t\t<\/div>\n\t\t\t\t\t\t\t\t<div class=\"elementor-field-type-text elementor-field-group elementor-column elementor-field-group-field_71f88b7 elementor-col-100 elementor-field-required\">\n\t\t\t\t\t\t\t\t\t\t\t\t\t<input size=\"1\" type=\"text\" name=\"form_fields[field_71f88b7]\" id=\"form-field-field_71f88b7\" class=\"elementor-field elementor-size-sm  elementor-field-textual\" placeholder=\"Empresa\/Entitat*\" required=\"required\">\n\t\t\t\t\t\t\t\t\t\t\t<\/div>\n\t\t\t\t\t\t\t\t<div class=\"elementor-field-type-text elementor-field-group elementor-column elementor-field-group-field_dd56502 elementor-col-100 elementor-field-required\">\n\t\t\t\t\t\t\t\t\t\t\t\t\t<input size=\"1\" type=\"text\" name=\"form_fields[field_dd56502]\" id=\"form-field-field_dd56502\" class=\"elementor-field elementor-size-sm  elementor-field-textual\" placeholder=\"C\u00e0rrec *\" required=\"required\">\n\t\t\t\t\t\t\t\t\t\t\t<\/div>\n\t\t\t\t\t\t\t\t<div class=\"elementor-field-type-tel elementor-field-group elementor-column elementor-field-group-field_a56bc2d elementor-col-100\">\n\t\t\t\t\t\t\t<input size=\"1\" type=\"tel\" name=\"form_fields[field_a56bc2d]\" id=\"form-field-field_a56bc2d\" class=\"elementor-field elementor-size-sm  elementor-field-textual\" placeholder=\"Tel\u00e8fon de contacte (opcional)\" pattern=\"[0-9()#&amp;+*-=.]+\" title=\"Only numbers and phone characters (#, -, *, etc) are accepted.\">\n\n\t\t\t\t\t\t<\/div>\n\t\t\t\t\t\t\t\t<div class=\"elementor-field-type-radio elementor-field-group elementor-column elementor-field-group-field_8f5214c elementor-col-100\">\n\t\t\t\t\t<div class=\"elementor-field-subgroup  \"><span class=\"elementor-field-option\"><input type=\"radio\" value=\"Som socis d&#039;Ascamm\" id=\"form-field-field_8f5214c-0\" name=\"form_fields[field_8f5214c]\"> <label for=\"form-field-field_8f5214c-0\">Som socis d'Ascamm<\/label><\/span><\/div>\t\t\t\t<\/div>\n\t\t\t\t\t\t\t\t<div class=\"elementor-field-type-radio elementor-field-group elementor-column elementor-field-group-field_919610e elementor-col-100\">\n\t\t\t\t\t<div class=\"elementor-field-subgroup  \"><span class=\"elementor-field-option\"><input type=\"radio\" value=\"Som socis de l&#039;AER\" id=\"form-field-field_919610e-0\" name=\"form_fields[field_919610e]\"> <label for=\"form-field-field_919610e-0\">Som socis de l'AER<\/label><\/span><\/div>\t\t\t\t<\/div>\n\t\t\t\t\t\t\t\t<div class=\"elementor-field-type-acceptance elementor-field-group elementor-column elementor-field-group-field_7259d92 elementor-col-100 elementor-field-required\">\n\t\t\t\t\t\t\t<div class=\"elementor-field-subgroup\">\n\t\t\t<span class=\"elementor-field-option\">\n\t\t\t\t<input type=\"checkbox\" name=\"form_fields[field_7259d92]\" id=\"form-field-field_7259d92\" class=\"elementor-field elementor-size-sm  elementor-acceptance-field\" required=\"required\">\n\t\t\t\t<label for=\"form-field-field_7259d92\">He llegit i accepto les <a href=\"#\">condicions legals<\/a><\/label>\t\t\t<\/span>\n\t\t<\/div>\n\t\t\t\t\t\t<\/div>\n\t\t\t\t\t\t\t\t<div class=\"elementor-field-type-html elementor-field-group elementor-column elementor-field-group-field_7e04e21 elementor-col-100\">\n\t\t\t\t\t<p>Aquest lloc est\u00e0 protegit amb reCAPTCHA i s'apliquen les <a target=\"_blank\" href=\"https:\/\/policies.google.com\/terms\">Condicions<\/a> y el <a target=\"_blank\" href=\"https:\/\/policies.google.com\/privacy\">servei de privadesa<\/a> de Google.<\/p>\t\t\t\t<\/div>\n\t\t\t\t\t\t\t\t<div class=\"elementor-field-type-html elementor-field-group elementor-column elementor-field-group-field_a4c9a55 elementor-col-100\">\n\t\t\t\t\t* Camps obligatoris\t\t\t\t<\/div>\n\t\t\t\t\t\t\t\t<div class=\"elementor-field-group elementor-column elementor-field-type-submit elementor-col-20 e-form__buttons\">\n\t\t\t\t\t<button class=\"elementor-button elementor-size-sm\" type=\"submit\">\n\t\t\t\t\t\t<span class=\"elementor-button-content-wrapper\">\n\t\t\t\t\t\t\t\t\t\t\t\t\t\t\t\t\t\t\t\t\t\t<span class=\"elementor-button-text\">Enviar<\/span>\n\t\t\t\t\t\t\t\t\t\t\t\t\t<\/span>\n\t\t\t\t\t<\/button>\n\t\t\t\t<\/div>\n\t\t\t<\/div>\n\t\t<\/form>\n\t\t\t\t\t\t<\/div>\n\t\t\t\t<\/div>\n\t\t\t\t\t<\/div>\n\t\t<\/div>\n\t\t\t\t\t<\/div>\n\t\t<\/section>\n\t\t\t\t<\/div>\n\t\t","protected":false},"excerpt":{"rendered":"<p>Cr\u00e8dits documentaris &#8211; Funcionament i modalitats Cr\u00e8dits documentaris &#8211; Funcionament i modalitats Els cr\u00e8dits documentaris garantitcen el pagament i faciliten el finan\u00e7ament, \u00e9s b\u00e0sic con\u00e8ixer el seu funcionament, les tipologies que existeixen, quines parts intervenen. Si treballes al departament d&#8217;exportaci\u00f3 i d&#8217;importaci\u00f3 no et perdis aquesta formaci\u00f3 espec\u00edfica en qu\u00e8 veurem els aspectes seg\u00fcents. Programa [&hellip;]<\/p>\n","protected":false},"author":4,"featured_media":6934,"parent":0,"menu_order":0,"comment_status":"closed","ping_status":"closed","template":"","meta":{"inline_featured_image":false,"footnotes":""},"categories":[],"tags":[],"class_list":["post-11002","page","type-page","status-publish","has-post-thumbnail","hentry"],"yoast_head":"<!-- This site is optimized with the Yoast SEO plugin v27.3 - https:\/\/yoast.com\/product\/yoast-seo-wordpress\/ -->\n<title>Cr\u00e8dits documentaris - Funcionament i modalitats | amec Positive Industry<\/title>\n<meta name=\"robots\" content=\"index, follow, max-snippet:-1, max-image-preview:large, max-video-preview:-1\" \/>\n<link rel=\"canonical\" href=\"https:\/\/amec.es\/ca\/credits-documentaris-funcionament-i-modalitats\/\" \/>\n<meta property=\"og:locale\" content=\"ca_ES\" \/>\n<meta property=\"og:type\" content=\"article\" \/>\n<meta property=\"og:title\" content=\"Cr\u00e8dits documentaris - Funcionament i modalitats | amec Positive Industry\" \/>\n<meta property=\"og:description\" content=\"Cr\u00e8dits documentaris &#8211; Funcionament i modalitats Cr\u00e8dits documentaris &#8211; Funcionament i modalitats Els cr\u00e8dits documentaris garantitcen el pagament i faciliten el finan\u00e7ament, \u00e9s b\u00e0sic con\u00e8ixer el seu funcionament, les tipologies que existeixen, quines parts intervenen. Si treballes al departament d&#8217;exportaci\u00f3 i d&#8217;importaci\u00f3 no et perdis aquesta formaci\u00f3 espec\u00edfica en qu\u00e8 veurem els aspectes seg\u00fcents. Programa [&hellip;]\" \/>\n<meta property=\"og:url\" content=\"https:\/\/amec.es\/ca\/credits-documentaris-funcionament-i-modalitats\/\" \/>\n<meta property=\"og:site_name\" content=\"amec Positive Industry\" \/>\n<meta property=\"article:modified_time\" content=\"2024-01-16T11:01:22+00:00\" \/>\n<meta property=\"og:image\" content=\"https:\/\/amec.es\/wp-content\/uploads\/2023\/10\/asistenciatecnica.jpg\" \/>\n\t<meta property=\"og:image:width\" content=\"1920\" \/>\n\t<meta property=\"og:image:height\" content=\"284\" \/>\n\t<meta property=\"og:image:type\" content=\"image\/jpeg\" \/>\n<meta name=\"twitter:card\" content=\"summary_large_image\" \/>\n<meta name=\"twitter:label1\" content=\"Temps estimat de lectura\" \/>\n\t<meta name=\"twitter:data1\" content=\"1 minut\" \/>\n<script type=\"application\/ld+json\" class=\"yoast-schema-graph\">{\"@context\":\"https:\\\/\\\/schema.org\",\"@graph\":[{\"@type\":\"WebPage\",\"@id\":\"https:\\\/\\\/amec.es\\\/ca\\\/credits-documentaris-funcionament-i-modalitats\\\/\",\"url\":\"https:\\\/\\\/amec.es\\\/ca\\\/credits-documentaris-funcionament-i-modalitats\\\/\",\"name\":\"Cr\u00e8dits documentaris - Funcionament i modalitats | amec Positive Industry\",\"isPartOf\":{\"@id\":\"https:\\\/\\\/amec.es\\\/#website\"},\"primaryImageOfPage\":{\"@id\":\"https:\\\/\\\/amec.es\\\/ca\\\/credits-documentaris-funcionament-i-modalitats\\\/#primaryimage\"},\"image\":{\"@id\":\"https:\\\/\\\/amec.es\\\/ca\\\/credits-documentaris-funcionament-i-modalitats\\\/#primaryimage\"},\"thumbnailUrl\":\"https:\\\/\\\/amec.es\\\/wp-content\\\/uploads\\\/2023\\\/10\\\/asistenciatecnica.jpg\",\"datePublished\":\"2023-12-18T08:14:38+00:00\",\"dateModified\":\"2024-01-16T11:01:22+00:00\",\"breadcrumb\":{\"@id\":\"https:\\\/\\\/amec.es\\\/ca\\\/credits-documentaris-funcionament-i-modalitats\\\/#breadcrumb\"},\"inLanguage\":\"ca\",\"potentialAction\":[{\"@type\":\"ReadAction\",\"target\":[\"https:\\\/\\\/amec.es\\\/ca\\\/credits-documentaris-funcionament-i-modalitats\\\/\"]}]},{\"@type\":\"ImageObject\",\"inLanguage\":\"ca\",\"@id\":\"https:\\\/\\\/amec.es\\\/ca\\\/credits-documentaris-funcionament-i-modalitats\\\/#primaryimage\",\"url\":\"https:\\\/\\\/amec.es\\\/wp-content\\\/uploads\\\/2023\\\/10\\\/asistenciatecnica.jpg\",\"contentUrl\":\"https:\\\/\\\/amec.es\\\/wp-content\\\/uploads\\\/2023\\\/10\\\/asistenciatecnica.jpg\",\"width\":1920,\"height\":284},{\"@type\":\"BreadcrumbList\",\"@id\":\"https:\\\/\\\/amec.es\\\/ca\\\/credits-documentaris-funcionament-i-modalitats\\\/#breadcrumb\",\"itemListElement\":[{\"@type\":\"ListItem\",\"position\":1,\"name\":\"Portada\",\"item\":\"https:\\\/\\\/amec.es\\\/ca\\\/home-new\\\/\"},{\"@type\":\"ListItem\",\"position\":2,\"name\":\"Cr\u00e8dits documentaris &#8211; Funcionament i modalitats\"}]},{\"@type\":\"WebSite\",\"@id\":\"https:\\\/\\\/amec.es\\\/#website\",\"url\":\"https:\\\/\\\/amec.es\\\/\",\"name\":\"amec Positive Industry\",\"description\":\"\",\"publisher\":{\"@id\":\"https:\\\/\\\/amec.es\\\/#organization\"},\"potentialAction\":[{\"@type\":\"SearchAction\",\"target\":{\"@type\":\"EntryPoint\",\"urlTemplate\":\"https:\\\/\\\/amec.es\\\/?s={search_term_string}\"},\"query-input\":{\"@type\":\"PropertyValueSpecification\",\"valueRequired\":true,\"valueName\":\"search_term_string\"}}],\"inLanguage\":\"ca\"},{\"@type\":\"Organization\",\"@id\":\"https:\\\/\\\/amec.es\\\/#organization\",\"name\":\"amec Positive Industry\",\"url\":\"https:\\\/\\\/amec.es\\\/\",\"logo\":{\"@type\":\"ImageObject\",\"inLanguage\":\"ca\",\"@id\":\"https:\\\/\\\/amec.es\\\/#\\\/schema\\\/logo\\\/image\\\/\",\"url\":\"https:\\\/\\\/amec.es\\\/wp-content\\\/uploads\\\/2023\\\/07\\\/logoamec.png\",\"contentUrl\":\"https:\\\/\\\/amec.es\\\/wp-content\\\/uploads\\\/2023\\\/07\\\/logoamec.png\",\"width\":200,\"height\":48,\"caption\":\"amec Positive Industry\"},\"image\":{\"@id\":\"https:\\\/\\\/amec.es\\\/#\\\/schema\\\/logo\\\/image\\\/\"}}]}<\/script>\n<!-- \/ Yoast SEO plugin. -->","yoast_head_json":{"title":"Cr\u00e8dits documentaris - Funcionament i modalitats | amec Positive Industry","robots":{"index":"index","follow":"follow","max-snippet":"max-snippet:-1","max-image-preview":"max-image-preview:large","max-video-preview":"max-video-preview:-1"},"canonical":"https:\/\/amec.es\/ca\/credits-documentaris-funcionament-i-modalitats\/","og_locale":"ca_ES","og_type":"article","og_title":"Cr\u00e8dits documentaris - Funcionament i modalitats | amec Positive Industry","og_description":"Cr\u00e8dits documentaris &#8211; Funcionament i modalitats Cr\u00e8dits documentaris &#8211; Funcionament i modalitats Els cr\u00e8dits documentaris garantitcen el pagament i faciliten el finan\u00e7ament, \u00e9s b\u00e0sic con\u00e8ixer el seu funcionament, les tipologies que existeixen, quines parts intervenen. Si treballes al departament d&#8217;exportaci\u00f3 i d&#8217;importaci\u00f3 no et perdis aquesta formaci\u00f3 espec\u00edfica en qu\u00e8 veurem els aspectes seg\u00fcents. Programa [&hellip;]","og_url":"https:\/\/amec.es\/ca\/credits-documentaris-funcionament-i-modalitats\/","og_site_name":"amec Positive Industry","article_modified_time":"2024-01-16T11:01:22+00:00","og_image":[{"width":1920,"height":284,"url":"https:\/\/amec.es\/wp-content\/uploads\/2023\/10\/asistenciatecnica.jpg","type":"image\/jpeg"}],"twitter_card":"summary_large_image","twitter_misc":{"Temps estimat de lectura":"1 minut"},"schema":{"@context":"https:\/\/schema.org","@graph":[{"@type":"WebPage","@id":"https:\/\/amec.es\/ca\/credits-documentaris-funcionament-i-modalitats\/","url":"https:\/\/amec.es\/ca\/credits-documentaris-funcionament-i-modalitats\/","name":"Cr\u00e8dits documentaris - Funcionament i modalitats | amec Positive Industry","isPartOf":{"@id":"https:\/\/amec.es\/#website"},"primaryImageOfPage":{"@id":"https:\/\/amec.es\/ca\/credits-documentaris-funcionament-i-modalitats\/#primaryimage"},"image":{"@id":"https:\/\/amec.es\/ca\/credits-documentaris-funcionament-i-modalitats\/#primaryimage"},"thumbnailUrl":"https:\/\/amec.es\/wp-content\/uploads\/2023\/10\/asistenciatecnica.jpg","datePublished":"2023-12-18T08:14:38+00:00","dateModified":"2024-01-16T11:01:22+00:00","breadcrumb":{"@id":"https:\/\/amec.es\/ca\/credits-documentaris-funcionament-i-modalitats\/#breadcrumb"},"inLanguage":"ca","potentialAction":[{"@type":"ReadAction","target":["https:\/\/amec.es\/ca\/credits-documentaris-funcionament-i-modalitats\/"]}]},{"@type":"ImageObject","inLanguage":"ca","@id":"https:\/\/amec.es\/ca\/credits-documentaris-funcionament-i-modalitats\/#primaryimage","url":"https:\/\/amec.es\/wp-content\/uploads\/2023\/10\/asistenciatecnica.jpg","contentUrl":"https:\/\/amec.es\/wp-content\/uploads\/2023\/10\/asistenciatecnica.jpg","width":1920,"height":284},{"@type":"BreadcrumbList","@id":"https:\/\/amec.es\/ca\/credits-documentaris-funcionament-i-modalitats\/#breadcrumb","itemListElement":[{"@type":"ListItem","position":1,"name":"Portada","item":"https:\/\/amec.es\/ca\/home-new\/"},{"@type":"ListItem","position":2,"name":"Cr\u00e8dits documentaris &#8211; Funcionament i modalitats"}]},{"@type":"WebSite","@id":"https:\/\/amec.es\/#website","url":"https:\/\/amec.es\/","name":"amec Positive Industry","description":"","publisher":{"@id":"https:\/\/amec.es\/#organization"},"potentialAction":[{"@type":"SearchAction","target":{"@type":"EntryPoint","urlTemplate":"https:\/\/amec.es\/?s={search_term_string}"},"query-input":{"@type":"PropertyValueSpecification","valueRequired":true,"valueName":"search_term_string"}}],"inLanguage":"ca"},{"@type":"Organization","@id":"https:\/\/amec.es\/#organization","name":"amec Positive Industry","url":"https:\/\/amec.es\/","logo":{"@type":"ImageObject","inLanguage":"ca","@id":"https:\/\/amec.es\/#\/schema\/logo\/image\/","url":"https:\/\/amec.es\/wp-content\/uploads\/2023\/07\/logoamec.png","contentUrl":"https:\/\/amec.es\/wp-content\/uploads\/2023\/07\/logoamec.png","width":200,"height":48,"caption":"amec Positive Industry"},"image":{"@id":"https:\/\/amec.es\/#\/schema\/logo\/image\/"}}]}},"_links":{"self":[{"href":"https:\/\/amec.es\/ca\/wp-json\/wp\/v2\/pages\/11002","targetHints":{"allow":["GET"]}}],"collection":[{"href":"https:\/\/amec.es\/ca\/wp-json\/wp\/v2\/pages"}],"about":[{"href":"https:\/\/amec.es\/ca\/wp-json\/wp\/v2\/types\/page"}],"author":[{"embeddable":true,"href":"https:\/\/amec.es\/ca\/wp-json\/wp\/v2\/users\/4"}],"replies":[{"embeddable":true,"href":"https:\/\/amec.es\/ca\/wp-json\/wp\/v2\/comments?post=11002"}],"version-history":[{"count":2,"href":"https:\/\/amec.es\/ca\/wp-json\/wp\/v2\/pages\/11002\/revisions"}],"predecessor-version":[{"id":11365,"href":"https:\/\/amec.es\/ca\/wp-json\/wp\/v2\/pages\/11002\/revisions\/11365"}],"wp:featuredmedia":[{"embeddable":true,"href":"https:\/\/amec.es\/ca\/wp-json\/wp\/v2\/media\/6934"}],"wp:attachment":[{"href":"https:\/\/amec.es\/ca\/wp-json\/wp\/v2\/media?parent=11002"}],"wp:term":[{"taxonomy":"category","embeddable":true,"href":"https:\/\/amec.es\/ca\/wp-json\/wp\/v2\/categories?post=11002"},{"taxonomy":"post_tag","embeddable":true,"href":"https:\/\/amec.es\/ca\/wp-json\/wp\/v2\/tags?post=11002"}],"curies":[{"name":"wp","href":"https:\/\/api.w.org\/{rel}","templated":true}]}}