{"id":11082,"date":"2024-01-09T14:39:53","date_gmt":"2024-01-09T13:39:53","guid":{"rendered":"https:\/\/www.amec.es\/cbam-mecanismo-de-ajuste-en-frontera-de-carbono\/"},"modified":"2024-01-09T15:17:08","modified_gmt":"2024-01-09T14:17:08","slug":"cbam-mecanismo-de-ajuste-en-frontera-de-carbono","status":"publish","type":"page","link":"https:\/\/amec.es\/ca\/cbam-mecanismo-de-ajuste-en-frontera-de-carbono\/","title":{"rendered":"CBAM &#8211; Mecanismo de Ajuste en Frontera de Carbono"},"content":{"rendered":"\t\t<div data-elementor-type=\"wp-page\" data-elementor-id=\"11082\" class=\"elementor elementor-11082 elementor-11066\" data-elementor-post-type=\"page\">\n\t\t\t\t\t\t<section class=\"elementor-section elementor-top-section elementor-element elementor-element-63d23ad4 elementor-section-boxed elementor-section-height-default elementor-section-height-default\" data-id=\"63d23ad4\" data-element_type=\"section\" data-e-type=\"section\" data-settings=\"{&quot;background_background&quot;:&quot;classic&quot;}\">\n\t\t\t\t\t\t<div class=\"elementor-container elementor-column-gap-default\">\n\t\t\t\t\t<div class=\"elementor-column elementor-col-100 elementor-top-column elementor-element elementor-element-65a157da\" data-id=\"65a157da\" data-element_type=\"column\" data-e-type=\"column\">\n\t\t\t<div class=\"elementor-widget-wrap elementor-element-populated\">\n\t\t\t\t\t\t<div class=\"elementor-element elementor-element-d62de9d elementor-widget elementor-widget-heading\" data-id=\"d62de9d\" data-element_type=\"widget\" data-e-type=\"widget\" data-widget_type=\"heading.default\">\n\t\t\t\t<div class=\"elementor-widget-container\">\n\t\t\t\t\t<h2 class=\"elementor-heading-title elementor-size-default\">CBAM - Mecanisme d'Ajust en Frontera de Carboni<\/h2>\t\t\t\t<\/div>\n\t\t\t\t<\/div>\n\t\t\t\t<div class=\"elementor-element elementor-element-3c317da6 elementor-widget__width-initial elementor-widget-divider--view-line elementor-widget elementor-widget-global elementor-global-48210 elementor-global-159 elementor-widget-divider\" data-id=\"3c317da6\" data-element_type=\"widget\" data-e-type=\"widget\" data-widget_type=\"divider.default\">\n\t\t\t\t<div class=\"elementor-widget-container\">\n\t\t\t\t\t\t\t<div class=\"elementor-divider\">\n\t\t\t<span class=\"elementor-divider-separator\">\n\t\t\t\t\t\t<\/span>\n\t\t<\/div>\n\t\t\t\t\t\t<\/div>\n\t\t\t\t<\/div>\n\t\t\t\t\t<\/div>\n\t\t<\/div>\n\t\t\t\t\t<\/div>\n\t\t<\/section>\n\t\t\t\t<section class=\"elementor-section elementor-top-section elementor-element elementor-element-68b68950 elementor-section-boxed elementor-section-height-default elementor-section-height-default\" data-id=\"68b68950\" data-element_type=\"section\" data-e-type=\"section\" data-settings=\"{&quot;background_background&quot;:&quot;classic&quot;}\">\n\t\t\t\t\t\t<div class=\"elementor-container elementor-column-gap-default\">\n\t\t\t\t\t<div class=\"elementor-column elementor-col-33 elementor-top-column elementor-element elementor-element-39084673\" data-id=\"39084673\" data-element_type=\"column\" data-e-type=\"column\">\n\t\t\t<div class=\"elementor-widget-wrap elementor-element-populated\">\n\t\t\t\t\t\t<div class=\"elementor-element elementor-element-2f5f65da elementor-widget elementor-widget-heading\" data-id=\"2f5f65da\" data-element_type=\"widget\" data-e-type=\"widget\" data-widget_type=\"heading.default\">\n\t\t\t\t<div class=\"elementor-widget-container\">\n\t\t\t\t\t<h2 class=\"elementor-heading-title elementor-size-default\">CBAM - Mecanisme d'Ajust en Frontera de Carboni<\/h2>\t\t\t\t<\/div>\n\t\t\t\t<\/div>\n\t\t\t\t\t<\/div>\n\t\t<\/div>\n\t\t\t\t<div class=\"elementor-column elementor-col-66 elementor-top-column elementor-element elementor-element-1339faf6\" data-id=\"1339faf6\" data-element_type=\"column\" data-e-type=\"column\">\n\t\t\t<div class=\"elementor-widget-wrap elementor-element-populated\">\n\t\t\t\t\t\t<div class=\"elementor-element elementor-element-7de79037 elementor-widget elementor-widget-text-editor\" data-id=\"7de79037\" data-element_type=\"widget\" data-e-type=\"widget\" data-widget_type=\"text-editor.default\">\n\t\t\t\t<div class=\"elementor-widget-container\">\n\t\t\t\t\t\t\t\t\t<p>El comprom\u00eds adquirit per la Uni\u00f3 Europea en el 2020 de reduir les emissions de gasos d&#8217;efecte d&#8217;hivernacle ha provocat que, des de llavors, s&#8217;hagin establert nombroses noves normatives d&#8217;\u00e0mbit europeu, algunes en forma de Reglament i altres de Directives comunit\u00e0ries, amb l&#8217;objectiu de <strong>preservar el medi ambient, ser m\u00e9s sostenibles i respectar els drets humans.<\/strong><\/p>\n<p>Compromisos i objectius que estan tenint i tindran un gran impacte en el comer\u00e7 exterior, no sols per l&#8217;augment dels tr\u00e0mits i noves exig\u00e8ncies documentals que cada vegada m\u00e9s els operadors tenen i hauran de complir per a poder importar mercaderies dins de la Uni\u00f3 Europea, sin\u00f3 tamb\u00e9 per la creaci\u00f3 de<strong> nous impostos mediambientals.<\/strong><\/p>\n<p>Comportant sense lloc a dubte major complexitat en els <strong>tr\u00e0mits d&#8217;importaci\u00f3 i exportaci\u00f3<\/strong> i un encariment significatiu dels productes en els mercats europeus, la qual cosa requerir\u00e0 de la intervenci\u00f3 de professionals experts en duanes i comer\u00e7 exterior que ajudin i assessorin les empreses a fer les coses b\u00e9, i als operadors a adaptar-se i prepar\u00e9s.<\/p>\n<p>El 16 de maig del 2023 es va publicar el Reglament UE 2023\/956 de 10 de maig del 2023 pel qual s&#8217;estableix un <strong>mecanisme d&#8217;ajust en frontera per carboni<\/strong> (les seves sigles en angl\u00e8s <strong>CBAM<\/strong>), l&#8217;entrada en aplicaci\u00f3 del qual total \u00e9s l&#8217;1 de gener del 2026, encara que des de l&#8217;1 d&#8217;octubre d&#8217;enguany ha entrat en vigor de manera transit\u00f2ria quant a la presentaci\u00f3 d&#8217;informes trimestrals.<\/p>\n<p>El seu objectiu \u00e9s establir un cost just per a les emissions de carboni produ\u00efdes a l&#8217;estranger durant la fabricaci\u00f3 de productes d&#8217;alt consum de carboni importats a la Uni\u00f3 Europea (UE). I d&#8217;aquesta manera fomentar una producci\u00f3 industrial m\u00e9s neta en pa\u00efsos no pertanyents a la UE, aix\u00ed com evitar la fugida de carboni; aix\u00f2 \u00e9s que les empreses traslladin la producci\u00f3 a territoris amb regles menys oneroses que les aplicables a la UE i d&#8217;aquesta manera evitin haver de pagar els costos associats a les emissions de CO\u2082.<\/p>\n<\/p>\n<p>Per a explicar com funciona aquest mecanisme, en <em><strong>amec<\/strong><\/em> vamos a organitzar una Masterclass.<\/p>\n<\/p>\n<h2 style=\"margin-bottom: 0cm; text-align: justify; line-height: normal;\"> <\/h2>\n<h3 style=\"margin-bottom: 0cm; text-align: justify; line-height: normal;\"><strong>M\u00e9s informaci\u00f3:<\/strong><\/h3>\n<p style=\"margin-bottom: 0cm; text-align: justify; line-height: normal;\">Masterclass <strong>online<\/strong><\/p>\n<p style=\"margin-bottom: 0cm; text-align: justify; line-height: normal;\"><strong>Dia: 18 de gener<\/strong><\/p>\n<p style=\"margin-bottom: 0cm; text-align: justify; line-height: normal;\"><strong>Horari: De 9:300 a 11.30<\/strong><\/p>\n<p style=\"margin-bottom: 0cm; text-align: justify; line-height: normal;\">Contacte: Raquel Pous &#8211; <a href=\"mailto:epahissa@amec.es\">rpous@amec.es<\/a><\/p>\n<p style=\"margin-bottom: 0cm; text-align: justify; line-height: normal;\">Preu: Les empreses membres d&#8217;amec disposen d&#8217;un 40% de descompte en el preu i un 20% de descompte per a les empreses membres de l&#8217;AER.<\/p>\n<p style=\"margin-bottom: 0cm; text-align: justify; line-height: normal;\"><strong>Membres d&#8217;amec: 55Euros + IVA<\/strong><\/p>\n<p style=\"margin-bottom: 0cm; text-align: justify; line-height: normal;\">Membres de l&#8217;AER: 70Euros + IVA<\/p>\n<p>No membres: 90Euros + IVA<\/p>\n<p style=\"margin-bottom: 0cm; text-align: justify; line-height: normal;\">\n\t\t\t\t\t\t\t\t<\/div>\n\t\t\t\t<\/div>\n\t\t\t\t\t<\/div>\n\t\t<\/div>\n\t\t\t\t\t<\/div>\n\t\t<\/section>\n\t\t\t\t<section class=\"elementor-section elementor-top-section elementor-element elementor-element-0c511e6 elementor-section-boxed elementor-section-height-default elementor-section-height-default\" data-id=\"0c511e6\" data-element_type=\"section\" data-e-type=\"section\" data-settings=\"{&quot;background_background&quot;:&quot;classic&quot;}\">\n\t\t\t\t\t\t<div class=\"elementor-container elementor-column-gap-default\">\n\t\t\t\t\t<div class=\"elementor-column elementor-col-100 elementor-top-column elementor-element elementor-element-0d41a7f\" data-id=\"0d41a7f\" data-element_type=\"column\" data-e-type=\"column\">\n\t\t\t<div class=\"elementor-widget-wrap elementor-element-populated\">\n\t\t\t\t\t\t<div class=\"elementor-element elementor-element-1474642 elementor-widget elementor-widget-heading\" data-id=\"1474642\" data-element_type=\"widget\" data-e-type=\"widget\" data-widget_type=\"heading.default\">\n\t\t\t\t<div class=\"elementor-widget-container\">\n\t\t\t\t\t<h2 class=\"elementor-heading-title elementor-size-default\">Inscriu-te a la Masterclass: CBAM - Mecanisme d'Ajust en Frontera de Carboni<\/h2>\t\t\t\t<\/div>\n\t\t\t\t<\/div>\n\t\t\t\t<div class=\"elementor-element elementor-element-eb9ce3e elementor-widget__width-initial elementor-widget-divider--view-line elementor-widget elementor-widget-global elementor-global-48210 elementor-global-159 elementor-widget-divider\" data-id=\"eb9ce3e\" data-element_type=\"widget\" data-e-type=\"widget\" data-widget_type=\"divider.default\">\n\t\t\t\t<div class=\"elementor-widget-container\">\n\t\t\t\t\t\t\t<div class=\"elementor-divider\">\n\t\t\t<span class=\"elementor-divider-separator\">\n\t\t\t\t\t\t<\/span>\n\t\t<\/div>\n\t\t\t\t\t\t<\/div>\n\t\t\t\t<\/div>\n\t\t\t\t<div class=\"elementor-element elementor-element-b78848e legales-blanco elementor-button-align-stretch elementor-widget elementor-widget-form\" data-id=\"b78848e\" data-element_type=\"widget\" data-e-type=\"widget\" data-settings=\"{&quot;button_width&quot;:&quot;20&quot;,&quot;step_next_label&quot;:&quot;Seg\\u00fcent&quot;,&quot;step_previous_label&quot;:&quot;Anterior&quot;,&quot;step_type&quot;:&quot;number_text&quot;,&quot;step_icon_shape&quot;:&quot;circle&quot;}\" data-widget_type=\"form.default\">\n\t\t\t\t<div class=\"elementor-widget-container\">\n\t\t\t\t\t\t\t<form class=\"elementor-form\" method=\"post\" name=\"Formulari - CBAM \" aria-label=\"Formulari - CBAM \">\n\t\t\t<input type=\"hidden\" name=\"post_id\" value=\"11082\"\/>\n\t\t\t<input type=\"hidden\" name=\"form_id\" value=\"b78848e\"\/>\n\t\t\t<input type=\"hidden\" name=\"referer_title\" value=\"amec Positive Industry\" \/>\n\n\t\t\t\n\t\t\t<div class=\"elementor-form-fields-wrapper elementor-labels-above\">\n\t\t\t\t\t\t\t\t<div class=\"elementor-field-type-text elementor-field-group elementor-column elementor-field-group-name elementor-col-100 elementor-field-required\">\n\t\t\t\t\t\t\t\t\t\t\t\t\t<input size=\"1\" type=\"text\" name=\"form_fields[name]\" id=\"form-field-name\" class=\"elementor-field elementor-size-sm  elementor-field-textual\" placeholder=\"Nom*\" required=\"required\">\n\t\t\t\t\t\t\t\t\t\t\t<\/div>\n\t\t\t\t\t\t\t\t<div class=\"elementor-field-type-text elementor-field-group elementor-column elementor-field-group-field_bfb214a elementor-col-100 elementor-field-required\">\n\t\t\t\t\t\t\t\t\t\t\t\t\t<input size=\"1\" type=\"text\" name=\"form_fields[field_bfb214a]\" id=\"form-field-field_bfb214a\" class=\"elementor-field elementor-size-sm  elementor-field-textual\" placeholder=\"Cognoms*\" required=\"required\">\n\t\t\t\t\t\t\t\t\t\t\t<\/div>\n\t\t\t\t\t\t\t\t<div class=\"elementor-field-type-text elementor-field-group elementor-column elementor-field-group-field_cbdc095 elementor-col-100 elementor-field-required\">\n\t\t\t\t\t\t\t\t\t\t\t\t\t<input size=\"1\" type=\"text\" name=\"form_fields[field_cbdc095]\" id=\"form-field-field_cbdc095\" class=\"elementor-field elementor-size-sm  elementor-field-textual\" placeholder=\"El teu correu electr\u00f2nic*\" required=\"required\">\n\t\t\t\t\t\t\t\t\t\t\t<\/div>\n\t\t\t\t\t\t\t\t<div class=\"elementor-field-type-text elementor-field-group elementor-column elementor-field-group-field_71f88b7 elementor-col-100 elementor-field-required\">\n\t\t\t\t\t\t\t\t\t\t\t\t\t<input size=\"1\" type=\"text\" name=\"form_fields[field_71f88b7]\" id=\"form-field-field_71f88b7\" class=\"elementor-field elementor-size-sm  elementor-field-textual\" placeholder=\"Empresa\/Entitat*\" required=\"required\">\n\t\t\t\t\t\t\t\t\t\t\t<\/div>\n\t\t\t\t\t\t\t\t<div class=\"elementor-field-type-text elementor-field-group elementor-column elementor-field-group-field_dd56502 elementor-col-100 elementor-field-required\">\n\t\t\t\t\t\t\t\t\t\t\t\t\t<input size=\"1\" type=\"text\" name=\"form_fields[field_dd56502]\" id=\"form-field-field_dd56502\" class=\"elementor-field elementor-size-sm  elementor-field-textual\" placeholder=\"C\u00e0rrec *\" required=\"required\">\n\t\t\t\t\t\t\t\t\t\t\t<\/div>\n\t\t\t\t\t\t\t\t<div class=\"elementor-field-type-tel elementor-field-group elementor-column elementor-field-group-field_a56bc2d elementor-col-100\">\n\t\t\t\t\t\t\t<input size=\"1\" type=\"tel\" name=\"form_fields[field_a56bc2d]\" id=\"form-field-field_a56bc2d\" class=\"elementor-field elementor-size-sm  elementor-field-textual\" placeholder=\"Tel\u00e8fon de contacte (opcional)\" pattern=\"[0-9()#&amp;+*-=.]+\" title=\"Only numbers and phone characters (#, -, *, etc) are accepted.\">\n\n\t\t\t\t\t\t<\/div>\n\t\t\t\t\t\t\t\t<div class=\"elementor-field-type-radio elementor-field-group elementor-column elementor-field-group-field_8f5214c elementor-col-100\">\n\t\t\t\t\t<div class=\"elementor-field-subgroup  \"><span class=\"elementor-field-option\"><input type=\"radio\" value=\"Som socis de l&#039;AER\" id=\"form-field-field_8f5214c-0\" name=\"form_fields[field_8f5214c]\"> <label for=\"form-field-field_8f5214c-0\">Som socis de l'AER<\/label><\/span><\/div>\t\t\t\t<\/div>\n\t\t\t\t\t\t\t\t<div class=\"elementor-field-type-acceptance elementor-field-group elementor-column elementor-field-group-field_7259d92 elementor-col-100 elementor-field-required\">\n\t\t\t\t\t\t\t<div class=\"elementor-field-subgroup\">\n\t\t\t<span class=\"elementor-field-option\">\n\t\t\t\t<input type=\"checkbox\" name=\"form_fields[field_7259d92]\" id=\"form-field-field_7259d92\" class=\"elementor-field elementor-size-sm  elementor-acceptance-field\" required=\"required\">\n\t\t\t\t<label for=\"form-field-field_7259d92\">He llegit i accepto les <a href=\"#\">condicions legals<\/a><\/label>\t\t\t<\/span>\n\t\t<\/div>\n\t\t\t\t\t\t<\/div>\n\t\t\t\t\t\t\t\t<div class=\"elementor-field-type-html elementor-field-group elementor-column elementor-field-group-field_7e04e21 elementor-col-100\">\n\t\t\t\t\t<p>Aquest lloc est\u00e0 protegit amb reCAPTCHA i s'apliquen les <a target=\"_blank\" href=\"https:\/\/policies.google.com\/terms\">Condicions<\/a> y el <a target=\"_blank\" href=\"https:\/\/policies.google.com\/privacy\">servei de privadesa<\/a> de Google.<\/p>\t\t\t\t<\/div>\n\t\t\t\t\t\t\t\t<div class=\"elementor-field-type-html elementor-field-group elementor-column elementor-field-group-field_a4c9a55 elementor-col-100\">\n\t\t\t\t\t* Camps obligatoris\t\t\t\t<\/div>\n\t\t\t\t\t\t\t\t<div class=\"elementor-field-group elementor-column elementor-field-type-submit elementor-col-20 e-form__buttons\">\n\t\t\t\t\t<button class=\"elementor-button elementor-size-sm\" type=\"submit\">\n\t\t\t\t\t\t<span class=\"elementor-button-content-wrapper\">\n\t\t\t\t\t\t\t\t\t\t\t\t\t\t\t\t\t\t\t\t\t\t<span class=\"elementor-button-text\">Enviar<\/span>\n\t\t\t\t\t\t\t\t\t\t\t\t\t<\/span>\n\t\t\t\t\t<\/button>\n\t\t\t\t<\/div>\n\t\t\t<\/div>\n\t\t<\/form>\n\t\t\t\t\t\t<\/div>\n\t\t\t\t<\/div>\n\t\t\t\t\t<\/div>\n\t\t<\/div>\n\t\t\t\t\t<\/div>\n\t\t<\/section>\n\t\t\t\t<\/div>\n\t\t","protected":false},"excerpt":{"rendered":"<p>CBAM &#8211; Mecanisme d&#8217;Ajust en Frontera de Carboni CBAM &#8211; Mecanisme d&#8217;Ajust en Frontera de Carboni El comprom\u00eds adquirit per la Uni\u00f3 Europea en el 2020 de reduir les emissions de gasos d&#8217;efecte d&#8217;hivernacle ha provocat que, des de llavors, s&#8217;hagin establert nombroses noves normatives d&#8217;\u00e0mbit europeu, algunes en forma de Reglament i altres de [&hellip;]<\/p>\n","protected":false},"author":5,"featured_media":6934,"parent":0,"menu_order":0,"comment_status":"closed","ping_status":"closed","template":"","meta":{"inline_featured_image":false,"footnotes":""},"categories":[],"tags":[],"class_list":["post-11082","page","type-page","status-publish","has-post-thumbnail","hentry"],"yoast_head":"<!-- This site is optimized with the Yoast SEO plugin v27.5 - https:\/\/yoast.com\/product\/yoast-seo-wordpress\/ -->\n<title>CBAM - Mecanismo de Ajuste en Frontera de Carbono | amec Positive Industry<\/title>\n<meta name=\"robots\" content=\"index, follow, max-snippet:-1, max-image-preview:large, max-video-preview:-1\" \/>\n<link rel=\"canonical\" href=\"https:\/\/amec.es\/cbam-mecanismo-de-ajuste-en-frontera-de-carbono\/\" \/>\n<meta property=\"og:locale\" content=\"ca_ES\" \/>\n<meta property=\"og:type\" content=\"article\" \/>\n<meta property=\"og:title\" content=\"CBAM - Mecanismo de Ajuste en Frontera de Carbono | amec Positive Industry\" \/>\n<meta property=\"og:description\" content=\"CBAM &#8211; Mecanisme d&#8217;Ajust en Frontera de Carboni CBAM &#8211; Mecanisme d&#8217;Ajust en Frontera de Carboni El comprom\u00eds adquirit per la Uni\u00f3 Europea en el 2020 de reduir les emissions de gasos d&#8217;efecte d&#8217;hivernacle ha provocat que, des de llavors, s&#8217;hagin establert nombroses noves normatives d&#8217;\u00e0mbit europeu, algunes en forma de Reglament i altres de [&hellip;]\" \/>\n<meta property=\"og:url\" content=\"https:\/\/amec.es\/cbam-mecanismo-de-ajuste-en-frontera-de-carbono\/\" \/>\n<meta property=\"og:site_name\" content=\"amec Positive Industry\" \/>\n<meta property=\"article:modified_time\" content=\"2024-01-09T14:17:08+00:00\" \/>\n<meta property=\"og:image\" content=\"https:\/\/amec.es\/wp-content\/uploads\/2023\/10\/asistenciatecnica.jpg\" \/>\n\t<meta property=\"og:image:width\" content=\"1920\" \/>\n\t<meta property=\"og:image:height\" content=\"284\" \/>\n\t<meta property=\"og:image:type\" content=\"image\/jpeg\" \/>\n<meta name=\"twitter:card\" content=\"summary_large_image\" \/>\n<meta name=\"twitter:label1\" content=\"Temps estimat de lectura\" \/>\n\t<meta name=\"twitter:data1\" content=\"2 minuts\" \/>\n<script type=\"application\/ld+json\" class=\"yoast-schema-graph\">{\"@context\":\"https:\\\/\\\/schema.org\",\"@graph\":[{\"@type\":\"WebPage\",\"@id\":\"https:\\\/\\\/amec.es\\\/cbam-mecanismo-de-ajuste-en-frontera-de-carbono\\\/\",\"url\":\"https:\\\/\\\/amec.es\\\/cbam-mecanismo-de-ajuste-en-frontera-de-carbono\\\/\",\"name\":\"CBAM - Mecanismo de Ajuste en Frontera de Carbono | amec Positive Industry\",\"isPartOf\":{\"@id\":\"https:\\\/\\\/amec.es\\\/#website\"},\"primaryImageOfPage\":{\"@id\":\"https:\\\/\\\/amec.es\\\/cbam-mecanismo-de-ajuste-en-frontera-de-carbono\\\/#primaryimage\"},\"image\":{\"@id\":\"https:\\\/\\\/amec.es\\\/cbam-mecanismo-de-ajuste-en-frontera-de-carbono\\\/#primaryimage\"},\"thumbnailUrl\":\"https:\\\/\\\/amec.es\\\/wp-content\\\/uploads\\\/2023\\\/10\\\/asistenciatecnica.jpg\",\"datePublished\":\"2024-01-09T13:39:53+00:00\",\"dateModified\":\"2024-01-09T14:17:08+00:00\",\"breadcrumb\":{\"@id\":\"https:\\\/\\\/amec.es\\\/cbam-mecanismo-de-ajuste-en-frontera-de-carbono\\\/#breadcrumb\"},\"inLanguage\":\"ca\",\"potentialAction\":[{\"@type\":\"ReadAction\",\"target\":[\"https:\\\/\\\/amec.es\\\/cbam-mecanismo-de-ajuste-en-frontera-de-carbono\\\/\"]}]},{\"@type\":\"ImageObject\",\"inLanguage\":\"ca\",\"@id\":\"https:\\\/\\\/amec.es\\\/cbam-mecanismo-de-ajuste-en-frontera-de-carbono\\\/#primaryimage\",\"url\":\"https:\\\/\\\/amec.es\\\/wp-content\\\/uploads\\\/2023\\\/10\\\/asistenciatecnica.jpg\",\"contentUrl\":\"https:\\\/\\\/amec.es\\\/wp-content\\\/uploads\\\/2023\\\/10\\\/asistenciatecnica.jpg\",\"width\":1920,\"height\":284},{\"@type\":\"BreadcrumbList\",\"@id\":\"https:\\\/\\\/amec.es\\\/cbam-mecanismo-de-ajuste-en-frontera-de-carbono\\\/#breadcrumb\",\"itemListElement\":[{\"@type\":\"ListItem\",\"position\":1,\"name\":\"Portada\",\"item\":\"https:\\\/\\\/amec.es\\\/ca\\\/home-new\\\/\"},{\"@type\":\"ListItem\",\"position\":2,\"name\":\"CBAM &#8211; Mecanismo de Ajuste en Frontera de Carbono\"}]},{\"@type\":\"WebSite\",\"@id\":\"https:\\\/\\\/amec.es\\\/#website\",\"url\":\"https:\\\/\\\/amec.es\\\/\",\"name\":\"amec Positive Industry\",\"description\":\"\",\"publisher\":{\"@id\":\"https:\\\/\\\/amec.es\\\/#organization\"},\"potentialAction\":[{\"@type\":\"SearchAction\",\"target\":{\"@type\":\"EntryPoint\",\"urlTemplate\":\"https:\\\/\\\/amec.es\\\/?s={search_term_string}\"},\"query-input\":{\"@type\":\"PropertyValueSpecification\",\"valueRequired\":true,\"valueName\":\"search_term_string\"}}],\"inLanguage\":\"ca\"},{\"@type\":\"Organization\",\"@id\":\"https:\\\/\\\/amec.es\\\/#organization\",\"name\":\"amec Positive Industry\",\"url\":\"https:\\\/\\\/amec.es\\\/\",\"logo\":{\"@type\":\"ImageObject\",\"inLanguage\":\"ca\",\"@id\":\"https:\\\/\\\/amec.es\\\/#\\\/schema\\\/logo\\\/image\\\/\",\"url\":\"https:\\\/\\\/amec.es\\\/wp-content\\\/uploads\\\/2023\\\/07\\\/logoamec.png\",\"contentUrl\":\"https:\\\/\\\/amec.es\\\/wp-content\\\/uploads\\\/2023\\\/07\\\/logoamec.png\",\"width\":200,\"height\":48,\"caption\":\"amec Positive Industry\"},\"image\":{\"@id\":\"https:\\\/\\\/amec.es\\\/#\\\/schema\\\/logo\\\/image\\\/\"}}]}<\/script>\n<!-- \/ Yoast SEO plugin. -->","yoast_head_json":{"title":"CBAM - Mecanismo de Ajuste en Frontera de Carbono | amec Positive Industry","robots":{"index":"index","follow":"follow","max-snippet":"max-snippet:-1","max-image-preview":"max-image-preview:large","max-video-preview":"max-video-preview:-1"},"canonical":"https:\/\/amec.es\/cbam-mecanismo-de-ajuste-en-frontera-de-carbono\/","og_locale":"ca_ES","og_type":"article","og_title":"CBAM - Mecanismo de Ajuste en Frontera de Carbono | amec Positive Industry","og_description":"CBAM &#8211; Mecanisme d&#8217;Ajust en Frontera de Carboni CBAM &#8211; Mecanisme d&#8217;Ajust en Frontera de Carboni El comprom\u00eds adquirit per la Uni\u00f3 Europea en el 2020 de reduir les emissions de gasos d&#8217;efecte d&#8217;hivernacle ha provocat que, des de llavors, s&#8217;hagin establert nombroses noves normatives d&#8217;\u00e0mbit europeu, algunes en forma de Reglament i altres de [&hellip;]","og_url":"https:\/\/amec.es\/cbam-mecanismo-de-ajuste-en-frontera-de-carbono\/","og_site_name":"amec Positive Industry","article_modified_time":"2024-01-09T14:17:08+00:00","og_image":[{"width":1920,"height":284,"url":"https:\/\/amec.es\/wp-content\/uploads\/2023\/10\/asistenciatecnica.jpg","type":"image\/jpeg"}],"twitter_card":"summary_large_image","twitter_misc":{"Temps estimat de lectura":"2 minuts"},"schema":{"@context":"https:\/\/schema.org","@graph":[{"@type":"WebPage","@id":"https:\/\/amec.es\/cbam-mecanismo-de-ajuste-en-frontera-de-carbono\/","url":"https:\/\/amec.es\/cbam-mecanismo-de-ajuste-en-frontera-de-carbono\/","name":"CBAM - Mecanismo de Ajuste en Frontera de Carbono | amec Positive Industry","isPartOf":{"@id":"https:\/\/amec.es\/#website"},"primaryImageOfPage":{"@id":"https:\/\/amec.es\/cbam-mecanismo-de-ajuste-en-frontera-de-carbono\/#primaryimage"},"image":{"@id":"https:\/\/amec.es\/cbam-mecanismo-de-ajuste-en-frontera-de-carbono\/#primaryimage"},"thumbnailUrl":"https:\/\/amec.es\/wp-content\/uploads\/2023\/10\/asistenciatecnica.jpg","datePublished":"2024-01-09T13:39:53+00:00","dateModified":"2024-01-09T14:17:08+00:00","breadcrumb":{"@id":"https:\/\/amec.es\/cbam-mecanismo-de-ajuste-en-frontera-de-carbono\/#breadcrumb"},"inLanguage":"ca","potentialAction":[{"@type":"ReadAction","target":["https:\/\/amec.es\/cbam-mecanismo-de-ajuste-en-frontera-de-carbono\/"]}]},{"@type":"ImageObject","inLanguage":"ca","@id":"https:\/\/amec.es\/cbam-mecanismo-de-ajuste-en-frontera-de-carbono\/#primaryimage","url":"https:\/\/amec.es\/wp-content\/uploads\/2023\/10\/asistenciatecnica.jpg","contentUrl":"https:\/\/amec.es\/wp-content\/uploads\/2023\/10\/asistenciatecnica.jpg","width":1920,"height":284},{"@type":"BreadcrumbList","@id":"https:\/\/amec.es\/cbam-mecanismo-de-ajuste-en-frontera-de-carbono\/#breadcrumb","itemListElement":[{"@type":"ListItem","position":1,"name":"Portada","item":"https:\/\/amec.es\/ca\/home-new\/"},{"@type":"ListItem","position":2,"name":"CBAM &#8211; Mecanismo de Ajuste en Frontera de Carbono"}]},{"@type":"WebSite","@id":"https:\/\/amec.es\/#website","url":"https:\/\/amec.es\/","name":"amec Positive Industry","description":"","publisher":{"@id":"https:\/\/amec.es\/#organization"},"potentialAction":[{"@type":"SearchAction","target":{"@type":"EntryPoint","urlTemplate":"https:\/\/amec.es\/?s={search_term_string}"},"query-input":{"@type":"PropertyValueSpecification","valueRequired":true,"valueName":"search_term_string"}}],"inLanguage":"ca"},{"@type":"Organization","@id":"https:\/\/amec.es\/#organization","name":"amec Positive Industry","url":"https:\/\/amec.es\/","logo":{"@type":"ImageObject","inLanguage":"ca","@id":"https:\/\/amec.es\/#\/schema\/logo\/image\/","url":"https:\/\/amec.es\/wp-content\/uploads\/2023\/07\/logoamec.png","contentUrl":"https:\/\/amec.es\/wp-content\/uploads\/2023\/07\/logoamec.png","width":200,"height":48,"caption":"amec Positive Industry"},"image":{"@id":"https:\/\/amec.es\/#\/schema\/logo\/image\/"}}]}},"_links":{"self":[{"href":"https:\/\/amec.es\/ca\/wp-json\/wp\/v2\/pages\/11082","targetHints":{"allow":["GET"]}}],"collection":[{"href":"https:\/\/amec.es\/ca\/wp-json\/wp\/v2\/pages"}],"about":[{"href":"https:\/\/amec.es\/ca\/wp-json\/wp\/v2\/types\/page"}],"author":[{"embeddable":true,"href":"https:\/\/amec.es\/ca\/wp-json\/wp\/v2\/users\/5"}],"replies":[{"embeddable":true,"href":"https:\/\/amec.es\/ca\/wp-json\/wp\/v2\/comments?post=11082"}],"version-history":[{"count":3,"href":"https:\/\/amec.es\/ca\/wp-json\/wp\/v2\/pages\/11082\/revisions"}],"predecessor-version":[{"id":11085,"href":"https:\/\/amec.es\/ca\/wp-json\/wp\/v2\/pages\/11082\/revisions\/11085"}],"wp:featuredmedia":[{"embeddable":true,"href":"https:\/\/amec.es\/ca\/wp-json\/wp\/v2\/media\/6934"}],"wp:attachment":[{"href":"https:\/\/amec.es\/ca\/wp-json\/wp\/v2\/media?parent=11082"}],"wp:term":[{"taxonomy":"category","embeddable":true,"href":"https:\/\/amec.es\/ca\/wp-json\/wp\/v2\/categories?post=11082"},{"taxonomy":"post_tag","embeddable":true,"href":"https:\/\/amec.es\/ca\/wp-json\/wp\/v2\/tags?post=11082"}],"curies":[{"name":"wp","href":"https:\/\/api.w.org\/{rel}","templated":true}]}}