{"id":34251,"date":"2025-03-19T16:09:26","date_gmt":"2025-03-19T15:09:26","guid":{"rendered":"https:\/\/www.amec.es\/tots-els-serveis\/sostenibilitat\/"},"modified":"2025-04-29T18:07:11","modified_gmt":"2025-04-29T16:07:11","slug":"sostenibilitat","status":"publish","type":"page","link":"https:\/\/amec.es\/ca\/tots-els-serveis\/sostenibilitat\/","title":{"rendered":"Sostenibilitat"},"content":{"rendered":"\t\t<div data-elementor-type=\"wp-page\" data-elementor-id=\"34251\" class=\"elementor elementor-34251 elementor-31182\" data-elementor-post-type=\"page\">\n\t\t\t\t\t\t<section class=\"elementor-section elementor-top-section elementor-element elementor-element-15315bc elementor-section-full_width elementor-section-height-default elementor-section-height-default\" data-id=\"15315bc\" data-element_type=\"section\" data-e-type=\"section\">\n\t\t\t\t\t\t<div class=\"elementor-container elementor-column-gap-default\">\n\t\t\t\t\t<div class=\"elementor-column elementor-col-50 elementor-top-column elementor-element elementor-element-b32b53a\" data-id=\"b32b53a\" data-element_type=\"column\" data-e-type=\"column\" data-settings=\"{&quot;background_background&quot;:&quot;classic&quot;}\">\n\t\t\t<div class=\"elementor-widget-wrap elementor-element-populated\">\n\t\t\t\t\t\t<div class=\"elementor-element elementor-element-624c880 elementor-hidden-mobile elementor-widget elementor-widget-text-editor\" data-id=\"624c880\" data-element_type=\"widget\" data-e-type=\"widget\" data-widget_type=\"text-editor.default\">\n\t\t\t\t<div class=\"elementor-widget-container\">\n\t\t\t\t\t\t\t\t\t<p><a href=\"https:\/\/www.amec.es\/ca\/tots-els-serveis\/\">Tot all\u00f2 que t&#8217;oferim<\/a>&gt; Sostenibilitat<\/p>\t\t\t\t\t\t\t\t<\/div>\n\t\t\t\t<\/div>\n\t\t\t\t<div class=\"elementor-element elementor-element-422442d elementor-widget elementor-widget-heading\" data-id=\"422442d\" data-element_type=\"widget\" data-e-type=\"widget\" data-widget_type=\"heading.default\">\n\t\t\t\t<div class=\"elementor-widget-container\">\n\t\t\t\t\t<h1 class=\"elementor-heading-title elementor-size-default\">Sostenibilitat<\/h1>\t\t\t\t<\/div>\n\t\t\t\t<\/div>\n\t\t\t\t<div class=\"elementor-element elementor-element-15b64e8 elementor-widget-mobile__width-initial elementor-widget elementor-widget-text-editor\" data-id=\"15b64e8\" data-element_type=\"widget\" data-e-type=\"widget\" data-widget_type=\"text-editor.default\">\n\t\t\t\t<div class=\"elementor-widget-container\">\n\t\t\t\t\t\t\t\t\t<p>Impulsem la innovaci\u00f3, fomentem les ciutats sostenibles, l&#8217;economia circular i l&#8217;efici\u00e8ncia energ\u00e8tica, treballem per a un bon \u00fas del pl\u00e0stic i ens basem en aliances per assolir objectius de benestar com\u00fa.<\/p>\t\t\t\t\t\t\t\t<\/div>\n\t\t\t\t<\/div>\n\t\t\t\t\t<\/div>\n\t\t<\/div>\n\t\t\t\t<div class=\"elementor-column elementor-col-50 elementor-top-column elementor-element elementor-element-1e04bbd\" data-id=\"1e04bbd\" data-element_type=\"column\" data-e-type=\"column\">\n\t\t\t<div class=\"elementor-widget-wrap elementor-element-populated\">\n\t\t\t\t\t\t<div class=\"elementor-element elementor-element-0670cb9 elementor-widget__width-initial elementor-widget elementor-widget-text-editor\" data-id=\"0670cb9\" data-element_type=\"widget\" data-e-type=\"widget\" data-widget_type=\"text-editor.default\">\n\t\t\t\t<div class=\"elementor-widget-container\">\n\t\t\t\t\t\t\t\t\t<h3><strong>Qu\u00e8 hi trobar\u00e0s en aquesta p\u00e0gina?<\/strong><\/h3><p><a href=\"#formacion\">Formaci\u00f3<\/a><\/p><p><a href=\"#asesoramiento\">Assessorament<\/a><\/p><p><a href=\"#tramitacion-de-ayudas\">Tramitaci\u00f3 d&#8217;ajuts<\/a><\/p><p><a href=\"#observatorio-amec\">Observatori amec<\/a><\/p>\t\t\t\t\t\t\t\t<\/div>\n\t\t\t\t<\/div>\n\t\t\t\t\t<\/div>\n\t\t<\/div>\n\t\t\t\t\t<\/div>\n\t\t<\/section>\n\t\t\t\t<section class=\"elementor-section elementor-top-section elementor-element elementor-element-301658e elementor-section-boxed elementor-section-height-default elementor-section-height-default\" data-id=\"301658e\" data-element_type=\"section\" data-e-type=\"section\">\n\t\t\t\t\t\t<div class=\"elementor-container elementor-column-gap-default\">\n\t\t\t\t\t<div class=\"elementor-column elementor-col-33 elementor-top-column elementor-element elementor-element-de24f2f\" data-id=\"de24f2f\" data-element_type=\"column\" data-e-type=\"column\">\n\t\t\t<div class=\"elementor-widget-wrap elementor-element-populated\">\n\t\t\t\t\t\t<div class=\"elementor-element elementor-element-d3f7511 elementor-widget elementor-widget-html\" data-id=\"d3f7511\" data-element_type=\"widget\" data-e-type=\"widget\" data-widget_type=\"html.default\">\n\t\t\t\t<div class=\"elementor-widget-container\">\n\t\t\t\t\t<select id=\"activity-select\">\r\n    <option value=\"\">Per activitat<\/option>\r\n <option value=\"#formacion\">Formaci\u00f3<\/option>\r\n<\/select>\r\n\r\n<script>\r\ndocument.getElementById(\"activity-select\").addEventListener(\"change\", function() {\r\n    var anchor = this.value;\r\n    if (anchor) {\r\n        window.location.hash = anchor;\r\n    }\r\n});\r\n<\/script>\r\n\t\t\t\t<\/div>\n\t\t\t\t<\/div>\n\t\t\t\t\t<\/div>\n\t\t<\/div>\n\t\t\t\t<div class=\"elementor-column elementor-col-33 elementor-top-column elementor-element elementor-element-9bd6734\" data-id=\"9bd6734\" data-element_type=\"column\" data-e-type=\"column\">\n\t\t\t<div class=\"elementor-widget-wrap elementor-element-populated\">\n\t\t\t\t\t\t<div class=\"elementor-element elementor-element-3205698 elementor-widget elementor-widget-html\" data-id=\"3205698\" data-element_type=\"widget\" data-e-type=\"widget\" data-widget_type=\"html.default\">\n\t\t\t\t<div class=\"elementor-widget-container\">\n\t\t\t\t\t<select id=\"service-select\">\r\n    <option value=\"\">Per servei<\/option>\r\n <option value=\"#asesoramiento\">Assessorament<\/option>\r\n <option value=\"#tramitacion-de-ayudas\">Tramitaci\u00f3 d'ajuts<\/option>\r\n <option value=\"#observatorio-amec\">Observatori amec<\/option>\r\n<\/select>\r\n\r\n<script>\r\ndocument.getElementById(\"service-select\").addEventListener(\"change\", function() {\r\n    var anchor = this.value;\r\n    if (anchor) {\r\n        window.location.hash = anchor;\r\n    }\r\n});\r\n<\/script>\r\n\t\t\t\t<\/div>\n\t\t\t\t<\/div>\n\t\t\t\t\t<\/div>\n\t\t<\/div>\n\t\t\t\t<div class=\"elementor-column elementor-col-33 elementor-top-column elementor-element elementor-element-97ae45b elementor-hidden-desktop elementor-hidden-tablet elementor-hidden-mobile\" data-id=\"97ae45b\" data-element_type=\"column\" data-e-type=\"column\">\n\t\t\t<div class=\"elementor-widget-wrap elementor-element-populated\">\n\t\t\t\t\t\t<div class=\"elementor-element elementor-element-a3edb16 elementor-widget elementor-widget-html\" data-id=\"a3edb16\" data-element_type=\"widget\" data-e-type=\"widget\" data-widget_type=\"html.default\">\n\t\t\t\t<div class=\"elementor-widget-container\">\n\t\t\t\t\t<select id=\"sector-select\">\r\n    <option value=\"\">Per sector<\/option>\r\n    <option value=\"https:\/\/amec.es\/todos-servicios\/sostenibilidad\/amec-amtex\">amec amtex<\/option>\r\n    <option value=\"https:\/\/amec.es\/todos-servicios\/sostenibilidad\/amec-aefemac\">amec aefemac<\/option>\r\n    <option value=\"https:\/\/amec.es\/todos-servicios\/sostenibilidad\/amec-alimentec\">amec alimentec<\/option>\r\n    <option value=\"https:\/\/amec.es\/todos-servicios\/sostenibilidad\/amec-afespan\">amec afespan<\/option>\r\n    <option value=\"https:\/\/amec.es\/todos-servicios\/sostenibilidad\/amec-imapc\">amec imapc<\/option>\r\n    <option value=\"https:\/\/amec.es\/todos-servicios\/sostenibilidad\/amec-industria\">amec industria<\/option>\r\n    <option value=\"https:\/\/amec.es\/todos-servicios\/sostenibilidad\/amec-amelec\">amec amelec<\/option>\r\n    <option value=\"https:\/\/amec.es\/todos-servicios\/sostenibilidad\/amec-ascon\">amec ascon<\/option>\r\n    <option value=\"https:\/\/amec.es\/todos-servicios\/sostenibilidad\/amec-fertech\">amec fertech<\/option>\r\n    <option value=\"https:\/\/amec.es\/todos-servicios\/sostenibilidad\/amec-urbis\">amec urbis<\/option>\r\n    <option value=\"https:\/\/amec.es\/todos-servicios\/sostenibilidad\/amec-envasgraf\">amec envasgraf<\/option>\r\n<\/select>\r\n\r\n<script>\r\ndocument.getElementById(\"sector-select\").addEventListener(\"change\", function() {\r\n    var url = this.value;\r\n    if (url) {\r\n        window.location.href = url;\r\n    }\r\n});\r\n<\/script>\r\n\t\t\t\t<\/div>\n\t\t\t\t<\/div>\n\t\t\t\t\t<\/div>\n\t\t<\/div>\n\t\t\t\t\t<\/div>\n\t\t<\/section>\n\t\t\t\t<section class=\"elementor-section elementor-top-section elementor-element elementor-element-60d4d43 elementor-section-boxed elementor-section-height-default elementor-section-height-default\" data-id=\"60d4d43\" data-element_type=\"section\" data-e-type=\"section\" id=\"formacion\">\n\t\t\t\t\t\t<div class=\"elementor-container elementor-column-gap-default\">\n\t\t\t\t\t<div class=\"elementor-column elementor-col-100 elementor-top-column elementor-element elementor-element-a4786a3\" data-id=\"a4786a3\" data-element_type=\"column\" data-e-type=\"column\">\n\t\t\t<div class=\"elementor-widget-wrap elementor-element-populated\">\n\t\t\t\t\t\t<div class=\"elementor-element elementor-element-d503682 elementor-widget elementor-widget-heading\" data-id=\"d503682\" data-element_type=\"widget\" data-e-type=\"widget\" data-widget_type=\"heading.default\">\n\t\t\t\t<div class=\"elementor-widget-container\">\n\t\t\t\t\t<h2 class=\"elementor-heading-title elementor-size-default\">Formaci\u00f3<\/h2>\t\t\t\t<\/div>\n\t\t\t\t<\/div>\n\t\t\t\t<div class=\"elementor-element elementor-element-f446910 elementor-hidden-desktop elementor-hidden-tablet elementor-hidden-mobile elementor-widget elementor-widget-text-editor\" data-id=\"f446910\" data-element_type=\"widget\" data-e-type=\"widget\" data-widget_type=\"text-editor.default\">\n\t\t\t\t<div class=\"elementor-widget-container\">\n\t\t\t\t\t\t\t\t\t<p>Lorem ipsum dolor sit amet, consectetuer adipiscing elit, set diam<\/p>\t\t\t\t\t\t\t\t<\/div>\n\t\t\t\t<\/div>\n\t\t\t\t\t<\/div>\n\t\t<\/div>\n\t\t\t\t\t<\/div>\n\t\t<\/section>\n\t\t\t\t<section class=\"elementor-section elementor-top-section elementor-element elementor-element-1e687d6 elementor-section-boxed elementor-section-height-default elementor-section-height-default\" data-id=\"1e687d6\" data-element_type=\"section\" data-e-type=\"section\" id=\"asesoramiento\">\n\t\t\t\t\t\t<div class=\"elementor-container elementor-column-gap-default\">\n\t\t\t\t\t<div class=\"elementor-column elementor-col-100 elementor-top-column elementor-element elementor-element-a03d043\" data-id=\"a03d043\" data-element_type=\"column\" data-e-type=\"column\">\n\t\t\t<div class=\"elementor-widget-wrap elementor-element-populated\">\n\t\t\t\t\t\t<div class=\"elementor-element elementor-element-f6a4829 elementor-widget elementor-widget-heading\" data-id=\"f6a4829\" data-element_type=\"widget\" data-e-type=\"widget\" data-widget_type=\"heading.default\">\n\t\t\t\t<div class=\"elementor-widget-container\">\n\t\t\t\t\t<h2 class=\"elementor-heading-title elementor-size-default\"><span style=\"font-size: 35.2px\">Assessorament<\/span><\/h2>\t\t\t\t<\/div>\n\t\t\t\t<\/div>\n\t\t\t\t<div class=\"elementor-element elementor-element-48b98a3 elementor-hidden-desktop elementor-hidden-tablet elementor-hidden-mobile elementor-widget elementor-widget-text-editor\" data-id=\"48b98a3\" data-element_type=\"widget\" data-e-type=\"widget\" data-widget_type=\"text-editor.default\">\n\t\t\t\t<div class=\"elementor-widget-container\">\n\t\t\t\t\t\t\t\t\t<p>Lorem ipsum dolor sit amet, consectetuer adipiscing elit, set diam<\/p>\t\t\t\t\t\t\t\t<\/div>\n\t\t\t\t<\/div>\n\t\t\t\t\t<\/div>\n\t\t<\/div>\n\t\t\t\t\t<\/div>\n\t\t<\/section>\n\t\t\t\t<section class=\"elementor-section elementor-top-section elementor-element elementor-element-8623311 elementor-section-boxed elementor-section-height-default elementor-section-height-default\" data-id=\"8623311\" data-element_type=\"section\" data-e-type=\"section\" id=\"tramitacion-de-ayudas\">\n\t\t\t\t\t\t<div class=\"elementor-container elementor-column-gap-default\">\n\t\t\t\t\t<div class=\"elementor-column elementor-col-100 elementor-top-column elementor-element elementor-element-3a59c46\" data-id=\"3a59c46\" data-element_type=\"column\" data-e-type=\"column\">\n\t\t\t<div class=\"elementor-widget-wrap elementor-element-populated\">\n\t\t\t\t\t\t<div class=\"elementor-element elementor-element-459c33f elementor-widget elementor-widget-heading\" data-id=\"459c33f\" data-element_type=\"widget\" data-e-type=\"widget\" data-widget_type=\"heading.default\">\n\t\t\t\t<div class=\"elementor-widget-container\">\n\t\t\t\t\t<h2 class=\"elementor-heading-title elementor-size-default\"><span style=\"font-size: 35.2px\">Tramitaci\u00f3 d'ajuts<\/span><\/h2>\t\t\t\t<\/div>\n\t\t\t\t<\/div>\n\t\t\t\t<div class=\"elementor-element elementor-element-a3587db elementor-hidden-desktop elementor-hidden-tablet elementor-hidden-mobile elementor-widget elementor-widget-text-editor\" data-id=\"a3587db\" data-element_type=\"widget\" data-e-type=\"widget\" data-widget_type=\"text-editor.default\">\n\t\t\t\t<div class=\"elementor-widget-container\">\n\t\t\t\t\t\t\t\t\t<p>Lorem ipsum dolor sit amet, consectetuer adipiscing elit, set diam<\/p>\t\t\t\t\t\t\t\t<\/div>\n\t\t\t\t<\/div>\n\t\t\t\t\t<\/div>\n\t\t<\/div>\n\t\t\t\t\t<\/div>\n\t\t<\/section>\n\t\t\t\t<section class=\"elementor-section elementor-top-section elementor-element elementor-element-09bc472 elementor-section-boxed elementor-section-height-default elementor-section-height-default\" data-id=\"09bc472\" data-element_type=\"section\" data-e-type=\"section\" id=\"observatorio-amec\">\n\t\t\t\t\t\t<div class=\"elementor-container elementor-column-gap-default\">\n\t\t\t\t\t<div class=\"elementor-column elementor-col-100 elementor-top-column elementor-element elementor-element-f4236a3\" data-id=\"f4236a3\" data-element_type=\"column\" data-e-type=\"column\">\n\t\t\t<div class=\"elementor-widget-wrap elementor-element-populated\">\n\t\t\t\t\t\t<div class=\"elementor-element elementor-element-7bf7f50 elementor-widget elementor-widget-heading\" data-id=\"7bf7f50\" data-element_type=\"widget\" data-e-type=\"widget\" data-widget_type=\"heading.default\">\n\t\t\t\t<div class=\"elementor-widget-container\">\n\t\t\t\t\t<h2 class=\"elementor-heading-title elementor-size-default\"><span style=\"font-size: 35.2px\">Observatori amec<\/span><\/h2>\t\t\t\t<\/div>\n\t\t\t\t<\/div>\n\t\t\t\t<div class=\"elementor-element elementor-element-b144ce7 elementor-hidden-desktop elementor-hidden-tablet elementor-hidden-mobile elementor-widget elementor-widget-text-editor\" data-id=\"b144ce7\" data-element_type=\"widget\" data-e-type=\"widget\" data-widget_type=\"text-editor.default\">\n\t\t\t\t<div class=\"elementor-widget-container\">\n\t\t\t\t\t\t\t\t\t<p>Lorem ipsum dolor sit amet, consectetuer adipiscing elit, set diam<\/p>\t\t\t\t\t\t\t\t<\/div>\n\t\t\t\t<\/div>\n\t\t\t\t\t<\/div>\n\t\t<\/div>\n\t\t\t\t\t<\/div>\n\t\t<\/section>\n\t\t\t\t<\/div>\n\t\t","protected":false},"excerpt":{"rendered":"<p>Tot all\u00f2 que t&#8217;oferim&gt; Sostenibilitat Sostenibilitat Impulsem la innovaci\u00f3, fomentem les ciutats sostenibles, l&#8217;economia circular i l&#8217;efici\u00e8ncia energ\u00e8tica, treballem per a un bon \u00fas del pl\u00e0stic i ens basem en aliances per assolir objectius de benestar com\u00fa. Qu\u00e8 hi trobar\u00e0s en aquesta p\u00e0gina? Formaci\u00f3 Assessorament Tramitaci\u00f3 d&#8217;ajuts Observatori amec Per activitat Formaci\u00f3 Per servei Assessorament [&hellip;]<\/p>\n","protected":false},"author":30,"featured_media":0,"parent":34244,"menu_order":0,"comment_status":"closed","ping_status":"closed","template":"","meta":{"inline_featured_image":false,"footnotes":""},"categories":[],"tags":[],"class_list":["post-34251","page","type-page","status-publish","hentry"],"yoast_head":"<!-- This site is optimized with the Yoast SEO plugin v27.3 - https:\/\/yoast.com\/product\/yoast-seo-wordpress\/ -->\n<title>Sostenibilitat | amec Positive Industry<\/title>\n<meta name=\"robots\" content=\"index, follow, max-snippet:-1, max-image-preview:large, max-video-preview:-1\" \/>\n<link rel=\"canonical\" href=\"https:\/\/amec.es\/ca\/tots-els-serveis\/sostenibilitat\/\" \/>\n<meta property=\"og:locale\" content=\"ca_ES\" \/>\n<meta property=\"og:type\" content=\"article\" \/>\n<meta property=\"og:title\" content=\"Sostenibilitat | amec Positive Industry\" \/>\n<meta property=\"og:description\" content=\"Tot all\u00f2 que t&#8217;oferim&gt; Sostenibilitat Sostenibilitat Impulsem la innovaci\u00f3, fomentem les ciutats sostenibles, l&#8217;economia circular i l&#8217;efici\u00e8ncia energ\u00e8tica, treballem per a un bon \u00fas del pl\u00e0stic i ens basem en aliances per assolir objectius de benestar com\u00fa. Qu\u00e8 hi trobar\u00e0s en aquesta p\u00e0gina? Formaci\u00f3 Assessorament Tramitaci\u00f3 d&#8217;ajuts Observatori amec Per activitat Formaci\u00f3 Per servei Assessorament [&hellip;]\" \/>\n<meta property=\"og:url\" content=\"https:\/\/amec.es\/ca\/tots-els-serveis\/sostenibilitat\/\" \/>\n<meta property=\"og:site_name\" content=\"amec Positive Industry\" \/>\n<meta property=\"article:modified_time\" content=\"2025-04-29T16:07:11+00:00\" \/>\n<meta property=\"og:image\" content=\"https:\/\/amec.es\/wp-content\/uploads\/2024\/02\/Logo_AMEC.png\" \/>\n\t<meta property=\"og:image:width\" content=\"1827\" \/>\n\t<meta property=\"og:image:height\" content=\"438\" \/>\n\t<meta property=\"og:image:type\" content=\"image\/png\" \/>\n<meta name=\"twitter:card\" content=\"summary_large_image\" \/>\n<meta name=\"twitter:label1\" content=\"Temps estimat de lectura\" \/>\n\t<meta name=\"twitter:data1\" content=\"1 minut\" \/>\n<script type=\"application\/ld+json\" class=\"yoast-schema-graph\">{\"@context\":\"https:\\\/\\\/schema.org\",\"@graph\":[{\"@type\":\"WebPage\",\"@id\":\"https:\\\/\\\/amec.es\\\/ca\\\/tots-els-serveis\\\/sostenibilitat\\\/\",\"url\":\"https:\\\/\\\/amec.es\\\/ca\\\/tots-els-serveis\\\/sostenibilitat\\\/\",\"name\":\"Sostenibilitat | amec Positive Industry\",\"isPartOf\":{\"@id\":\"https:\\\/\\\/amec.es\\\/#website\"},\"datePublished\":\"2025-03-19T15:09:26+00:00\",\"dateModified\":\"2025-04-29T16:07:11+00:00\",\"breadcrumb\":{\"@id\":\"https:\\\/\\\/amec.es\\\/ca\\\/tots-els-serveis\\\/sostenibilitat\\\/#breadcrumb\"},\"inLanguage\":\"ca\",\"potentialAction\":[{\"@type\":\"ReadAction\",\"target\":[\"https:\\\/\\\/amec.es\\\/ca\\\/tots-els-serveis\\\/sostenibilitat\\\/\"]}]},{\"@type\":\"BreadcrumbList\",\"@id\":\"https:\\\/\\\/amec.es\\\/ca\\\/tots-els-serveis\\\/sostenibilitat\\\/#breadcrumb\",\"itemListElement\":[{\"@type\":\"ListItem\",\"position\":1,\"name\":\"Portada\",\"item\":\"https:\\\/\\\/amec.es\\\/\"},{\"@type\":\"ListItem\",\"position\":2,\"name\":\"Tots els serveis\",\"item\":\"https:\\\/\\\/amec.es\\\/ca\\\/tots-els-serveis\\\/\"},{\"@type\":\"ListItem\",\"position\":3,\"name\":\"Sostenibilitat\"}]},{\"@type\":\"WebSite\",\"@id\":\"https:\\\/\\\/amec.es\\\/#website\",\"url\":\"https:\\\/\\\/amec.es\\\/\",\"name\":\"amec Positive Industry\",\"description\":\"\",\"publisher\":{\"@id\":\"https:\\\/\\\/amec.es\\\/#organization\"},\"potentialAction\":[{\"@type\":\"SearchAction\",\"target\":{\"@type\":\"EntryPoint\",\"urlTemplate\":\"https:\\\/\\\/amec.es\\\/?s={search_term_string}\"},\"query-input\":{\"@type\":\"PropertyValueSpecification\",\"valueRequired\":true,\"valueName\":\"search_term_string\"}}],\"inLanguage\":\"ca\"},{\"@type\":\"Organization\",\"@id\":\"https:\\\/\\\/amec.es\\\/#organization\",\"name\":\"amec Positive Industry\",\"url\":\"https:\\\/\\\/amec.es\\\/\",\"logo\":{\"@type\":\"ImageObject\",\"inLanguage\":\"ca\",\"@id\":\"https:\\\/\\\/amec.es\\\/#\\\/schema\\\/logo\\\/image\\\/\",\"url\":\"https:\\\/\\\/amec.es\\\/wp-content\\\/uploads\\\/2023\\\/07\\\/logoamec.png\",\"contentUrl\":\"https:\\\/\\\/amec.es\\\/wp-content\\\/uploads\\\/2023\\\/07\\\/logoamec.png\",\"width\":200,\"height\":48,\"caption\":\"amec Positive Industry\"},\"image\":{\"@id\":\"https:\\\/\\\/amec.es\\\/#\\\/schema\\\/logo\\\/image\\\/\"}}]}<\/script>\n<!-- \/ Yoast SEO plugin. -->","yoast_head_json":{"title":"Sostenibilitat | amec Positive Industry","robots":{"index":"index","follow":"follow","max-snippet":"max-snippet:-1","max-image-preview":"max-image-preview:large","max-video-preview":"max-video-preview:-1"},"canonical":"https:\/\/amec.es\/ca\/tots-els-serveis\/sostenibilitat\/","og_locale":"ca_ES","og_type":"article","og_title":"Sostenibilitat | amec Positive Industry","og_description":"Tot all\u00f2 que t&#8217;oferim&gt; Sostenibilitat Sostenibilitat Impulsem la innovaci\u00f3, fomentem les ciutats sostenibles, l&#8217;economia circular i l&#8217;efici\u00e8ncia energ\u00e8tica, treballem per a un bon \u00fas del pl\u00e0stic i ens basem en aliances per assolir objectius de benestar com\u00fa. Qu\u00e8 hi trobar\u00e0s en aquesta p\u00e0gina? Formaci\u00f3 Assessorament Tramitaci\u00f3 d&#8217;ajuts Observatori amec Per activitat Formaci\u00f3 Per servei Assessorament [&hellip;]","og_url":"https:\/\/amec.es\/ca\/tots-els-serveis\/sostenibilitat\/","og_site_name":"amec Positive Industry","article_modified_time":"2025-04-29T16:07:11+00:00","og_image":[{"width":1827,"height":438,"url":"https:\/\/amec.es\/wp-content\/uploads\/2024\/02\/Logo_AMEC.png","type":"image\/png"}],"twitter_card":"summary_large_image","twitter_misc":{"Temps estimat de lectura":"1 minut"},"schema":{"@context":"https:\/\/schema.org","@graph":[{"@type":"WebPage","@id":"https:\/\/amec.es\/ca\/tots-els-serveis\/sostenibilitat\/","url":"https:\/\/amec.es\/ca\/tots-els-serveis\/sostenibilitat\/","name":"Sostenibilitat | amec Positive Industry","isPartOf":{"@id":"https:\/\/amec.es\/#website"},"datePublished":"2025-03-19T15:09:26+00:00","dateModified":"2025-04-29T16:07:11+00:00","breadcrumb":{"@id":"https:\/\/amec.es\/ca\/tots-els-serveis\/sostenibilitat\/#breadcrumb"},"inLanguage":"ca","potentialAction":[{"@type":"ReadAction","target":["https:\/\/amec.es\/ca\/tots-els-serveis\/sostenibilitat\/"]}]},{"@type":"BreadcrumbList","@id":"https:\/\/amec.es\/ca\/tots-els-serveis\/sostenibilitat\/#breadcrumb","itemListElement":[{"@type":"ListItem","position":1,"name":"Portada","item":"https:\/\/amec.es\/"},{"@type":"ListItem","position":2,"name":"Tots els serveis","item":"https:\/\/amec.es\/ca\/tots-els-serveis\/"},{"@type":"ListItem","position":3,"name":"Sostenibilitat"}]},{"@type":"WebSite","@id":"https:\/\/amec.es\/#website","url":"https:\/\/amec.es\/","name":"amec Positive Industry","description":"","publisher":{"@id":"https:\/\/amec.es\/#organization"},"potentialAction":[{"@type":"SearchAction","target":{"@type":"EntryPoint","urlTemplate":"https:\/\/amec.es\/?s={search_term_string}"},"query-input":{"@type":"PropertyValueSpecification","valueRequired":true,"valueName":"search_term_string"}}],"inLanguage":"ca"},{"@type":"Organization","@id":"https:\/\/amec.es\/#organization","name":"amec Positive Industry","url":"https:\/\/amec.es\/","logo":{"@type":"ImageObject","inLanguage":"ca","@id":"https:\/\/amec.es\/#\/schema\/logo\/image\/","url":"https:\/\/amec.es\/wp-content\/uploads\/2023\/07\/logoamec.png","contentUrl":"https:\/\/amec.es\/wp-content\/uploads\/2023\/07\/logoamec.png","width":200,"height":48,"caption":"amec Positive Industry"},"image":{"@id":"https:\/\/amec.es\/#\/schema\/logo\/image\/"}}]}},"_links":{"self":[{"href":"https:\/\/amec.es\/ca\/wp-json\/wp\/v2\/pages\/34251","targetHints":{"allow":["GET"]}}],"collection":[{"href":"https:\/\/amec.es\/ca\/wp-json\/wp\/v2\/pages"}],"about":[{"href":"https:\/\/amec.es\/ca\/wp-json\/wp\/v2\/types\/page"}],"author":[{"embeddable":true,"href":"https:\/\/amec.es\/ca\/wp-json\/wp\/v2\/users\/30"}],"replies":[{"embeddable":true,"href":"https:\/\/amec.es\/ca\/wp-json\/wp\/v2\/comments?post=34251"}],"version-history":[{"count":2,"href":"https:\/\/amec.es\/ca\/wp-json\/wp\/v2\/pages\/34251\/revisions"}],"predecessor-version":[{"id":34253,"href":"https:\/\/amec.es\/ca\/wp-json\/wp\/v2\/pages\/34251\/revisions\/34253"}],"up":[{"embeddable":true,"href":"https:\/\/amec.es\/ca\/wp-json\/wp\/v2\/pages\/34244"}],"wp:attachment":[{"href":"https:\/\/amec.es\/ca\/wp-json\/wp\/v2\/media?parent=34251"}],"wp:term":[{"taxonomy":"category","embeddable":true,"href":"https:\/\/amec.es\/ca\/wp-json\/wp\/v2\/categories?post=34251"},{"taxonomy":"post_tag","embeddable":true,"href":"https:\/\/amec.es\/ca\/wp-json\/wp\/v2\/tags?post=34251"}],"curies":[{"name":"wp","href":"https:\/\/api.w.org\/{rel}","templated":true}]}}