{"id":34262,"date":"2025-03-17T15:40:04","date_gmt":"2025-03-17T14:40:04","guid":{"rendered":"https:\/\/www.amec.es\/tots-els-serveis\/cocreixer\/"},"modified":"2025-04-29T18:12:46","modified_gmt":"2025-04-29T16:12:46","slug":"cocreixer","status":"publish","type":"page","link":"https:\/\/amec.es\/ca\/tots-els-serveis\/cocreixer\/","title":{"rendered":"CoCr\u00e8ixer"},"content":{"rendered":"\t\t<div data-elementor-type=\"wp-page\" data-elementor-id=\"34262\" class=\"elementor elementor-34262 elementor-30568\" data-elementor-post-type=\"page\">\n\t\t\t\t\t\t<section class=\"elementor-section elementor-top-section elementor-element elementor-element-15315bc elementor-section-full_width elementor-section-height-default elementor-section-height-default\" data-id=\"15315bc\" data-element_type=\"section\" data-e-type=\"section\">\n\t\t\t\t\t\t<div class=\"elementor-container elementor-column-gap-default\">\n\t\t\t\t\t<div class=\"elementor-column elementor-col-50 elementor-top-column elementor-element elementor-element-b32b53a\" data-id=\"b32b53a\" data-element_type=\"column\" data-e-type=\"column\" data-settings=\"{&quot;background_background&quot;:&quot;classic&quot;}\">\n\t\t\t<div class=\"elementor-widget-wrap elementor-element-populated\">\n\t\t\t\t\t\t<div class=\"elementor-element elementor-element-624c880 elementor-widget elementor-widget-text-editor\" data-id=\"624c880\" data-element_type=\"widget\" data-e-type=\"widget\" data-widget_type=\"text-editor.default\">\n\t\t\t\t<div class=\"elementor-widget-container\">\n\t\t\t\t\t\t\t\t\t<p><a href=\"https:\/\/www.amec.es\/ca\/tots-els-serveis\/\">Tot all\u00f2 que t&#8217;oferim<\/a>&gt; CoCr\u00e8ixer<\/p>\t\t\t\t\t\t\t\t<\/div>\n\t\t\t\t<\/div>\n\t\t\t\t<div class=\"elementor-element elementor-element-422442d elementor-widget elementor-widget-heading\" data-id=\"422442d\" data-element_type=\"widget\" data-e-type=\"widget\" data-widget_type=\"heading.default\">\n\t\t\t\t<div class=\"elementor-widget-container\">\n\t\t\t\t\t<h1 class=\"elementor-heading-title elementor-size-default\">CoCr\u00e8ixer<\/h1>\t\t\t\t<\/div>\n\t\t\t\t<\/div>\n\t\t\t\t<div class=\"elementor-element elementor-element-15b64e8 elementor-widget elementor-widget-text-editor\" data-id=\"15b64e8\" data-element_type=\"widget\" data-e-type=\"widget\" data-widget_type=\"text-editor.default\">\n\t\t\t\t<div class=\"elementor-widget-container\">\n\t\t\t\t\t\t\t\t\t<p>Hem desenvolupat diversos itineraris tem\u00e0tics per fomentar les trobades entre membres, conscients que la nostra comunitat \u00e9s un atractiu per a la nostra comunitat.  <\/p>\t\t\t\t\t\t\t\t<\/div>\n\t\t\t\t<\/div>\n\t\t\t\t\t<\/div>\n\t\t<\/div>\n\t\t\t\t<div class=\"elementor-column elementor-col-50 elementor-top-column elementor-element elementor-element-1e04bbd\" data-id=\"1e04bbd\" data-element_type=\"column\" data-e-type=\"column\">\n\t\t\t<div class=\"elementor-widget-wrap elementor-element-populated\">\n\t\t\t\t\t\t<div class=\"elementor-element elementor-element-0670cb9 elementor-widget__width-initial elementor-widget elementor-widget-text-editor\" data-id=\"0670cb9\" data-element_type=\"widget\" data-e-type=\"widget\" data-widget_type=\"text-editor.default\">\n\t\t\t\t<div class=\"elementor-widget-container\">\n\t\t\t\t\t\t\t\t\t<h3><strong>Qu\u00e8 hi trobar\u00e0s en aquesta p\u00e0gina?<\/strong><\/h3><p><a href=\"#grandes-eventos\">Grans esdeveniments<\/a><\/p><p><a href=\"#jornadas-sectoriales\">Jornades sectorials<\/a><\/p><p><a href=\"#sesiones-de-networking-grupales\">Sessions de networking grupals<\/a><\/p><p><a href=\"#open-days\">Jornades de portes obertes<\/a><\/p>\t\t\t\t\t\t\t\t<\/div>\n\t\t\t\t<\/div>\n\t\t\t\t\t<\/div>\n\t\t<\/div>\n\t\t\t\t\t<\/div>\n\t\t<\/section>\n\t\t\t\t<section class=\"elementor-section elementor-top-section elementor-element elementor-element-301658e elementor-section-boxed elementor-section-height-default elementor-section-height-default\" data-id=\"301658e\" data-element_type=\"section\" data-e-type=\"section\">\n\t\t\t\t\t\t<div class=\"elementor-container elementor-column-gap-default\">\n\t\t\t\t\t<div class=\"elementor-column elementor-col-33 elementor-top-column elementor-element elementor-element-de24f2f\" data-id=\"de24f2f\" data-element_type=\"column\" data-e-type=\"column\">\n\t\t\t<div class=\"elementor-widget-wrap elementor-element-populated\">\n\t\t\t\t\t\t<div class=\"elementor-element elementor-element-d3f7511 elementor-widget elementor-widget-html\" data-id=\"d3f7511\" data-element_type=\"widget\" data-e-type=\"widget\" data-widget_type=\"html.default\">\n\t\t\t\t<div class=\"elementor-widget-container\">\n\t\t\t\t\t<select id=\"activity-select\">\r\n    <option value=\"\">Per activitat<\/option>\r\n <option value=\"#grandes-eventos\">Grans esdeveniments<\/option>\r\n <option value=\"#jornadas-sectoriales\">Jornades sectorials<\/option>\r\n <option value=\"#sesiones-de-networking-grupales\">Sessions de networking grupals<\/option>\r\n <option value=\"#open-days\">Open Days<\/option>\r\n<\/select>\r\n\r\n<script>\r\ndocument.getElementById(\"activity-select\").addEventListener(\"change\", function() {\r\n    var anchor = this.value;\r\n    if (anchor) {\r\n        window.location.hash = anchor;\r\n    }\r\n});\r\n<\/script>\r\n\t\t\t\t<\/div>\n\t\t\t\t<\/div>\n\t\t\t\t\t<\/div>\n\t\t<\/div>\n\t\t\t\t<div class=\"elementor-column elementor-col-33 elementor-top-column elementor-element elementor-element-9bd6734\" data-id=\"9bd6734\" data-element_type=\"column\" data-e-type=\"column\">\n\t\t\t<div class=\"elementor-widget-wrap elementor-element-populated\">\n\t\t\t\t\t\t<div class=\"elementor-element elementor-element-a3edb16 elementor-widget elementor-widget-html\" data-id=\"a3edb16\" data-element_type=\"widget\" data-e-type=\"widget\" data-widget_type=\"html.default\">\n\t\t\t\t<div class=\"elementor-widget-container\">\n\t\t\t\t\t<select id=\"sector-select\">\r\n    <option value=\"\">Per sector<\/option>\r\n    <option value=\"https:\/\/amec.es\/todos-servicios\/cocrecer\/amec-amtex\">amec amtex<\/option>\r\n    <option value=\"https:\/\/amec.es\/todos-servicios\/cocrecer\/amec-aefemac\">amec aefemac<\/option>\r\n    <option value=\"https:\/\/amec.es\/todos-servicios\/cocrecer\/amec-alimentec\">amec alimentec<\/option>\r\n    <option value=\"https:\/\/amec.es\/todos-servicios\/cocrecer\/amec-afespan\">amec afespan<\/option>\r\n    <option value=\"https:\/\/amec.es\/todos-servicios\/cocrecer\/amec-imapc\">amec imapc<\/option>\r\n    <option value=\"https:\/\/amec.es\/todos-servicios\/cocrecer\/amec-industria\">amec industria<\/option>\r\n    <option value=\"https:\/\/amec.es\/todos-servicios\/cocrecer\/amec-amelec\">amec amelec<\/option>\r\n    <option value=\"https:\/\/amec.es\/todos-servicios\/cocrecer\/amec-ascon\">amec ascon<\/option>\r\n    <option value=\"https:\/\/amec.es\/todos-servicios\/cocrecer\/amec-fertech\">amec fertech<\/option>\r\n    <option value=\"https:\/\/amec.es\/todos-servicios\/cocrecer\/amec-urbis\">amec urbis<\/option>\r\n    <option value=\"https:\/\/amec.es\/todos-servicios\/cocrecer\/amec-envasgraf\">amec envasgraf<\/option>\r\n<\/select>\r\n\r\n<script>\r\ndocument.getElementById(\"sector-select\").addEventListener(\"change\", function() {\r\n    var url = this.value;\r\n    if (url) {\r\n        window.location.href = url;\r\n    }\r\n});\r\n<\/script>\r\n\t\t\t\t<\/div>\n\t\t\t\t<\/div>\n\t\t\t\t\t<\/div>\n\t\t<\/div>\n\t\t\t\t<div class=\"elementor-column elementor-col-33 elementor-top-column elementor-element elementor-element-97ae45b elementor-hidden-desktop elementor-hidden-tablet elementor-hidden-mobile\" data-id=\"97ae45b\" data-element_type=\"column\" data-e-type=\"column\">\n\t\t\t<div class=\"elementor-widget-wrap elementor-element-populated\">\n\t\t\t\t\t\t<div class=\"elementor-element elementor-element-056109c elementor-widget elementor-widget-html\" data-id=\"056109c\" data-element_type=\"widget\" data-e-type=\"widget\" data-widget_type=\"html.default\">\n\t\t\t\t<div class=\"elementor-widget-container\">\n\t\t\t\t\t<select id=\"theme-select\">\r\n    <option value=\"\">Per tem\u00e0tica<\/option>\r\n <option value=\"https:\/\/amec.es\/todos-servicios\/cocrecer\/internacionalizacion\">Internacionalitzaci\u00f3<\/option>\r\n <option value=\"https:\/\/amec.es\/todos-servicios\/cocrecer\/talento\">Talent<\/option>\r\n <option value=\"https:\/\/amec.es\/todos-servicios\/cocrecer\/sostenibilidad\">Sostenibilitat<\/option>\r\n<\/select>\r\n\r\n<script>\r\ndocument.getElementById(\"theme-select\").addEventListener(\"change\", function() {\r\n    var url = this.value;\r\n    if (url) {\r\n        window.location.href = url;\r\n    }\r\n});\r\n<\/script>\r\n\t\t\t\t<\/div>\n\t\t\t\t<\/div>\n\t\t\t\t\t<\/div>\n\t\t<\/div>\n\t\t\t\t\t<\/div>\n\t\t<\/section>\n\t\t\t\t<section class=\"elementor-section elementor-top-section elementor-element elementor-element-22a98b4 elementor-section-boxed elementor-section-height-default elementor-section-height-default\" data-id=\"22a98b4\" data-element_type=\"section\" data-e-type=\"section\" id=\"grandes-eventos\">\n\t\t\t\t\t\t<div class=\"elementor-container elementor-column-gap-default\">\n\t\t\t\t\t<div class=\"elementor-column elementor-col-100 elementor-top-column elementor-element elementor-element-ab30723\" data-id=\"ab30723\" data-element_type=\"column\" data-e-type=\"column\">\n\t\t\t<div class=\"elementor-widget-wrap elementor-element-populated\">\n\t\t\t\t\t\t<div class=\"elementor-element elementor-element-c533e1a elementor-widget elementor-widget-heading\" data-id=\"c533e1a\" data-element_type=\"widget\" data-e-type=\"widget\" data-widget_type=\"heading.default\">\n\t\t\t\t<div class=\"elementor-widget-container\">\n\t\t\t\t\t<h2 class=\"elementor-heading-title elementor-size-default\">Grans esdeveniments<\/h2>\t\t\t\t<\/div>\n\t\t\t\t<\/div>\n\t\t\t\t<div class=\"elementor-element elementor-element-c4c46b7 elementor-hidden-desktop elementor-hidden-tablet elementor-hidden-mobile elementor-widget elementor-widget-text-editor\" data-id=\"c4c46b7\" data-element_type=\"widget\" data-e-type=\"widget\" data-widget_type=\"text-editor.default\">\n\t\t\t\t<div class=\"elementor-widget-container\">\n\t\t\t\t\t\t\t\t\t<p>Lorem ipsum dolor sit amet, consectetuer adipiscing elit, set diam<\/p>\t\t\t\t\t\t\t\t<\/div>\n\t\t\t\t<\/div>\n\t\t\t\t\t<\/div>\n\t\t<\/div>\n\t\t\t\t\t<\/div>\n\t\t<\/section>\n\t\t\t\t<section class=\"elementor-section elementor-top-section elementor-element elementor-element-67a0100 elementor-section-boxed elementor-section-height-default elementor-section-height-default\" data-id=\"67a0100\" data-element_type=\"section\" data-e-type=\"section\" id=\"jornadas-sectoriales\">\n\t\t\t\t\t\t<div class=\"elementor-container elementor-column-gap-default\">\n\t\t\t\t\t<div class=\"elementor-column elementor-col-100 elementor-top-column elementor-element elementor-element-8daa7a2\" data-id=\"8daa7a2\" data-element_type=\"column\" data-e-type=\"column\">\n\t\t\t<div class=\"elementor-widget-wrap elementor-element-populated\">\n\t\t\t\t\t\t<div class=\"elementor-element elementor-element-d1308c7 elementor-widget elementor-widget-heading\" data-id=\"d1308c7\" data-element_type=\"widget\" data-e-type=\"widget\" data-widget_type=\"heading.default\">\n\t\t\t\t<div class=\"elementor-widget-container\">\n\t\t\t\t\t<h2 class=\"elementor-heading-title elementor-size-default\">Jornades sectorials<\/h2>\t\t\t\t<\/div>\n\t\t\t\t<\/div>\n\t\t\t\t<div class=\"elementor-element elementor-element-81cbd1b elementor-hidden-desktop elementor-hidden-tablet elementor-hidden-mobile elementor-widget elementor-widget-text-editor\" data-id=\"81cbd1b\" data-element_type=\"widget\" data-e-type=\"widget\" data-widget_type=\"text-editor.default\">\n\t\t\t\t<div class=\"elementor-widget-container\">\n\t\t\t\t\t\t\t\t\t<p>Lorem ipsum dolor sit amet, consectetuer adipiscing elit, set diam<\/p>\t\t\t\t\t\t\t\t<\/div>\n\t\t\t\t<\/div>\n\t\t\t\t\t<\/div>\n\t\t<\/div>\n\t\t\t\t\t<\/div>\n\t\t<\/section>\n\t\t\t\t<section class=\"elementor-section elementor-top-section elementor-element elementor-element-bef9b09 elementor-section-boxed elementor-section-height-default elementor-section-height-default\" data-id=\"bef9b09\" data-element_type=\"section\" data-e-type=\"section\" id=\"sesiones-de-networking-grupales\">\n\t\t\t\t\t\t<div class=\"elementor-container elementor-column-gap-default\">\n\t\t\t\t\t<div class=\"elementor-column elementor-col-100 elementor-top-column elementor-element elementor-element-7c940ec\" data-id=\"7c940ec\" data-element_type=\"column\" data-e-type=\"column\">\n\t\t\t<div class=\"elementor-widget-wrap elementor-element-populated\">\n\t\t\t\t\t\t<div class=\"elementor-element elementor-element-5fb21e4 elementor-widget elementor-widget-heading\" data-id=\"5fb21e4\" data-element_type=\"widget\" data-e-type=\"widget\" data-widget_type=\"heading.default\">\n\t\t\t\t<div class=\"elementor-widget-container\">\n\t\t\t\t\t<h2 class=\"elementor-heading-title elementor-size-default\">Sessions de networking grupals<\/h2>\t\t\t\t<\/div>\n\t\t\t\t<\/div>\n\t\t\t\t<div class=\"elementor-element elementor-element-8ffd2b5 elementor-hidden-desktop elementor-hidden-tablet elementor-hidden-mobile elementor-widget elementor-widget-text-editor\" data-id=\"8ffd2b5\" data-element_type=\"widget\" data-e-type=\"widget\" data-widget_type=\"text-editor.default\">\n\t\t\t\t<div class=\"elementor-widget-container\">\n\t\t\t\t\t\t\t\t\t<p>Lorem ipsum dolor sit amet, consectetuer adipiscing elit, set diam<\/p>\t\t\t\t\t\t\t\t<\/div>\n\t\t\t\t<\/div>\n\t\t\t\t\t<\/div>\n\t\t<\/div>\n\t\t\t\t\t<\/div>\n\t\t<\/section>\n\t\t\t\t<section class=\"elementor-section elementor-top-section elementor-element elementor-element-60d4d43 elementor-section-boxed elementor-section-height-default elementor-section-height-default\" data-id=\"60d4d43\" data-element_type=\"section\" data-e-type=\"section\" id=\"open-days\">\n\t\t\t\t\t\t<div class=\"elementor-container elementor-column-gap-default\">\n\t\t\t\t\t<div class=\"elementor-column elementor-col-100 elementor-top-column elementor-element elementor-element-f99e316\" data-id=\"f99e316\" data-element_type=\"column\" data-e-type=\"column\">\n\t\t\t<div class=\"elementor-widget-wrap elementor-element-populated\">\n\t\t\t\t\t\t<div class=\"elementor-element elementor-element-7913243 elementor-widget elementor-widget-heading\" data-id=\"7913243\" data-element_type=\"widget\" data-e-type=\"widget\" data-widget_type=\"heading.default\">\n\t\t\t\t<div class=\"elementor-widget-container\">\n\t\t\t\t\t<h2 class=\"elementor-heading-title elementor-size-default\">Open Days<\/h2>\t\t\t\t<\/div>\n\t\t\t\t<\/div>\n\t\t\t\t<div class=\"elementor-element elementor-element-c736ac8 elementor-hidden-desktop elementor-hidden-tablet elementor-hidden-mobile elementor-widget elementor-widget-text-editor\" data-id=\"c736ac8\" data-element_type=\"widget\" data-e-type=\"widget\" data-widget_type=\"text-editor.default\">\n\t\t\t\t<div class=\"elementor-widget-container\">\n\t\t\t\t\t\t\t\t\t<p>Lorem ipsum dolor sit amet, consectetuer adipiscing elit, set diam<\/p>\t\t\t\t\t\t\t\t<\/div>\n\t\t\t\t<\/div>\n\t\t\t\t\t<\/div>\n\t\t<\/div>\n\t\t\t\t\t<\/div>\n\t\t<\/section>\n\t\t\t\t<section class=\"elementor-section elementor-top-section elementor-element elementor-element-4c6c76b elementor-hidden-desktop elementor-hidden-tablet elementor-hidden-mobile elementor-section-boxed elementor-section-height-default elementor-section-height-default\" data-id=\"4c6c76b\" data-element_type=\"section\" data-e-type=\"section\">\n\t\t\t\t\t\t<div class=\"elementor-container elementor-column-gap-default\">\n\t\t\t\t\t<div class=\"elementor-column elementor-col-100 elementor-top-column elementor-element elementor-element-a4786a3\" data-id=\"a4786a3\" data-element_type=\"column\" data-e-type=\"column\">\n\t\t\t<div class=\"elementor-widget-wrap elementor-element-populated\">\n\t\t\t\t\t\t<div class=\"elementor-element elementor-element-d503682 elementor-widget elementor-widget-heading\" data-id=\"d503682\" data-element_type=\"widget\" data-e-type=\"widget\" data-widget_type=\"heading.default\">\n\t\t\t\t<div class=\"elementor-widget-container\">\n\t\t\t\t\t<h2 class=\"elementor-heading-title elementor-size-default\">Networking individual<\/h2>\t\t\t\t<\/div>\n\t\t\t\t<\/div>\n\t\t\t\t<div class=\"elementor-element elementor-element-f446910 elementor-widget elementor-widget-text-editor\" data-id=\"f446910\" data-element_type=\"widget\" data-e-type=\"widget\" data-widget_type=\"text-editor.default\">\n\t\t\t\t<div class=\"elementor-widget-container\">\n\t\t\t\t\t\t\t\t\t<p>Lorem ipsum dolor sit amet, consectetuer adipiscing elit, set diam<\/p>\t\t\t\t\t\t\t\t<\/div>\n\t\t\t\t<\/div>\n\t\t\t\t\t<\/div>\n\t\t<\/div>\n\t\t\t\t\t<\/div>\n\t\t<\/section>\n\t\t\t\t<\/div>\n\t\t","protected":false},"excerpt":{"rendered":"<p>Tot all\u00f2 que t&#8217;oferim&gt; CoCr\u00e8ixer CoCr\u00e8ixer Hem desenvolupat diversos itineraris tem\u00e0tics per fomentar les trobades entre membres, conscients que la nostra comunitat \u00e9s un atractiu per a la nostra comunitat. Qu\u00e8 hi trobar\u00e0s en aquesta p\u00e0gina? Grans esdeveniments Jornades sectorials Sessions de networking grupals Jornades de portes obertes Per activitat Grans esdeveniments Jornades sectorials Sessions [&hellip;]<\/p>\n","protected":false},"author":30,"featured_media":0,"parent":34244,"menu_order":0,"comment_status":"closed","ping_status":"closed","template":"","meta":{"inline_featured_image":false,"footnotes":""},"categories":[],"tags":[],"class_list":["post-34262","page","type-page","status-publish","hentry"],"yoast_head":"<!-- This site is optimized with the Yoast SEO plugin v27.3 - https:\/\/yoast.com\/product\/yoast-seo-wordpress\/ -->\n<title>CoCr\u00e8ixer | amec Positive Industry<\/title>\n<meta name=\"robots\" content=\"index, follow, max-snippet:-1, max-image-preview:large, max-video-preview:-1\" \/>\n<link rel=\"canonical\" href=\"https:\/\/amec.es\/todos-servicios\/cocrecer\/\" \/>\n<meta property=\"og:locale\" content=\"ca_ES\" \/>\n<meta property=\"og:type\" content=\"article\" \/>\n<meta property=\"og:title\" content=\"CoCr\u00e8ixer | amec Positive Industry\" \/>\n<meta property=\"og:description\" content=\"Tot all\u00f2 que t&#8217;oferim&gt; CoCr\u00e8ixer CoCr\u00e8ixer Hem desenvolupat diversos itineraris tem\u00e0tics per fomentar les trobades entre membres, conscients que la nostra comunitat \u00e9s un atractiu per a la nostra comunitat. Qu\u00e8 hi trobar\u00e0s en aquesta p\u00e0gina? Grans esdeveniments Jornades sectorials Sessions de networking grupals Jornades de portes obertes Per activitat Grans esdeveniments Jornades sectorials Sessions [&hellip;]\" \/>\n<meta property=\"og:url\" content=\"https:\/\/amec.es\/todos-servicios\/cocrecer\/\" \/>\n<meta property=\"og:site_name\" content=\"amec Positive Industry\" \/>\n<meta property=\"article:modified_time\" content=\"2025-04-29T16:12:46+00:00\" \/>\n<meta property=\"og:image\" content=\"https:\/\/amec.es\/wp-content\/uploads\/2024\/02\/Logo_AMEC.png\" \/>\n\t<meta property=\"og:image:width\" content=\"1827\" \/>\n\t<meta property=\"og:image:height\" content=\"438\" \/>\n\t<meta property=\"og:image:type\" content=\"image\/png\" \/>\n<meta name=\"twitter:card\" content=\"summary_large_image\" \/>\n<meta name=\"twitter:label1\" content=\"Temps estimat de lectura\" \/>\n\t<meta name=\"twitter:data1\" content=\"1 minut\" \/>\n<script type=\"application\/ld+json\" class=\"yoast-schema-graph\">{\"@context\":\"https:\\\/\\\/schema.org\",\"@graph\":[{\"@type\":\"WebPage\",\"@id\":\"https:\\\/\\\/amec.es\\\/todos-servicios\\\/cocrecer\\\/\",\"url\":\"https:\\\/\\\/amec.es\\\/todos-servicios\\\/cocrecer\\\/\",\"name\":\"CoCr\u00e8ixer | amec Positive Industry\",\"isPartOf\":{\"@id\":\"https:\\\/\\\/amec.es\\\/#website\"},\"datePublished\":\"2025-03-17T14:40:04+00:00\",\"dateModified\":\"2025-04-29T16:12:46+00:00\",\"breadcrumb\":{\"@id\":\"https:\\\/\\\/amec.es\\\/todos-servicios\\\/cocrecer\\\/#breadcrumb\"},\"inLanguage\":\"ca\",\"potentialAction\":[{\"@type\":\"ReadAction\",\"target\":[\"https:\\\/\\\/amec.es\\\/todos-servicios\\\/cocrecer\\\/\"]}]},{\"@type\":\"BreadcrumbList\",\"@id\":\"https:\\\/\\\/amec.es\\\/todos-servicios\\\/cocrecer\\\/#breadcrumb\",\"itemListElement\":[{\"@type\":\"ListItem\",\"position\":1,\"name\":\"Portada\",\"item\":\"https:\\\/\\\/amec.es\\\/\"},{\"@type\":\"ListItem\",\"position\":2,\"name\":\"Tots els serveis\",\"item\":\"https:\\\/\\\/amec.es\\\/ca\\\/tots-els-serveis\\\/\"},{\"@type\":\"ListItem\",\"position\":3,\"name\":\"CoCr\u00e8ixer\"}]},{\"@type\":\"WebSite\",\"@id\":\"https:\\\/\\\/amec.es\\\/#website\",\"url\":\"https:\\\/\\\/amec.es\\\/\",\"name\":\"amec Positive Industry\",\"description\":\"\",\"publisher\":{\"@id\":\"https:\\\/\\\/amec.es\\\/#organization\"},\"potentialAction\":[{\"@type\":\"SearchAction\",\"target\":{\"@type\":\"EntryPoint\",\"urlTemplate\":\"https:\\\/\\\/amec.es\\\/?s={search_term_string}\"},\"query-input\":{\"@type\":\"PropertyValueSpecification\",\"valueRequired\":true,\"valueName\":\"search_term_string\"}}],\"inLanguage\":\"ca\"},{\"@type\":\"Organization\",\"@id\":\"https:\\\/\\\/amec.es\\\/#organization\",\"name\":\"amec Positive Industry\",\"url\":\"https:\\\/\\\/amec.es\\\/\",\"logo\":{\"@type\":\"ImageObject\",\"inLanguage\":\"ca\",\"@id\":\"https:\\\/\\\/amec.es\\\/#\\\/schema\\\/logo\\\/image\\\/\",\"url\":\"https:\\\/\\\/amec.es\\\/wp-content\\\/uploads\\\/2023\\\/07\\\/logoamec.png\",\"contentUrl\":\"https:\\\/\\\/amec.es\\\/wp-content\\\/uploads\\\/2023\\\/07\\\/logoamec.png\",\"width\":200,\"height\":48,\"caption\":\"amec Positive Industry\"},\"image\":{\"@id\":\"https:\\\/\\\/amec.es\\\/#\\\/schema\\\/logo\\\/image\\\/\"}}]}<\/script>\n<!-- \/ Yoast SEO plugin. -->","yoast_head_json":{"title":"CoCr\u00e8ixer | amec Positive Industry","robots":{"index":"index","follow":"follow","max-snippet":"max-snippet:-1","max-image-preview":"max-image-preview:large","max-video-preview":"max-video-preview:-1"},"canonical":"https:\/\/amec.es\/todos-servicios\/cocrecer\/","og_locale":"ca_ES","og_type":"article","og_title":"CoCr\u00e8ixer | amec Positive Industry","og_description":"Tot all\u00f2 que t&#8217;oferim&gt; CoCr\u00e8ixer CoCr\u00e8ixer Hem desenvolupat diversos itineraris tem\u00e0tics per fomentar les trobades entre membres, conscients que la nostra comunitat \u00e9s un atractiu per a la nostra comunitat. Qu\u00e8 hi trobar\u00e0s en aquesta p\u00e0gina? Grans esdeveniments Jornades sectorials Sessions de networking grupals Jornades de portes obertes Per activitat Grans esdeveniments Jornades sectorials Sessions [&hellip;]","og_url":"https:\/\/amec.es\/todos-servicios\/cocrecer\/","og_site_name":"amec Positive Industry","article_modified_time":"2025-04-29T16:12:46+00:00","og_image":[{"width":1827,"height":438,"url":"https:\/\/amec.es\/wp-content\/uploads\/2024\/02\/Logo_AMEC.png","type":"image\/png"}],"twitter_card":"summary_large_image","twitter_misc":{"Temps estimat de lectura":"1 minut"},"schema":{"@context":"https:\/\/schema.org","@graph":[{"@type":"WebPage","@id":"https:\/\/amec.es\/todos-servicios\/cocrecer\/","url":"https:\/\/amec.es\/todos-servicios\/cocrecer\/","name":"CoCr\u00e8ixer | amec Positive Industry","isPartOf":{"@id":"https:\/\/amec.es\/#website"},"datePublished":"2025-03-17T14:40:04+00:00","dateModified":"2025-04-29T16:12:46+00:00","breadcrumb":{"@id":"https:\/\/amec.es\/todos-servicios\/cocrecer\/#breadcrumb"},"inLanguage":"ca","potentialAction":[{"@type":"ReadAction","target":["https:\/\/amec.es\/todos-servicios\/cocrecer\/"]}]},{"@type":"BreadcrumbList","@id":"https:\/\/amec.es\/todos-servicios\/cocrecer\/#breadcrumb","itemListElement":[{"@type":"ListItem","position":1,"name":"Portada","item":"https:\/\/amec.es\/"},{"@type":"ListItem","position":2,"name":"Tots els serveis","item":"https:\/\/amec.es\/ca\/tots-els-serveis\/"},{"@type":"ListItem","position":3,"name":"CoCr\u00e8ixer"}]},{"@type":"WebSite","@id":"https:\/\/amec.es\/#website","url":"https:\/\/amec.es\/","name":"amec Positive Industry","description":"","publisher":{"@id":"https:\/\/amec.es\/#organization"},"potentialAction":[{"@type":"SearchAction","target":{"@type":"EntryPoint","urlTemplate":"https:\/\/amec.es\/?s={search_term_string}"},"query-input":{"@type":"PropertyValueSpecification","valueRequired":true,"valueName":"search_term_string"}}],"inLanguage":"ca"},{"@type":"Organization","@id":"https:\/\/amec.es\/#organization","name":"amec Positive Industry","url":"https:\/\/amec.es\/","logo":{"@type":"ImageObject","inLanguage":"ca","@id":"https:\/\/amec.es\/#\/schema\/logo\/image\/","url":"https:\/\/amec.es\/wp-content\/uploads\/2023\/07\/logoamec.png","contentUrl":"https:\/\/amec.es\/wp-content\/uploads\/2023\/07\/logoamec.png","width":200,"height":48,"caption":"amec Positive Industry"},"image":{"@id":"https:\/\/amec.es\/#\/schema\/logo\/image\/"}}]}},"_links":{"self":[{"href":"https:\/\/amec.es\/ca\/wp-json\/wp\/v2\/pages\/34262","targetHints":{"allow":["GET"]}}],"collection":[{"href":"https:\/\/amec.es\/ca\/wp-json\/wp\/v2\/pages"}],"about":[{"href":"https:\/\/amec.es\/ca\/wp-json\/wp\/v2\/types\/page"}],"author":[{"embeddable":true,"href":"https:\/\/amec.es\/ca\/wp-json\/wp\/v2\/users\/30"}],"replies":[{"embeddable":true,"href":"https:\/\/amec.es\/ca\/wp-json\/wp\/v2\/comments?post=34262"}],"version-history":[{"count":2,"href":"https:\/\/amec.es\/ca\/wp-json\/wp\/v2\/pages\/34262\/revisions"}],"predecessor-version":[{"id":34264,"href":"https:\/\/amec.es\/ca\/wp-json\/wp\/v2\/pages\/34262\/revisions\/34264"}],"up":[{"embeddable":true,"href":"https:\/\/amec.es\/ca\/wp-json\/wp\/v2\/pages\/34244"}],"wp:attachment":[{"href":"https:\/\/amec.es\/ca\/wp-json\/wp\/v2\/media?parent=34262"}],"wp:term":[{"taxonomy":"category","embeddable":true,"href":"https:\/\/amec.es\/ca\/wp-json\/wp\/v2\/categories?post=34262"},{"taxonomy":"post_tag","embeddable":true,"href":"https:\/\/amec.es\/ca\/wp-json\/wp\/v2\/tags?post=34262"}],"curies":[{"name":"wp","href":"https:\/\/api.w.org\/{rel}","templated":true}]}}