{"id":42789,"date":"2023-08-10T10:44:18","date_gmt":"2023-08-10T08:44:18","guid":{"rendered":"https:\/\/www.amec.es\/avis-legal\/"},"modified":"2025-11-03T11:48:14","modified_gmt":"2025-11-03T10:48:14","slug":"avis-legal","status":"publish","type":"page","link":"https:\/\/amec.es\/ca\/avis-legal\/","title":{"rendered":"Av\u00eds Legal"},"content":{"rendered":"\t\t<div data-elementor-type=\"wp-page\" data-elementor-id=\"42789\" class=\"elementor elementor-42789 elementor-5330\" data-elementor-post-type=\"page\">\n\t\t\t\t\t\t<section class=\"elementor-section elementor-top-section elementor-element elementor-element-101129b elementor-section-stretched elementor-section-boxed elementor-section-height-default elementor-section-height-default\" data-id=\"101129b\" data-element_type=\"section\" data-e-type=\"section\" data-settings=\"{&quot;stretch_section&quot;:&quot;section-stretched&quot;,&quot;background_background&quot;:&quot;classic&quot;}\">\n\t\t\t\t\t\t<div class=\"elementor-container elementor-column-gap-default\">\n\t\t\t\t\t<div class=\"elementor-column elementor-col-100 elementor-top-column elementor-element elementor-element-07ddfb7\" data-id=\"07ddfb7\" data-element_type=\"column\" data-e-type=\"column\">\n\t\t\t<div class=\"elementor-widget-wrap elementor-element-populated\">\n\t\t\t\t\t\t<div class=\"elementor-element elementor-element-fb102bb elementor-widget elementor-widget-spacer\" data-id=\"fb102bb\" data-element_type=\"widget\" data-e-type=\"widget\" data-widget_type=\"spacer.default\">\n\t\t\t\t<div class=\"elementor-widget-container\">\n\t\t\t\t\t\t\t<div class=\"elementor-spacer\">\n\t\t\t<div class=\"elementor-spacer-inner\"><\/div>\n\t\t<\/div>\n\t\t\t\t\t\t<\/div>\n\t\t\t\t<\/div>\n\t\t\t\t<div class=\"elementor-element elementor-element-21547d6 elementor-widget elementor-widget-heading\" data-id=\"21547d6\" data-element_type=\"widget\" data-e-type=\"widget\" data-widget_type=\"heading.default\">\n\t\t\t\t<div class=\"elementor-widget-container\">\n\t\t\t\t\t<h2 class=\"elementor-heading-title elementor-size-default\">Av\u00eds legal<\/h2>\t\t\t\t<\/div>\n\t\t\t\t<\/div>\n\t\t\t\t<div class=\"elementor-element elementor-element-0679d04 elementor-widget__width-initial elementor-widget-divider--view-line elementor-widget elementor-widget-global elementor-global-48210 elementor-global-159 elementor-widget-divider\" data-id=\"0679d04\" data-element_type=\"widget\" data-e-type=\"widget\" data-widget_type=\"divider.default\">\n\t\t\t\t<div class=\"elementor-widget-container\">\n\t\t\t\t\t\t\t<div class=\"elementor-divider\">\n\t\t\t<span class=\"elementor-divider-separator\">\n\t\t\t\t\t\t<\/span>\n\t\t<\/div>\n\t\t\t\t\t\t<\/div>\n\t\t\t\t<\/div>\n\t\t\t\t<div class=\"elementor-element elementor-element-53f9538 elementor-widget elementor-widget-text-editor\" data-id=\"53f9538\" data-element_type=\"widget\" data-e-type=\"widget\" data-widget_type=\"text-editor.default\">\n\t\t\t\t<div class=\"elementor-widget-container\">\n\t\t\t\t\t\t\t\t\t<p>Posem en el seu coneixement que les dades de car\u00e0cter personal facilitades per vost\u00e8 mitjan\u00e7ant aquest formulari, seran tractades, sota la responsabilitat d&#8217;AMEC (amb NIF G08280950), a fi de proporcionar-li una gesti\u00f3 efica\u00e7 a la seva sol\u00b7licitud i facilitar-li informaci\u00f3 sobre els productes i serveis que comercialitza l&#8217;empresa.<\/p><p>Els destinataris de la informaci\u00f3 s\u00f3n els departaments on s&#8217;organitza l&#8217;empresa AMEC, aix\u00ed com aquelles entitats amb qu\u00e8 AMEC mantingui acords de col\u00b7laboraci\u00f3. Aquestes comunicacions estaran regulades pels preceptius Contractes de Prestaci\u00f3 de Serveis, de manera que es garanteixi, en tot moment, la confidencialitat de la informaci\u00f3. <\/p><p>En cas de voler exercir els drets que li atorga el Reglament (UE) 2016\/679 del Parlament Europeu i del Consell, de 27 d&#8217;abril de 2016 relatiu a la protecci\u00f3 de dades personals (RGPD), pel que fa al tractament de dades personals ia la lliure circulaci\u00f3 d&#8217;aquestes dades d&#8217;oposici\u00f3, acc\u00e9s, rectificaci\u00f3, cancel\u00b7laci\u00f3, limitar-ne<\/p><p>AMEC<br> Gran Via de les Corts Catalanes, 684, Pral.<br> 08010 BARCELONA<\/p><p>Amb l&#8217;acceptaci\u00f3 de l&#8217;enviament de les dades, autoritza AMEC perqu\u00e8, en compliment de les finalitats directament relacionades amb les funcions leg\u00edtimes del cessionari, tracti les meves dades de car\u00e0cter personal en l&#8217;\u00e0mbit de la instituci\u00f3, els seus departaments, ens col\u00b7laboradors i institucions annexes, aix\u00ed com la cessi\u00f3 als estaments oficials p\u00fablics i privats oportuns per a l&#8217;acompliment. vigent a cada moment.<\/p><p><u><strong>POL\u00cdTIQUES DE CANCEL\u00b7LACI\u00d3:<\/strong><\/u><\/p><p><strong>Pol\u00edtica de Cancel\u00b7laci\u00f3 per a: Missions, Fires i Jornades T\u00e8cniques:<\/strong><\/p><p><u>Missions Virtuals i Presencials<\/u><\/p><p>Un cop amec notifiqueu l&#8217;admissi\u00f3 de l&#8217;empresa a l&#8217;activitat no es tornar\u00e0 el cost de l&#8217;agenda.<\/p><p>En cas de cancel\u00b7laci\u00f3 amb menys de 30 dies de l&#8217;inici de l&#8217;activitat, no es retornar\u00e0 la quota corresponent a la resta de serveis i es facturaran els imports deguts no pagats.<\/p><p><u>Jornades<\/u><\/p><p>En cas de cancel\u00b7laci\u00f3 amb menys de 60 dies de l&#8217;inici de l&#8217;activitat, no es retornar\u00e0 la quota corresponent.<\/p><p><u>Fires<\/u><\/p><p><em> <\/em><\/p><p><em>Serveis premium amec:<\/em><\/p><ul><li>En cas que la fira es posposi, <em>amec<\/em> conservar\u00e0 la quota pagada. En cas que l&#8217;empresa decideixi no participar en l&#8217;activitat a causa del canvi de dates, <em>amec<\/em> us reemborsar\u00e0 el 80% de la quota pagada, mantenint el 20% en concepte de despeses de gesti\u00f3. <\/li><li>En cas que la fira es cancel\u00b7li, <em>amec<\/em> tornar\u00e0 el 90% de la quota de participaci\u00f3 a totes les empreses, mantenint el 10% en concepte de despeses de gesti\u00f3.<\/li><li>En cas que la fira se celebri, per\u00f2 l&#8217;empresa decideixi cancel\u00b7lar-ne la participaci\u00f3 de manera unilateral, l&#8217;import corresponent a la quota aplicable no ser\u00e0 reemborsable.<\/li><\/ul><div> <\/div><p><em>Import de reserva de l&#8217;espai:  <\/em><\/p><ul><li>En cas de cancel\u00b7laci\u00f3 de la participaci\u00f3 de manera unilateral per part de l&#8217;empresa, no es tornar\u00e0 l&#8217;import pagat pel lloguer de l&#8217;espai i es facturar\u00e0 l&#8217;import degut no pagat.<\/li><li>En cas que l&#8217;activitat es posposi o es cancel\u00b7li, <em>amec<\/em> aplicar\u00e0 les mateixes condicions que l&#8217;organitzaci\u00f3 firal, tenint en compte els tipus de canvi aplicats.<\/li><\/ul><div> <\/div><p style=\"margin: 0px; padding: 0px; border: 0px; outline: 0px; font-family: Poppins; letter-spacing: 0.3px;\"><u>Fires Projecte Clau a M\u00e0<br><br><\/u><\/p><ul><li>En cas de cancel\u00b7laci\u00f3 de la participaci\u00f3 de manera unilateral per part de l&#8217;empresa, no es tornar\u00e0 l&#8217;import abonat.<\/li><li>En cas que l&#8217;activitat es posposi o cancel\u00b7li, amec no tornar\u00e0 els imports no recuperables m\u00e9s un 10% per despeses de gesti\u00f3.<\/li><\/ul><p> <\/p><p>Pol\u00edtica de cancel\u00b7laci\u00f3 Cursos:<\/p><ul><li>Per a cancel\u00b7lacions realitzades durant els 30 dies abans de l&#8217;inici del taller, es tornar\u00e0 el 75% de l&#8217;import.<\/li><li>Per cancel\u00b7lacions realitzades durant els 15 dies abans de l&#8217;inici del taller, no se&#8217;n tornar\u00e0 l&#8217;import.<\/li><\/ul>\t\t\t\t\t\t\t\t<\/div>\n\t\t\t\t<\/div>\n\t\t\t\t<div class=\"elementor-element elementor-element-ed81e9e elementor-widget elementor-widget-spacer\" data-id=\"ed81e9e\" data-element_type=\"widget\" data-e-type=\"widget\" data-widget_type=\"spacer.default\">\n\t\t\t\t<div class=\"elementor-widget-container\">\n\t\t\t\t\t\t\t<div class=\"elementor-spacer\">\n\t\t\t<div class=\"elementor-spacer-inner\"><\/div>\n\t\t<\/div>\n\t\t\t\t\t\t<\/div>\n\t\t\t\t<\/div>\n\t\t\t\t\t<\/div>\n\t\t<\/div>\n\t\t\t\t\t<\/div>\n\t\t<\/section>\n\t\t\t\t<\/div>\n\t\t","protected":false},"excerpt":{"rendered":"<p>Av\u00eds legal Posem en el seu coneixement que les dades de car\u00e0cter personal facilitades per vost\u00e8 mitjan\u00e7ant aquest formulari, seran tractades, sota la responsabilitat d&#8217;AMEC (amb NIF G08280950), a fi de proporcionar-li una gesti\u00f3 efica\u00e7 a la seva sol\u00b7licitud i facilitar-li informaci\u00f3 sobre els productes i serveis que comercialitza l&#8217;empresa. Els destinataris de la informaci\u00f3 [&hellip;]<\/p>\n","protected":false},"author":1,"featured_media":0,"parent":0,"menu_order":0,"comment_status":"closed","ping_status":"closed","template":"elementor_header_footer","meta":{"inline_featured_image":false,"footnotes":""},"categories":[],"tags":[],"class_list":["post-42789","page","type-page","status-publish","hentry"],"yoast_head":"<!-- This site is optimized with the Yoast SEO plugin v27.3 - https:\/\/yoast.com\/product\/yoast-seo-wordpress\/ -->\n<title>Av\u00eds Legal | amec Positive Industry<\/title>\n<meta name=\"robots\" content=\"index, follow, max-snippet:-1, max-image-preview:large, max-video-preview:-1\" \/>\n<link rel=\"canonical\" href=\"https:\/\/amec.es\/ca\/avis-legal\/\" \/>\n<meta property=\"og:locale\" content=\"ca_ES\" \/>\n<meta property=\"og:type\" content=\"article\" \/>\n<meta property=\"og:title\" content=\"Av\u00eds Legal | amec Positive Industry\" \/>\n<meta property=\"og:description\" content=\"Av\u00eds legal Posem en el seu coneixement que les dades de car\u00e0cter personal facilitades per vost\u00e8 mitjan\u00e7ant aquest formulari, seran tractades, sota la responsabilitat d&#8217;AMEC (amb NIF G08280950), a fi de proporcionar-li una gesti\u00f3 efica\u00e7 a la seva sol\u00b7licitud i facilitar-li informaci\u00f3 sobre els productes i serveis que comercialitza l&#8217;empresa. Els destinataris de la informaci\u00f3 [&hellip;]\" \/>\n<meta property=\"og:url\" content=\"https:\/\/amec.es\/ca\/avis-legal\/\" \/>\n<meta property=\"og:site_name\" content=\"amec Positive Industry\" \/>\n<meta property=\"article:modified_time\" content=\"2025-11-03T10:48:14+00:00\" \/>\n<meta property=\"og:image\" content=\"https:\/\/amec.es\/wp-content\/uploads\/2024\/02\/Logo_AMEC.png\" \/>\n\t<meta property=\"og:image:width\" content=\"1827\" \/>\n\t<meta property=\"og:image:height\" content=\"438\" \/>\n\t<meta property=\"og:image:type\" content=\"image\/png\" \/>\n<meta name=\"twitter:card\" content=\"summary_large_image\" \/>\n<meta name=\"twitter:label1\" content=\"Temps estimat de lectura\" \/>\n\t<meta name=\"twitter:data1\" content=\"3 minuts\" \/>\n<script type=\"application\/ld+json\" class=\"yoast-schema-graph\">{\"@context\":\"https:\\\/\\\/schema.org\",\"@graph\":[{\"@type\":\"WebPage\",\"@id\":\"https:\\\/\\\/amec.es\\\/ca\\\/avis-legal\\\/\",\"url\":\"https:\\\/\\\/amec.es\\\/ca\\\/avis-legal\\\/\",\"name\":\"Av\u00eds Legal | amec Positive Industry\",\"isPartOf\":{\"@id\":\"https:\\\/\\\/amec.es\\\/#website\"},\"datePublished\":\"2023-08-10T08:44:18+00:00\",\"dateModified\":\"2025-11-03T10:48:14+00:00\",\"breadcrumb\":{\"@id\":\"https:\\\/\\\/amec.es\\\/ca\\\/avis-legal\\\/#breadcrumb\"},\"inLanguage\":\"ca\",\"potentialAction\":[{\"@type\":\"ReadAction\",\"target\":[\"https:\\\/\\\/amec.es\\\/ca\\\/avis-legal\\\/\"]}]},{\"@type\":\"BreadcrumbList\",\"@id\":\"https:\\\/\\\/amec.es\\\/ca\\\/avis-legal\\\/#breadcrumb\",\"itemListElement\":[{\"@type\":\"ListItem\",\"position\":1,\"name\":\"Portada\",\"item\":\"https:\\\/\\\/amec.es\\\/\"},{\"@type\":\"ListItem\",\"position\":2,\"name\":\"Av\u00eds Legal\"}]},{\"@type\":\"WebSite\",\"@id\":\"https:\\\/\\\/amec.es\\\/#website\",\"url\":\"https:\\\/\\\/amec.es\\\/\",\"name\":\"amec Positive Industry\",\"description\":\"\",\"publisher\":{\"@id\":\"https:\\\/\\\/amec.es\\\/#organization\"},\"potentialAction\":[{\"@type\":\"SearchAction\",\"target\":{\"@type\":\"EntryPoint\",\"urlTemplate\":\"https:\\\/\\\/amec.es\\\/?s={search_term_string}\"},\"query-input\":{\"@type\":\"PropertyValueSpecification\",\"valueRequired\":true,\"valueName\":\"search_term_string\"}}],\"inLanguage\":\"ca\"},{\"@type\":\"Organization\",\"@id\":\"https:\\\/\\\/amec.es\\\/#organization\",\"name\":\"amec Positive Industry\",\"url\":\"https:\\\/\\\/amec.es\\\/\",\"logo\":{\"@type\":\"ImageObject\",\"inLanguage\":\"ca\",\"@id\":\"https:\\\/\\\/amec.es\\\/#\\\/schema\\\/logo\\\/image\\\/\",\"url\":\"https:\\\/\\\/amec.es\\\/wp-content\\\/uploads\\\/2023\\\/07\\\/logoamec.png\",\"contentUrl\":\"https:\\\/\\\/amec.es\\\/wp-content\\\/uploads\\\/2023\\\/07\\\/logoamec.png\",\"width\":200,\"height\":48,\"caption\":\"amec Positive Industry\"},\"image\":{\"@id\":\"https:\\\/\\\/amec.es\\\/#\\\/schema\\\/logo\\\/image\\\/\"}}]}<\/script>\n<!-- \/ Yoast SEO plugin. -->","yoast_head_json":{"title":"Av\u00eds Legal | amec Positive Industry","robots":{"index":"index","follow":"follow","max-snippet":"max-snippet:-1","max-image-preview":"max-image-preview:large","max-video-preview":"max-video-preview:-1"},"canonical":"https:\/\/amec.es\/ca\/avis-legal\/","og_locale":"ca_ES","og_type":"article","og_title":"Av\u00eds Legal | amec Positive Industry","og_description":"Av\u00eds legal Posem en el seu coneixement que les dades de car\u00e0cter personal facilitades per vost\u00e8 mitjan\u00e7ant aquest formulari, seran tractades, sota la responsabilitat d&#8217;AMEC (amb NIF G08280950), a fi de proporcionar-li una gesti\u00f3 efica\u00e7 a la seva sol\u00b7licitud i facilitar-li informaci\u00f3 sobre els productes i serveis que comercialitza l&#8217;empresa. Els destinataris de la informaci\u00f3 [&hellip;]","og_url":"https:\/\/amec.es\/ca\/avis-legal\/","og_site_name":"amec Positive Industry","article_modified_time":"2025-11-03T10:48:14+00:00","og_image":[{"width":1827,"height":438,"url":"https:\/\/amec.es\/wp-content\/uploads\/2024\/02\/Logo_AMEC.png","type":"image\/png"}],"twitter_card":"summary_large_image","twitter_misc":{"Temps estimat de lectura":"3 minuts"},"schema":{"@context":"https:\/\/schema.org","@graph":[{"@type":"WebPage","@id":"https:\/\/amec.es\/ca\/avis-legal\/","url":"https:\/\/amec.es\/ca\/avis-legal\/","name":"Av\u00eds Legal | amec Positive Industry","isPartOf":{"@id":"https:\/\/amec.es\/#website"},"datePublished":"2023-08-10T08:44:18+00:00","dateModified":"2025-11-03T10:48:14+00:00","breadcrumb":{"@id":"https:\/\/amec.es\/ca\/avis-legal\/#breadcrumb"},"inLanguage":"ca","potentialAction":[{"@type":"ReadAction","target":["https:\/\/amec.es\/ca\/avis-legal\/"]}]},{"@type":"BreadcrumbList","@id":"https:\/\/amec.es\/ca\/avis-legal\/#breadcrumb","itemListElement":[{"@type":"ListItem","position":1,"name":"Portada","item":"https:\/\/amec.es\/"},{"@type":"ListItem","position":2,"name":"Av\u00eds Legal"}]},{"@type":"WebSite","@id":"https:\/\/amec.es\/#website","url":"https:\/\/amec.es\/","name":"amec Positive Industry","description":"","publisher":{"@id":"https:\/\/amec.es\/#organization"},"potentialAction":[{"@type":"SearchAction","target":{"@type":"EntryPoint","urlTemplate":"https:\/\/amec.es\/?s={search_term_string}"},"query-input":{"@type":"PropertyValueSpecification","valueRequired":true,"valueName":"search_term_string"}}],"inLanguage":"ca"},{"@type":"Organization","@id":"https:\/\/amec.es\/#organization","name":"amec Positive Industry","url":"https:\/\/amec.es\/","logo":{"@type":"ImageObject","inLanguage":"ca","@id":"https:\/\/amec.es\/#\/schema\/logo\/image\/","url":"https:\/\/amec.es\/wp-content\/uploads\/2023\/07\/logoamec.png","contentUrl":"https:\/\/amec.es\/wp-content\/uploads\/2023\/07\/logoamec.png","width":200,"height":48,"caption":"amec Positive Industry"},"image":{"@id":"https:\/\/amec.es\/#\/schema\/logo\/image\/"}}]}},"_links":{"self":[{"href":"https:\/\/amec.es\/ca\/wp-json\/wp\/v2\/pages\/42789","targetHints":{"allow":["GET"]}}],"collection":[{"href":"https:\/\/amec.es\/ca\/wp-json\/wp\/v2\/pages"}],"about":[{"href":"https:\/\/amec.es\/ca\/wp-json\/wp\/v2\/types\/page"}],"author":[{"embeddable":true,"href":"https:\/\/amec.es\/ca\/wp-json\/wp\/v2\/users\/1"}],"replies":[{"embeddable":true,"href":"https:\/\/amec.es\/ca\/wp-json\/wp\/v2\/comments?post=42789"}],"version-history":[{"count":1,"href":"https:\/\/amec.es\/ca\/wp-json\/wp\/v2\/pages\/42789\/revisions"}],"predecessor-version":[{"id":42790,"href":"https:\/\/amec.es\/ca\/wp-json\/wp\/v2\/pages\/42789\/revisions\/42790"}],"wp:attachment":[{"href":"https:\/\/amec.es\/ca\/wp-json\/wp\/v2\/media?parent=42789"}],"wp:term":[{"taxonomy":"category","embeddable":true,"href":"https:\/\/amec.es\/ca\/wp-json\/wp\/v2\/categories?post=42789"},{"taxonomy":"post_tag","embeddable":true,"href":"https:\/\/amec.es\/ca\/wp-json\/wp\/v2\/tags?post=42789"}],"curies":[{"name":"wp","href":"https:\/\/api.w.org\/{rel}","templated":true}]}}