{"id":42851,"date":"2025-11-04T10:00:57","date_gmt":"2025-11-04T09:00:57","guid":{"rendered":"https:\/\/www.amec.es\/anticipat\/alertes-i-oportunitats\/regne-unit-impulsa-la-renovacio-de-vivenda-militar\/"},"modified":"2025-11-04T10:07:06","modified_gmt":"2025-11-04T09:07:06","slug":"regne-unit-impulsa-la-renovacio-de-vivenda-militar","status":"publish","type":"page","link":"https:\/\/amec.es\/ca\/anticipat\/alertes-i-oportunitats\/regne-unit-impulsa-la-renovacio-de-vivenda-militar\/","title":{"rendered":"Regne Unit impulsa la renovaci\u00f3 de vivenda militar"},"content":{"rendered":"\t\t<div data-elementor-type=\"wp-page\" data-elementor-id=\"42851\" class=\"elementor elementor-42851 elementor-42845\" data-elementor-post-type=\"page\">\n\t\t\t\t\t\t<section class=\"elementor-section elementor-top-section elementor-element elementor-element-441355d2 elementor-section-boxed elementor-section-height-default elementor-section-height-default\" data-id=\"441355d2\" data-element_type=\"section\" data-e-type=\"section\" data-settings=\"{&quot;background_background&quot;:&quot;gradient&quot;}\">\n\t\t\t\t\t\t<div class=\"elementor-container elementor-column-gap-default\">\n\t\t\t\t\t<div class=\"elementor-column elementor-col-100 elementor-top-column elementor-element elementor-element-377518f8\" data-id=\"377518f8\" data-element_type=\"column\" data-e-type=\"column\">\n\t\t\t<div class=\"elementor-widget-wrap elementor-element-populated\">\n\t\t\t\t\t\t<div class=\"elementor-element elementor-element-546aa7ea elementor-widget elementor-widget-heading\" data-id=\"546aa7ea\" data-element_type=\"widget\" data-e-type=\"widget\" data-widget_type=\"heading.default\">\n\t\t\t\t<div class=\"elementor-widget-container\">\n\t\t\t\t\t<h2 class=\"elementor-heading-title elementor-size-default\"><a href=\"https:\/\/amec.es\/ca\/category\/alertes-i-tendencies-exclusives\/\" rel=\"tag\">Alertes i tend\u00e8ncies exclusives<\/a><\/h2>\t\t\t\t<\/div>\n\t\t\t\t<\/div>\n\t\t\t\t<div class=\"elementor-element elementor-element-23f21b4c elementor-widget elementor-widget-spacer\" data-id=\"23f21b4c\" data-element_type=\"widget\" data-e-type=\"widget\" data-widget_type=\"spacer.default\">\n\t\t\t\t<div class=\"elementor-widget-container\">\n\t\t\t\t\t\t\t<div class=\"elementor-spacer\">\n\t\t\t<div class=\"elementor-spacer-inner\"><\/div>\n\t\t<\/div>\n\t\t\t\t\t\t<\/div>\n\t\t\t\t<\/div>\n\t\t\t\t<div class=\"elementor-element elementor-element-83e91af elementor-widget-divider--view-line elementor-widget elementor-widget-divider\" data-id=\"83e91af\" data-element_type=\"widget\" data-e-type=\"widget\" data-widget_type=\"divider.default\">\n\t\t\t\t<div class=\"elementor-widget-container\">\n\t\t\t\t\t\t\t<div class=\"elementor-divider\">\n\t\t\t<span class=\"elementor-divider-separator\">\n\t\t\t\t\t\t<\/span>\n\t\t<\/div>\n\t\t\t\t\t\t<\/div>\n\t\t\t\t<\/div>\n\t\t\t\t\t<\/div>\n\t\t<\/div>\n\t\t\t\t\t<\/div>\n\t\t<\/section>\n\t\t\t\t<section class=\"elementor-section elementor-top-section elementor-element elementor-element-1a5c58c3 elementor-section-boxed elementor-section-height-default elementor-section-height-default\" data-id=\"1a5c58c3\" data-element_type=\"section\" data-e-type=\"section\">\n\t\t\t\t\t\t<div class=\"elementor-container elementor-column-gap-default\">\n\t\t\t\t\t<div class=\"elementor-column elementor-col-100 elementor-top-column elementor-element elementor-element-62e448a9\" data-id=\"62e448a9\" data-element_type=\"column\" data-e-type=\"column\">\n\t\t\t<div class=\"elementor-widget-wrap elementor-element-populated\">\n\t\t\t\t\t\t<div class=\"elementor-element elementor-element-25fa55c7 elementor-widget elementor-widget-heading\" data-id=\"25fa55c7\" data-element_type=\"widget\" data-e-type=\"widget\" data-widget_type=\"heading.default\">\n\t\t\t\t<div class=\"elementor-widget-container\">\n\t\t\t\t\t<h2 class=\"elementor-heading-title elementor-size-default\">Regne Unit impulsa la renovaci\u00f3 de vivenda militar<\/h2>\t\t\t\t<\/div>\n\t\t\t\t<\/div>\n\t\t\t\t<div class=\"elementor-element elementor-element-329538db elementor-widget elementor-widget-spacer\" data-id=\"329538db\" data-element_type=\"widget\" data-e-type=\"widget\" data-widget_type=\"spacer.default\">\n\t\t\t\t<div class=\"elementor-widget-container\">\n\t\t\t\t\t\t\t<div class=\"elementor-spacer\">\n\t\t\t<div class=\"elementor-spacer-inner\"><\/div>\n\t\t<\/div>\n\t\t\t\t\t\t<\/div>\n\t\t\t\t<\/div>\n\t\t\t\t<div class=\"elementor-element elementor-element-7718109e elementor-widget elementor-widget-text-editor\" data-id=\"7718109e\" data-element_type=\"widget\" data-e-type=\"widget\" data-widget_type=\"text-editor.default\">\n\t\t\t\t<div class=\"elementor-widget-container\">\n\t\t\t\t\t\t\t\t\t4 de novembre de 2025\t\t\t\t\t\t\t\t<\/div>\n\t\t\t\t<\/div>\n\t\t\t\t<div class=\"elementor-element elementor-element-59f6a19f elementor-widget elementor-widget-text-editor\" data-id=\"59f6a19f\" data-element_type=\"widget\" data-e-type=\"widget\" data-widget_type=\"text-editor.default\">\n\t\t\t\t<div class=\"elementor-widget-container\">\n\t\t\t\t\t\t\t\t\t<p><strong>El Regne Unit llan\u00e7a una inversi\u00f3 de 9.000 milions de lliures per modernitzar i construir noves llars en terrenys de defensa, en el programa de renovaci\u00f3 d&#8217;habitatge militar m\u00e9s gran en m\u00e9s de mig segle.<\/strong><\/p>\t\t\t\t\t\t\t\t<\/div>\n\t\t\t\t<\/div>\n\t\t\t\t<div class=\"elementor-element elementor-element-374230fd elementor-widget-divider--view-line elementor-widget elementor-widget-divider\" data-id=\"374230fd\" data-element_type=\"widget\" data-e-type=\"widget\" data-widget_type=\"divider.default\">\n\t\t\t\t<div class=\"elementor-widget-container\">\n\t\t\t\t\t\t\t<div class=\"elementor-divider\">\n\t\t\t<span class=\"elementor-divider-separator\">\n\t\t\t\t\t\t<\/span>\n\t\t<\/div>\n\t\t\t\t\t\t<\/div>\n\t\t\t\t<\/div>\n\t\t\t\t<div class=\"elementor-element elementor-element-2859ae6 elementor-widget elementor-widget-text-editor\" data-id=\"2859ae6\" data-element_type=\"widget\" data-e-type=\"widget\" data-widget_type=\"text-editor.default\">\n\t\t\t\t<div class=\"elementor-widget-container\">\n\t\t\t\t\t\t\t\t\t<h5 data-start=\"685\" data-end=\"753\"><strong data-start=\"689\" data-end=\"753\">Una renovaci\u00f3 \u201cgeneracional\u201d del parc residencial militar<\/strong><\/h5><p data-start=\"754\" data-end=\"1121\">El Govern brit\u00e0nic ha presentat la <strong data-start=\"793\" data-end=\"826\">Defence Housing Strategy 2025<\/strong> , un pla d&#8217;inversi\u00f3 de <strong data-start=\"852\" data-end=\"880\">9.000 milions de lliures<\/strong> destinat a transformar el parc d&#8217;habitatges de les Forces Armades ia <strong data-start=\"955\" data-end=\"1000\">alliberar terra per a 100.000 noves llars<\/strong> en terrenys del Ministeri de Defensa. El programa representa la renovaci\u00f3 m\u00e9s gran d&#8217;habitatge militar en m\u00e9s de 50 anys. <\/p><p data-start=\"1123\" data-end=\"1479\">L&#8217;estrat\u00e8gia contempla la <strong data-start=\"1150\" data-end=\"1227\">modernitzaci\u00f3, la rehabilitaci\u00f3 o la reconstrucci\u00f3 de m\u00e9s de 40.000 habitatges<\/strong> per a personal militar i les seves fam\u00edlies, amb la millora de cuines, banys i sistemes de calefacci\u00f3. Segons l?Executiu, aquesta actuaci\u00f3 respon a d\u00e8cades d?infrafinan\u00e7ament que havien deteriorat la qualitat de l?allotjament de les fam\u00edlies de l?ex\u00e8rcit. <\/p><h5 data-start=\"1486\" data-end=\"1552\"><strong data-start=\"1490\" data-end=\"1552\"><span style=\"color: #ffffff;\">_<\/span><br> Una aposta per la construcci\u00f3 i el creixement econ\u00f2mic<\/strong><\/h5><p data-start=\"1553\" data-end=\"1828\">A m\u00e9s de millorar les condicions de vida del personal militar, l&#8217;estrat\u00e8gia t\u00e9 un <strong data-start=\"1640\" data-end=\"1670\">component econ\u00f2mic clar<\/strong> . El Ministeri de Defensa preveu impulsar l&#8217;\u00fas de <strong data-start=\"1722\" data-end=\"1741\">s\u00f2l excedent<\/strong> per a projectes residencials que benefici\u00efn tant fam\u00edlies civils com militars. <\/p><p data-start=\"1830\" data-end=\"2065\">El pla inclou la creaci\u00f3 d&#8217;un <strong data-start=\"1864\" data-end=\"1892\">Defence Development Fund<\/strong> , un fons destinat a reinvertir els beneficis obtinguts per la venda de terrenys en desenvolupaments futurs, generant aix\u00ed un cicle autosostingut d&#8217;inversi\u00f3 i construcci\u00f3.<\/p>\t\t\t\t\t\t\t\t<\/div>\n\t\t\t\t<\/div>\n\t\t\t\t\t<\/div>\n\t\t<\/div>\n\t\t\t\t\t<\/div>\n\t\t<\/section>\n\t\t\t\t<section class=\"elementor-section elementor-top-section elementor-element elementor-element-581be0da elementor-section-boxed elementor-section-height-default elementor-section-height-default\" data-id=\"581be0da\" data-element_type=\"section\" data-e-type=\"section\">\n\t\t\t\t\t\t<div class=\"elementor-container elementor-column-gap-default\">\n\t\t\t\t\t<div class=\"elementor-column elementor-col-100 elementor-top-column elementor-element elementor-element-19c68aa5\" data-id=\"19c68aa5\" data-element_type=\"column\" data-e-type=\"column\">\n\t\t\t<div class=\"elementor-widget-wrap elementor-element-populated\">\n\t\t\t\t\t\t<div class=\"elementor-element elementor-element-4ccc4ed5 elementor-widget-divider--view-line elementor-widget elementor-widget-divider\" data-id=\"4ccc4ed5\" data-element_type=\"widget\" data-e-type=\"widget\" data-widget_type=\"divider.default\">\n\t\t\t\t<div class=\"elementor-widget-container\">\n\t\t\t\t\t\t\t<div class=\"elementor-divider\">\n\t\t\t<span class=\"elementor-divider-separator\">\n\t\t\t\t\t\t<\/span>\n\t\t<\/div>\n\t\t\t\t\t\t<\/div>\n\t\t\t\t<\/div>\n\t\t\t\t<div class=\"elementor-element elementor-element-678082ec elementor-widget elementor-widget-heading\" data-id=\"678082ec\" data-element_type=\"widget\" data-e-type=\"widget\" data-widget_type=\"heading.default\">\n\t\t\t\t<div class=\"elementor-widget-container\">\n\t\t\t\t\t<h5 class=\"elementor-heading-title elementor-size-default\">Recursos<\/h5>\t\t\t\t<\/div>\n\t\t\t\t<\/div>\n\t\t\t\t<div class=\"elementor-element elementor-element-489ece81 elementor-widget elementor-widget-text-editor\" data-id=\"489ece81\" data-element_type=\"widget\" data-e-type=\"widget\" data-widget_type=\"text-editor.default\">\n\t\t\t\t<div class=\"elementor-widget-container\">\n\t\t\t\t\t\t\t\t\t<p><a href=\"https:\/\/www.gov.uk\/government\/news\/defence-housing-strategy-a-9bn-generational-renewal-for-forces-family-housing-and-100000-new-homes-on-mod-land-to-drive-growth\" target=\"_blank\" rel=\"noopener\">UK Government. Defence Housing Strategy <\/a><\/p>\t\t\t\t\t\t\t\t<\/div>\n\t\t\t\t<\/div>\n\t\t\t\t<div class=\"elementor-element elementor-element-79580a33 elementor-widget elementor-widget-spacer\" data-id=\"79580a33\" data-element_type=\"widget\" data-e-type=\"widget\" data-widget_type=\"spacer.default\">\n\t\t\t\t<div class=\"elementor-widget-container\">\n\t\t\t\t\t\t\t<div class=\"elementor-spacer\">\n\t\t\t<div class=\"elementor-spacer-inner\"><\/div>\n\t\t<\/div>\n\t\t\t\t\t\t<\/div>\n\t\t\t\t<\/div>\n\t\t\t\t\t<\/div>\n\t\t<\/div>\n\t\t\t\t\t<\/div>\n\t\t<\/section>\n\t\t\t\t<\/div>\n\t\t","protected":false},"excerpt":{"rendered":"<p>El Regne Unit llan\u00e7a una inversi\u00f3 de 9.000 milions de lliures per modernitzar i construir noves llars en terrenys de defensa, en el programa de renovaci\u00f3 d&#8217;habitatge militar m\u00e9s gran en m\u00e9s de mig segle. Una renovaci\u00f3 \u201cgeneracional\u201d del parc residencial militar El Govern brit\u00e0nic ha presentat la Defence Housing Strategy 2025 , un pla [&hellip;]<\/p>\n","protected":false},"author":10,"featured_media":0,"parent":5934,"menu_order":0,"comment_status":"closed","ping_status":"closed","template":"elementor_canvas","meta":{"inline_featured_image":false,"footnotes":""},"categories":[219],"tags":[],"class_list":["post-42851","page","type-page","status-publish","hentry","category-alertes-i-tendencies-exclusives"],"yoast_head":"<!-- This site is optimized with the Yoast SEO plugin v27.3 - https:\/\/yoast.com\/product\/yoast-seo-wordpress\/ -->\n<title>Regne Unit impulsa la renovaci\u00f3 de vivenda militar | amec Positive Industry<\/title>\n<meta name=\"robots\" content=\"index, follow, max-snippet:-1, max-image-preview:large, max-video-preview:-1\" \/>\n<link rel=\"canonical\" href=\"https:\/\/amec.es\/anticipate\/alertas-y-oportunidades\/reino-unido-impulsa-la-renovacion-de-vivienda-militar\/\" \/>\n<meta property=\"og:locale\" content=\"ca_ES\" \/>\n<meta property=\"og:type\" content=\"article\" \/>\n<meta property=\"og:title\" content=\"Regne Unit impulsa la renovaci\u00f3 de vivenda militar | amec Positive Industry\" \/>\n<meta property=\"og:description\" content=\"El Regne Unit llan\u00e7a una inversi\u00f3 de 9.000 milions de lliures per modernitzar i construir noves llars en terrenys de defensa, en el programa de renovaci\u00f3 d&#8217;habitatge militar m\u00e9s gran en m\u00e9s de mig segle. Una renovaci\u00f3 \u201cgeneracional\u201d del parc residencial militar El Govern brit\u00e0nic ha presentat la Defence Housing Strategy 2025 , un pla [&hellip;]\" \/>\n<meta property=\"og:url\" content=\"https:\/\/amec.es\/anticipate\/alertas-y-oportunidades\/reino-unido-impulsa-la-renovacion-de-vivienda-militar\/\" \/>\n<meta property=\"og:site_name\" content=\"amec Positive Industry\" \/>\n<meta property=\"article:modified_time\" content=\"2025-11-04T09:07:06+00:00\" \/>\n<meta property=\"og:image\" content=\"https:\/\/amec.es\/wp-content\/uploads\/2024\/02\/Logo_AMEC.png\" \/>\n\t<meta property=\"og:image:width\" content=\"1827\" \/>\n\t<meta property=\"og:image:height\" content=\"438\" \/>\n\t<meta property=\"og:image:type\" content=\"image\/png\" \/>\n<meta name=\"twitter:card\" content=\"summary_large_image\" \/>\n<meta name=\"twitter:label1\" content=\"Temps estimat de lectura\" \/>\n\t<meta name=\"twitter:data1\" content=\"1 minut\" \/>\n<script type=\"application\/ld+json\" class=\"yoast-schema-graph\">{\"@context\":\"https:\\\/\\\/schema.org\",\"@graph\":[{\"@type\":\"WebPage\",\"@id\":\"https:\\\/\\\/amec.es\\\/anticipate\\\/alertas-y-oportunidades\\\/reino-unido-impulsa-la-renovacion-de-vivienda-militar\\\/\",\"url\":\"https:\\\/\\\/amec.es\\\/anticipate\\\/alertas-y-oportunidades\\\/reino-unido-impulsa-la-renovacion-de-vivienda-militar\\\/\",\"name\":\"Regne Unit impulsa la renovaci\u00f3 de vivenda militar | amec Positive Industry\",\"isPartOf\":{\"@id\":\"https:\\\/\\\/amec.es\\\/#website\"},\"datePublished\":\"2025-11-04T09:00:57+00:00\",\"dateModified\":\"2025-11-04T09:07:06+00:00\",\"breadcrumb\":{\"@id\":\"https:\\\/\\\/amec.es\\\/anticipate\\\/alertas-y-oportunidades\\\/reino-unido-impulsa-la-renovacion-de-vivienda-militar\\\/#breadcrumb\"},\"inLanguage\":\"ca\",\"potentialAction\":[{\"@type\":\"ReadAction\",\"target\":[\"https:\\\/\\\/amec.es\\\/anticipate\\\/alertas-y-oportunidades\\\/reino-unido-impulsa-la-renovacion-de-vivienda-militar\\\/\"]}]},{\"@type\":\"BreadcrumbList\",\"@id\":\"https:\\\/\\\/amec.es\\\/anticipate\\\/alertas-y-oportunidades\\\/reino-unido-impulsa-la-renovacion-de-vivienda-militar\\\/#breadcrumb\",\"itemListElement\":[{\"@type\":\"ListItem\",\"position\":1,\"name\":\"Portada\",\"item\":\"https:\\\/\\\/amec.es\\\/\"},{\"@type\":\"ListItem\",\"position\":2,\"name\":\"Anticipa&#8217;t\",\"item\":\"https:\\\/\\\/amec.es\\\/ca\\\/anticipat\\\/\"},{\"@type\":\"ListItem\",\"position\":3,\"name\":\"Alertes i oportunitats\",\"item\":\"https:\\\/\\\/amec.es\\\/ca\\\/anticipat\\\/alertes-i-oportunitats\\\/\"},{\"@type\":\"ListItem\",\"position\":4,\"name\":\"Regne Unit impulsa la renovaci\u00f3 de vivenda militar\"}]},{\"@type\":\"WebSite\",\"@id\":\"https:\\\/\\\/amec.es\\\/#website\",\"url\":\"https:\\\/\\\/amec.es\\\/\",\"name\":\"amec Positive Industry\",\"description\":\"\",\"publisher\":{\"@id\":\"https:\\\/\\\/amec.es\\\/#organization\"},\"potentialAction\":[{\"@type\":\"SearchAction\",\"target\":{\"@type\":\"EntryPoint\",\"urlTemplate\":\"https:\\\/\\\/amec.es\\\/?s={search_term_string}\"},\"query-input\":{\"@type\":\"PropertyValueSpecification\",\"valueRequired\":true,\"valueName\":\"search_term_string\"}}],\"inLanguage\":\"ca\"},{\"@type\":\"Organization\",\"@id\":\"https:\\\/\\\/amec.es\\\/#organization\",\"name\":\"amec Positive Industry\",\"url\":\"https:\\\/\\\/amec.es\\\/\",\"logo\":{\"@type\":\"ImageObject\",\"inLanguage\":\"ca\",\"@id\":\"https:\\\/\\\/amec.es\\\/#\\\/schema\\\/logo\\\/image\\\/\",\"url\":\"https:\\\/\\\/amec.es\\\/wp-content\\\/uploads\\\/2023\\\/07\\\/logoamec.png\",\"contentUrl\":\"https:\\\/\\\/amec.es\\\/wp-content\\\/uploads\\\/2023\\\/07\\\/logoamec.png\",\"width\":200,\"height\":48,\"caption\":\"amec Positive Industry\"},\"image\":{\"@id\":\"https:\\\/\\\/amec.es\\\/#\\\/schema\\\/logo\\\/image\\\/\"}}]}<\/script>\n<!-- \/ Yoast SEO plugin. -->","yoast_head_json":{"title":"Regne Unit impulsa la renovaci\u00f3 de vivenda militar | amec Positive Industry","robots":{"index":"index","follow":"follow","max-snippet":"max-snippet:-1","max-image-preview":"max-image-preview:large","max-video-preview":"max-video-preview:-1"},"canonical":"https:\/\/amec.es\/anticipate\/alertas-y-oportunidades\/reino-unido-impulsa-la-renovacion-de-vivienda-militar\/","og_locale":"ca_ES","og_type":"article","og_title":"Regne Unit impulsa la renovaci\u00f3 de vivenda militar | amec Positive Industry","og_description":"El Regne Unit llan\u00e7a una inversi\u00f3 de 9.000 milions de lliures per modernitzar i construir noves llars en terrenys de defensa, en el programa de renovaci\u00f3 d&#8217;habitatge militar m\u00e9s gran en m\u00e9s de mig segle. Una renovaci\u00f3 \u201cgeneracional\u201d del parc residencial militar El Govern brit\u00e0nic ha presentat la Defence Housing Strategy 2025 , un pla [&hellip;]","og_url":"https:\/\/amec.es\/anticipate\/alertas-y-oportunidades\/reino-unido-impulsa-la-renovacion-de-vivienda-militar\/","og_site_name":"amec Positive Industry","article_modified_time":"2025-11-04T09:07:06+00:00","og_image":[{"width":1827,"height":438,"url":"https:\/\/amec.es\/wp-content\/uploads\/2024\/02\/Logo_AMEC.png","type":"image\/png"}],"twitter_card":"summary_large_image","twitter_misc":{"Temps estimat de lectura":"1 minut"},"schema":{"@context":"https:\/\/schema.org","@graph":[{"@type":"WebPage","@id":"https:\/\/amec.es\/anticipate\/alertas-y-oportunidades\/reino-unido-impulsa-la-renovacion-de-vivienda-militar\/","url":"https:\/\/amec.es\/anticipate\/alertas-y-oportunidades\/reino-unido-impulsa-la-renovacion-de-vivienda-militar\/","name":"Regne Unit impulsa la renovaci\u00f3 de vivenda militar | amec Positive Industry","isPartOf":{"@id":"https:\/\/amec.es\/#website"},"datePublished":"2025-11-04T09:00:57+00:00","dateModified":"2025-11-04T09:07:06+00:00","breadcrumb":{"@id":"https:\/\/amec.es\/anticipate\/alertas-y-oportunidades\/reino-unido-impulsa-la-renovacion-de-vivienda-militar\/#breadcrumb"},"inLanguage":"ca","potentialAction":[{"@type":"ReadAction","target":["https:\/\/amec.es\/anticipate\/alertas-y-oportunidades\/reino-unido-impulsa-la-renovacion-de-vivienda-militar\/"]}]},{"@type":"BreadcrumbList","@id":"https:\/\/amec.es\/anticipate\/alertas-y-oportunidades\/reino-unido-impulsa-la-renovacion-de-vivienda-militar\/#breadcrumb","itemListElement":[{"@type":"ListItem","position":1,"name":"Portada","item":"https:\/\/amec.es\/"},{"@type":"ListItem","position":2,"name":"Anticipa&#8217;t","item":"https:\/\/amec.es\/ca\/anticipat\/"},{"@type":"ListItem","position":3,"name":"Alertes i oportunitats","item":"https:\/\/amec.es\/ca\/anticipat\/alertes-i-oportunitats\/"},{"@type":"ListItem","position":4,"name":"Regne Unit impulsa la renovaci\u00f3 de vivenda militar"}]},{"@type":"WebSite","@id":"https:\/\/amec.es\/#website","url":"https:\/\/amec.es\/","name":"amec Positive Industry","description":"","publisher":{"@id":"https:\/\/amec.es\/#organization"},"potentialAction":[{"@type":"SearchAction","target":{"@type":"EntryPoint","urlTemplate":"https:\/\/amec.es\/?s={search_term_string}"},"query-input":{"@type":"PropertyValueSpecification","valueRequired":true,"valueName":"search_term_string"}}],"inLanguage":"ca"},{"@type":"Organization","@id":"https:\/\/amec.es\/#organization","name":"amec Positive Industry","url":"https:\/\/amec.es\/","logo":{"@type":"ImageObject","inLanguage":"ca","@id":"https:\/\/amec.es\/#\/schema\/logo\/image\/","url":"https:\/\/amec.es\/wp-content\/uploads\/2023\/07\/logoamec.png","contentUrl":"https:\/\/amec.es\/wp-content\/uploads\/2023\/07\/logoamec.png","width":200,"height":48,"caption":"amec Positive Industry"},"image":{"@id":"https:\/\/amec.es\/#\/schema\/logo\/image\/"}}]}},"_links":{"self":[{"href":"https:\/\/amec.es\/ca\/wp-json\/wp\/v2\/pages\/42851","targetHints":{"allow":["GET"]}}],"collection":[{"href":"https:\/\/amec.es\/ca\/wp-json\/wp\/v2\/pages"}],"about":[{"href":"https:\/\/amec.es\/ca\/wp-json\/wp\/v2\/types\/page"}],"author":[{"embeddable":true,"href":"https:\/\/amec.es\/ca\/wp-json\/wp\/v2\/users\/10"}],"replies":[{"embeddable":true,"href":"https:\/\/amec.es\/ca\/wp-json\/wp\/v2\/comments?post=42851"}],"version-history":[{"count":1,"href":"https:\/\/amec.es\/ca\/wp-json\/wp\/v2\/pages\/42851\/revisions"}],"predecessor-version":[{"id":42853,"href":"https:\/\/amec.es\/ca\/wp-json\/wp\/v2\/pages\/42851\/revisions\/42853"}],"up":[{"embeddable":true,"href":"https:\/\/amec.es\/ca\/wp-json\/wp\/v2\/pages\/5934"}],"wp:attachment":[{"href":"https:\/\/amec.es\/ca\/wp-json\/wp\/v2\/media?parent=42851"}],"wp:term":[{"taxonomy":"category","embeddable":true,"href":"https:\/\/amec.es\/ca\/wp-json\/wp\/v2\/categories?post=42851"},{"taxonomy":"post_tag","embeddable":true,"href":"https:\/\/amec.es\/ca\/wp-json\/wp\/v2\/tags?post=42851"}],"curies":[{"name":"wp","href":"https:\/\/api.w.org\/{rel}","templated":true}]}}