{"id":43670,"date":"2025-11-16T16:27:39","date_gmt":"2025-11-16T15:27:39","guid":{"rendered":"https:\/\/amec.es\/anticipat\/alertes-i-oportunitats\/eua-reforca-els-seus-acords-comercials-amb-llatinoamerica\/"},"modified":"2025-11-16T16:35:45","modified_gmt":"2025-11-16T15:35:45","slug":"eua-reforca-els-seus-acords-comercials-amb-llatinoamerica","status":"publish","type":"page","link":"https:\/\/amec.es\/ca\/anticipat\/alertes-i-oportunitats\/eua-reforca-els-seus-acords-comercials-amb-llatinoamerica\/","title":{"rendered":"EUA refor\u00e7a els seus acords comercials amb Llatinoam\u00e8rica"},"content":{"rendered":"\t\t<div data-elementor-type=\"wp-page\" data-elementor-id=\"43670\" class=\"elementor elementor-43670 elementor-43665\" data-elementor-post-type=\"page\">\n\t\t\t\t\t\t<section class=\"elementor-section elementor-top-section elementor-element elementor-element-742195be elementor-section-boxed elementor-section-height-default elementor-section-height-default\" data-id=\"742195be\" data-element_type=\"section\" data-e-type=\"section\" data-settings=\"{&quot;background_background&quot;:&quot;gradient&quot;}\">\n\t\t\t\t\t\t<div class=\"elementor-container elementor-column-gap-default\">\n\t\t\t\t\t<div class=\"elementor-column elementor-col-100 elementor-top-column elementor-element elementor-element-556df88d\" data-id=\"556df88d\" data-element_type=\"column\" data-e-type=\"column\">\n\t\t\t<div class=\"elementor-widget-wrap elementor-element-populated\">\n\t\t\t\t\t\t<div class=\"elementor-element elementor-element-42c6364 elementor-widget elementor-widget-heading\" data-id=\"42c6364\" data-element_type=\"widget\" data-e-type=\"widget\" data-widget_type=\"heading.default\">\n\t\t\t\t<div class=\"elementor-widget-container\">\n\t\t\t\t\t<h2 class=\"elementor-heading-title elementor-size-default\"><a href=\"https:\/\/amec.es\/ca\/category\/alertes-i-tendencies-exclusives\/\" rel=\"tag\">Alertes i tend\u00e8ncies exclusives<\/a><\/h2>\t\t\t\t<\/div>\n\t\t\t\t<\/div>\n\t\t\t\t<div class=\"elementor-element elementor-element-5ddf434d elementor-widget elementor-widget-spacer\" data-id=\"5ddf434d\" data-element_type=\"widget\" data-e-type=\"widget\" data-widget_type=\"spacer.default\">\n\t\t\t\t<div class=\"elementor-widget-container\">\n\t\t\t\t\t\t\t<div class=\"elementor-spacer\">\n\t\t\t<div class=\"elementor-spacer-inner\"><\/div>\n\t\t<\/div>\n\t\t\t\t\t\t<\/div>\n\t\t\t\t<\/div>\n\t\t\t\t<div class=\"elementor-element elementor-element-679e7b33 elementor-widget-divider--view-line elementor-widget elementor-widget-divider\" data-id=\"679e7b33\" data-element_type=\"widget\" data-e-type=\"widget\" data-widget_type=\"divider.default\">\n\t\t\t\t<div class=\"elementor-widget-container\">\n\t\t\t\t\t\t\t<div class=\"elementor-divider\">\n\t\t\t<span class=\"elementor-divider-separator\">\n\t\t\t\t\t\t<\/span>\n\t\t<\/div>\n\t\t\t\t\t\t<\/div>\n\t\t\t\t<\/div>\n\t\t\t\t\t<\/div>\n\t\t<\/div>\n\t\t\t\t\t<\/div>\n\t\t<\/section>\n\t\t\t\t<section class=\"elementor-section elementor-top-section elementor-element elementor-element-5cbfb9b5 elementor-section-boxed elementor-section-height-default elementor-section-height-default\" data-id=\"5cbfb9b5\" data-element_type=\"section\" data-e-type=\"section\">\n\t\t\t\t\t\t<div class=\"elementor-container elementor-column-gap-default\">\n\t\t\t\t\t<div class=\"elementor-column elementor-col-100 elementor-top-column elementor-element elementor-element-15deb9d\" data-id=\"15deb9d\" data-element_type=\"column\" data-e-type=\"column\">\n\t\t\t<div class=\"elementor-widget-wrap elementor-element-populated\">\n\t\t\t\t\t\t<div class=\"elementor-element elementor-element-5e3646d6 elementor-widget elementor-widget-heading\" data-id=\"5e3646d6\" data-element_type=\"widget\" data-e-type=\"widget\" data-widget_type=\"heading.default\">\n\t\t\t\t<div class=\"elementor-widget-container\">\n\t\t\t\t\t<h2 class=\"elementor-heading-title elementor-size-default\">EUA refor\u00e7a els seus acords comercials amb Llatinoam\u00e8rica<\/h2>\t\t\t\t<\/div>\n\t\t\t\t<\/div>\n\t\t\t\t<div class=\"elementor-element elementor-element-2f34d669 elementor-widget elementor-widget-spacer\" data-id=\"2f34d669\" data-element_type=\"widget\" data-e-type=\"widget\" data-widget_type=\"spacer.default\">\n\t\t\t\t<div class=\"elementor-widget-container\">\n\t\t\t\t\t\t\t<div class=\"elementor-spacer\">\n\t\t\t<div class=\"elementor-spacer-inner\"><\/div>\n\t\t<\/div>\n\t\t\t\t\t\t<\/div>\n\t\t\t\t<\/div>\n\t\t\t\t<div class=\"elementor-element elementor-element-2192378b elementor-widget elementor-widget-text-editor\" data-id=\"2192378b\" data-element_type=\"widget\" data-e-type=\"widget\" data-widget_type=\"text-editor.default\">\n\t\t\t\t<div class=\"elementor-widget-container\">\n\t\t\t\t\t\t\t\t\t16 de novembre de 2025\t\t\t\t\t\t\t\t<\/div>\n\t\t\t\t<\/div>\n\t\t\t\t<div class=\"elementor-element elementor-element-606a451 elementor-widget elementor-widget-text-editor\" data-id=\"606a451\" data-element_type=\"widget\" data-e-type=\"widget\" data-widget_type=\"text-editor.default\">\n\t\t\t\t<div class=\"elementor-widget-container\">\n\t\t\t\t\t\t\t\t\t<p><strong>Els Estats Units han aconseguit nous marcs de comer\u00e7 rec\u00edproc amb El Salvador, Guatemala, Argentina i Equador, que inclouen reduccions aranzel\u00e0ries, millores reguladores i cooperaci\u00f3 econ\u00f2mica.<\/strong><\/p>\t\t\t\t\t\t\t\t<\/div>\n\t\t\t\t<\/div>\n\t\t\t\t<div class=\"elementor-element elementor-element-74eb8816 elementor-widget-divider--view-line elementor-widget elementor-widget-divider\" data-id=\"74eb8816\" data-element_type=\"widget\" data-e-type=\"widget\" data-widget_type=\"divider.default\">\n\t\t\t\t<div class=\"elementor-widget-container\">\n\t\t\t\t\t\t\t<div class=\"elementor-divider\">\n\t\t\t<span class=\"elementor-divider-separator\">\n\t\t\t\t\t\t<\/span>\n\t\t<\/div>\n\t\t\t\t\t\t<\/div>\n\t\t\t\t<\/div>\n\t\t\t\t<div class=\"elementor-element elementor-element-789e6337 elementor-widget elementor-widget-text-editor\" data-id=\"789e6337\" data-element_type=\"widget\" data-e-type=\"widget\" data-widget_type=\"text-editor.default\">\n\t\t\t\t<div class=\"elementor-widget-container\">\n\t\t\t\t\t\t\t\t\t<p>Els Estats Units <strong>han vinculat avantatges aranzelaris a amplis compromisos<\/strong> per part d&#8217;aquests pa\u00efsos en normativa, est\u00e0ndards t\u00e8cnics i obertura de sectors sensibles.<\/p><p>En conjunt, <strong>els Estats Units posen especial \u00e8mfasi en determinats sectors<\/strong> , especialment aquells vinculats a automoci\u00f3, dispositius m\u00e8dics, productes farmac\u00e8utics, maquin\u00e0ria, productes agr\u00edcoles, minerals cr\u00edtics i recursos naturals no disponibles en quantitats suficients al seu territori.<\/p><h5><strong><span style=\"color: #ffffff;\">_<\/span><br> El Salvador<\/strong><\/h5><p>Els Estats Units estableixen un marc per reduir determinats aranzels a productes salvadorencs, especialment aquells que no es poden produir en quantitats suficients al seu territori i certs b\u00e9ns t\u00e8xtils del CAFTA-DR (Dominican Republic \u2013 Central America \u2013 United States Free Trade Agreement).  <strong>El Salvador mant\u00e9 un aranzel rec\u00edproc del 10%.<\/strong><\/p><p>Per part del Salvador, es preveu l&#8217;eliminaci\u00f3 de barreres no aranzel\u00e0ries, des de l&#8217;acceptaci\u00f3 d&#8217; <strong>est\u00e0ndards automotrius<\/strong> dels EUA fins a l&#8217;agilitaci\u00f3 d&#8217;aprovacions per a <strong>dispositius m\u00e8dics i farmac\u00e8utics<\/strong> . El Salvador tamb\u00e9 es compromet a refor\u00e7ar mesures vinculades a propietat intel\u00b7lectual, aix\u00ed com facilitar l&#8217;acc\u00e9s de <strong>b\u00e9ns industrials i agr\u00edcoles nord-americans<\/strong> . <\/p><ul><li>White House: Joint Statement on Framework for United States\u2013El Salvador Agreement on Reciprocal Trade (2025)<br> <a href=\"https:\/\/www.whitehouse.gov\/briefings-statements\/2025\/11\/joint-statement-on-framework-for-united-states-el-salvador-agreement-on-reciprocal-trade\/\">https:\/\/www.whitehouse.gov\/briefings-statements\/2025\/11\/joint-statement-on-framework-for-united-states-el-salvador-agreement-on-reciprocal-trade\/<\/a><\/li><\/ul><h5><strong><span style=\"color: #ffffff;\">_<\/span><br> Guatemala<\/strong><\/h5><p>L&#8217;acord preveu reduccions aranzel\u00e0ries per a b\u00e9ns guatemalencs, incloses exportacions no disponibles als EUA o productes del CAFTA-DR. <strong>Guatemala est\u00e0 subjecte a un aranzel rec\u00edproc del 10%.<\/strong><\/p><p>El pa\u00eds es compromet a eliminar restriccions a b\u00e9ns remanufacturats, a millorar l&#8217;acc\u00e9s al mercat per a <strong>productes agr\u00edcoles<\/strong> nord-americans ia adoptar est\u00e0ndards t\u00e8cnics dels EUA, especialment en <strong>automoci\u00f3 i productes m\u00e8dics i farmac\u00e8utics<\/strong> . Addicionalment, Guatemala va acordar restringir l&#8217;acc\u00e9s a les compres p\u00fabliques per a prove\u00efdors de pa\u00efsos sense acords comercials. <\/p><ul><li>White House: Joint Statement on Framework for United States \u2013 Guatemala Agreement on Reciprocal Trade (2025)<br> <a href=\"https:\/\/www.whitehouse.gov\/briefings-statements\/2025\/11\/joint-statement-on-framework-for-united-states-guatemala-agreement-on-reciprocal-trade\/\">https:\/\/www.whitehouse.gov\/briefings-statements\/2025\/11\/joint-statement-on-framework-for-united-states-guatemala-agreement-on-reciprocal-trade\/<\/a><\/li><\/ul><h5><strong><span style=\"color: #ffffff;\">_<\/span><br> Argentina<\/strong><\/h5><p>El marc acordat inclou reduccions aranzel\u00e0ries per a b\u00e9ns argentins, especialment recursos naturals no disponibles als EUA i productes farmac\u00e8utics no patentats. La implementaci\u00f3 es far\u00e0 mitjan\u00e7ant la incorporaci\u00f3 de productes seleccionats del llistat PTAAP (Potential Tariff Adjustments for Aligned Partners, llistat de productes introdu\u00eft a l&#8217;Ordre Executiva 14346 de setembre de 2025 <strong>,<\/strong> que identifica b\u00e9ns que podrien rebre un aranzel rec\u00edproc del 0% en el futur, sempre que el pa\u00eds complisca. <strong>Argentina mant\u00e9 un aranzel rec\u00edproc del 10%.<\/strong> <\/p><p>Argentina es compromet a oferir acc\u00e9s preferencial al mercat per a exportacions nord-americanes, inclosos <strong>medicaments, maquin\u00e0ria, productes agr\u00edcoles i vehicles<\/strong> . Tamb\u00e9 acorda acceptar est\u00e0ndards automotrius i sanitaris nord-americans, eliminar tr\u00e0mits consulars per a importacions procedents dels EUA Els dos pa\u00efsos cooperaran en sectors estrat\u00e8gics com a <strong>minerals cr\u00edtics, carn bovina i soja<\/strong> .  <\/p><ul><li>White House: Joint Statement on Framework for United States \u2013 Argentina Agreement on Reciprocal Trade and Investment (2025)<br> <a href=\"https:\/\/www.whitehouse.gov\/briefings-statements\/2025\/11\/joint-statement-on-framework-for-a-united-states-argentina-agreement-on-reciprocal-trade-and-investment\/\">https:\/\/www.whitehouse.gov\/briefings-statements\/2025\/11\/joint-statement-on-framework-for-a-united-states-argentina-agreement-on-reciprocal-trade-and-investment\/<\/a><\/li><\/ul><h5><strong><span style=\"color: #ffffff;\">_<\/span><br> Equador<\/strong><\/h5><p>El document assenyala que els Estats Units reduiran aranzels a productes equatorians seleccionats, centrant-se en b\u00e9ns que no es produeixen en quantitats suficients al seu territori.  <strong>Equador mant\u00e9 un aranzel rec\u00edproc del 15%.<\/strong><\/p><p>Equador es compromet a reduir o eliminar aranzels per a <strong>maquin\u00e0ria, productes de salut, TIC, qu\u00edmics, vehicles i determinats b\u00e9ns agr\u00edcoles<\/strong> nord-americans. Aix\u00ed mateix, acorda reformar sistemes de llic\u00e8ncies d&#8217;importaci\u00f3 i acceptar est\u00e0ndards <strong>automotrius i sanitaris<\/strong> dels Estats Units. <\/p><ul><li>White House: Joint Statement on Framework for United States \u2013 Equador Agreement on Reciprocal Trade (2025)<br> <a href=\"https:\/\/www.whitehouse.gov\/briefings-statements\/2025\/11\/joint-statement-on-framework-for-united-states-ecuador-agreement-on-reciprocal-trade\/\">https:\/\/www.whitehouse.gov\/briefings-statements\/2025\/11\/joint-statement-on-framework-for-united-states-ecuador-agreement-on-reciprocal-trade\/<\/a><\/li><\/ul>\t\t\t\t\t\t\t\t<\/div>\n\t\t\t\t<\/div>\n\t\t\t\t\t<\/div>\n\t\t<\/div>\n\t\t\t\t\t<\/div>\n\t\t<\/section>\n\t\t\t\t<\/div>\n\t\t","protected":false},"excerpt":{"rendered":"<p>Els Estats Units han aconseguit nous marcs de comer\u00e7 rec\u00edproc amb El Salvador, Guatemala, Argentina i Equador, que inclouen reduccions aranzel\u00e0ries, millores reguladores i cooperaci\u00f3 econ\u00f2mica. Els Estats Units han vinculat avantatges aranzelaris a amplis compromisos per part d&#8217;aquests pa\u00efsos en normativa, est\u00e0ndards t\u00e8cnics i obertura de sectors sensibles. En conjunt, els Estats Units posen [&hellip;]<\/p>\n","protected":false},"author":10,"featured_media":0,"parent":5934,"menu_order":0,"comment_status":"closed","ping_status":"closed","template":"elementor_canvas","meta":{"inline_featured_image":false,"footnotes":""},"categories":[219],"tags":[],"class_list":["post-43670","page","type-page","status-publish","hentry","category-alertes-i-tendencies-exclusives"],"yoast_head":"<!-- This site is optimized with the Yoast SEO plugin v27.5 - https:\/\/yoast.com\/product\/yoast-seo-wordpress\/ -->\n<title>EUA refor\u00e7a els seus acords comercials amb Llatinoam\u00e8rica | amec Positive Industry<\/title>\n<meta name=\"robots\" content=\"index, follow, max-snippet:-1, max-image-preview:large, max-video-preview:-1\" \/>\n<link rel=\"canonical\" href=\"https:\/\/amec.es\/ca\/anticipat\/alertes-i-oportunitats\/eua-reforca-els-seus-acords-comercials-amb-llatinoamerica\/\" \/>\n<meta property=\"og:locale\" content=\"ca_ES\" \/>\n<meta property=\"og:type\" content=\"article\" \/>\n<meta property=\"og:title\" content=\"EUA refor\u00e7a els seus acords comercials amb Llatinoam\u00e8rica | amec Positive Industry\" \/>\n<meta property=\"og:description\" content=\"Els Estats Units han aconseguit nous marcs de comer\u00e7 rec\u00edproc amb El Salvador, Guatemala, Argentina i Equador, que inclouen reduccions aranzel\u00e0ries, millores reguladores i cooperaci\u00f3 econ\u00f2mica. Els Estats Units han vinculat avantatges aranzelaris a amplis compromisos per part d&#8217;aquests pa\u00efsos en normativa, est\u00e0ndards t\u00e8cnics i obertura de sectors sensibles. En conjunt, els Estats Units posen [&hellip;]\" \/>\n<meta property=\"og:url\" content=\"https:\/\/amec.es\/ca\/anticipat\/alertes-i-oportunitats\/eua-reforca-els-seus-acords-comercials-amb-llatinoamerica\/\" \/>\n<meta property=\"og:site_name\" content=\"amec Positive Industry\" \/>\n<meta property=\"article:modified_time\" content=\"2025-11-16T15:35:45+00:00\" \/>\n<meta property=\"og:image\" content=\"https:\/\/amec.es\/wp-content\/uploads\/2024\/02\/Logo_AMEC.png\" \/>\n\t<meta property=\"og:image:width\" content=\"1827\" \/>\n\t<meta property=\"og:image:height\" content=\"438\" \/>\n\t<meta property=\"og:image:type\" content=\"image\/png\" \/>\n<meta name=\"twitter:card\" content=\"summary_large_image\" \/>\n<meta name=\"twitter:label1\" content=\"Temps estimat de lectura\" \/>\n\t<meta name=\"twitter:data1\" content=\"3 minuts\" \/>\n<script type=\"application\/ld+json\" class=\"yoast-schema-graph\">{\"@context\":\"https:\\\/\\\/schema.org\",\"@graph\":[{\"@type\":\"WebPage\",\"@id\":\"https:\\\/\\\/amec.es\\\/ca\\\/anticipat\\\/alertes-i-oportunitats\\\/eua-reforca-els-seus-acords-comercials-amb-llatinoamerica\\\/\",\"url\":\"https:\\\/\\\/amec.es\\\/ca\\\/anticipat\\\/alertes-i-oportunitats\\\/eua-reforca-els-seus-acords-comercials-amb-llatinoamerica\\\/\",\"name\":\"EUA refor\u00e7a els seus acords comercials amb Llatinoam\u00e8rica | amec Positive Industry\",\"isPartOf\":{\"@id\":\"https:\\\/\\\/amec.es\\\/#website\"},\"datePublished\":\"2025-11-16T15:27:39+00:00\",\"dateModified\":\"2025-11-16T15:35:45+00:00\",\"breadcrumb\":{\"@id\":\"https:\\\/\\\/amec.es\\\/ca\\\/anticipat\\\/alertes-i-oportunitats\\\/eua-reforca-els-seus-acords-comercials-amb-llatinoamerica\\\/#breadcrumb\"},\"inLanguage\":\"ca\",\"potentialAction\":[{\"@type\":\"ReadAction\",\"target\":[\"https:\\\/\\\/amec.es\\\/ca\\\/anticipat\\\/alertes-i-oportunitats\\\/eua-reforca-els-seus-acords-comercials-amb-llatinoamerica\\\/\"]}]},{\"@type\":\"BreadcrumbList\",\"@id\":\"https:\\\/\\\/amec.es\\\/ca\\\/anticipat\\\/alertes-i-oportunitats\\\/eua-reforca-els-seus-acords-comercials-amb-llatinoamerica\\\/#breadcrumb\",\"itemListElement\":[{\"@type\":\"ListItem\",\"position\":1,\"name\":\"Portada\",\"item\":\"https:\\\/\\\/amec.es\\\/ca\\\/home-new\\\/\"},{\"@type\":\"ListItem\",\"position\":2,\"name\":\"Anticipa&#8217;t\",\"item\":\"https:\\\/\\\/amec.es\\\/ca\\\/anticipat\\\/\"},{\"@type\":\"ListItem\",\"position\":3,\"name\":\"Alertes i oportunitats\",\"item\":\"https:\\\/\\\/amec.es\\\/ca\\\/anticipat\\\/alertes-i-oportunitats\\\/\"},{\"@type\":\"ListItem\",\"position\":4,\"name\":\"EUA refor\u00e7a els seus acords comercials amb Llatinoam\u00e8rica\"}]},{\"@type\":\"WebSite\",\"@id\":\"https:\\\/\\\/amec.es\\\/#website\",\"url\":\"https:\\\/\\\/amec.es\\\/\",\"name\":\"amec Positive Industry\",\"description\":\"\",\"publisher\":{\"@id\":\"https:\\\/\\\/amec.es\\\/#organization\"},\"potentialAction\":[{\"@type\":\"SearchAction\",\"target\":{\"@type\":\"EntryPoint\",\"urlTemplate\":\"https:\\\/\\\/amec.es\\\/?s={search_term_string}\"},\"query-input\":{\"@type\":\"PropertyValueSpecification\",\"valueRequired\":true,\"valueName\":\"search_term_string\"}}],\"inLanguage\":\"ca\"},{\"@type\":\"Organization\",\"@id\":\"https:\\\/\\\/amec.es\\\/#organization\",\"name\":\"amec Positive Industry\",\"url\":\"https:\\\/\\\/amec.es\\\/\",\"logo\":{\"@type\":\"ImageObject\",\"inLanguage\":\"ca\",\"@id\":\"https:\\\/\\\/amec.es\\\/#\\\/schema\\\/logo\\\/image\\\/\",\"url\":\"https:\\\/\\\/amec.es\\\/wp-content\\\/uploads\\\/2023\\\/07\\\/logoamec.png\",\"contentUrl\":\"https:\\\/\\\/amec.es\\\/wp-content\\\/uploads\\\/2023\\\/07\\\/logoamec.png\",\"width\":200,\"height\":48,\"caption\":\"amec Positive Industry\"},\"image\":{\"@id\":\"https:\\\/\\\/amec.es\\\/#\\\/schema\\\/logo\\\/image\\\/\"}}]}<\/script>\n<!-- \/ Yoast SEO plugin. -->","yoast_head_json":{"title":"EUA refor\u00e7a els seus acords comercials amb Llatinoam\u00e8rica | amec Positive Industry","robots":{"index":"index","follow":"follow","max-snippet":"max-snippet:-1","max-image-preview":"max-image-preview:large","max-video-preview":"max-video-preview:-1"},"canonical":"https:\/\/amec.es\/ca\/anticipat\/alertes-i-oportunitats\/eua-reforca-els-seus-acords-comercials-amb-llatinoamerica\/","og_locale":"ca_ES","og_type":"article","og_title":"EUA refor\u00e7a els seus acords comercials amb Llatinoam\u00e8rica | amec Positive Industry","og_description":"Els Estats Units han aconseguit nous marcs de comer\u00e7 rec\u00edproc amb El Salvador, Guatemala, Argentina i Equador, que inclouen reduccions aranzel\u00e0ries, millores reguladores i cooperaci\u00f3 econ\u00f2mica. Els Estats Units han vinculat avantatges aranzelaris a amplis compromisos per part d&#8217;aquests pa\u00efsos en normativa, est\u00e0ndards t\u00e8cnics i obertura de sectors sensibles. En conjunt, els Estats Units posen [&hellip;]","og_url":"https:\/\/amec.es\/ca\/anticipat\/alertes-i-oportunitats\/eua-reforca-els-seus-acords-comercials-amb-llatinoamerica\/","og_site_name":"amec Positive Industry","article_modified_time":"2025-11-16T15:35:45+00:00","og_image":[{"width":1827,"height":438,"url":"https:\/\/amec.es\/wp-content\/uploads\/2024\/02\/Logo_AMEC.png","type":"image\/png"}],"twitter_card":"summary_large_image","twitter_misc":{"Temps estimat de lectura":"3 minuts"},"schema":{"@context":"https:\/\/schema.org","@graph":[{"@type":"WebPage","@id":"https:\/\/amec.es\/ca\/anticipat\/alertes-i-oportunitats\/eua-reforca-els-seus-acords-comercials-amb-llatinoamerica\/","url":"https:\/\/amec.es\/ca\/anticipat\/alertes-i-oportunitats\/eua-reforca-els-seus-acords-comercials-amb-llatinoamerica\/","name":"EUA refor\u00e7a els seus acords comercials amb Llatinoam\u00e8rica | amec Positive Industry","isPartOf":{"@id":"https:\/\/amec.es\/#website"},"datePublished":"2025-11-16T15:27:39+00:00","dateModified":"2025-11-16T15:35:45+00:00","breadcrumb":{"@id":"https:\/\/amec.es\/ca\/anticipat\/alertes-i-oportunitats\/eua-reforca-els-seus-acords-comercials-amb-llatinoamerica\/#breadcrumb"},"inLanguage":"ca","potentialAction":[{"@type":"ReadAction","target":["https:\/\/amec.es\/ca\/anticipat\/alertes-i-oportunitats\/eua-reforca-els-seus-acords-comercials-amb-llatinoamerica\/"]}]},{"@type":"BreadcrumbList","@id":"https:\/\/amec.es\/ca\/anticipat\/alertes-i-oportunitats\/eua-reforca-els-seus-acords-comercials-amb-llatinoamerica\/#breadcrumb","itemListElement":[{"@type":"ListItem","position":1,"name":"Portada","item":"https:\/\/amec.es\/ca\/home-new\/"},{"@type":"ListItem","position":2,"name":"Anticipa&#8217;t","item":"https:\/\/amec.es\/ca\/anticipat\/"},{"@type":"ListItem","position":3,"name":"Alertes i oportunitats","item":"https:\/\/amec.es\/ca\/anticipat\/alertes-i-oportunitats\/"},{"@type":"ListItem","position":4,"name":"EUA refor\u00e7a els seus acords comercials amb Llatinoam\u00e8rica"}]},{"@type":"WebSite","@id":"https:\/\/amec.es\/#website","url":"https:\/\/amec.es\/","name":"amec Positive Industry","description":"","publisher":{"@id":"https:\/\/amec.es\/#organization"},"potentialAction":[{"@type":"SearchAction","target":{"@type":"EntryPoint","urlTemplate":"https:\/\/amec.es\/?s={search_term_string}"},"query-input":{"@type":"PropertyValueSpecification","valueRequired":true,"valueName":"search_term_string"}}],"inLanguage":"ca"},{"@type":"Organization","@id":"https:\/\/amec.es\/#organization","name":"amec Positive Industry","url":"https:\/\/amec.es\/","logo":{"@type":"ImageObject","inLanguage":"ca","@id":"https:\/\/amec.es\/#\/schema\/logo\/image\/","url":"https:\/\/amec.es\/wp-content\/uploads\/2023\/07\/logoamec.png","contentUrl":"https:\/\/amec.es\/wp-content\/uploads\/2023\/07\/logoamec.png","width":200,"height":48,"caption":"amec Positive Industry"},"image":{"@id":"https:\/\/amec.es\/#\/schema\/logo\/image\/"}}]}},"_links":{"self":[{"href":"https:\/\/amec.es\/ca\/wp-json\/wp\/v2\/pages\/43670","targetHints":{"allow":["GET"]}}],"collection":[{"href":"https:\/\/amec.es\/ca\/wp-json\/wp\/v2\/pages"}],"about":[{"href":"https:\/\/amec.es\/ca\/wp-json\/wp\/v2\/types\/page"}],"author":[{"embeddable":true,"href":"https:\/\/amec.es\/ca\/wp-json\/wp\/v2\/users\/10"}],"replies":[{"embeddable":true,"href":"https:\/\/amec.es\/ca\/wp-json\/wp\/v2\/comments?post=43670"}],"version-history":[{"count":1,"href":"https:\/\/amec.es\/ca\/wp-json\/wp\/v2\/pages\/43670\/revisions"}],"predecessor-version":[{"id":43672,"href":"https:\/\/amec.es\/ca\/wp-json\/wp\/v2\/pages\/43670\/revisions\/43672"}],"up":[{"embeddable":true,"href":"https:\/\/amec.es\/ca\/wp-json\/wp\/v2\/pages\/5934"}],"wp:attachment":[{"href":"https:\/\/amec.es\/ca\/wp-json\/wp\/v2\/media?parent=43670"}],"wp:term":[{"taxonomy":"category","embeddable":true,"href":"https:\/\/amec.es\/ca\/wp-json\/wp\/v2\/categories?post=43670"},{"taxonomy":"post_tag","embeddable":true,"href":"https:\/\/amec.es\/ca\/wp-json\/wp\/v2\/tags?post=43670"}],"curies":[{"name":"wp","href":"https:\/\/api.w.org\/{rel}","templated":true}]}}