{"id":43937,"date":"2025-11-19T17:30:34","date_gmt":"2025-11-19T16:30:34","guid":{"rendered":"https:\/\/amec.es\/anticipat\/alertes-i-oportunitats\/la-xina-presenta-linies-del-proper-pla-quinquennal\/"},"modified":"2025-11-19T17:34:18","modified_gmt":"2025-11-19T16:34:18","slug":"la-xina-presenta-linies-del-proper-pla-quinquennal","status":"publish","type":"page","link":"https:\/\/amec.es\/ca\/anticipat\/alertes-i-oportunitats\/la-xina-presenta-linies-del-proper-pla-quinquennal\/","title":{"rendered":"La Xina presenta l\u00ednies del proper pla quinquennal"},"content":{"rendered":"\t\t<div data-elementor-type=\"wp-page\" data-elementor-id=\"43937\" class=\"elementor elementor-43937 elementor-43929\" data-elementor-post-type=\"page\">\n\t\t\t\t\t\t<section class=\"elementor-section elementor-top-section elementor-element elementor-element-760cf779 elementor-section-boxed elementor-section-height-default elementor-section-height-default\" data-id=\"760cf779\" data-element_type=\"section\" data-e-type=\"section\" data-settings=\"{&quot;background_background&quot;:&quot;gradient&quot;}\">\n\t\t\t\t\t\t<div class=\"elementor-container elementor-column-gap-default\">\n\t\t\t\t\t<div class=\"elementor-column elementor-col-100 elementor-top-column elementor-element elementor-element-37d94d6d\" data-id=\"37d94d6d\" data-element_type=\"column\" data-e-type=\"column\">\n\t\t\t<div class=\"elementor-widget-wrap elementor-element-populated\">\n\t\t\t\t\t\t<div class=\"elementor-element elementor-element-44907920 elementor-widget elementor-widget-heading\" data-id=\"44907920\" data-element_type=\"widget\" data-e-type=\"widget\" data-widget_type=\"heading.default\">\n\t\t\t\t<div class=\"elementor-widget-container\">\n\t\t\t\t\t<h2 class=\"elementor-heading-title elementor-size-default\"><a href=\"https:\/\/amec.es\/ca\/category\/alertes-i-tendencies-exclusives\/\" rel=\"tag\">Alertes i tend\u00e8ncies exclusives<\/a><\/h2>\t\t\t\t<\/div>\n\t\t\t\t<\/div>\n\t\t\t\t<div class=\"elementor-element elementor-element-5db2ad08 elementor-widget elementor-widget-spacer\" data-id=\"5db2ad08\" data-element_type=\"widget\" data-e-type=\"widget\" data-widget_type=\"spacer.default\">\n\t\t\t\t<div class=\"elementor-widget-container\">\n\t\t\t\t\t\t\t<div class=\"elementor-spacer\">\n\t\t\t<div class=\"elementor-spacer-inner\"><\/div>\n\t\t<\/div>\n\t\t\t\t\t\t<\/div>\n\t\t\t\t<\/div>\n\t\t\t\t<div class=\"elementor-element elementor-element-db842cc elementor-widget-divider--view-line elementor-widget elementor-widget-divider\" data-id=\"db842cc\" data-element_type=\"widget\" data-e-type=\"widget\" data-widget_type=\"divider.default\">\n\t\t\t\t<div class=\"elementor-widget-container\">\n\t\t\t\t\t\t\t<div class=\"elementor-divider\">\n\t\t\t<span class=\"elementor-divider-separator\">\n\t\t\t\t\t\t<\/span>\n\t\t<\/div>\n\t\t\t\t\t\t<\/div>\n\t\t\t\t<\/div>\n\t\t\t\t\t<\/div>\n\t\t<\/div>\n\t\t\t\t\t<\/div>\n\t\t<\/section>\n\t\t\t\t<section class=\"elementor-section elementor-top-section elementor-element elementor-element-6d9c0085 elementor-section-boxed elementor-section-height-default elementor-section-height-default\" data-id=\"6d9c0085\" data-element_type=\"section\" data-e-type=\"section\">\n\t\t\t\t\t\t<div class=\"elementor-container elementor-column-gap-default\">\n\t\t\t\t\t<div class=\"elementor-column elementor-col-100 elementor-top-column elementor-element elementor-element-4a7191ea\" data-id=\"4a7191ea\" data-element_type=\"column\" data-e-type=\"column\">\n\t\t\t<div class=\"elementor-widget-wrap elementor-element-populated\">\n\t\t\t\t\t\t<div class=\"elementor-element elementor-element-252ce014 elementor-widget elementor-widget-heading\" data-id=\"252ce014\" data-element_type=\"widget\" data-e-type=\"widget\" data-widget_type=\"heading.default\">\n\t\t\t\t<div class=\"elementor-widget-container\">\n\t\t\t\t\t<h2 class=\"elementor-heading-title elementor-size-default\">La Xina presenta l\u00ednies del proper pla quinquennal<\/h2>\t\t\t\t<\/div>\n\t\t\t\t<\/div>\n\t\t\t\t<div class=\"elementor-element elementor-element-4437d773 elementor-widget elementor-widget-spacer\" data-id=\"4437d773\" data-element_type=\"widget\" data-e-type=\"widget\" data-widget_type=\"spacer.default\">\n\t\t\t\t<div class=\"elementor-widget-container\">\n\t\t\t\t\t\t\t<div class=\"elementor-spacer\">\n\t\t\t<div class=\"elementor-spacer-inner\"><\/div>\n\t\t<\/div>\n\t\t\t\t\t\t<\/div>\n\t\t\t\t<\/div>\n\t\t\t\t<div class=\"elementor-element elementor-element-20329eab elementor-widget elementor-widget-text-editor\" data-id=\"20329eab\" data-element_type=\"widget\" data-e-type=\"widget\" data-widget_type=\"text-editor.default\">\n\t\t\t\t<div class=\"elementor-widget-container\">\n\t\t\t\t\t\t\t\t\t19 de novembre de 2025\t\t\t\t\t\t\t\t<\/div>\n\t\t\t\t<\/div>\n\t\t\t\t<div class=\"elementor-element elementor-element-3615113f elementor-widget elementor-widget-text-editor\" data-id=\"3615113f\" data-element_type=\"widget\" data-e-type=\"widget\" data-widget_type=\"text-editor.default\">\n\t\t\t\t<div class=\"elementor-widget-container\">\n\t\t\t\t\t\t\t\t\t<p><strong>La Xina ha avan\u00e7at les bases estrat\u00e8giques del seu 15\u00e8 Pla Quinquennal (2026-2030), amb un enfocament en innovaci\u00f3, autosufici\u00e8ncia tecnol\u00f2gica, demanda interna i obertura econ\u00f2mica. AMEC ha elaborat un resum amb els eixos estrat\u00e8gics que el guiaran. <\/strong><\/p>\t\t\t\t\t\t\t\t<\/div>\n\t\t\t\t<\/div>\n\t\t\t\t<div class=\"elementor-element elementor-element-72a87858 elementor-widget-divider--view-line elementor-widget elementor-widget-divider\" data-id=\"72a87858\" data-element_type=\"widget\" data-e-type=\"widget\" data-widget_type=\"divider.default\">\n\t\t\t\t<div class=\"elementor-widget-container\">\n\t\t\t\t\t\t\t<div class=\"elementor-divider\">\n\t\t\t<span class=\"elementor-divider-separator\">\n\t\t\t\t\t\t<\/span>\n\t\t<\/div>\n\t\t\t\t\t\t<\/div>\n\t\t\t\t<\/div>\n\t\t\t\t<div class=\"elementor-element elementor-element-4c01b372 elementor-widget elementor-widget-text-editor\" data-id=\"4c01b372\" data-element_type=\"widget\" data-e-type=\"widget\" data-widget_type=\"text-editor.default\">\n\t\t\t\t<div class=\"elementor-widget-container\">\n\t\t\t\t\t\t\t\t\t<p>El Partit Comunista de la Xina ha deixat entreveure els eixos estrat\u00e8gics que conformaran el nucli del 15\u00e8 Pla Quinquennal, la presentaci\u00f3 del qual est\u00e0 prevista per al mar\u00e7 del 2026. Les recomanacions aprovades pel Comit\u00e8 Central del Partit Comunista de la Xina a l&#8217;octubre del 2025 constitueixen el marc preliminar que guiar\u00e0 la versi\u00f3 final del pla, la publicaci\u00f3 del qual. <\/p><p><strong>AMEC ha recollit els aspectes clau coneguts fins ara i els ha reunit en un document que els membres poden descarregar a la plataforma CoLAB (enlla\u00e7 indicat al final d&#8217;aquesta nota)<\/strong> .<\/p><h5><strong><span style=\"color: #ffffff;\">_<\/span><br> Modernitzaci\u00f3 industrial i enfortiment de leconomia real<\/strong><\/h5><p>El pla prioritza la construcci\u00f3 d&#8217;un sistema industrial modernitzat com a base del desenvolupament. L&#8217;estrat\u00e8gia impulsa una <strong>transici\u00f3 cap a activitats de m\u00e9s valor afegit<\/strong> , promovent la digitalitzaci\u00f3 i modernitzaci\u00f3 d&#8217;ind\u00fastries tradicionals com la mineria, metal\u00b7l\u00fargia, qu\u00edmica, maquin\u00e0ria, construcci\u00f3 naval i construcci\u00f3. <\/p><p>Paral\u00b7lelament, la Xina accelerar\u00e0 el desenvolupament de <strong>sectors emergents<\/strong> vinculats a noves energies, nous materials, aeroespacial i drones, juntament amb tecnologies d&#8217;avantguarda com a qu\u00e0ntica, biofabricaci\u00f3, hidrogen, fusi\u00f3, interf\u00edcies cervell-computadora, intel\u00b7lig\u00e8ncia incorporada i comunicacions 6G.<\/p><h5><strong><span style=\"color: #ffffff;\">_<\/span><br> Impuls a l&#8217;autosufici\u00e8ncia cient\u00edfica i tecnol\u00f2gica<\/strong><\/h5><p>L&#8217;autosufici\u00e8ncia tecnol\u00f2gica es consolida com a pilar estrat\u00e8gic. El pla preveu aven\u00e7os en \u00e0rees cr\u00edtiques <g id=\"gid_0\">\u2014semiconductors, maquin\u00e0ria industrial, materials avan\u00e7ats, biotecnologia i programari fonamental\u2014<\/g> i promou la integraci\u00f3 entre educaci\u00f3, ci\u00e8ncia, tecnologia i talent. Tamb\u00e9 refor\u00e7a la iniciativa Xina Digital per estendre l&#8217;\u00fas de tecnologies avan\u00e7ades a la ind\u00fastria i als serveis.  <\/p><h5><strong><span style=\"color: #ffffff;\">_<\/span><br> Est\u00edmul de la demanda interna i mercat unificat<\/strong><\/h5><p>La Xina <strong>refor\u00e7a l&#8217;estrat\u00e8gia de doble circulaci\u00f3<\/strong> per potenciar el consum intern i la inversi\u00f3 efectiva. El marc preliminar planteja millorar els ingressos de les llars i el benestar social. <strong>L&#8217;impuls al mercat nacional unificat<\/strong> s&#8217;alinea amb la reducci\u00f3 de barreres provincials i l&#8217;harmonitzaci\u00f3 normativa per optimitzar l&#8217;assignaci\u00f3 de recursos. <\/p><h5><strong><span style=\"color: #ffffff;\">_<\/span><br> Obertura econ\u00f2mica i cooperaci\u00f3 global<\/strong><\/h5><p>L&#8217;esborrany estrat\u00e8gic amplia l&#8217; <strong>obertura institucional<\/strong> , especialment en sectors de serveis, biotecnologia, telecomunicacions i educaci\u00f3. Tamb\u00e9 <g id=\"gid_1\">busca atraure inversi\u00f3 estrangera<\/g> mitjan\u00e7ant un entorn regulatori m\u00e9s transparent i predictible. La innovaci\u00f3 en comer\u00e7 il\u00bfexpansi\u00f3 d\u00bfacords internacionals complementen aquesta l\u00ednia d\u00bfobertura.  <\/p><h5><strong><span style=\"color: #ffffff;\">_<\/span><br> Governan\u00e7a i reforma econ\u00f2mica<\/strong><\/h5><p>Les recomanacions avan\u00e7ades plantegen reformes orientades a enfortir l\u00bfeconomia de mercat socialista. Entre aquestes figuren la dinamitzaci\u00f3 d&#8217;empreses estatals i privades, <g id=\"gid_0\">millores en l&#8217;assignaci\u00f3 de factors productius<\/g> i el refor\u00e7ament de la governan\u00e7a macroecon\u00f2mica. A m\u00e9s, es preveu impulsar l&#8217;RMB digital, enfortir el paper de Xangai com a centre financer internacional i consolidar la modernitzaci\u00f3 de la seguretat nacional.  <\/p>\t\t\t\t\t\t\t\t<\/div>\n\t\t\t\t<\/div>\n\t\t\t\t\t<\/div>\n\t\t<\/div>\n\t\t\t\t\t<\/div>\n\t\t<\/section>\n\t\t\t\t<section class=\"elementor-section elementor-top-section elementor-element elementor-element-792cc7e2 elementor-section-boxed elementor-section-height-default elementor-section-height-default\" data-id=\"792cc7e2\" data-element_type=\"section\" data-e-type=\"section\">\n\t\t\t\t\t\t<div class=\"elementor-container elementor-column-gap-default\">\n\t\t\t\t\t<div class=\"elementor-column elementor-col-100 elementor-top-column elementor-element elementor-element-231f346b\" data-id=\"231f346b\" data-element_type=\"column\" data-e-type=\"column\">\n\t\t\t<div class=\"elementor-widget-wrap elementor-element-populated\">\n\t\t\t\t\t\t<div class=\"elementor-element elementor-element-53f30c57 elementor-widget-divider--view-line elementor-widget elementor-widget-divider\" data-id=\"53f30c57\" data-element_type=\"widget\" data-e-type=\"widget\" data-widget_type=\"divider.default\">\n\t\t\t\t<div class=\"elementor-widget-container\">\n\t\t\t\t\t\t\t<div class=\"elementor-divider\">\n\t\t\t<span class=\"elementor-divider-separator\">\n\t\t\t\t\t\t<\/span>\n\t\t<\/div>\n\t\t\t\t\t\t<\/div>\n\t\t\t\t<\/div>\n\t\t\t\t<div class=\"elementor-element elementor-element-a73613d elementor-widget elementor-widget-heading\" data-id=\"a73613d\" data-element_type=\"widget\" data-e-type=\"widget\" data-widget_type=\"heading.default\">\n\t\t\t\t<div class=\"elementor-widget-container\">\n\t\t\t\t\t<h5 class=\"elementor-heading-title elementor-size-default\">Recursos<\/h5>\t\t\t\t<\/div>\n\t\t\t\t<\/div>\n\t\t\t\t<div class=\"elementor-element elementor-element-4a2e9a67 elementor-widget elementor-widget-text-editor\" data-id=\"4a2e9a67\" data-element_type=\"widget\" data-e-type=\"widget\" data-widget_type=\"text-editor.default\">\n\t\t\t\t<div class=\"elementor-widget-container\">\n\t\t\t\t\t\t\t\t\t<p><strong>\ud83d\udcd9 15\u00e8 Pla Quinquennal de la Xina: Eixos estrat\u00e8gics<\/strong><\/p><p>\ud83d\udc49 Disponible al <strong><a href=\"https:\/\/amec.es\/ca\/comunitat\/colab\/\" target=\"_blank\" rel=\"noopener\">CoLAB<\/a><\/strong>&gt; Estudis i publicacions&gt; M\u00e9s estudis<\/p>\t\t\t\t\t\t\t\t<\/div>\n\t\t\t\t<\/div>\n\t\t\t\t<div class=\"elementor-element elementor-element-f5fff6a elementor-widget elementor-widget-image\" data-id=\"f5fff6a\" data-element_type=\"widget\" data-e-type=\"widget\" data-widget_type=\"image.default\">\n\t\t\t\t<div class=\"elementor-widget-container\">\n\t\t\t\t\t\t\t\t\t\t\t\t\t\t\t\t<a href=\"https:\/\/amec.es\/ca\/comunitat\/colab\/\">\n\t\t\t\t\t\t\t<img fetchpriority=\"high\" decoding=\"async\" width=\"800\" height=\"292\" src=\"https:\/\/amec.es\/wp-content\/uploads\/2025\/11\/Banner-CoLAB-1024x374.png\" class=\"attachment-large size-large wp-image-43932\" alt=\"\" srcset=\"https:\/\/amec.es\/wp-content\/uploads\/2025\/11\/Banner-CoLAB-1024x374.png 1024w, https:\/\/amec.es\/wp-content\/uploads\/2025\/11\/Banner-CoLAB-300x110.png 300w, https:\/\/amec.es\/wp-content\/uploads\/2025\/11\/Banner-CoLAB-768x281.png 768w, https:\/\/amec.es\/wp-content\/uploads\/2025\/11\/Banner-CoLAB-600x219.png 600w, https:\/\/amec.es\/wp-content\/uploads\/2025\/11\/Banner-CoLAB.png 1318w\" sizes=\"(max-width: 800px) 100vw, 800px\" \/>\t\t\t\t\t\t\t\t<\/a>\n\t\t\t\t\t\t\t\t\t\t\t\t\t\t\t<\/div>\n\t\t\t\t<\/div>\n\t\t\t\t<div class=\"elementor-element elementor-element-4a8df5e4 elementor-widget elementor-widget-spacer\" data-id=\"4a8df5e4\" data-element_type=\"widget\" data-e-type=\"widget\" data-widget_type=\"spacer.default\">\n\t\t\t\t<div class=\"elementor-widget-container\">\n\t\t\t\t\t\t\t<div class=\"elementor-spacer\">\n\t\t\t<div class=\"elementor-spacer-inner\"><\/div>\n\t\t<\/div>\n\t\t\t\t\t\t<\/div>\n\t\t\t\t<\/div>\n\t\t\t\t\t<\/div>\n\t\t<\/div>\n\t\t\t\t\t<\/div>\n\t\t<\/section>\n\t\t\t\t<\/div>\n\t\t","protected":false},"excerpt":{"rendered":"<p>La Xina ha avan\u00e7at les bases estrat\u00e8giques del seu 15\u00e8 Pla Quinquennal (2026-2030), amb un enfocament en innovaci\u00f3, autosufici\u00e8ncia tecnol\u00f2gica, demanda interna i obertura econ\u00f2mica. AMEC ha elaborat un resum amb els eixos estrat\u00e8gics que el guiaran. El Partit Comunista de la Xina ha deixat entreveure els eixos estrat\u00e8gics que conformaran el nucli del 15\u00e8 [&hellip;]<\/p>\n","protected":false},"author":10,"featured_media":0,"parent":5934,"menu_order":0,"comment_status":"closed","ping_status":"closed","template":"elementor_canvas","meta":{"inline_featured_image":false,"footnotes":""},"categories":[219],"tags":[],"class_list":["post-43937","page","type-page","status-publish","hentry","category-alertes-i-tendencies-exclusives"],"yoast_head":"<!-- This site is optimized with the Yoast SEO plugin v27.3 - https:\/\/yoast.com\/product\/yoast-seo-wordpress\/ -->\n<title>La Xina presenta l\u00ednies del proper pla quinquennal | amec Positive Industry<\/title>\n<meta name=\"robots\" content=\"index, follow, max-snippet:-1, max-image-preview:large, max-video-preview:-1\" \/>\n<link rel=\"canonical\" href=\"https:\/\/amec.es\/ca\/anticipat\/alertes-i-oportunitats\/la-xina-presenta-linies-del-proper-pla-quinquennal\/\" \/>\n<meta property=\"og:locale\" content=\"ca_ES\" \/>\n<meta property=\"og:type\" content=\"article\" \/>\n<meta property=\"og:title\" content=\"La Xina presenta l\u00ednies del proper pla quinquennal | amec Positive Industry\" \/>\n<meta property=\"og:description\" content=\"La Xina ha avan\u00e7at les bases estrat\u00e8giques del seu 15\u00e8 Pla Quinquennal (2026-2030), amb un enfocament en innovaci\u00f3, autosufici\u00e8ncia tecnol\u00f2gica, demanda interna i obertura econ\u00f2mica. AMEC ha elaborat un resum amb els eixos estrat\u00e8gics que el guiaran. El Partit Comunista de la Xina ha deixat entreveure els eixos estrat\u00e8gics que conformaran el nucli del 15\u00e8 [&hellip;]\" \/>\n<meta property=\"og:url\" content=\"https:\/\/amec.es\/ca\/anticipat\/alertes-i-oportunitats\/la-xina-presenta-linies-del-proper-pla-quinquennal\/\" \/>\n<meta property=\"og:site_name\" content=\"amec Positive Industry\" \/>\n<meta property=\"article:modified_time\" content=\"2025-11-19T16:34:18+00:00\" \/>\n<meta property=\"og:image\" content=\"https:\/\/amec.es\/wp-content\/uploads\/2025\/11\/Banner-CoLAB.png\" \/>\n\t<meta property=\"og:image:width\" content=\"1318\" \/>\n\t<meta property=\"og:image:height\" content=\"482\" \/>\n\t<meta property=\"og:image:type\" content=\"image\/png\" \/>\n<meta name=\"twitter:card\" content=\"summary_large_image\" \/>\n<meta name=\"twitter:label1\" content=\"Temps estimat de lectura\" \/>\n\t<meta name=\"twitter:data1\" content=\"3 minuts\" \/>\n<script type=\"application\/ld+json\" class=\"yoast-schema-graph\">{\"@context\":\"https:\\\/\\\/schema.org\",\"@graph\":[{\"@type\":\"WebPage\",\"@id\":\"https:\\\/\\\/amec.es\\\/ca\\\/anticipat\\\/alertes-i-oportunitats\\\/la-xina-presenta-linies-del-proper-pla-quinquennal\\\/\",\"url\":\"https:\\\/\\\/amec.es\\\/ca\\\/anticipat\\\/alertes-i-oportunitats\\\/la-xina-presenta-linies-del-proper-pla-quinquennal\\\/\",\"name\":\"La Xina presenta l\u00ednies del proper pla quinquennal | amec Positive Industry\",\"isPartOf\":{\"@id\":\"https:\\\/\\\/amec.es\\\/#website\"},\"primaryImageOfPage\":{\"@id\":\"https:\\\/\\\/amec.es\\\/ca\\\/anticipat\\\/alertes-i-oportunitats\\\/la-xina-presenta-linies-del-proper-pla-quinquennal\\\/#primaryimage\"},\"image\":{\"@id\":\"https:\\\/\\\/amec.es\\\/ca\\\/anticipat\\\/alertes-i-oportunitats\\\/la-xina-presenta-linies-del-proper-pla-quinquennal\\\/#primaryimage\"},\"thumbnailUrl\":\"https:\\\/\\\/amec.es\\\/wp-content\\\/uploads\\\/2025\\\/11\\\/Banner-CoLAB-1024x374.png\",\"datePublished\":\"2025-11-19T16:30:34+00:00\",\"dateModified\":\"2025-11-19T16:34:18+00:00\",\"breadcrumb\":{\"@id\":\"https:\\\/\\\/amec.es\\\/ca\\\/anticipat\\\/alertes-i-oportunitats\\\/la-xina-presenta-linies-del-proper-pla-quinquennal\\\/#breadcrumb\"},\"inLanguage\":\"ca\",\"potentialAction\":[{\"@type\":\"ReadAction\",\"target\":[\"https:\\\/\\\/amec.es\\\/ca\\\/anticipat\\\/alertes-i-oportunitats\\\/la-xina-presenta-linies-del-proper-pla-quinquennal\\\/\"]}]},{\"@type\":\"ImageObject\",\"inLanguage\":\"ca\",\"@id\":\"https:\\\/\\\/amec.es\\\/ca\\\/anticipat\\\/alertes-i-oportunitats\\\/la-xina-presenta-linies-del-proper-pla-quinquennal\\\/#primaryimage\",\"url\":\"https:\\\/\\\/amec.es\\\/wp-content\\\/uploads\\\/2025\\\/11\\\/Banner-CoLAB-1024x374.png\",\"contentUrl\":\"https:\\\/\\\/amec.es\\\/wp-content\\\/uploads\\\/2025\\\/11\\\/Banner-CoLAB-1024x374.png\"},{\"@type\":\"BreadcrumbList\",\"@id\":\"https:\\\/\\\/amec.es\\\/ca\\\/anticipat\\\/alertes-i-oportunitats\\\/la-xina-presenta-linies-del-proper-pla-quinquennal\\\/#breadcrumb\",\"itemListElement\":[{\"@type\":\"ListItem\",\"position\":1,\"name\":\"Portada\",\"item\":\"https:\\\/\\\/amec.es\\\/\"},{\"@type\":\"ListItem\",\"position\":2,\"name\":\"Anticipa&#8217;t\",\"item\":\"https:\\\/\\\/amec.es\\\/ca\\\/anticipat\\\/\"},{\"@type\":\"ListItem\",\"position\":3,\"name\":\"Alertes i oportunitats\",\"item\":\"https:\\\/\\\/amec.es\\\/ca\\\/anticipat\\\/alertes-i-oportunitats\\\/\"},{\"@type\":\"ListItem\",\"position\":4,\"name\":\"La Xina presenta l\u00ednies del proper pla quinquennal\"}]},{\"@type\":\"WebSite\",\"@id\":\"https:\\\/\\\/amec.es\\\/#website\",\"url\":\"https:\\\/\\\/amec.es\\\/\",\"name\":\"amec Positive Industry\",\"description\":\"\",\"publisher\":{\"@id\":\"https:\\\/\\\/amec.es\\\/#organization\"},\"potentialAction\":[{\"@type\":\"SearchAction\",\"target\":{\"@type\":\"EntryPoint\",\"urlTemplate\":\"https:\\\/\\\/amec.es\\\/?s={search_term_string}\"},\"query-input\":{\"@type\":\"PropertyValueSpecification\",\"valueRequired\":true,\"valueName\":\"search_term_string\"}}],\"inLanguage\":\"ca\"},{\"@type\":\"Organization\",\"@id\":\"https:\\\/\\\/amec.es\\\/#organization\",\"name\":\"amec Positive Industry\",\"url\":\"https:\\\/\\\/amec.es\\\/\",\"logo\":{\"@type\":\"ImageObject\",\"inLanguage\":\"ca\",\"@id\":\"https:\\\/\\\/amec.es\\\/#\\\/schema\\\/logo\\\/image\\\/\",\"url\":\"https:\\\/\\\/amec.es\\\/wp-content\\\/uploads\\\/2023\\\/07\\\/logoamec.png\",\"contentUrl\":\"https:\\\/\\\/amec.es\\\/wp-content\\\/uploads\\\/2023\\\/07\\\/logoamec.png\",\"width\":200,\"height\":48,\"caption\":\"amec Positive Industry\"},\"image\":{\"@id\":\"https:\\\/\\\/amec.es\\\/#\\\/schema\\\/logo\\\/image\\\/\"}}]}<\/script>\n<!-- \/ Yoast SEO plugin. -->","yoast_head_json":{"title":"La Xina presenta l\u00ednies del proper pla quinquennal | amec Positive Industry","robots":{"index":"index","follow":"follow","max-snippet":"max-snippet:-1","max-image-preview":"max-image-preview:large","max-video-preview":"max-video-preview:-1"},"canonical":"https:\/\/amec.es\/ca\/anticipat\/alertes-i-oportunitats\/la-xina-presenta-linies-del-proper-pla-quinquennal\/","og_locale":"ca_ES","og_type":"article","og_title":"La Xina presenta l\u00ednies del proper pla quinquennal | amec Positive Industry","og_description":"La Xina ha avan\u00e7at les bases estrat\u00e8giques del seu 15\u00e8 Pla Quinquennal (2026-2030), amb un enfocament en innovaci\u00f3, autosufici\u00e8ncia tecnol\u00f2gica, demanda interna i obertura econ\u00f2mica. AMEC ha elaborat un resum amb els eixos estrat\u00e8gics que el guiaran. El Partit Comunista de la Xina ha deixat entreveure els eixos estrat\u00e8gics que conformaran el nucli del 15\u00e8 [&hellip;]","og_url":"https:\/\/amec.es\/ca\/anticipat\/alertes-i-oportunitats\/la-xina-presenta-linies-del-proper-pla-quinquennal\/","og_site_name":"amec Positive Industry","article_modified_time":"2025-11-19T16:34:18+00:00","og_image":[{"width":1318,"height":482,"url":"https:\/\/amec.es\/wp-content\/uploads\/2025\/11\/Banner-CoLAB.png","type":"image\/png"}],"twitter_card":"summary_large_image","twitter_misc":{"Temps estimat de lectura":"3 minuts"},"schema":{"@context":"https:\/\/schema.org","@graph":[{"@type":"WebPage","@id":"https:\/\/amec.es\/ca\/anticipat\/alertes-i-oportunitats\/la-xina-presenta-linies-del-proper-pla-quinquennal\/","url":"https:\/\/amec.es\/ca\/anticipat\/alertes-i-oportunitats\/la-xina-presenta-linies-del-proper-pla-quinquennal\/","name":"La Xina presenta l\u00ednies del proper pla quinquennal | amec Positive Industry","isPartOf":{"@id":"https:\/\/amec.es\/#website"},"primaryImageOfPage":{"@id":"https:\/\/amec.es\/ca\/anticipat\/alertes-i-oportunitats\/la-xina-presenta-linies-del-proper-pla-quinquennal\/#primaryimage"},"image":{"@id":"https:\/\/amec.es\/ca\/anticipat\/alertes-i-oportunitats\/la-xina-presenta-linies-del-proper-pla-quinquennal\/#primaryimage"},"thumbnailUrl":"https:\/\/amec.es\/wp-content\/uploads\/2025\/11\/Banner-CoLAB-1024x374.png","datePublished":"2025-11-19T16:30:34+00:00","dateModified":"2025-11-19T16:34:18+00:00","breadcrumb":{"@id":"https:\/\/amec.es\/ca\/anticipat\/alertes-i-oportunitats\/la-xina-presenta-linies-del-proper-pla-quinquennal\/#breadcrumb"},"inLanguage":"ca","potentialAction":[{"@type":"ReadAction","target":["https:\/\/amec.es\/ca\/anticipat\/alertes-i-oportunitats\/la-xina-presenta-linies-del-proper-pla-quinquennal\/"]}]},{"@type":"ImageObject","inLanguage":"ca","@id":"https:\/\/amec.es\/ca\/anticipat\/alertes-i-oportunitats\/la-xina-presenta-linies-del-proper-pla-quinquennal\/#primaryimage","url":"https:\/\/amec.es\/wp-content\/uploads\/2025\/11\/Banner-CoLAB-1024x374.png","contentUrl":"https:\/\/amec.es\/wp-content\/uploads\/2025\/11\/Banner-CoLAB-1024x374.png"},{"@type":"BreadcrumbList","@id":"https:\/\/amec.es\/ca\/anticipat\/alertes-i-oportunitats\/la-xina-presenta-linies-del-proper-pla-quinquennal\/#breadcrumb","itemListElement":[{"@type":"ListItem","position":1,"name":"Portada","item":"https:\/\/amec.es\/"},{"@type":"ListItem","position":2,"name":"Anticipa&#8217;t","item":"https:\/\/amec.es\/ca\/anticipat\/"},{"@type":"ListItem","position":3,"name":"Alertes i oportunitats","item":"https:\/\/amec.es\/ca\/anticipat\/alertes-i-oportunitats\/"},{"@type":"ListItem","position":4,"name":"La Xina presenta l\u00ednies del proper pla quinquennal"}]},{"@type":"WebSite","@id":"https:\/\/amec.es\/#website","url":"https:\/\/amec.es\/","name":"amec Positive Industry","description":"","publisher":{"@id":"https:\/\/amec.es\/#organization"},"potentialAction":[{"@type":"SearchAction","target":{"@type":"EntryPoint","urlTemplate":"https:\/\/amec.es\/?s={search_term_string}"},"query-input":{"@type":"PropertyValueSpecification","valueRequired":true,"valueName":"search_term_string"}}],"inLanguage":"ca"},{"@type":"Organization","@id":"https:\/\/amec.es\/#organization","name":"amec Positive Industry","url":"https:\/\/amec.es\/","logo":{"@type":"ImageObject","inLanguage":"ca","@id":"https:\/\/amec.es\/#\/schema\/logo\/image\/","url":"https:\/\/amec.es\/wp-content\/uploads\/2023\/07\/logoamec.png","contentUrl":"https:\/\/amec.es\/wp-content\/uploads\/2023\/07\/logoamec.png","width":200,"height":48,"caption":"amec Positive Industry"},"image":{"@id":"https:\/\/amec.es\/#\/schema\/logo\/image\/"}}]}},"_links":{"self":[{"href":"https:\/\/amec.es\/ca\/wp-json\/wp\/v2\/pages\/43937","targetHints":{"allow":["GET"]}}],"collection":[{"href":"https:\/\/amec.es\/ca\/wp-json\/wp\/v2\/pages"}],"about":[{"href":"https:\/\/amec.es\/ca\/wp-json\/wp\/v2\/types\/page"}],"author":[{"embeddable":true,"href":"https:\/\/amec.es\/ca\/wp-json\/wp\/v2\/users\/10"}],"replies":[{"embeddable":true,"href":"https:\/\/amec.es\/ca\/wp-json\/wp\/v2\/comments?post=43937"}],"version-history":[{"count":1,"href":"https:\/\/amec.es\/ca\/wp-json\/wp\/v2\/pages\/43937\/revisions"}],"predecessor-version":[{"id":43939,"href":"https:\/\/amec.es\/ca\/wp-json\/wp\/v2\/pages\/43937\/revisions\/43939"}],"up":[{"embeddable":true,"href":"https:\/\/amec.es\/ca\/wp-json\/wp\/v2\/pages\/5934"}],"wp:attachment":[{"href":"https:\/\/amec.es\/ca\/wp-json\/wp\/v2\/media?parent=43937"}],"wp:term":[{"taxonomy":"category","embeddable":true,"href":"https:\/\/amec.es\/ca\/wp-json\/wp\/v2\/categories?post=43937"},{"taxonomy":"post_tag","embeddable":true,"href":"https:\/\/amec.es\/ca\/wp-json\/wp\/v2\/tags?post=43937"}],"curies":[{"name":"wp","href":"https:\/\/api.w.org\/{rel}","templated":true}]}}