{"id":44043,"date":"2025-11-24T12:20:17","date_gmt":"2025-11-24T11:20:17","guid":{"rendered":"https:\/\/amec.es\/anticipat\/alertes-i-oportunitats\/la-xina-actualitza-el-marc-tecnic-de-la-senyalitzacio-vial\/"},"modified":"2025-11-24T12:21:45","modified_gmt":"2025-11-24T11:21:45","slug":"la-xina-actualitza-el-marc-tecnic-de-la-senyalitzacio-vial","status":"publish","type":"page","link":"https:\/\/amec.es\/ca\/anticipat\/alertes-i-oportunitats\/la-xina-actualitza-el-marc-tecnic-de-la-senyalitzacio-vial\/","title":{"rendered":"La Xina actualitza el marc t\u00e8cnic de la senyalitzaci\u00f3 vial"},"content":{"rendered":"\t\t<div data-elementor-type=\"wp-page\" data-elementor-id=\"44043\" class=\"elementor elementor-44043 elementor-44034\" data-elementor-post-type=\"page\">\n\t\t\t\t\t\t<section class=\"elementor-section elementor-top-section elementor-element elementor-element-58064707 elementor-section-boxed elementor-section-height-default elementor-section-height-default\" data-id=\"58064707\" data-element_type=\"section\" data-e-type=\"section\" data-settings=\"{&quot;background_background&quot;:&quot;gradient&quot;}\">\n\t\t\t\t\t\t<div class=\"elementor-container elementor-column-gap-default\">\n\t\t\t\t\t<div class=\"elementor-column elementor-col-100 elementor-top-column elementor-element elementor-element-350cdf25\" data-id=\"350cdf25\" data-element_type=\"column\" data-e-type=\"column\">\n\t\t\t<div class=\"elementor-widget-wrap elementor-element-populated\">\n\t\t\t\t\t\t<div class=\"elementor-element elementor-element-34191acc elementor-widget elementor-widget-heading\" data-id=\"34191acc\" data-element_type=\"widget\" data-e-type=\"widget\" data-widget_type=\"heading.default\">\n\t\t\t\t<div class=\"elementor-widget-container\">\n\t\t\t\t\t<h2 class=\"elementor-heading-title elementor-size-default\"><a href=\"https:\/\/amec.es\/ca\/category\/alertes-i-tendencies-exclusives\/\" rel=\"tag\">Alertes i tend\u00e8ncies exclusives<\/a><\/h2>\t\t\t\t<\/div>\n\t\t\t\t<\/div>\n\t\t\t\t<div class=\"elementor-element elementor-element-207c985a elementor-widget elementor-widget-spacer\" data-id=\"207c985a\" data-element_type=\"widget\" data-e-type=\"widget\" data-widget_type=\"spacer.default\">\n\t\t\t\t<div class=\"elementor-widget-container\">\n\t\t\t\t\t\t\t<div class=\"elementor-spacer\">\n\t\t\t<div class=\"elementor-spacer-inner\"><\/div>\n\t\t<\/div>\n\t\t\t\t\t\t<\/div>\n\t\t\t\t<\/div>\n\t\t\t\t<div class=\"elementor-element elementor-element-5d49f8e4 elementor-widget-divider--view-line elementor-widget elementor-widget-divider\" data-id=\"5d49f8e4\" data-element_type=\"widget\" data-e-type=\"widget\" data-widget_type=\"divider.default\">\n\t\t\t\t<div class=\"elementor-widget-container\">\n\t\t\t\t\t\t\t<div class=\"elementor-divider\">\n\t\t\t<span class=\"elementor-divider-separator\">\n\t\t\t\t\t\t<\/span>\n\t\t<\/div>\n\t\t\t\t\t\t<\/div>\n\t\t\t\t<\/div>\n\t\t\t\t\t<\/div>\n\t\t<\/div>\n\t\t\t\t\t<\/div>\n\t\t<\/section>\n\t\t\t\t<section class=\"elementor-section elementor-top-section elementor-element elementor-element-3d05552a elementor-section-boxed elementor-section-height-default elementor-section-height-default\" data-id=\"3d05552a\" data-element_type=\"section\" data-e-type=\"section\">\n\t\t\t\t\t\t<div class=\"elementor-container elementor-column-gap-default\">\n\t\t\t\t\t<div class=\"elementor-column elementor-col-100 elementor-top-column elementor-element elementor-element-6807ece9\" data-id=\"6807ece9\" data-element_type=\"column\" data-e-type=\"column\">\n\t\t\t<div class=\"elementor-widget-wrap elementor-element-populated\">\n\t\t\t\t\t\t<div class=\"elementor-element elementor-element-6c5ceedb elementor-widget elementor-widget-heading\" data-id=\"6c5ceedb\" data-element_type=\"widget\" data-e-type=\"widget\" data-widget_type=\"heading.default\">\n\t\t\t\t<div class=\"elementor-widget-container\">\n\t\t\t\t\t<h2 class=\"elementor-heading-title elementor-size-default\">La Xina actualitza el marc t\u00e8cnic de la senyalitzaci\u00f3 vial<\/h2>\t\t\t\t<\/div>\n\t\t\t\t<\/div>\n\t\t\t\t<div class=\"elementor-element elementor-element-775e184a elementor-widget elementor-widget-spacer\" data-id=\"775e184a\" data-element_type=\"widget\" data-e-type=\"widget\" data-widget_type=\"spacer.default\">\n\t\t\t\t<div class=\"elementor-widget-container\">\n\t\t\t\t\t\t\t<div class=\"elementor-spacer\">\n\t\t\t<div class=\"elementor-spacer-inner\"><\/div>\n\t\t<\/div>\n\t\t\t\t\t\t<\/div>\n\t\t\t\t<\/div>\n\t\t\t\t<div class=\"elementor-element elementor-element-7ecede78 elementor-widget elementor-widget-text-editor\" data-id=\"7ecede78\" data-element_type=\"widget\" data-e-type=\"widget\" data-widget_type=\"text-editor.default\">\n\t\t\t\t<div class=\"elementor-widget-container\">\n\t\t\t\t\t\t\t\t\t24 de novembre de 2025\t\t\t\t\t\t\t\t<\/div>\n\t\t\t\t<\/div>\n\t\t\t\t<div class=\"elementor-element elementor-element-3cdf5d78 elementor-widget elementor-widget-text-editor\" data-id=\"3cdf5d78\" data-element_type=\"widget\" data-e-type=\"widget\" data-widget_type=\"text-editor.default\">\n\t\t\t\t<div class=\"elementor-widget-container\">\n\t\t\t\t\t\t\t\t\t<p><strong>La Xina ha notificat davant l&#8217;OMC tres normes nacionals que regulen els principals components del sistema de senyalitzaci\u00f3 vial: controladors electr\u00f2nics per a sem\u00e0fors, unitats \u00f2ptiques que emeten senyals lluminosos i requisits t\u00e8cnics per a la seva instal\u00b7laci\u00f3 a la carretera.<\/strong><\/p>\t\t\t\t\t\t\t\t<\/div>\n\t\t\t\t<\/div>\n\t\t\t\t<div class=\"elementor-element elementor-element-1e012274 elementor-widget-divider--view-line elementor-widget elementor-widget-divider\" data-id=\"1e012274\" data-element_type=\"widget\" data-e-type=\"widget\" data-widget_type=\"divider.default\">\n\t\t\t\t<div class=\"elementor-widget-container\">\n\t\t\t\t\t\t\t<div class=\"elementor-divider\">\n\t\t\t<span class=\"elementor-divider-separator\">\n\t\t\t\t\t\t<\/span>\n\t\t<\/div>\n\t\t\t\t\t\t<\/div>\n\t\t\t\t<\/div>\n\t\t\t\t<div class=\"elementor-element elementor-element-2ca194ee elementor-widget elementor-widget-text-editor\" data-id=\"2ca194ee\" data-element_type=\"widget\" data-e-type=\"widget\" data-widget_type=\"text-editor.default\">\n\t\t\t\t<div class=\"elementor-widget-container\">\n\t\t\t\t\t\t\t\t\t<p>Les tres notificacions xineses corresponen al <strong>mateix codi SA 853080<\/strong> , per\u00f2 <strong>cadascuna regula un element diferent del sistema de senyalitzaci\u00f3 vial<\/strong> .<\/p><p>Detallem cadascuna de les notificacions:<\/p><h5><strong>G\/TBT\/N\/CHN\/2142 \u2013 Road traffic signal controller<\/strong><\/h5><ul><li><strong>Objecte regulat:<\/strong> controladors electr\u00f2nics de senyals de tr\u00e0nsit (l&#8217;equip que gestiona cicles i temps).<\/li><li><strong>Abast t\u00e8cnic:<\/strong> classificaci\u00f3, designaci\u00f3 de models, requisits t\u00e8cnics, m\u00e8todes de prova, inspecci\u00f3, marcatge, etiquetatge i embalatge.<\/li><li><strong>\u00c0mbit daplicaci\u00f3:<\/strong> disseny, producci\u00f3 i inspecci\u00f3 de controladors; inclou tamb\u00e9 dispositius utilitzats en altres entorns per refer\u00e8ncia.<\/li><li><strong>Objectiu declarat:<\/strong> protecci\u00f3 de la salut o seguretat humanes.<\/li><li><strong>Document notificat (CH):<\/strong> <a href=\"https:\/\/members.wto.org\/crnattachments\/2025\/TBT\/CHN\/25_07828_00_x.pdf\" target=\"_blank\" rel=\"noopener\">https:\/\/members.wto.org\/crnattachments\/2025\/TBT\/CHN\/25_07828_00_x.pdf<\/a><\/li><\/ul><h5><strong><span style=\"color: #ffffff;\">_<\/span><br> G\/TBT\/N\/CHN\/2140 \u2013 Road traffic signal lamps<\/strong><\/h5><ul><li><strong>Objecte regulat:<\/strong> senyals de tr\u00e0nsit lluminoses \/ unitats \u00f2ptiques (llums dels sem\u00e0fors, fixes i circumstancials).<\/li><li><strong>Abast t\u00e8cnic:<\/strong> classificaci\u00f3, elaboraci\u00f3 de models, requisits, m\u00e8todes de prova, inspecci\u00f3, plaques indicadores, embalatge, transport i emmagatzematge.<\/li><li><strong>\u00c0mbit d&#8217;aplicaci\u00f3:<\/strong> disseny, fabricaci\u00f3 i inspecci\u00f3 dels senyals lluminosos utilitzats a la carretera.<\/li><li><strong>Objectiu declarat:<\/strong> prevenci\u00f3 de pr\u00e0ctiques enganyoses, protecci\u00f3 del consumidor i protecci\u00f3 de la salut o seguretat humanes.<\/li><li>Document notificat (CH): <a href=\"https:\/\/members.wto.org\/crnattachments\/2025\/TBT\/CHN\/25_07826_00_x.pdf\" target=\"_blank\" rel=\"noopener\">https:\/\/members.wto.org\/crnattachments\/2025\/TBT\/CHN\/25_07826_00_x.pdf<\/a><\/li><\/ul><h5><strong><span style=\"color: #ffffff;\">_<\/span><br> G\/TBT\/N\/CHN\/2141 \u2013 Safety technical requirements for transport signal setting and installation<\/strong><\/h5><ul><li><strong>Objecte regulat:<\/strong> instal\u00b7laci\u00f3 i col\u00b7locaci\u00f3 de senyals de tr\u00e0nsit.<\/li><li><strong>Abast t\u00e8cnic:<\/strong> requisits generals de seguretat, condicions dinstal\u00b7laci\u00f3, aplicaci\u00f3 combinada, requisits de visualitzaci\u00f3 i per\u00edode de transici\u00f3.<\/li><li><strong>\u00c0mbit d&#8217;aplicaci\u00f3:<\/strong> implantaci\u00f3 f\u00edsica i instal\u00b7laci\u00f3 de senyals de tr\u00e0nsit a la via.<\/li><li><strong>Objectiu declarat:<\/strong> protecci\u00f3 de la salut o seguretat humanes.<\/li><li><strong>Document notificat (CH):<\/strong> <a href=\"https:\/\/members.wto.org\/crnattachments\/2025\/TBT\/CHN\/25_07827_00_x.pdf\" target=\"_blank\" rel=\"noopener\">https:\/\/members.wto.org\/crnattachments\/2025\/TBT\/CHN\/25_07827_00_x.pdf<\/a><\/li><\/ul><p> <\/p>\t\t\t\t\t\t\t\t<\/div>\n\t\t\t\t<\/div>\n\t\t\t\t\t<\/div>\n\t\t<\/div>\n\t\t\t\t\t<\/div>\n\t\t<\/section>\n\t\t\t\t<\/div>\n\t\t","protected":false},"excerpt":{"rendered":"<p>La Xina ha notificat davant l&#8217;OMC tres normes nacionals que regulen els principals components del sistema de senyalitzaci\u00f3 vial: controladors electr\u00f2nics per a sem\u00e0fors, unitats \u00f2ptiques que emeten senyals lluminosos i requisits t\u00e8cnics per a la seva instal\u00b7laci\u00f3 a la carretera. Les tres notificacions xineses corresponen al mateix codi SA 853080 , per\u00f2 cadascuna regula [&hellip;]<\/p>\n","protected":false},"author":10,"featured_media":0,"parent":5934,"menu_order":0,"comment_status":"closed","ping_status":"closed","template":"elementor_canvas","meta":{"inline_featured_image":false,"footnotes":""},"categories":[219],"tags":[],"class_list":["post-44043","page","type-page","status-publish","hentry","category-alertes-i-tendencies-exclusives"],"yoast_head":"<!-- This site is optimized with the Yoast SEO plugin v27.3 - https:\/\/yoast.com\/product\/yoast-seo-wordpress\/ -->\n<title>La Xina actualitza el marc t\u00e8cnic de la senyalitzaci\u00f3 vial | amec Positive Industry<\/title>\n<meta name=\"robots\" content=\"index, follow, max-snippet:-1, max-image-preview:large, max-video-preview:-1\" \/>\n<link rel=\"canonical\" href=\"https:\/\/amec.es\/ca\/anticipat\/alertes-i-oportunitats\/la-xina-actualitza-el-marc-tecnic-de-la-senyalitzacio-vial\/\" \/>\n<meta property=\"og:locale\" content=\"ca_ES\" \/>\n<meta property=\"og:type\" content=\"article\" \/>\n<meta property=\"og:title\" content=\"La Xina actualitza el marc t\u00e8cnic de la senyalitzaci\u00f3 vial | amec Positive Industry\" \/>\n<meta property=\"og:description\" content=\"La Xina ha notificat davant l&#8217;OMC tres normes nacionals que regulen els principals components del sistema de senyalitzaci\u00f3 vial: controladors electr\u00f2nics per a sem\u00e0fors, unitats \u00f2ptiques que emeten senyals lluminosos i requisits t\u00e8cnics per a la seva instal\u00b7laci\u00f3 a la carretera. Les tres notificacions xineses corresponen al mateix codi SA 853080 , per\u00f2 cadascuna regula [&hellip;]\" \/>\n<meta property=\"og:url\" content=\"https:\/\/amec.es\/ca\/anticipat\/alertes-i-oportunitats\/la-xina-actualitza-el-marc-tecnic-de-la-senyalitzacio-vial\/\" \/>\n<meta property=\"og:site_name\" content=\"amec Positive Industry\" \/>\n<meta property=\"article:modified_time\" content=\"2025-11-24T11:21:45+00:00\" \/>\n<meta property=\"og:image\" content=\"https:\/\/amec.es\/wp-content\/uploads\/2024\/02\/Logo_AMEC.png\" \/>\n\t<meta property=\"og:image:width\" content=\"1827\" \/>\n\t<meta property=\"og:image:height\" content=\"438\" \/>\n\t<meta property=\"og:image:type\" content=\"image\/png\" \/>\n<meta name=\"twitter:card\" content=\"summary_large_image\" \/>\n<meta name=\"twitter:label1\" content=\"Temps estimat de lectura\" \/>\n\t<meta name=\"twitter:data1\" content=\"2 minuts\" \/>\n<script type=\"application\/ld+json\" class=\"yoast-schema-graph\">{\"@context\":\"https:\\\/\\\/schema.org\",\"@graph\":[{\"@type\":\"WebPage\",\"@id\":\"https:\\\/\\\/amec.es\\\/ca\\\/anticipat\\\/alertes-i-oportunitats\\\/la-xina-actualitza-el-marc-tecnic-de-la-senyalitzacio-vial\\\/\",\"url\":\"https:\\\/\\\/amec.es\\\/ca\\\/anticipat\\\/alertes-i-oportunitats\\\/la-xina-actualitza-el-marc-tecnic-de-la-senyalitzacio-vial\\\/\",\"name\":\"La Xina actualitza el marc t\u00e8cnic de la senyalitzaci\u00f3 vial | amec Positive Industry\",\"isPartOf\":{\"@id\":\"https:\\\/\\\/amec.es\\\/#website\"},\"datePublished\":\"2025-11-24T11:20:17+00:00\",\"dateModified\":\"2025-11-24T11:21:45+00:00\",\"breadcrumb\":{\"@id\":\"https:\\\/\\\/amec.es\\\/ca\\\/anticipat\\\/alertes-i-oportunitats\\\/la-xina-actualitza-el-marc-tecnic-de-la-senyalitzacio-vial\\\/#breadcrumb\"},\"inLanguage\":\"ca\",\"potentialAction\":[{\"@type\":\"ReadAction\",\"target\":[\"https:\\\/\\\/amec.es\\\/ca\\\/anticipat\\\/alertes-i-oportunitats\\\/la-xina-actualitza-el-marc-tecnic-de-la-senyalitzacio-vial\\\/\"]}]},{\"@type\":\"BreadcrumbList\",\"@id\":\"https:\\\/\\\/amec.es\\\/ca\\\/anticipat\\\/alertes-i-oportunitats\\\/la-xina-actualitza-el-marc-tecnic-de-la-senyalitzacio-vial\\\/#breadcrumb\",\"itemListElement\":[{\"@type\":\"ListItem\",\"position\":1,\"name\":\"Portada\",\"item\":\"https:\\\/\\\/amec.es\\\/ca\\\/home-new\\\/\"},{\"@type\":\"ListItem\",\"position\":2,\"name\":\"Anticipa&#8217;t\",\"item\":\"https:\\\/\\\/amec.es\\\/ca\\\/anticipat\\\/\"},{\"@type\":\"ListItem\",\"position\":3,\"name\":\"Alertes i oportunitats\",\"item\":\"https:\\\/\\\/amec.es\\\/ca\\\/anticipat\\\/alertes-i-oportunitats\\\/\"},{\"@type\":\"ListItem\",\"position\":4,\"name\":\"La Xina actualitza el marc t\u00e8cnic de la senyalitzaci\u00f3 vial\"}]},{\"@type\":\"WebSite\",\"@id\":\"https:\\\/\\\/amec.es\\\/#website\",\"url\":\"https:\\\/\\\/amec.es\\\/\",\"name\":\"amec Positive Industry\",\"description\":\"\",\"publisher\":{\"@id\":\"https:\\\/\\\/amec.es\\\/#organization\"},\"potentialAction\":[{\"@type\":\"SearchAction\",\"target\":{\"@type\":\"EntryPoint\",\"urlTemplate\":\"https:\\\/\\\/amec.es\\\/?s={search_term_string}\"},\"query-input\":{\"@type\":\"PropertyValueSpecification\",\"valueRequired\":true,\"valueName\":\"search_term_string\"}}],\"inLanguage\":\"ca\"},{\"@type\":\"Organization\",\"@id\":\"https:\\\/\\\/amec.es\\\/#organization\",\"name\":\"amec Positive Industry\",\"url\":\"https:\\\/\\\/amec.es\\\/\",\"logo\":{\"@type\":\"ImageObject\",\"inLanguage\":\"ca\",\"@id\":\"https:\\\/\\\/amec.es\\\/#\\\/schema\\\/logo\\\/image\\\/\",\"url\":\"https:\\\/\\\/amec.es\\\/wp-content\\\/uploads\\\/2023\\\/07\\\/logoamec.png\",\"contentUrl\":\"https:\\\/\\\/amec.es\\\/wp-content\\\/uploads\\\/2023\\\/07\\\/logoamec.png\",\"width\":200,\"height\":48,\"caption\":\"amec Positive Industry\"},\"image\":{\"@id\":\"https:\\\/\\\/amec.es\\\/#\\\/schema\\\/logo\\\/image\\\/\"}}]}<\/script>\n<!-- \/ Yoast SEO plugin. -->","yoast_head_json":{"title":"La Xina actualitza el marc t\u00e8cnic de la senyalitzaci\u00f3 vial | amec Positive Industry","robots":{"index":"index","follow":"follow","max-snippet":"max-snippet:-1","max-image-preview":"max-image-preview:large","max-video-preview":"max-video-preview:-1"},"canonical":"https:\/\/amec.es\/ca\/anticipat\/alertes-i-oportunitats\/la-xina-actualitza-el-marc-tecnic-de-la-senyalitzacio-vial\/","og_locale":"ca_ES","og_type":"article","og_title":"La Xina actualitza el marc t\u00e8cnic de la senyalitzaci\u00f3 vial | amec Positive Industry","og_description":"La Xina ha notificat davant l&#8217;OMC tres normes nacionals que regulen els principals components del sistema de senyalitzaci\u00f3 vial: controladors electr\u00f2nics per a sem\u00e0fors, unitats \u00f2ptiques que emeten senyals lluminosos i requisits t\u00e8cnics per a la seva instal\u00b7laci\u00f3 a la carretera. Les tres notificacions xineses corresponen al mateix codi SA 853080 , per\u00f2 cadascuna regula [&hellip;]","og_url":"https:\/\/amec.es\/ca\/anticipat\/alertes-i-oportunitats\/la-xina-actualitza-el-marc-tecnic-de-la-senyalitzacio-vial\/","og_site_name":"amec Positive Industry","article_modified_time":"2025-11-24T11:21:45+00:00","og_image":[{"width":1827,"height":438,"url":"https:\/\/amec.es\/wp-content\/uploads\/2024\/02\/Logo_AMEC.png","type":"image\/png"}],"twitter_card":"summary_large_image","twitter_misc":{"Temps estimat de lectura":"2 minuts"},"schema":{"@context":"https:\/\/schema.org","@graph":[{"@type":"WebPage","@id":"https:\/\/amec.es\/ca\/anticipat\/alertes-i-oportunitats\/la-xina-actualitza-el-marc-tecnic-de-la-senyalitzacio-vial\/","url":"https:\/\/amec.es\/ca\/anticipat\/alertes-i-oportunitats\/la-xina-actualitza-el-marc-tecnic-de-la-senyalitzacio-vial\/","name":"La Xina actualitza el marc t\u00e8cnic de la senyalitzaci\u00f3 vial | amec Positive Industry","isPartOf":{"@id":"https:\/\/amec.es\/#website"},"datePublished":"2025-11-24T11:20:17+00:00","dateModified":"2025-11-24T11:21:45+00:00","breadcrumb":{"@id":"https:\/\/amec.es\/ca\/anticipat\/alertes-i-oportunitats\/la-xina-actualitza-el-marc-tecnic-de-la-senyalitzacio-vial\/#breadcrumb"},"inLanguage":"ca","potentialAction":[{"@type":"ReadAction","target":["https:\/\/amec.es\/ca\/anticipat\/alertes-i-oportunitats\/la-xina-actualitza-el-marc-tecnic-de-la-senyalitzacio-vial\/"]}]},{"@type":"BreadcrumbList","@id":"https:\/\/amec.es\/ca\/anticipat\/alertes-i-oportunitats\/la-xina-actualitza-el-marc-tecnic-de-la-senyalitzacio-vial\/#breadcrumb","itemListElement":[{"@type":"ListItem","position":1,"name":"Portada","item":"https:\/\/amec.es\/ca\/home-new\/"},{"@type":"ListItem","position":2,"name":"Anticipa&#8217;t","item":"https:\/\/amec.es\/ca\/anticipat\/"},{"@type":"ListItem","position":3,"name":"Alertes i oportunitats","item":"https:\/\/amec.es\/ca\/anticipat\/alertes-i-oportunitats\/"},{"@type":"ListItem","position":4,"name":"La Xina actualitza el marc t\u00e8cnic de la senyalitzaci\u00f3 vial"}]},{"@type":"WebSite","@id":"https:\/\/amec.es\/#website","url":"https:\/\/amec.es\/","name":"amec Positive Industry","description":"","publisher":{"@id":"https:\/\/amec.es\/#organization"},"potentialAction":[{"@type":"SearchAction","target":{"@type":"EntryPoint","urlTemplate":"https:\/\/amec.es\/?s={search_term_string}"},"query-input":{"@type":"PropertyValueSpecification","valueRequired":true,"valueName":"search_term_string"}}],"inLanguage":"ca"},{"@type":"Organization","@id":"https:\/\/amec.es\/#organization","name":"amec Positive Industry","url":"https:\/\/amec.es\/","logo":{"@type":"ImageObject","inLanguage":"ca","@id":"https:\/\/amec.es\/#\/schema\/logo\/image\/","url":"https:\/\/amec.es\/wp-content\/uploads\/2023\/07\/logoamec.png","contentUrl":"https:\/\/amec.es\/wp-content\/uploads\/2023\/07\/logoamec.png","width":200,"height":48,"caption":"amec Positive Industry"},"image":{"@id":"https:\/\/amec.es\/#\/schema\/logo\/image\/"}}]}},"_links":{"self":[{"href":"https:\/\/amec.es\/ca\/wp-json\/wp\/v2\/pages\/44043","targetHints":{"allow":["GET"]}}],"collection":[{"href":"https:\/\/amec.es\/ca\/wp-json\/wp\/v2\/pages"}],"about":[{"href":"https:\/\/amec.es\/ca\/wp-json\/wp\/v2\/types\/page"}],"author":[{"embeddable":true,"href":"https:\/\/amec.es\/ca\/wp-json\/wp\/v2\/users\/10"}],"replies":[{"embeddable":true,"href":"https:\/\/amec.es\/ca\/wp-json\/wp\/v2\/comments?post=44043"}],"version-history":[{"count":3,"href":"https:\/\/amec.es\/ca\/wp-json\/wp\/v2\/pages\/44043\/revisions"}],"predecessor-version":[{"id":44048,"href":"https:\/\/amec.es\/ca\/wp-json\/wp\/v2\/pages\/44043\/revisions\/44048"}],"up":[{"embeddable":true,"href":"https:\/\/amec.es\/ca\/wp-json\/wp\/v2\/pages\/5934"}],"wp:attachment":[{"href":"https:\/\/amec.es\/ca\/wp-json\/wp\/v2\/media?parent=44043"}],"wp:term":[{"taxonomy":"category","embeddable":true,"href":"https:\/\/amec.es\/ca\/wp-json\/wp\/v2\/categories?post=44043"},{"taxonomy":"post_tag","embeddable":true,"href":"https:\/\/amec.es\/ca\/wp-json\/wp\/v2\/tags?post=44043"}],"curies":[{"name":"wp","href":"https:\/\/api.w.org\/{rel}","templated":true}]}}