{"id":44169,"date":"2025-11-25T15:41:28","date_gmt":"2025-11-25T14:41:28","guid":{"rendered":"https:\/\/amec.es\/anticipat\/alertes-i-oportunitats\/les-normes-digitals-encallen-lalleujament-aranzelari-a-acer-i-alumini\/"},"modified":"2025-11-25T15:44:48","modified_gmt":"2025-11-25T14:44:48","slug":"les-normes-digitals-encallen-lalleujament-aranzelari-a-acer-i-alumini","status":"publish","type":"page","link":"https:\/\/amec.es\/ca\/anticipat\/alertes-i-oportunitats\/les-normes-digitals-encallen-lalleujament-aranzelari-a-acer-i-alumini\/","title":{"rendered":"Les normes digitals encallen les negociacions de l&#8217;acer i l&#8217;alumini"},"content":{"rendered":"\t\t<div data-elementor-type=\"wp-page\" data-elementor-id=\"44169\" class=\"elementor elementor-44169 elementor-44138\" data-elementor-post-type=\"page\">\n\t\t\t\t\t\t<section class=\"elementor-section elementor-top-section elementor-element elementor-element-312577be elementor-section-boxed elementor-section-height-default elementor-section-height-default\" data-id=\"312577be\" data-element_type=\"section\" data-e-type=\"section\" data-settings=\"{&quot;background_background&quot;:&quot;gradient&quot;}\">\n\t\t\t\t\t\t<div class=\"elementor-container elementor-column-gap-default\">\n\t\t\t\t\t<div class=\"elementor-column elementor-col-100 elementor-top-column elementor-element elementor-element-52ccfc9a\" data-id=\"52ccfc9a\" data-element_type=\"column\" data-e-type=\"column\">\n\t\t\t<div class=\"elementor-widget-wrap elementor-element-populated\">\n\t\t\t\t\t\t<div class=\"elementor-element elementor-element-22400060 elementor-widget elementor-widget-heading\" data-id=\"22400060\" data-element_type=\"widget\" data-e-type=\"widget\" data-widget_type=\"heading.default\">\n\t\t\t\t<div class=\"elementor-widget-container\">\n\t\t\t\t\t<h2 class=\"elementor-heading-title elementor-size-default\"><a href=\"https:\/\/amec.es\/ca\/category\/alertes-i-tendencies-exclusives\/\" rel=\"tag\">Alertes i tend\u00e8ncies exclusives<\/a><\/h2>\t\t\t\t<\/div>\n\t\t\t\t<\/div>\n\t\t\t\t<div class=\"elementor-element elementor-element-18d71585 elementor-widget elementor-widget-spacer\" data-id=\"18d71585\" data-element_type=\"widget\" data-e-type=\"widget\" data-widget_type=\"spacer.default\">\n\t\t\t\t<div class=\"elementor-widget-container\">\n\t\t\t\t\t\t\t<div class=\"elementor-spacer\">\n\t\t\t<div class=\"elementor-spacer-inner\"><\/div>\n\t\t<\/div>\n\t\t\t\t\t\t<\/div>\n\t\t\t\t<\/div>\n\t\t\t\t<div class=\"elementor-element elementor-element-2448229 elementor-widget-divider--view-line elementor-widget elementor-widget-divider\" data-id=\"2448229\" data-element_type=\"widget\" data-e-type=\"widget\" data-widget_type=\"divider.default\">\n\t\t\t\t<div class=\"elementor-widget-container\">\n\t\t\t\t\t\t\t<div class=\"elementor-divider\">\n\t\t\t<span class=\"elementor-divider-separator\">\n\t\t\t\t\t\t<\/span>\n\t\t<\/div>\n\t\t\t\t\t\t<\/div>\n\t\t\t\t<\/div>\n\t\t\t\t\t<\/div>\n\t\t<\/div>\n\t\t\t\t\t<\/div>\n\t\t<\/section>\n\t\t\t\t<section class=\"elementor-section elementor-top-section elementor-element elementor-element-2ec01433 elementor-section-boxed elementor-section-height-default elementor-section-height-default\" data-id=\"2ec01433\" data-element_type=\"section\" data-e-type=\"section\">\n\t\t\t\t\t\t<div class=\"elementor-container elementor-column-gap-default\">\n\t\t\t\t\t<div class=\"elementor-column elementor-col-100 elementor-top-column elementor-element elementor-element-697ad765\" data-id=\"697ad765\" data-element_type=\"column\" data-e-type=\"column\">\n\t\t\t<div class=\"elementor-widget-wrap elementor-element-populated\">\n\t\t\t\t\t\t<div class=\"elementor-element elementor-element-590559ef elementor-widget elementor-widget-heading\" data-id=\"590559ef\" data-element_type=\"widget\" data-e-type=\"widget\" data-widget_type=\"heading.default\">\n\t\t\t\t<div class=\"elementor-widget-container\">\n\t\t\t\t\t<h2 class=\"elementor-heading-title elementor-size-default\">Les normes digitals encallen les negociacions de l&#8217;acer i l&#8217;alumini<\/h2>\t\t\t\t<\/div>\n\t\t\t\t<\/div>\n\t\t\t\t<div class=\"elementor-element elementor-element-2989bbd1 elementor-widget elementor-widget-spacer\" data-id=\"2989bbd1\" data-element_type=\"widget\" data-e-type=\"widget\" data-widget_type=\"spacer.default\">\n\t\t\t\t<div class=\"elementor-widget-container\">\n\t\t\t\t\t\t\t<div class=\"elementor-spacer\">\n\t\t\t<div class=\"elementor-spacer-inner\"><\/div>\n\t\t<\/div>\n\t\t\t\t\t\t<\/div>\n\t\t\t\t<\/div>\n\t\t\t\t<div class=\"elementor-element elementor-element-664e825b elementor-widget elementor-widget-text-editor\" data-id=\"664e825b\" data-element_type=\"widget\" data-e-type=\"widget\" data-widget_type=\"text-editor.default\">\n\t\t\t\t<div class=\"elementor-widget-container\">\n\t\t\t\t\t\t\t\t\t25 de novembre de 2025\t\t\t\t\t\t\t\t<\/div>\n\t\t\t\t<\/div>\n\t\t\t\t<div class=\"elementor-element elementor-element-585c2eff elementor-widget elementor-widget-text-editor\" data-id=\"585c2eff\" data-element_type=\"widget\" data-e-type=\"widget\" data-widget_type=\"text-editor.default\">\n\t\t\t\t<div class=\"elementor-widget-container\">\n\t\t\t\t\t\t\t\t\t<p><strong>Els Estats Units condicionan la reducci\u00f3 d&#8217;aranzels a l&#8217;acer ia l&#8217;alumini europeus a canvis en l&#8217;aplicaci\u00f3 de la normativa digital de la UE, mentre les dues parts continuen negociant els detalls de l&#8217;acord comercial al juliol.<\/strong><\/p>\t\t\t\t\t\t\t\t<\/div>\n\t\t\t\t<\/div>\n\t\t\t\t<div class=\"elementor-element elementor-element-3c97e19a elementor-widget-divider--view-line elementor-widget elementor-widget-divider\" data-id=\"3c97e19a\" data-element_type=\"widget\" data-e-type=\"widget\" data-widget_type=\"divider.default\">\n\t\t\t\t<div class=\"elementor-widget-container\">\n\t\t\t\t\t\t\t<div class=\"elementor-divider\">\n\t\t\t<span class=\"elementor-divider-separator\">\n\t\t\t\t\t\t<\/span>\n\t\t<\/div>\n\t\t\t\t\t\t<\/div>\n\t\t\t\t<\/div>\n\t\t\t\t<div class=\"elementor-element elementor-element-2027b057 elementor-widget elementor-widget-text-editor\" data-id=\"2027b057\" data-element_type=\"widget\" data-e-type=\"widget\" data-widget_type=\"text-editor.default\">\n\t\t\t\t<div class=\"elementor-widget-container\">\n\t\t\t\t\t\t\t\t\t<h5><strong>Pressions creuades al voltant d&#8217;aranzels i regles digitals<\/strong><\/h5><p>Les converses entre Washington i Brussel\u00b7les mostren <strong>dificultats creixents per tancar els aspectes pendents de l&#8217;acord comercial pactat al juliol<\/strong> , segons reflecteixen les reunions mantingudes aquesta setmana. Els Estats Units mantenen un aranzel del 50% sobre m\u00e9s de 400 productes europeus que contenen acer i alumini, una ampliaci\u00f3 que la UE considera contr\u00e0ria a l&#8217;esperit del marc comercial acordat. <\/p><p>El secretari de Comer\u00e7 dels EUA ha afirmat que <strong>qualsevol alleujament aranzelari passa perqu\u00e8 la UE adopti un enfocament \u201cm\u00e9s equilibrat\u201d en l&#8217;aplicaci\u00f3 de les seves normes digitals<\/strong> , especialment les que afecten les grans plataformes tecnol\u00f2giques nord-americanes. Washington insisteix que l&#8217;actual regulaci\u00f3 penalitza aquestes companyies, mentre que Brussel\u00b7les defensa que la normativa no \u00e9s discriminat\u00f2ria i forma part de la seva autonomia regulat\u00f2ria. <\/p><h5><strong><span style=\"color: #ffffff;\">_<\/span><br> La posici\u00f3 de la UE i l&#8217;abast de les reformes digitals<\/strong><\/h5><p>Brussel\u00b7les subratlla que les normes com el <strong>Digital Markets Act<\/strong> i el <strong>Digital Services Act<\/strong> <strong>s&#8217;apliquen igual a totes les empreses<\/strong> que operen al mercat europeu. Les autoritats han obert investigacions recents a plataformes com Amazon i Microsoft i han imposat sancions en casos de compet\u00e8ncia, refor\u00e7ant la defensa d&#8217;un marc regulador ferm. <\/p><p>Tot i aix\u00f2, encara que la Comissi\u00f3 Europea ha reiterat que no negociar\u00e0 la seva legislaci\u00f3 digital, encara que <strong>ha avan\u00e7at iniciatives de simplificaci\u00f3<\/strong> , incl\u00f2s un paquet \u00f2mnibus que introdueix ajustos al Reglament General de Protecci\u00f3 de Dades i implica una possible pausa en la implementaci\u00f3 de parts de la Llei d&#8217;Intel\u00b7lig\u00e8ncia Artificial.<\/p><p>Aquest context ha alimentat inquietuds al Parlament Europeu i entre organitzacions civils, que temen que aquests canvis es percebin com a concessions als EUA.<\/p><h5><strong><span style=\"color: #ffffff;\">_<\/span><br> Acer, alumini i les expectatives a les negociacions<\/strong><\/h5><p>Europa insisteix que <strong>el l\u00edmit tarifari del 15% acordat s&#8217;hauria d&#8217;aplicar de manera m\u00e9s \u00e0mplia<\/strong> , tamb\u00e9 a derivats de l&#8217;alumini ia productes sotmesos actualment al 50%. Legisladors europeus han advertit que no donaran suport a noves reduccions aranzel\u00e0ries a la UE mentre Washington no rebaixi els seus propis grav\u00e0mens. <\/p><p>A les reunions d&#8217;aquesta setmana, responsables europeus van plantejar la necessitat d&#8217;avan\u00e7ar en q\u00fcestions industrials i de confrontar conjuntament desafiaments globals com la sobrecapacitat de la Xina, encara que els Estats Units van deixar clar que aquesta cooperaci\u00f3 no implica una relaxaci\u00f3 autom\u00e0tica dels seus aranzels.<\/p><p>A l&#8217;espera de nous contactes <strong>la relaci\u00f3 entre aranzels i regulaci\u00f3 digital es mant\u00e9 com el principal obstacle per tancar una entesa definitiva<\/strong> .<\/p>\t\t\t\t\t\t\t\t<\/div>\n\t\t\t\t<\/div>\n\t\t\t\t\t<\/div>\n\t\t<\/div>\n\t\t\t\t\t<\/div>\n\t\t<\/section>\n\t\t\t\t<\/div>\n\t\t","protected":false},"excerpt":{"rendered":"<p>Els Estats Units condicionan la reducci\u00f3 d&#8217;aranzels a l&#8217;acer ia l&#8217;alumini europeus a canvis en l&#8217;aplicaci\u00f3 de la normativa digital de la UE, mentre les dues parts continuen negociant els detalls de l&#8217;acord comercial al juliol. Pressions creuades al voltant d&#8217;aranzels i regles digitals Les converses entre Washington i Brussel\u00b7les mostren dificultats creixents per tancar [&hellip;]<\/p>\n","protected":false},"author":10,"featured_media":0,"parent":5934,"menu_order":0,"comment_status":"closed","ping_status":"closed","template":"elementor_canvas","meta":{"inline_featured_image":false,"footnotes":""},"categories":[219],"tags":[],"class_list":["post-44169","page","type-page","status-publish","hentry","category-alertes-i-tendencies-exclusives"],"yoast_head":"<!-- This site is optimized with the Yoast SEO plugin v27.3 - https:\/\/yoast.com\/product\/yoast-seo-wordpress\/ -->\n<title>Les normes digitals encallen les negociacions de l&#039;acer i l&#039;alumini | amec Positive Industry<\/title>\n<meta name=\"robots\" content=\"index, follow, max-snippet:-1, max-image-preview:large, max-video-preview:-1\" \/>\n<link rel=\"canonical\" href=\"https:\/\/amec.es\/ca\/anticipat\/alertes-i-oportunitats\/les-normes-digitals-encallen-lalleujament-aranzelari-a-acer-i-alumini\/\" \/>\n<meta property=\"og:locale\" content=\"ca_ES\" \/>\n<meta property=\"og:type\" content=\"article\" \/>\n<meta property=\"og:title\" content=\"Les normes digitals encallen les negociacions de l&#039;acer i l&#039;alumini | amec Positive Industry\" \/>\n<meta property=\"og:description\" content=\"Els Estats Units condicionan la reducci\u00f3 d&#8217;aranzels a l&#8217;acer ia l&#8217;alumini europeus a canvis en l&#8217;aplicaci\u00f3 de la normativa digital de la UE, mentre les dues parts continuen negociant els detalls de l&#8217;acord comercial al juliol. Pressions creuades al voltant d&#8217;aranzels i regles digitals Les converses entre Washington i Brussel\u00b7les mostren dificultats creixents per tancar [&hellip;]\" \/>\n<meta property=\"og:url\" content=\"https:\/\/amec.es\/ca\/anticipat\/alertes-i-oportunitats\/les-normes-digitals-encallen-lalleujament-aranzelari-a-acer-i-alumini\/\" \/>\n<meta property=\"og:site_name\" content=\"amec Positive Industry\" \/>\n<meta property=\"article:modified_time\" content=\"2025-11-25T14:44:48+00:00\" \/>\n<meta property=\"og:image\" content=\"https:\/\/amec.es\/wp-content\/uploads\/2024\/02\/Logo_AMEC.png\" \/>\n\t<meta property=\"og:image:width\" content=\"1827\" \/>\n\t<meta property=\"og:image:height\" content=\"438\" \/>\n\t<meta property=\"og:image:type\" content=\"image\/png\" \/>\n<meta name=\"twitter:card\" content=\"summary_large_image\" \/>\n<meta name=\"twitter:label1\" content=\"Temps estimat de lectura\" \/>\n\t<meta name=\"twitter:data1\" content=\"2 minuts\" \/>\n<script type=\"application\/ld+json\" class=\"yoast-schema-graph\">{\"@context\":\"https:\\\/\\\/schema.org\",\"@graph\":[{\"@type\":\"WebPage\",\"@id\":\"https:\\\/\\\/amec.es\\\/ca\\\/anticipat\\\/alertes-i-oportunitats\\\/les-normes-digitals-encallen-lalleujament-aranzelari-a-acer-i-alumini\\\/\",\"url\":\"https:\\\/\\\/amec.es\\\/ca\\\/anticipat\\\/alertes-i-oportunitats\\\/les-normes-digitals-encallen-lalleujament-aranzelari-a-acer-i-alumini\\\/\",\"name\":\"Les normes digitals encallen les negociacions de l'acer i l'alumini | amec Positive Industry\",\"isPartOf\":{\"@id\":\"https:\\\/\\\/amec.es\\\/#website\"},\"datePublished\":\"2025-11-25T14:41:28+00:00\",\"dateModified\":\"2025-11-25T14:44:48+00:00\",\"breadcrumb\":{\"@id\":\"https:\\\/\\\/amec.es\\\/ca\\\/anticipat\\\/alertes-i-oportunitats\\\/les-normes-digitals-encallen-lalleujament-aranzelari-a-acer-i-alumini\\\/#breadcrumb\"},\"inLanguage\":\"ca\",\"potentialAction\":[{\"@type\":\"ReadAction\",\"target\":[\"https:\\\/\\\/amec.es\\\/ca\\\/anticipat\\\/alertes-i-oportunitats\\\/les-normes-digitals-encallen-lalleujament-aranzelari-a-acer-i-alumini\\\/\"]}]},{\"@type\":\"BreadcrumbList\",\"@id\":\"https:\\\/\\\/amec.es\\\/ca\\\/anticipat\\\/alertes-i-oportunitats\\\/les-normes-digitals-encallen-lalleujament-aranzelari-a-acer-i-alumini\\\/#breadcrumb\",\"itemListElement\":[{\"@type\":\"ListItem\",\"position\":1,\"name\":\"Portada\",\"item\":\"https:\\\/\\\/amec.es\\\/\"},{\"@type\":\"ListItem\",\"position\":2,\"name\":\"Anticipa&#8217;t\",\"item\":\"https:\\\/\\\/amec.es\\\/ca\\\/anticipat\\\/\"},{\"@type\":\"ListItem\",\"position\":3,\"name\":\"Alertes i oportunitats\",\"item\":\"https:\\\/\\\/amec.es\\\/ca\\\/anticipat\\\/alertes-i-oportunitats\\\/\"},{\"@type\":\"ListItem\",\"position\":4,\"name\":\"Les normes digitals encallen les negociacions de l&#8217;acer i l&#8217;alumini\"}]},{\"@type\":\"WebSite\",\"@id\":\"https:\\\/\\\/amec.es\\\/#website\",\"url\":\"https:\\\/\\\/amec.es\\\/\",\"name\":\"amec Positive Industry\",\"description\":\"\",\"publisher\":{\"@id\":\"https:\\\/\\\/amec.es\\\/#organization\"},\"potentialAction\":[{\"@type\":\"SearchAction\",\"target\":{\"@type\":\"EntryPoint\",\"urlTemplate\":\"https:\\\/\\\/amec.es\\\/?s={search_term_string}\"},\"query-input\":{\"@type\":\"PropertyValueSpecification\",\"valueRequired\":true,\"valueName\":\"search_term_string\"}}],\"inLanguage\":\"ca\"},{\"@type\":\"Organization\",\"@id\":\"https:\\\/\\\/amec.es\\\/#organization\",\"name\":\"amec Positive Industry\",\"url\":\"https:\\\/\\\/amec.es\\\/\",\"logo\":{\"@type\":\"ImageObject\",\"inLanguage\":\"ca\",\"@id\":\"https:\\\/\\\/amec.es\\\/#\\\/schema\\\/logo\\\/image\\\/\",\"url\":\"https:\\\/\\\/amec.es\\\/wp-content\\\/uploads\\\/2023\\\/07\\\/logoamec.png\",\"contentUrl\":\"https:\\\/\\\/amec.es\\\/wp-content\\\/uploads\\\/2023\\\/07\\\/logoamec.png\",\"width\":200,\"height\":48,\"caption\":\"amec Positive Industry\"},\"image\":{\"@id\":\"https:\\\/\\\/amec.es\\\/#\\\/schema\\\/logo\\\/image\\\/\"}}]}<\/script>\n<!-- \/ Yoast SEO plugin. -->","yoast_head_json":{"title":"Les normes digitals encallen les negociacions de l'acer i l'alumini | amec Positive Industry","robots":{"index":"index","follow":"follow","max-snippet":"max-snippet:-1","max-image-preview":"max-image-preview:large","max-video-preview":"max-video-preview:-1"},"canonical":"https:\/\/amec.es\/ca\/anticipat\/alertes-i-oportunitats\/les-normes-digitals-encallen-lalleujament-aranzelari-a-acer-i-alumini\/","og_locale":"ca_ES","og_type":"article","og_title":"Les normes digitals encallen les negociacions de l'acer i l'alumini | amec Positive Industry","og_description":"Els Estats Units condicionan la reducci\u00f3 d&#8217;aranzels a l&#8217;acer ia l&#8217;alumini europeus a canvis en l&#8217;aplicaci\u00f3 de la normativa digital de la UE, mentre les dues parts continuen negociant els detalls de l&#8217;acord comercial al juliol. Pressions creuades al voltant d&#8217;aranzels i regles digitals Les converses entre Washington i Brussel\u00b7les mostren dificultats creixents per tancar [&hellip;]","og_url":"https:\/\/amec.es\/ca\/anticipat\/alertes-i-oportunitats\/les-normes-digitals-encallen-lalleujament-aranzelari-a-acer-i-alumini\/","og_site_name":"amec Positive Industry","article_modified_time":"2025-11-25T14:44:48+00:00","og_image":[{"width":1827,"height":438,"url":"https:\/\/amec.es\/wp-content\/uploads\/2024\/02\/Logo_AMEC.png","type":"image\/png"}],"twitter_card":"summary_large_image","twitter_misc":{"Temps estimat de lectura":"2 minuts"},"schema":{"@context":"https:\/\/schema.org","@graph":[{"@type":"WebPage","@id":"https:\/\/amec.es\/ca\/anticipat\/alertes-i-oportunitats\/les-normes-digitals-encallen-lalleujament-aranzelari-a-acer-i-alumini\/","url":"https:\/\/amec.es\/ca\/anticipat\/alertes-i-oportunitats\/les-normes-digitals-encallen-lalleujament-aranzelari-a-acer-i-alumini\/","name":"Les normes digitals encallen les negociacions de l'acer i l'alumini | amec Positive Industry","isPartOf":{"@id":"https:\/\/amec.es\/#website"},"datePublished":"2025-11-25T14:41:28+00:00","dateModified":"2025-11-25T14:44:48+00:00","breadcrumb":{"@id":"https:\/\/amec.es\/ca\/anticipat\/alertes-i-oportunitats\/les-normes-digitals-encallen-lalleujament-aranzelari-a-acer-i-alumini\/#breadcrumb"},"inLanguage":"ca","potentialAction":[{"@type":"ReadAction","target":["https:\/\/amec.es\/ca\/anticipat\/alertes-i-oportunitats\/les-normes-digitals-encallen-lalleujament-aranzelari-a-acer-i-alumini\/"]}]},{"@type":"BreadcrumbList","@id":"https:\/\/amec.es\/ca\/anticipat\/alertes-i-oportunitats\/les-normes-digitals-encallen-lalleujament-aranzelari-a-acer-i-alumini\/#breadcrumb","itemListElement":[{"@type":"ListItem","position":1,"name":"Portada","item":"https:\/\/amec.es\/"},{"@type":"ListItem","position":2,"name":"Anticipa&#8217;t","item":"https:\/\/amec.es\/ca\/anticipat\/"},{"@type":"ListItem","position":3,"name":"Alertes i oportunitats","item":"https:\/\/amec.es\/ca\/anticipat\/alertes-i-oportunitats\/"},{"@type":"ListItem","position":4,"name":"Les normes digitals encallen les negociacions de l&#8217;acer i l&#8217;alumini"}]},{"@type":"WebSite","@id":"https:\/\/amec.es\/#website","url":"https:\/\/amec.es\/","name":"amec Positive Industry","description":"","publisher":{"@id":"https:\/\/amec.es\/#organization"},"potentialAction":[{"@type":"SearchAction","target":{"@type":"EntryPoint","urlTemplate":"https:\/\/amec.es\/?s={search_term_string}"},"query-input":{"@type":"PropertyValueSpecification","valueRequired":true,"valueName":"search_term_string"}}],"inLanguage":"ca"},{"@type":"Organization","@id":"https:\/\/amec.es\/#organization","name":"amec Positive Industry","url":"https:\/\/amec.es\/","logo":{"@type":"ImageObject","inLanguage":"ca","@id":"https:\/\/amec.es\/#\/schema\/logo\/image\/","url":"https:\/\/amec.es\/wp-content\/uploads\/2023\/07\/logoamec.png","contentUrl":"https:\/\/amec.es\/wp-content\/uploads\/2023\/07\/logoamec.png","width":200,"height":48,"caption":"amec Positive Industry"},"image":{"@id":"https:\/\/amec.es\/#\/schema\/logo\/image\/"}}]}},"_links":{"self":[{"href":"https:\/\/amec.es\/ca\/wp-json\/wp\/v2\/pages\/44169","targetHints":{"allow":["GET"]}}],"collection":[{"href":"https:\/\/amec.es\/ca\/wp-json\/wp\/v2\/pages"}],"about":[{"href":"https:\/\/amec.es\/ca\/wp-json\/wp\/v2\/types\/page"}],"author":[{"embeddable":true,"href":"https:\/\/amec.es\/ca\/wp-json\/wp\/v2\/users\/10"}],"replies":[{"embeddable":true,"href":"https:\/\/amec.es\/ca\/wp-json\/wp\/v2\/comments?post=44169"}],"version-history":[{"count":2,"href":"https:\/\/amec.es\/ca\/wp-json\/wp\/v2\/pages\/44169\/revisions"}],"predecessor-version":[{"id":44175,"href":"https:\/\/amec.es\/ca\/wp-json\/wp\/v2\/pages\/44169\/revisions\/44175"}],"up":[{"embeddable":true,"href":"https:\/\/amec.es\/ca\/wp-json\/wp\/v2\/pages\/5934"}],"wp:attachment":[{"href":"https:\/\/amec.es\/ca\/wp-json\/wp\/v2\/media?parent=44169"}],"wp:term":[{"taxonomy":"category","embeddable":true,"href":"https:\/\/amec.es\/ca\/wp-json\/wp\/v2\/categories?post=44169"},{"taxonomy":"post_tag","embeddable":true,"href":"https:\/\/amec.es\/ca\/wp-json\/wp\/v2\/tags?post=44169"}],"curies":[{"name":"wp","href":"https:\/\/api.w.org\/{rel}","templated":true}]}}