{"id":44183,"date":"2025-11-26T08:48:20","date_gmt":"2025-11-26T07:48:20","guid":{"rendered":"https:\/\/amec.es\/anticipat\/alertes-i-oportunitats\/2026-marca-linici-del-passaport-digital-de-productes-a-la-ue\/"},"modified":"2025-11-26T08:51:14","modified_gmt":"2025-11-26T07:51:14","slug":"2026-marca-linici-del-passaport-digital-de-productes-a-la-ue","status":"publish","type":"page","link":"https:\/\/amec.es\/ca\/anticipat\/alertes-i-oportunitats\/2026-marca-linici-del-passaport-digital-de-productes-a-la-ue\/","title":{"rendered":"2026 marca l&#8217;inici del Passaport Digital de Productes a la UE"},"content":{"rendered":"\t\t<div data-elementor-type=\"wp-page\" data-elementor-id=\"44183\" class=\"elementor elementor-44183 elementor-44177\" data-elementor-post-type=\"page\">\n\t\t\t\t\t\t<section class=\"elementor-section elementor-top-section elementor-element elementor-element-3fd1ce90 elementor-section-boxed elementor-section-height-default elementor-section-height-default\" data-id=\"3fd1ce90\" data-element_type=\"section\" data-e-type=\"section\" data-settings=\"{&quot;background_background&quot;:&quot;gradient&quot;}\">\n\t\t\t\t\t\t<div class=\"elementor-container elementor-column-gap-default\">\n\t\t\t\t\t<div class=\"elementor-column elementor-col-100 elementor-top-column elementor-element elementor-element-54f7b4d1\" data-id=\"54f7b4d1\" data-element_type=\"column\" data-e-type=\"column\">\n\t\t\t<div class=\"elementor-widget-wrap elementor-element-populated\">\n\t\t\t\t\t\t<div class=\"elementor-element elementor-element-960f80 elementor-widget elementor-widget-heading\" data-id=\"960f80\" data-element_type=\"widget\" data-e-type=\"widget\" data-widget_type=\"heading.default\">\n\t\t\t\t<div class=\"elementor-widget-container\">\n\t\t\t\t\t<h2 class=\"elementor-heading-title elementor-size-default\"><a href=\"https:\/\/amec.es\/ca\/category\/alertes-i-tendencies-exclusives\/\" rel=\"tag\">Alertes i tend\u00e8ncies exclusives<\/a><\/h2>\t\t\t\t<\/div>\n\t\t\t\t<\/div>\n\t\t\t\t<div class=\"elementor-element elementor-element-b44ec3d elementor-widget elementor-widget-spacer\" data-id=\"b44ec3d\" data-element_type=\"widget\" data-e-type=\"widget\" data-widget_type=\"spacer.default\">\n\t\t\t\t<div class=\"elementor-widget-container\">\n\t\t\t\t\t\t\t<div class=\"elementor-spacer\">\n\t\t\t<div class=\"elementor-spacer-inner\"><\/div>\n\t\t<\/div>\n\t\t\t\t\t\t<\/div>\n\t\t\t\t<\/div>\n\t\t\t\t<div class=\"elementor-element elementor-element-5f1edb85 elementor-widget-divider--view-line elementor-widget elementor-widget-divider\" data-id=\"5f1edb85\" data-element_type=\"widget\" data-e-type=\"widget\" data-widget_type=\"divider.default\">\n\t\t\t\t<div class=\"elementor-widget-container\">\n\t\t\t\t\t\t\t<div class=\"elementor-divider\">\n\t\t\t<span class=\"elementor-divider-separator\">\n\t\t\t\t\t\t<\/span>\n\t\t<\/div>\n\t\t\t\t\t\t<\/div>\n\t\t\t\t<\/div>\n\t\t\t\t\t<\/div>\n\t\t<\/div>\n\t\t\t\t\t<\/div>\n\t\t<\/section>\n\t\t\t\t<section class=\"elementor-section elementor-top-section elementor-element elementor-element-5b44bce9 elementor-section-boxed elementor-section-height-default elementor-section-height-default\" data-id=\"5b44bce9\" data-element_type=\"section\" data-e-type=\"section\">\n\t\t\t\t\t\t<div class=\"elementor-container elementor-column-gap-default\">\n\t\t\t\t\t<div class=\"elementor-column elementor-col-100 elementor-top-column elementor-element elementor-element-a4665a0\" data-id=\"a4665a0\" data-element_type=\"column\" data-e-type=\"column\">\n\t\t\t<div class=\"elementor-widget-wrap elementor-element-populated\">\n\t\t\t\t\t\t<div class=\"elementor-element elementor-element-19b5a481 elementor-widget elementor-widget-heading\" data-id=\"19b5a481\" data-element_type=\"widget\" data-e-type=\"widget\" data-widget_type=\"heading.default\">\n\t\t\t\t<div class=\"elementor-widget-container\">\n\t\t\t\t\t<h2 class=\"elementor-heading-title elementor-size-default\">2026 marca l&#8217;inici del Passaport Digital de Productes a la UE<\/h2>\t\t\t\t<\/div>\n\t\t\t\t<\/div>\n\t\t\t\t<div class=\"elementor-element elementor-element-7cfaf760 elementor-widget elementor-widget-spacer\" data-id=\"7cfaf760\" data-element_type=\"widget\" data-e-type=\"widget\" data-widget_type=\"spacer.default\">\n\t\t\t\t<div class=\"elementor-widget-container\">\n\t\t\t\t\t\t\t<div class=\"elementor-spacer\">\n\t\t\t<div class=\"elementor-spacer-inner\"><\/div>\n\t\t<\/div>\n\t\t\t\t\t\t<\/div>\n\t\t\t\t<\/div>\n\t\t\t\t<div class=\"elementor-element elementor-element-2b4b6421 elementor-widget elementor-widget-text-editor\" data-id=\"2b4b6421\" data-element_type=\"widget\" data-e-type=\"widget\" data-widget_type=\"text-editor.default\">\n\t\t\t\t<div class=\"elementor-widget-container\">\n\t\t\t\t\t\t\t\t\t26 de novembre de 2025\t\t\t\t\t\t\t\t<\/div>\n\t\t\t\t<\/div>\n\t\t\t\t<div class=\"elementor-element elementor-element-c2d0cdb elementor-widget elementor-widget-text-editor\" data-id=\"c2d0cdb\" data-element_type=\"widget\" data-e-type=\"widget\" data-widget_type=\"text-editor.default\">\n\t\t\t\t<div class=\"elementor-widget-container\">\n\t\t\t\t\t\t\t\t\t<p><strong>El 2026 la Uni\u00f3 Europea posar\u00e0 en marxa el registre digital central del Passaport Digital de Productes, arrencant amb bateries i equips industrials abans d&#8217;estendre&#8217;s a tots els productes venuts al mercat europeu.<\/strong><\/p>\t\t\t\t\t\t\t\t<\/div>\n\t\t\t\t<\/div>\n\t\t\t\t<div class=\"elementor-element elementor-element-480c5c98 elementor-widget-divider--view-line elementor-widget elementor-widget-divider\" data-id=\"480c5c98\" data-element_type=\"widget\" data-e-type=\"widget\" data-widget_type=\"divider.default\">\n\t\t\t\t<div class=\"elementor-widget-container\">\n\t\t\t\t\t\t\t<div class=\"elementor-divider\">\n\t\t\t<span class=\"elementor-divider-separator\">\n\t\t\t\t\t\t<\/span>\n\t\t<\/div>\n\t\t\t\t\t\t<\/div>\n\t\t\t\t<\/div>\n\t\t\t\t<div class=\"elementor-element elementor-element-d35f721 elementor-widget elementor-widget-text-editor\" data-id=\"d35f721\" data-element_type=\"widget\" data-e-type=\"widget\" data-widget_type=\"text-editor.default\">\n\t\t\t\t<div class=\"elementor-widget-container\">\n\t\t\t\t\t\t\t\t\t<h5><strong>Qu\u00e8 \u00e9s el Passaport Digital de Productes (DPP)?<\/strong><\/h5><p>El Passaport Digital de Productes (DPP, per les sigles en angl\u00e8s, <em>Digital Product Passport<\/em> ) \u00e9s un <strong>registre digital que cont\u00e9 informaci\u00f3 exhaustiva sobre un producte al llarg de tot el seu cicle de vida.<\/strong> \u00c9s essencialment la identitat digital d&#8217;un producte.<\/p><p>El DPP va ser implementat per la Uni\u00f3 Europea a trav\u00e9s del <strong>Reglament d&#8217;Ecodisseny per a Productes Sostenibles (ESPR)<\/strong> , que va entrar en vigor el juliol del 2024.<\/p><p>Cada passaport estar\u00e0 <strong>vinculat digitalment al producte<\/strong> mitjan\u00e7ant un identificador digital \u00fanic. Aix\u00f2 generalment saconseguir\u00e0 a trav\u00e9s de portadors de dades com codis QR, etiquetes NFC o RFID, que els clients o reguladors poden escanejar per obtenir la informaci\u00f3 del producte immediatament. <\/p><p>Les empreses que subministren, venen o tenen qualsevol tipus de producte f\u00edsic al mercat de la UE hauran de considerar els DPP. <strong>La manca de compliment podria resultar en el bloqueig de productes a la UE<\/strong> , incloent multes o restriccions dacc\u00e9s al mercat.<\/p><p><strong>Contingut:<\/strong><\/p><ul><li>El passaport reuneix informaci\u00f3 integral sobre el producte i la seva cadena de subministrament, incloent detalls sobre les <strong>mat\u00e8ries primeres<\/strong> , la producci\u00f3, l&#8217;impacte ambiental, les instruccions de cura, i qu\u00e8 fer amb el producte al final de la seva vida \u00fatil, com ara opcions de reparaci\u00f3 i reciclatge.<\/li><li>Les dades espec\u00edfiques que pot contenir inclouen la composici\u00f3 del material (per exemple, 98% acer i 2% mineral de ferro), el contingut reciclat (per exemple, 18%), la petjada de carboni (per exemple, 2,10 kg de CO2e\/kg), certificats (per exemple, EN 10204-3.1), origen del material.<\/li><li>Tamb\u00e9 es requereix la <strong>tra\u00e7abilitat del cicle de vida<\/strong> , registrant esdeveniments com a manteniment, calibratge i inspeccions per provar la conformitat cont\u00ednua de l&#8217;equip.<\/li><\/ul><p><strong>_<br> Obligacions:<\/strong><\/p><ul><li>La responsabilitat de garantir la <strong>precisi\u00f3 de les dades<\/strong> del DPP recau en el negoci que introdueix el producte al mercat de la UE.<\/li><li>Els passaports han de romandre accessibles <strong>anys despr\u00e9s<\/strong> que el producte hagi sortit del punt de venda; en algunes categories, aix\u00f2 pot ser de fins a 10 anys, o almenys 5 a 10 anys perqu\u00e8 els clients trobin informaci\u00f3 de reparaci\u00f3 o reciclatge.<\/li><\/ul><h5><strong><span style=\"color: #ffffff;\">_<\/span><br> Cronograma d&#8217;Implementaci\u00f3<\/strong><\/h5><p>La introducci\u00f3 del DPP es dur\u00e0 a terme per etapes durant els propers cinc anys, comen\u00e7ant amb els primers requisits previstos per al 2026, i afegint categories addicionals anualment fins que tots els articles venuts a la UE hagin de portar un DPP per al 2030.<\/p><p><strong>2026<\/strong><\/p><ul><li><strong>Prioritzaci\u00f3 de productes:<\/strong> Els requisits inicials estan previstos per a les <strong>bateries<\/strong> i altres productes industrials d&#8217;alt consum energ\u00e8tic.<\/li><li><strong>Infraestructura Central:<\/strong> El juliol del 2026, la UE establir\u00e0 un <strong>registre digital central<\/strong> que servir\u00e0 com a emmagatzematge centralitzat per a totes les dades del DPP.<\/li><li><strong>Publicaci\u00f3 d&#8217;est\u00e0ndards:<\/strong> El desembre de 2025 s&#8217;espera que les organitzacions d&#8217;est\u00e0ndards europees proporcionin est\u00e0ndards harmonitzats per al sistema DPP.<\/li><\/ul><p><strong><span style=\"color: #ffffff;\">_<\/span><br> 2027<\/strong><\/p><ul><li><strong>Entrada a Vigor:<\/strong> A mitjan 2027, les normes relatives als <strong>t\u00e8xtils, el cal\u00e7at, i el ferro\/acer<\/strong> entraran en vigor. Aix\u00f2 requerir\u00e0 que tots els productes d&#8217;aquestes categories tinguin un DPP fonamental amb informaci\u00f3 b\u00e0sica del producte i del medi ambient. La implementaci\u00f3 del DPP per als t\u00e8xtils es realitzar\u00e0 de manera esglaonada i progressiva, exigint nivells creixents de sofisticaci\u00f3, dades i tra\u00e7abilitat al llarg del temps.  <\/li><li><strong>Bateries i grans equips industrials:<\/strong> El passaport de bateries, establert sota una regulaci\u00f3 separada, tamb\u00e9 comen\u00e7a el 2027. Els requisits per a bateries i equips industrials grans s&#8217;implementaran entre el 2026 i el 2027. <\/li><li><strong>Altres sectors:<\/strong> L&#8217;alumini i els pneum\u00e0tics tamb\u00e9 estan prioritzats per a l&#8217;any 2027.<\/li><li><strong>Regulaci\u00f3 de Maquin\u00e0ria (Sota la Normativa Espec\u00edfica de Maquin\u00e0ria de la UE):<\/strong> De manera paral\u00b7lela i independent, el <strong>Reglament de Maquin\u00e0ria de la UE<\/strong> requereix que la <strong>documentaci\u00f3 b\u00e0sica<\/strong> (manuals, certificats) de tota la maquin\u00e0ria sigui obligat\u00f2riament digital a partir del 2027. Aquesta transici\u00f3 a la documentaci\u00f3 &#8220;digital primer&#8221; establerta pel Reglament de Maquinaria gestionar una gran quantitat de dades i registres digitals dels equips en un sistema centralitzat. <\/li><\/ul><p><strong><span style=\"color: #ffffff;\">_<\/span><br> 2028 i 2029<\/strong><\/p><ul><li><strong>Expansi\u00f3 de Categories:<\/strong> Entre 2028 i 2029, s&#8217;agregaran categories com a <strong>electr\u00f2nica, mobles, matalassos i vehicles<\/strong> .<\/li><\/ul><p><strong><span style=\"color: #ffffff;\">_<\/span><br> 2030 i 2033<\/strong><\/p><ul><li><strong>Adopci\u00f3 Total:<\/strong> Per a l&#8217;any 2030, <strong>tots els grups de productes restants<\/strong> han de portar un DPP.<\/li><li><strong>Sofisticaci\u00f3:<\/strong> Per a aquesta data, es requerir\u00e0 un DPP m\u00e9s sofisticat per a t\u00e8xtils, que capturi informaci\u00f3 m\u00e9s detallada del cicle de vida i tingui m\u00e9s accessibilitat per a les parts interessades.<\/li><li><strong>DPP Circular Complet:<\/strong> Per al 2033, es requerir\u00e0 un DPP circular complet per a t\u00e8xtils, que inclogui totes les dades del cicle de vida, incloent rutes de reutilitzaci\u00f3 i reciclatge.<\/li><\/ul>\t\t\t\t\t\t\t\t<\/div>\n\t\t\t\t<\/div>\n\t\t\t\t\t<\/div>\n\t\t<\/div>\n\t\t\t\t\t<\/div>\n\t\t<\/section>\n\t\t\t\t<section class=\"elementor-section elementor-top-section elementor-element elementor-element-6319de42 elementor-section-boxed elementor-section-height-default elementor-section-height-default\" data-id=\"6319de42\" data-element_type=\"section\" data-e-type=\"section\">\n\t\t\t\t\t\t<div class=\"elementor-container elementor-column-gap-default\">\n\t\t\t\t\t<div class=\"elementor-column elementor-col-100 elementor-top-column elementor-element elementor-element-62852e54\" data-id=\"62852e54\" data-element_type=\"column\" data-e-type=\"column\">\n\t\t\t<div class=\"elementor-widget-wrap elementor-element-populated\">\n\t\t\t\t\t\t<div class=\"elementor-element elementor-element-f5bc32b elementor-widget-divider--view-line elementor-widget elementor-widget-divider\" data-id=\"f5bc32b\" data-element_type=\"widget\" data-e-type=\"widget\" data-widget_type=\"divider.default\">\n\t\t\t\t<div class=\"elementor-widget-container\">\n\t\t\t\t\t\t\t<div class=\"elementor-divider\">\n\t\t\t<span class=\"elementor-divider-separator\">\n\t\t\t\t\t\t<\/span>\n\t\t<\/div>\n\t\t\t\t\t\t<\/div>\n\t\t\t\t<\/div>\n\t\t\t\t<div class=\"elementor-element elementor-element-7bce9c4e elementor-widget elementor-widget-heading\" data-id=\"7bce9c4e\" data-element_type=\"widget\" data-e-type=\"widget\" data-widget_type=\"heading.default\">\n\t\t\t\t<div class=\"elementor-widget-container\">\n\t\t\t\t\t<h5 class=\"elementor-heading-title elementor-size-default\">Recursos<\/h5>\t\t\t\t<\/div>\n\t\t\t\t<\/div>\n\t\t\t\t<div class=\"elementor-element elementor-element-55ec057b elementor-widget elementor-widget-text-editor\" data-id=\"55ec057b\" data-element_type=\"widget\" data-e-type=\"widget\" data-widget_type=\"text-editor.default\">\n\t\t\t\t<div class=\"elementor-widget-container\">\n\t\t\t\t\t\t\t\t\t<p class=\"ecl-page-header__title\">European Commission. Ecodesign for Sustainable Products Regulation<\/p><p><a href=\"https:\/\/commission.europa.eu\/energy-climate-change-environment\/standards-tools-and-labels\/products-labelling-rules-and-requirements\/ecodesign-sustainable-products-regulation_en\" target=\"_blank\" rel=\"noopener\">https:\/\/commission.europa.eu\/energy-climate-change-environment\/standards-tools-and-labels\/products-labelling-rules-and-requirements\/ecodesign-sustainable-products-regulation_en<\/a><\/p>\t\t\t\t\t\t\t\t<\/div>\n\t\t\t\t<\/div>\n\t\t\t\t<div class=\"elementor-element elementor-element-20a40739 elementor-widget elementor-widget-spacer\" data-id=\"20a40739\" data-element_type=\"widget\" data-e-type=\"widget\" data-widget_type=\"spacer.default\">\n\t\t\t\t<div class=\"elementor-widget-container\">\n\t\t\t\t\t\t\t<div class=\"elementor-spacer\">\n\t\t\t<div class=\"elementor-spacer-inner\"><\/div>\n\t\t<\/div>\n\t\t\t\t\t\t<\/div>\n\t\t\t\t<\/div>\n\t\t\t\t\t<\/div>\n\t\t<\/div>\n\t\t\t\t\t<\/div>\n\t\t<\/section>\n\t\t\t\t<\/div>\n\t\t","protected":false},"excerpt":{"rendered":"<p>El 2026 la Uni\u00f3 Europea posar\u00e0 en marxa el registre digital central del Passaport Digital de Productes, arrencant amb bateries i equips industrials abans d&#8217;estendre&#8217;s a tots els productes venuts al mercat europeu. Qu\u00e8 \u00e9s el Passaport Digital de Productes (DPP)? El Passaport Digital de Productes (DPP, per les sigles en angl\u00e8s, Digital Product Passport [&hellip;]<\/p>\n","protected":false},"author":10,"featured_media":0,"parent":5934,"menu_order":0,"comment_status":"closed","ping_status":"closed","template":"elementor_canvas","meta":{"inline_featured_image":false,"footnotes":""},"categories":[219],"tags":[],"class_list":["post-44183","page","type-page","status-publish","hentry","category-alertes-i-tendencies-exclusives"],"yoast_head":"<!-- This site is optimized with the Yoast SEO plugin v27.5 - https:\/\/yoast.com\/product\/yoast-seo-wordpress\/ -->\n<title>2026 marca l&#039;inici del Passaport Digital de Productes a la UE | amec Positive Industry<\/title>\n<meta name=\"robots\" content=\"index, follow, max-snippet:-1, max-image-preview:large, max-video-preview:-1\" \/>\n<link rel=\"canonical\" href=\"https:\/\/amec.es\/ca\/anticipat\/alertes-i-oportunitats\/2026-marca-linici-del-passaport-digital-de-productes-a-la-ue\/\" \/>\n<meta property=\"og:locale\" content=\"ca_ES\" \/>\n<meta property=\"og:type\" content=\"article\" \/>\n<meta property=\"og:title\" content=\"2026 marca l&#039;inici del Passaport Digital de Productes a la UE | amec Positive Industry\" \/>\n<meta property=\"og:description\" content=\"El 2026 la Uni\u00f3 Europea posar\u00e0 en marxa el registre digital central del Passaport Digital de Productes, arrencant amb bateries i equips industrials abans d&#8217;estendre&#8217;s a tots els productes venuts al mercat europeu. Qu\u00e8 \u00e9s el Passaport Digital de Productes (DPP)? El Passaport Digital de Productes (DPP, per les sigles en angl\u00e8s, Digital Product Passport [&hellip;]\" \/>\n<meta property=\"og:url\" content=\"https:\/\/amec.es\/ca\/anticipat\/alertes-i-oportunitats\/2026-marca-linici-del-passaport-digital-de-productes-a-la-ue\/\" \/>\n<meta property=\"og:site_name\" content=\"amec Positive Industry\" \/>\n<meta property=\"article:modified_time\" content=\"2025-11-26T07:51:14+00:00\" \/>\n<meta property=\"og:image\" content=\"https:\/\/amec.es\/wp-content\/uploads\/2024\/02\/Logo_AMEC.png\" \/>\n\t<meta property=\"og:image:width\" content=\"1827\" \/>\n\t<meta property=\"og:image:height\" content=\"438\" \/>\n\t<meta property=\"og:image:type\" content=\"image\/png\" \/>\n<meta name=\"twitter:card\" content=\"summary_large_image\" \/>\n<meta name=\"twitter:label1\" content=\"Temps estimat de lectura\" \/>\n\t<meta name=\"twitter:data1\" content=\"4 minuts\" \/>\n<script type=\"application\/ld+json\" class=\"yoast-schema-graph\">{\"@context\":\"https:\\\/\\\/schema.org\",\"@graph\":[{\"@type\":\"WebPage\",\"@id\":\"https:\\\/\\\/amec.es\\\/ca\\\/anticipat\\\/alertes-i-oportunitats\\\/2026-marca-linici-del-passaport-digital-de-productes-a-la-ue\\\/\",\"url\":\"https:\\\/\\\/amec.es\\\/ca\\\/anticipat\\\/alertes-i-oportunitats\\\/2026-marca-linici-del-passaport-digital-de-productes-a-la-ue\\\/\",\"name\":\"2026 marca l'inici del Passaport Digital de Productes a la UE | amec Positive Industry\",\"isPartOf\":{\"@id\":\"https:\\\/\\\/amec.es\\\/#website\"},\"datePublished\":\"2025-11-26T07:48:20+00:00\",\"dateModified\":\"2025-11-26T07:51:14+00:00\",\"breadcrumb\":{\"@id\":\"https:\\\/\\\/amec.es\\\/ca\\\/anticipat\\\/alertes-i-oportunitats\\\/2026-marca-linici-del-passaport-digital-de-productes-a-la-ue\\\/#breadcrumb\"},\"inLanguage\":\"ca\",\"potentialAction\":[{\"@type\":\"ReadAction\",\"target\":[\"https:\\\/\\\/amec.es\\\/ca\\\/anticipat\\\/alertes-i-oportunitats\\\/2026-marca-linici-del-passaport-digital-de-productes-a-la-ue\\\/\"]}]},{\"@type\":\"BreadcrumbList\",\"@id\":\"https:\\\/\\\/amec.es\\\/ca\\\/anticipat\\\/alertes-i-oportunitats\\\/2026-marca-linici-del-passaport-digital-de-productes-a-la-ue\\\/#breadcrumb\",\"itemListElement\":[{\"@type\":\"ListItem\",\"position\":1,\"name\":\"Portada\",\"item\":\"https:\\\/\\\/amec.es\\\/ca\\\/home-new\\\/\"},{\"@type\":\"ListItem\",\"position\":2,\"name\":\"Anticipa&#8217;t\",\"item\":\"https:\\\/\\\/amec.es\\\/ca\\\/anticipat\\\/\"},{\"@type\":\"ListItem\",\"position\":3,\"name\":\"Alertes i oportunitats\",\"item\":\"https:\\\/\\\/amec.es\\\/ca\\\/anticipat\\\/alertes-i-oportunitats\\\/\"},{\"@type\":\"ListItem\",\"position\":4,\"name\":\"2026 marca l&#8217;inici del Passaport Digital de Productes a la UE\"}]},{\"@type\":\"WebSite\",\"@id\":\"https:\\\/\\\/amec.es\\\/#website\",\"url\":\"https:\\\/\\\/amec.es\\\/\",\"name\":\"amec Positive Industry\",\"description\":\"\",\"publisher\":{\"@id\":\"https:\\\/\\\/amec.es\\\/#organization\"},\"potentialAction\":[{\"@type\":\"SearchAction\",\"target\":{\"@type\":\"EntryPoint\",\"urlTemplate\":\"https:\\\/\\\/amec.es\\\/?s={search_term_string}\"},\"query-input\":{\"@type\":\"PropertyValueSpecification\",\"valueRequired\":true,\"valueName\":\"search_term_string\"}}],\"inLanguage\":\"ca\"},{\"@type\":\"Organization\",\"@id\":\"https:\\\/\\\/amec.es\\\/#organization\",\"name\":\"amec Positive Industry\",\"url\":\"https:\\\/\\\/amec.es\\\/\",\"logo\":{\"@type\":\"ImageObject\",\"inLanguage\":\"ca\",\"@id\":\"https:\\\/\\\/amec.es\\\/#\\\/schema\\\/logo\\\/image\\\/\",\"url\":\"https:\\\/\\\/amec.es\\\/wp-content\\\/uploads\\\/2023\\\/07\\\/logoamec.png\",\"contentUrl\":\"https:\\\/\\\/amec.es\\\/wp-content\\\/uploads\\\/2023\\\/07\\\/logoamec.png\",\"width\":200,\"height\":48,\"caption\":\"amec Positive Industry\"},\"image\":{\"@id\":\"https:\\\/\\\/amec.es\\\/#\\\/schema\\\/logo\\\/image\\\/\"}}]}<\/script>\n<!-- \/ Yoast SEO plugin. -->","yoast_head_json":{"title":"2026 marca l'inici del Passaport Digital de Productes a la UE | amec Positive Industry","robots":{"index":"index","follow":"follow","max-snippet":"max-snippet:-1","max-image-preview":"max-image-preview:large","max-video-preview":"max-video-preview:-1"},"canonical":"https:\/\/amec.es\/ca\/anticipat\/alertes-i-oportunitats\/2026-marca-linici-del-passaport-digital-de-productes-a-la-ue\/","og_locale":"ca_ES","og_type":"article","og_title":"2026 marca l'inici del Passaport Digital de Productes a la UE | amec Positive Industry","og_description":"El 2026 la Uni\u00f3 Europea posar\u00e0 en marxa el registre digital central del Passaport Digital de Productes, arrencant amb bateries i equips industrials abans d&#8217;estendre&#8217;s a tots els productes venuts al mercat europeu. Qu\u00e8 \u00e9s el Passaport Digital de Productes (DPP)? El Passaport Digital de Productes (DPP, per les sigles en angl\u00e8s, Digital Product Passport [&hellip;]","og_url":"https:\/\/amec.es\/ca\/anticipat\/alertes-i-oportunitats\/2026-marca-linici-del-passaport-digital-de-productes-a-la-ue\/","og_site_name":"amec Positive Industry","article_modified_time":"2025-11-26T07:51:14+00:00","og_image":[{"width":1827,"height":438,"url":"https:\/\/amec.es\/wp-content\/uploads\/2024\/02\/Logo_AMEC.png","type":"image\/png"}],"twitter_card":"summary_large_image","twitter_misc":{"Temps estimat de lectura":"4 minuts"},"schema":{"@context":"https:\/\/schema.org","@graph":[{"@type":"WebPage","@id":"https:\/\/amec.es\/ca\/anticipat\/alertes-i-oportunitats\/2026-marca-linici-del-passaport-digital-de-productes-a-la-ue\/","url":"https:\/\/amec.es\/ca\/anticipat\/alertes-i-oportunitats\/2026-marca-linici-del-passaport-digital-de-productes-a-la-ue\/","name":"2026 marca l'inici del Passaport Digital de Productes a la UE | amec Positive Industry","isPartOf":{"@id":"https:\/\/amec.es\/#website"},"datePublished":"2025-11-26T07:48:20+00:00","dateModified":"2025-11-26T07:51:14+00:00","breadcrumb":{"@id":"https:\/\/amec.es\/ca\/anticipat\/alertes-i-oportunitats\/2026-marca-linici-del-passaport-digital-de-productes-a-la-ue\/#breadcrumb"},"inLanguage":"ca","potentialAction":[{"@type":"ReadAction","target":["https:\/\/amec.es\/ca\/anticipat\/alertes-i-oportunitats\/2026-marca-linici-del-passaport-digital-de-productes-a-la-ue\/"]}]},{"@type":"BreadcrumbList","@id":"https:\/\/amec.es\/ca\/anticipat\/alertes-i-oportunitats\/2026-marca-linici-del-passaport-digital-de-productes-a-la-ue\/#breadcrumb","itemListElement":[{"@type":"ListItem","position":1,"name":"Portada","item":"https:\/\/amec.es\/ca\/home-new\/"},{"@type":"ListItem","position":2,"name":"Anticipa&#8217;t","item":"https:\/\/amec.es\/ca\/anticipat\/"},{"@type":"ListItem","position":3,"name":"Alertes i oportunitats","item":"https:\/\/amec.es\/ca\/anticipat\/alertes-i-oportunitats\/"},{"@type":"ListItem","position":4,"name":"2026 marca l&#8217;inici del Passaport Digital de Productes a la UE"}]},{"@type":"WebSite","@id":"https:\/\/amec.es\/#website","url":"https:\/\/amec.es\/","name":"amec Positive Industry","description":"","publisher":{"@id":"https:\/\/amec.es\/#organization"},"potentialAction":[{"@type":"SearchAction","target":{"@type":"EntryPoint","urlTemplate":"https:\/\/amec.es\/?s={search_term_string}"},"query-input":{"@type":"PropertyValueSpecification","valueRequired":true,"valueName":"search_term_string"}}],"inLanguage":"ca"},{"@type":"Organization","@id":"https:\/\/amec.es\/#organization","name":"amec Positive Industry","url":"https:\/\/amec.es\/","logo":{"@type":"ImageObject","inLanguage":"ca","@id":"https:\/\/amec.es\/#\/schema\/logo\/image\/","url":"https:\/\/amec.es\/wp-content\/uploads\/2023\/07\/logoamec.png","contentUrl":"https:\/\/amec.es\/wp-content\/uploads\/2023\/07\/logoamec.png","width":200,"height":48,"caption":"amec Positive Industry"},"image":{"@id":"https:\/\/amec.es\/#\/schema\/logo\/image\/"}}]}},"_links":{"self":[{"href":"https:\/\/amec.es\/ca\/wp-json\/wp\/v2\/pages\/44183","targetHints":{"allow":["GET"]}}],"collection":[{"href":"https:\/\/amec.es\/ca\/wp-json\/wp\/v2\/pages"}],"about":[{"href":"https:\/\/amec.es\/ca\/wp-json\/wp\/v2\/types\/page"}],"author":[{"embeddable":true,"href":"https:\/\/amec.es\/ca\/wp-json\/wp\/v2\/users\/10"}],"replies":[{"embeddable":true,"href":"https:\/\/amec.es\/ca\/wp-json\/wp\/v2\/comments?post=44183"}],"version-history":[{"count":1,"href":"https:\/\/amec.es\/ca\/wp-json\/wp\/v2\/pages\/44183\/revisions"}],"predecessor-version":[{"id":44185,"href":"https:\/\/amec.es\/ca\/wp-json\/wp\/v2\/pages\/44183\/revisions\/44185"}],"up":[{"embeddable":true,"href":"https:\/\/amec.es\/ca\/wp-json\/wp\/v2\/pages\/5934"}],"wp:attachment":[{"href":"https:\/\/amec.es\/ca\/wp-json\/wp\/v2\/media?parent=44183"}],"wp:term":[{"taxonomy":"category","embeddable":true,"href":"https:\/\/amec.es\/ca\/wp-json\/wp\/v2\/categories?post=44183"},{"taxonomy":"post_tag","embeddable":true,"href":"https:\/\/amec.es\/ca\/wp-json\/wp\/v2\/tags?post=44183"}],"curies":[{"name":"wp","href":"https:\/\/api.w.org\/{rel}","templated":true}]}}