{"id":44275,"date":"2025-11-27T10:28:31","date_gmt":"2025-11-27T09:28:31","guid":{"rendered":"https:\/\/amec.es\/formulari-inscripcio-ajuda-icex-fira-middle-east-energy-2026\/"},"modified":"2026-04-09T18:08:04","modified_gmt":"2026-04-09T16:08:04","slug":"formulari-inscripcio-ajuda-icex-fira-middle-east-energy-2026","status":"publish","type":"page","link":"https:\/\/amec.es\/ca\/formulari-inscripcio-ajuda-icex-fira-middle-east-energy-2026\/","title":{"rendered":"Formulari inscripci\u00f3 ahttps:\/\/amec.es\/subvencion-icex-feria-middle-east-energy-2026\/yuda ICEX fira Middle East Energy 2026"},"content":{"rendered":"\t\t<div data-elementor-type=\"wp-page\" data-elementor-id=\"44275\" class=\"elementor elementor-44275 elementor-44273\" data-elementor-post-type=\"page\">\n\t\t\t\t\t\t<section class=\"elementor-section elementor-top-section elementor-element elementor-element-45d4f676 elementor-section-boxed elementor-section-height-default elementor-section-height-default\" data-id=\"45d4f676\" data-element_type=\"section\" data-e-type=\"section\" data-settings=\"{&quot;background_background&quot;:&quot;classic&quot;}\">\n\t\t\t\t\t\t<div class=\"elementor-container elementor-column-gap-default\">\n\t\t\t\t\t<div class=\"elementor-column elementor-col-100 elementor-top-column elementor-element elementor-element-52ea436c\" data-id=\"52ea436c\" data-element_type=\"column\" data-e-type=\"column\">\n\t\t\t<div class=\"elementor-widget-wrap elementor-element-populated\">\n\t\t\t\t\t\t<div class=\"elementor-element elementor-element-21a994b7 elementor-widget elementor-widget-heading\" data-id=\"21a994b7\" data-element_type=\"widget\" data-e-type=\"widget\" data-widget_type=\"heading.default\">\n\t\t\t\t<div class=\"elementor-widget-container\">\n\t\t\t\t\t<h2 class=\"elementor-heading-title elementor-size-default\">Inscripci\u00f3 subvenci\u00f3 ICEX Fira Middle East Energy 2026<\/h2>\t\t\t\t<\/div>\n\t\t\t\t<\/div>\n\t\t\t\t<div class=\"elementor-element elementor-element-639d12b elementor-widget elementor-widget-text-editor\" data-id=\"639d12b\" data-element_type=\"widget\" data-e-type=\"widget\" data-widget_type=\"text-editor.default\">\n\t\t\t\t<div class=\"elementor-widget-container\">\n\t\t\t\t\t\t\t\t\t<p><span style=\"color: var( --e-global-color-text ); font-family: var( --e-global-typography-text-font-family ), Sans-serif; font-weight: var( --e-global-typography-text-font-weight ); background-color: var( --e-global-color-066673a );\">La convocat\u00f2ria romandr\u00e0 oberta de l&#8217;<\/span> <strong style=\"color: var( --e-global-color-text ); font-family: var( --e-global-typography-text-font-family ), Sans-serif; background-color: var( --e-global-color-066673a );\">1 de septembre del 2026<\/strong> <span style=\"color: var( --e-global-color-text ); font-family: var( --e-global-typography-text-font-family ), Sans-serif; font-weight: var( --e-global-typography-text-font-weight ); background-color: var( --e-global-color-066673a );\">al<\/span> <strong style=\"color: var( --e-global-color-text ); font-family: var( --e-global-typography-text-font-family ), Sans-serif; background-color: var( --e-global-color-066673a );\">3 de setembre del 2026.<\/strong><\/p><p><strong>IMPORTANT!<\/strong> : emplenar TOTS els camps i enviar un email a <a href=\"jmailto:aserrallonga@amec.es\">jbalcells@amec.es<\/a> per confirmar la correcta recepci\u00f3 de la sol\u00b7licitud.<\/p>\t\t\t\t\t\t\t\t<\/div>\n\t\t\t\t<\/div>\n\t\t\t\t<div class=\"elementor-element elementor-element-4d48849b elementor-widget__width-initial elementor-widget-divider--view-line elementor-widget elementor-widget-global elementor-global-48210 elementor-global-159 elementor-widget-divider\" data-id=\"4d48849b\" data-element_type=\"widget\" data-e-type=\"widget\" data-widget_type=\"divider.default\">\n\t\t\t\t<div class=\"elementor-widget-container\">\n\t\t\t\t\t\t\t<div class=\"elementor-divider\">\n\t\t\t<span class=\"elementor-divider-separator\">\n\t\t\t\t\t\t<\/span>\n\t\t<\/div>\n\t\t\t\t\t\t<\/div>\n\t\t\t\t<\/div>\n\t\t\t\t<div class=\"elementor-element elementor-element-5d9ea0a legales-blanco elementor-button-align-stretch elementor-widget elementor-widget-form\" data-id=\"5d9ea0a\" data-element_type=\"widget\" data-e-type=\"widget\" data-settings=\"{&quot;button_width&quot;:&quot;20&quot;,&quot;step_next_label&quot;:&quot;Seg\\u00fcent&quot;,&quot;step_previous_label&quot;:&quot;Anterior&quot;,&quot;step_type&quot;:&quot;number_text&quot;,&quot;step_icon_shape&quot;:&quot;circle&quot;}\" data-widget_type=\"form.default\">\n\t\t\t\t<div class=\"elementor-widget-container\">\n\t\t\t\t\t\t\t<form class=\"elementor-form\" method=\"post\" name=\"Subvenci\u00f3 ICEX fira MEE 2026\" aria-label=\"Subvenci\u00f3 ICEX fira MEE 2026\">\n\t\t\t<input type=\"hidden\" name=\"post_id\" value=\"44275\"\/>\n\t\t\t<input type=\"hidden\" name=\"form_id\" value=\"5d9ea0a\"\/>\n\t\t\t<input type=\"hidden\" name=\"referer_title\" value=\"amec Positive Industry\" \/>\n\n\t\t\t\n\t\t\t<div class=\"elementor-form-fields-wrapper elementor-labels-above\">\n\t\t\t\t\t\t\t\t<div class=\"elementor-field-type-text elementor-field-group elementor-column elementor-field-group-nombre elementor-col-100 elementor-field-required\">\n\t\t\t\t\t\t\t\t\t\t\t\t\t<input size=\"1\" type=\"text\" name=\"form_fields[nombre]\" id=\"form-field-nombre\" class=\"elementor-field elementor-size-sm  elementor-field-textual\" placeholder=\"Nom*\" required=\"required\">\n\t\t\t\t\t\t\t\t\t\t\t<\/div>\n\t\t\t\t\t\t\t\t<div class=\"elementor-field-type-text elementor-field-group elementor-column elementor-field-group-apellidos elementor-col-100 elementor-field-required\">\n\t\t\t\t\t\t\t\t\t\t\t\t\t<input size=\"1\" type=\"text\" name=\"form_fields[apellidos]\" id=\"form-field-apellidos\" class=\"elementor-field elementor-size-sm  elementor-field-textual\" placeholder=\"Cognoms*\" required=\"required\">\n\t\t\t\t\t\t\t\t\t\t\t<\/div>\n\t\t\t\t\t\t\t\t<div class=\"elementor-field-type-text elementor-field-group elementor-column elementor-field-group-email elementor-col-100 elementor-field-required\">\n\t\t\t\t\t\t\t\t\t\t\t\t\t<input size=\"1\" type=\"text\" name=\"form_fields[email]\" id=\"form-field-email\" class=\"elementor-field elementor-size-sm  elementor-field-textual\" placeholder=\"Correu electr\u00f2nic*\" required=\"required\">\n\t\t\t\t\t\t\t\t\t\t\t<\/div>\n\t\t\t\t\t\t\t\t<div class=\"elementor-field-type-tel elementor-field-group elementor-column elementor-field-group-telefono elementor-col-100 elementor-field-required\">\n\t\t\t\t\t\t\t<input size=\"1\" type=\"tel\" name=\"form_fields[telefono]\" id=\"form-field-telefono\" class=\"elementor-field elementor-size-sm  elementor-field-textual\" placeholder=\"Tel\u00e8fon*\" required=\"required\" pattern=\"[0-9()#&amp;+*-=.]+\" title=\"Only numbers and phone characters (#, -, *, etc) are accepted.\">\n\n\t\t\t\t\t\t<\/div>\n\t\t\t\t\t\t\t\t<div class=\"elementor-field-type-text elementor-field-group elementor-column elementor-field-group-empresa elementor-col-100 elementor-field-required\">\n\t\t\t\t\t\t\t\t\t\t\t\t\t<input size=\"1\" type=\"text\" name=\"form_fields[empresa]\" id=\"form-field-empresa\" class=\"elementor-field elementor-size-sm  elementor-field-textual\" placeholder=\"Empresa*\" required=\"required\">\n\t\t\t\t\t\t\t\t\t\t\t<\/div>\n\t\t\t\t\t\t\t\t<div class=\"elementor-field-type-text elementor-field-group elementor-column elementor-field-group-cargo elementor-col-100 elementor-field-required\">\n\t\t\t\t\t\t\t\t\t\t\t\t\t<input size=\"1\" type=\"text\" name=\"form_fields[cargo]\" id=\"form-field-cargo\" class=\"elementor-field elementor-size-sm  elementor-field-textual\" placeholder=\"C\u00e0rrec*\" required=\"required\">\n\t\t\t\t\t\t\t\t\t\t\t<\/div>\n\t\t\t\t\t\t\t\t<div class=\"elementor-field-type-radio elementor-field-group elementor-column elementor-field-group-ayuda elementor-col-100 elementor-field-required\">\n\t\t\t\t\t<div class=\"elementor-field-subgroup  \"><span class=\"elementor-field-option\"><input type=\"radio\" value=\"Sol\u00b7licito ajuda ICEX*\" id=\"form-field-ayuda-0\" name=\"form_fields[ayuda]\" required=\"required\"> <label for=\"form-field-ayuda-0\">Sol\u00b7licito ajuda ICEX*<\/label><\/span><\/div>\t\t\t\t<\/div>\n\t\t\t\t\t\t\t\t<div class=\"elementor-field-type-radio elementor-field-group elementor-column elementor-field-group-field_cc6f572 elementor-col-100 elementor-field-required\">\n\t\t\t\t\t\t\t\t\t\t\t\t<label for=\"form-field-field_cc6f572\" class=\"elementor-field-label\">\n\t\t\t\t\t\t\t\tS\u00f3c membre d'amec*\t\t\t\t\t\t\t<\/label>\n\t\t\t\t\t\t<div class=\"elementor-field-subgroup  \"><span class=\"elementor-field-option\"><input type=\"radio\" value=\"S\u00ed\" id=\"form-field-field_cc6f572-0\" name=\"form_fields[field_cc6f572]\" required=\"required\"> <label for=\"form-field-field_cc6f572-0\">S\u00ed<\/label><\/span><span class=\"elementor-field-option\"><input type=\"radio\" value=\" No\" id=\"form-field-field_cc6f572-1\" name=\"form_fields[field_cc6f572]\" required=\"required\"> <label for=\"form-field-field_cc6f572-1\"> No<\/label><\/span><\/div>\t\t\t\t<\/div>\n\t\t\t\t\t\t\t\t<div class=\"elementor-field-type-acceptance elementor-field-group elementor-column elementor-field-group-condiciones elementor-col-100 elementor-field-required\">\n\t\t\t\t\t\t\t<div class=\"elementor-field-subgroup\">\n\t\t\t<span class=\"elementor-field-option\">\n\t\t\t\t<input type=\"checkbox\" name=\"form_fields[condiciones]\" id=\"form-field-condiciones\" class=\"elementor-field elementor-size-sm  elementor-acceptance-field\" required=\"required\">\n\t\t\t\t<label for=\"form-field-condiciones\">He llegit i accepto les <a href=\"https:\/\/amec.es\/politica-de-privacidad\/?_gl=1*caffuy*_gcl_aw*R0NMLjE3NjUyOTY4MjMuQ2owS0NRaUFydF9KQmhDVEFSSXNBRFFaYXlrUmxjTzZmM3kzZHFBOTRYWjV6a0JOME9QNXgyMEFla1l6bnJORUFPQnBWTXk5cHpwQ2FZZ2FBdW43RUFMd193Y0I.*_gcl_au*MTk3Nzg4MDgyLjE3NjI3Njg1MjE.\">condicions legals<\/a>\n<\/label>\t\t\t<\/span>\n\t\t<\/div>\n\t\t\t\t\t\t<\/div>\n\t\t\t\t\t\t\t\t<div class=\"elementor-field-type-html elementor-field-group elementor-column elementor-field-group-field_7e04e21 elementor-col-100\">\n\t\t\t\t\t<p>Aquest lloc est\u00e0 protegit amb reCAPTCHA i s'apliquen les <a target=\"_blank\" href=\"https:\/\/policies.google.com\/terms\">Condicions<\/a> y el <a target=\"_blank\" href=\"https:\/\/policies.google.com\/privacy\">servei de privadesa<\/a> de Google.<\/p>\t\t\t\t<\/div>\n\t\t\t\t\t\t\t\t<div class=\"elementor-field-type-html elementor-field-group elementor-column elementor-field-group-field_a4c9a55 elementor-col-100\">\n\t\t\t\t\t* Camps obligatoris\t\t\t\t<\/div>\n\t\t\t\t\t\t\t\t<div class=\"elementor-field-group elementor-column elementor-field-type-submit elementor-col-20 e-form__buttons\">\n\t\t\t\t\t<button class=\"elementor-button elementor-size-sm\" type=\"submit\">\n\t\t\t\t\t\t<span class=\"elementor-button-content-wrapper\">\n\t\t\t\t\t\t\t\t\t\t\t\t\t\t\t\t\t\t\t\t\t\t<span class=\"elementor-button-text\">Enviar<\/span>\n\t\t\t\t\t\t\t\t\t\t\t\t\t<\/span>\n\t\t\t\t\t<\/button>\n\t\t\t\t<\/div>\n\t\t\t<\/div>\n\t\t<\/form>\n\t\t\t\t\t\t<\/div>\n\t\t\t\t<\/div>\n\t\t\t\t\t<\/div>\n\t\t<\/div>\n\t\t\t\t\t<\/div>\n\t\t<\/section>\n\t\t\t\t<section class=\"elementor-section elementor-top-section elementor-element elementor-element-1fb1646 elementor-section-boxed elementor-section-height-default elementor-section-height-default\" data-id=\"1fb1646\" data-element_type=\"section\" data-e-type=\"section\" data-settings=\"{&quot;background_background&quot;:&quot;classic&quot;}\">\n\t\t\t\t\t\t\t<div class=\"elementor-background-overlay\"><\/div>\n\t\t\t\t\t\t\t<div class=\"elementor-container elementor-column-gap-default\">\n\t\t\t\t\t<div class=\"elementor-column elementor-col-100 elementor-top-column elementor-element elementor-element-61816ef\" data-id=\"61816ef\" data-element_type=\"column\" data-e-type=\"column\">\n\t\t\t<div class=\"elementor-widget-wrap elementor-element-populated\">\n\t\t\t\t\t\t<div class=\"elementor-element elementor-element-319d929 elementor-widget elementor-widget-heading\" data-id=\"319d929\" data-element_type=\"widget\" data-e-type=\"widget\" data-widget_type=\"heading.default\">\n\t\t\t\t<div class=\"elementor-widget-container\">\n\t\t\t\t\t<h2 class=\"elementor-heading-title elementor-size-default\">Subvenci\u00f3 ICEX Fira Middle East Energy 2026<\/h2>\t\t\t\t<\/div>\n\t\t\t\t<\/div>\n\t\t\t\t<div class=\"elementor-element elementor-element-18ece09 elementor-widget elementor-widget-text-editor\" data-id=\"18ece09\" data-element_type=\"widget\" data-e-type=\"widget\" data-widget_type=\"text-editor.default\">\n\t\t\t\t<div class=\"elementor-widget-container\">\n\t\t\t\t\t\t\t\t\t<p>Aquesta actuaci\u00f3 forma part del programa dactivitats de promoci\u00f3 sectorial damec amelec presentat a ICEX Espanya Exportaci\u00f3 i Inversions, dacord amb el qual, limport m\u00e0xim total de lajuda ICEX ser\u00e0 de <strong>30.800,00<\/strong> euros.<\/p><ul><li>Els conceptes susceptibles de suport s\u00f3n espai i decoraci\u00f3. El percentatge de suport general ICEX per als conceptes esmentats ser\u00e0 de fins a un 40%. <\/li><li>La gesti\u00f3 de l&#8217;ajuda ICEX per a la participaci\u00f3 agrupada inclou:<ul><li><ul><li>Informaci\u00f3 sobre la fira.<\/li><li>Informaci\u00f3 de prove\u00efdors de decoraci\u00f3 amb les especificacions necess\u00e0ries per rebre l&#8217;ajut atorgat per a l&#8217;activitat.<\/li><li>Informaci\u00f3 de prove\u00efdors log\u00edstics i de transport.<\/li><\/ul><\/li><\/ul><\/li><\/ul><div> <\/div><p>*Consulta totes les condicions de participaci\u00f3 a la convocat\u00f2ria oficial. <\/p><p>*La gesti\u00f3 i tramitaci\u00f3 de l&#8217;ajut no est\u00e0 subjecte a la contractaci\u00f3 dels serveis d&#8217;amec.<\/p><p>Descarrega la convocat\u00f2ria i la posterior addenda aqu\u00ed:<\/p><p><b><a href=\"https:\/\/amec.es\/wp-content\/uploads\/2025\/12\/Convocatoria-FA-Middle-East-Energy-2026_Amec-Amelec.pdf\">Convocat\u00f2ria FA Middle East Energy 2026_Amec Amelec  <\/a><\/b><\/p><p><strong><a href=\"https:\/\/amec.es\/wp-content\/uploads\/2026\/04\/Adenda-FA-Middle-East-2026_Amec-Amelec.pdf\">Adenda FA Middle East 2026_Amec Amelec<\/a><\/strong><\/p>\t\t\t\t\t\t\t\t<\/div>\n\t\t\t\t<\/div>\n\t\t\t\t<div class=\"elementor-element elementor-element-8231c55 elementor-widget__width-initial elementor-widget-divider--view-line elementor-widget elementor-widget-global elementor-global-48210 elementor-global-159 elementor-widget-divider\" data-id=\"8231c55\" data-element_type=\"widget\" data-e-type=\"widget\" data-widget_type=\"divider.default\">\n\t\t\t\t<div class=\"elementor-widget-container\">\n\t\t\t\t\t\t\t<div class=\"elementor-divider\">\n\t\t\t<span class=\"elementor-divider-separator\">\n\t\t\t\t\t\t<\/span>\n\t\t<\/div>\n\t\t\t\t\t\t<\/div>\n\t\t\t\t<\/div>\n\t\t\t\t\t<\/div>\n\t\t<\/div>\n\t\t\t\t\t<\/div>\n\t\t<\/section>\n\t\t\t\t<\/div>\n\t\t","protected":false},"excerpt":{"rendered":"<p>Inscripci\u00f3 subvenci\u00f3 ICEX Fira Middle East Energy 2026 La convocat\u00f2ria romandr\u00e0 oberta de l&#8217; 1 de septembre del 2026 al 3 de setembre del 2026. IMPORTANT! : emplenar TOTS els camps i enviar un email a jbalcells@amec.es per confirmar la correcta recepci\u00f3 de la sol\u00b7licitud. Subvenci\u00f3 ICEX Fira Middle East Energy 2026 Aquesta actuaci\u00f3 forma [&hellip;]<\/p>\n","protected":false},"author":8,"featured_media":0,"parent":0,"menu_order":0,"comment_status":"closed","ping_status":"closed","template":"","meta":{"inline_featured_image":false,"footnotes":""},"categories":[],"tags":[],"class_list":["post-44275","page","type-page","status-publish","hentry"],"yoast_head":"<!-- This site is optimized with the Yoast SEO plugin v27.3 - https:\/\/yoast.com\/product\/yoast-seo-wordpress\/ -->\n<title>Formulari inscripci\u00f3 ahttps:\/\/amec.es\/subvencion-icex-feria-middle-east-energy-2026\/yuda ICEX fira Middle East Energy 2026 | amec Positive Industry<\/title>\n<meta name=\"robots\" content=\"index, follow, max-snippet:-1, max-image-preview:large, max-video-preview:-1\" \/>\n<link rel=\"canonical\" href=\"https:\/\/amec.es\/ca\/formulari-inscripcio-ajuda-icex-fira-middle-east-energy-2026\/\" \/>\n<meta property=\"og:locale\" content=\"ca_ES\" \/>\n<meta property=\"og:type\" content=\"article\" \/>\n<meta property=\"og:title\" content=\"Formulari inscripci\u00f3 ahttps:\/\/amec.es\/subvencion-icex-feria-middle-east-energy-2026\/yuda ICEX fira Middle East Energy 2026 | amec Positive Industry\" \/>\n<meta property=\"og:description\" content=\"Inscripci\u00f3 subvenci\u00f3 ICEX Fira Middle East Energy 2026 La convocat\u00f2ria romandr\u00e0 oberta de l&#8217; 1 de septembre del 2026 al 3 de setembre del 2026. IMPORTANT! : emplenar TOTS els camps i enviar un email a jbalcells@amec.es per confirmar la correcta recepci\u00f3 de la sol\u00b7licitud. Subvenci\u00f3 ICEX Fira Middle East Energy 2026 Aquesta actuaci\u00f3 forma [&hellip;]\" \/>\n<meta property=\"og:url\" content=\"https:\/\/amec.es\/ca\/formulari-inscripcio-ajuda-icex-fira-middle-east-energy-2026\/\" \/>\n<meta property=\"og:site_name\" content=\"amec Positive Industry\" \/>\n<meta property=\"article:modified_time\" content=\"2026-04-09T16:08:04+00:00\" \/>\n<meta property=\"og:image\" content=\"https:\/\/amec.es\/wp-content\/uploads\/2024\/02\/Logo_AMEC.png\" \/>\n\t<meta property=\"og:image:width\" content=\"1827\" \/>\n\t<meta property=\"og:image:height\" content=\"438\" \/>\n\t<meta property=\"og:image:type\" content=\"image\/png\" \/>\n<meta name=\"twitter:card\" content=\"summary_large_image\" \/>\n<meta name=\"twitter:label1\" content=\"Temps estimat de lectura\" \/>\n\t<meta name=\"twitter:data1\" content=\"1 minut\" \/>\n<script type=\"application\/ld+json\" class=\"yoast-schema-graph\">{\"@context\":\"https:\\\/\\\/schema.org\",\"@graph\":[{\"@type\":\"WebPage\",\"@id\":\"https:\\\/\\\/amec.es\\\/ca\\\/formulari-inscripcio-ajuda-icex-fira-middle-east-energy-2026\\\/\",\"url\":\"https:\\\/\\\/amec.es\\\/ca\\\/formulari-inscripcio-ajuda-icex-fira-middle-east-energy-2026\\\/\",\"name\":\"Formulari inscripci\u00f3 ahttps:\\\/\\\/amec.es\\\/subvencion-icex-feria-middle-east-energy-2026\\\/yuda ICEX fira Middle East Energy 2026 | amec Positive Industry\",\"isPartOf\":{\"@id\":\"https:\\\/\\\/amec.es\\\/#website\"},\"datePublished\":\"2025-11-27T09:28:31+00:00\",\"dateModified\":\"2026-04-09T16:08:04+00:00\",\"breadcrumb\":{\"@id\":\"https:\\\/\\\/amec.es\\\/ca\\\/formulari-inscripcio-ajuda-icex-fira-middle-east-energy-2026\\\/#breadcrumb\"},\"inLanguage\":\"ca\",\"potentialAction\":[{\"@type\":\"ReadAction\",\"target\":[\"https:\\\/\\\/amec.es\\\/ca\\\/formulari-inscripcio-ajuda-icex-fira-middle-east-energy-2026\\\/\"]}]},{\"@type\":\"BreadcrumbList\",\"@id\":\"https:\\\/\\\/amec.es\\\/ca\\\/formulari-inscripcio-ajuda-icex-fira-middle-east-energy-2026\\\/#breadcrumb\",\"itemListElement\":[{\"@type\":\"ListItem\",\"position\":1,\"name\":\"Portada\",\"item\":\"https:\\\/\\\/amec.es\\\/\"},{\"@type\":\"ListItem\",\"position\":2,\"name\":\"Formulari inscripci\u00f3 ahttps:\\\/\\\/amec.es\\\/subvencion-icex-feria-middle-east-energy-2026\\\/yuda ICEX fira Middle East Energy 2026\"}]},{\"@type\":\"WebSite\",\"@id\":\"https:\\\/\\\/amec.es\\\/#website\",\"url\":\"https:\\\/\\\/amec.es\\\/\",\"name\":\"amec Positive Industry\",\"description\":\"\",\"publisher\":{\"@id\":\"https:\\\/\\\/amec.es\\\/#organization\"},\"potentialAction\":[{\"@type\":\"SearchAction\",\"target\":{\"@type\":\"EntryPoint\",\"urlTemplate\":\"https:\\\/\\\/amec.es\\\/?s={search_term_string}\"},\"query-input\":{\"@type\":\"PropertyValueSpecification\",\"valueRequired\":true,\"valueName\":\"search_term_string\"}}],\"inLanguage\":\"ca\"},{\"@type\":\"Organization\",\"@id\":\"https:\\\/\\\/amec.es\\\/#organization\",\"name\":\"amec Positive Industry\",\"url\":\"https:\\\/\\\/amec.es\\\/\",\"logo\":{\"@type\":\"ImageObject\",\"inLanguage\":\"ca\",\"@id\":\"https:\\\/\\\/amec.es\\\/#\\\/schema\\\/logo\\\/image\\\/\",\"url\":\"https:\\\/\\\/amec.es\\\/wp-content\\\/uploads\\\/2023\\\/07\\\/logoamec.png\",\"contentUrl\":\"https:\\\/\\\/amec.es\\\/wp-content\\\/uploads\\\/2023\\\/07\\\/logoamec.png\",\"width\":200,\"height\":48,\"caption\":\"amec Positive Industry\"},\"image\":{\"@id\":\"https:\\\/\\\/amec.es\\\/#\\\/schema\\\/logo\\\/image\\\/\"}}]}<\/script>\n<!-- \/ Yoast SEO plugin. -->","yoast_head_json":{"title":"Formulari inscripci\u00f3 ahttps:\/\/amec.es\/subvencion-icex-feria-middle-east-energy-2026\/yuda ICEX fira Middle East Energy 2026 | amec Positive Industry","robots":{"index":"index","follow":"follow","max-snippet":"max-snippet:-1","max-image-preview":"max-image-preview:large","max-video-preview":"max-video-preview:-1"},"canonical":"https:\/\/amec.es\/ca\/formulari-inscripcio-ajuda-icex-fira-middle-east-energy-2026\/","og_locale":"ca_ES","og_type":"article","og_title":"Formulari inscripci\u00f3 ahttps:\/\/amec.es\/subvencion-icex-feria-middle-east-energy-2026\/yuda ICEX fira Middle East Energy 2026 | amec Positive Industry","og_description":"Inscripci\u00f3 subvenci\u00f3 ICEX Fira Middle East Energy 2026 La convocat\u00f2ria romandr\u00e0 oberta de l&#8217; 1 de septembre del 2026 al 3 de setembre del 2026. IMPORTANT! : emplenar TOTS els camps i enviar un email a jbalcells@amec.es per confirmar la correcta recepci\u00f3 de la sol\u00b7licitud. Subvenci\u00f3 ICEX Fira Middle East Energy 2026 Aquesta actuaci\u00f3 forma [&hellip;]","og_url":"https:\/\/amec.es\/ca\/formulari-inscripcio-ajuda-icex-fira-middle-east-energy-2026\/","og_site_name":"amec Positive Industry","article_modified_time":"2026-04-09T16:08:04+00:00","og_image":[{"width":1827,"height":438,"url":"https:\/\/amec.es\/wp-content\/uploads\/2024\/02\/Logo_AMEC.png","type":"image\/png"}],"twitter_card":"summary_large_image","twitter_misc":{"Temps estimat de lectura":"1 minut"},"schema":{"@context":"https:\/\/schema.org","@graph":[{"@type":"WebPage","@id":"https:\/\/amec.es\/ca\/formulari-inscripcio-ajuda-icex-fira-middle-east-energy-2026\/","url":"https:\/\/amec.es\/ca\/formulari-inscripcio-ajuda-icex-fira-middle-east-energy-2026\/","name":"Formulari inscripci\u00f3 ahttps:\/\/amec.es\/subvencion-icex-feria-middle-east-energy-2026\/yuda ICEX fira Middle East Energy 2026 | amec Positive Industry","isPartOf":{"@id":"https:\/\/amec.es\/#website"},"datePublished":"2025-11-27T09:28:31+00:00","dateModified":"2026-04-09T16:08:04+00:00","breadcrumb":{"@id":"https:\/\/amec.es\/ca\/formulari-inscripcio-ajuda-icex-fira-middle-east-energy-2026\/#breadcrumb"},"inLanguage":"ca","potentialAction":[{"@type":"ReadAction","target":["https:\/\/amec.es\/ca\/formulari-inscripcio-ajuda-icex-fira-middle-east-energy-2026\/"]}]},{"@type":"BreadcrumbList","@id":"https:\/\/amec.es\/ca\/formulari-inscripcio-ajuda-icex-fira-middle-east-energy-2026\/#breadcrumb","itemListElement":[{"@type":"ListItem","position":1,"name":"Portada","item":"https:\/\/amec.es\/"},{"@type":"ListItem","position":2,"name":"Formulari inscripci\u00f3 ahttps:\/\/amec.es\/subvencion-icex-feria-middle-east-energy-2026\/yuda ICEX fira Middle East Energy 2026"}]},{"@type":"WebSite","@id":"https:\/\/amec.es\/#website","url":"https:\/\/amec.es\/","name":"amec Positive Industry","description":"","publisher":{"@id":"https:\/\/amec.es\/#organization"},"potentialAction":[{"@type":"SearchAction","target":{"@type":"EntryPoint","urlTemplate":"https:\/\/amec.es\/?s={search_term_string}"},"query-input":{"@type":"PropertyValueSpecification","valueRequired":true,"valueName":"search_term_string"}}],"inLanguage":"ca"},{"@type":"Organization","@id":"https:\/\/amec.es\/#organization","name":"amec Positive Industry","url":"https:\/\/amec.es\/","logo":{"@type":"ImageObject","inLanguage":"ca","@id":"https:\/\/amec.es\/#\/schema\/logo\/image\/","url":"https:\/\/amec.es\/wp-content\/uploads\/2023\/07\/logoamec.png","contentUrl":"https:\/\/amec.es\/wp-content\/uploads\/2023\/07\/logoamec.png","width":200,"height":48,"caption":"amec Positive Industry"},"image":{"@id":"https:\/\/amec.es\/#\/schema\/logo\/image\/"}}]}},"_links":{"self":[{"href":"https:\/\/amec.es\/ca\/wp-json\/wp\/v2\/pages\/44275","targetHints":{"allow":["GET"]}}],"collection":[{"href":"https:\/\/amec.es\/ca\/wp-json\/wp\/v2\/pages"}],"about":[{"href":"https:\/\/amec.es\/ca\/wp-json\/wp\/v2\/types\/page"}],"author":[{"embeddable":true,"href":"https:\/\/amec.es\/ca\/wp-json\/wp\/v2\/users\/8"}],"replies":[{"embeddable":true,"href":"https:\/\/amec.es\/ca\/wp-json\/wp\/v2\/comments?post=44275"}],"version-history":[{"count":6,"href":"https:\/\/amec.es\/ca\/wp-json\/wp\/v2\/pages\/44275\/revisions"}],"predecessor-version":[{"id":53673,"href":"https:\/\/amec.es\/ca\/wp-json\/wp\/v2\/pages\/44275\/revisions\/53673"}],"wp:attachment":[{"href":"https:\/\/amec.es\/ca\/wp-json\/wp\/v2\/media?parent=44275"}],"wp:term":[{"taxonomy":"category","embeddable":true,"href":"https:\/\/amec.es\/ca\/wp-json\/wp\/v2\/categories?post=44275"},{"taxonomy":"post_tag","embeddable":true,"href":"https:\/\/amec.es\/ca\/wp-json\/wp\/v2\/tags?post=44275"}],"curies":[{"name":"wp","href":"https:\/\/api.w.org\/{rel}","templated":true}]}}