{"id":44799,"date":"2025-12-02T13:03:30","date_gmt":"2025-12-02T12:03:30","guid":{"rendered":"https:\/\/amec.es\/anticipat\/alertes-i-oportunitats\/noves-obligacions-cbam-des-del-2026\/"},"modified":"2025-12-02T13:04:03","modified_gmt":"2025-12-02T12:04:03","slug":"noves-obligacions-cbam-des-del-2026","status":"publish","type":"page","link":"https:\/\/amec.es\/ca\/anticipat\/alertes-i-oportunitats\/noves-obligacions-cbam-des-del-2026\/","title":{"rendered":"Noves obligacions CBAM des del 2026"},"content":{"rendered":"\t\t<div data-elementor-type=\"wp-page\" data-elementor-id=\"44799\" class=\"elementor elementor-44799 elementor-44792\" data-elementor-post-type=\"page\">\n\t\t\t\t\t\t<section class=\"elementor-section elementor-top-section elementor-element elementor-element-55891d12 elementor-section-boxed elementor-section-height-default elementor-section-height-default\" data-id=\"55891d12\" data-element_type=\"section\" data-e-type=\"section\" data-settings=\"{&quot;background_background&quot;:&quot;gradient&quot;}\">\n\t\t\t\t\t\t<div class=\"elementor-container elementor-column-gap-default\">\n\t\t\t\t\t<div class=\"elementor-column elementor-col-100 elementor-top-column elementor-element elementor-element-e8f5d07\" data-id=\"e8f5d07\" data-element_type=\"column\" data-e-type=\"column\">\n\t\t\t<div class=\"elementor-widget-wrap elementor-element-populated\">\n\t\t\t\t\t\t<div class=\"elementor-element elementor-element-2c3402e7 elementor-widget elementor-widget-heading\" data-id=\"2c3402e7\" data-element_type=\"widget\" data-e-type=\"widget\" data-widget_type=\"heading.default\">\n\t\t\t\t<div class=\"elementor-widget-container\">\n\t\t\t\t\t<h2 class=\"elementor-heading-title elementor-size-default\"><a href=\"https:\/\/amec.es\/ca\/category\/alertes-i-tendencies-exclusives\/\" rel=\"tag\">Alertes i tend\u00e8ncies exclusives<\/a><\/h2>\t\t\t\t<\/div>\n\t\t\t\t<\/div>\n\t\t\t\t<div class=\"elementor-element elementor-element-1bae6bc8 elementor-widget elementor-widget-spacer\" data-id=\"1bae6bc8\" data-element_type=\"widget\" data-e-type=\"widget\" data-widget_type=\"spacer.default\">\n\t\t\t\t<div class=\"elementor-widget-container\">\n\t\t\t\t\t\t\t<div class=\"elementor-spacer\">\n\t\t\t<div class=\"elementor-spacer-inner\"><\/div>\n\t\t<\/div>\n\t\t\t\t\t\t<\/div>\n\t\t\t\t<\/div>\n\t\t\t\t<div class=\"elementor-element elementor-element-71c9af83 elementor-widget-divider--view-line elementor-widget elementor-widget-divider\" data-id=\"71c9af83\" data-element_type=\"widget\" data-e-type=\"widget\" data-widget_type=\"divider.default\">\n\t\t\t\t<div class=\"elementor-widget-container\">\n\t\t\t\t\t\t\t<div class=\"elementor-divider\">\n\t\t\t<span class=\"elementor-divider-separator\">\n\t\t\t\t\t\t<\/span>\n\t\t<\/div>\n\t\t\t\t\t\t<\/div>\n\t\t\t\t<\/div>\n\t\t\t\t\t<\/div>\n\t\t<\/div>\n\t\t\t\t\t<\/div>\n\t\t<\/section>\n\t\t\t\t<section class=\"elementor-section elementor-top-section elementor-element elementor-element-55a5f623 elementor-section-boxed elementor-section-height-default elementor-section-height-default\" data-id=\"55a5f623\" data-element_type=\"section\" data-e-type=\"section\">\n\t\t\t\t\t\t<div class=\"elementor-container elementor-column-gap-default\">\n\t\t\t\t\t<div class=\"elementor-column elementor-col-100 elementor-top-column elementor-element elementor-element-30482570\" data-id=\"30482570\" data-element_type=\"column\" data-e-type=\"column\">\n\t\t\t<div class=\"elementor-widget-wrap elementor-element-populated\">\n\t\t\t\t\t\t<div class=\"elementor-element elementor-element-4dd7cd1f elementor-widget elementor-widget-heading\" data-id=\"4dd7cd1f\" data-element_type=\"widget\" data-e-type=\"widget\" data-widget_type=\"heading.default\">\n\t\t\t\t<div class=\"elementor-widget-container\">\n\t\t\t\t\t<h2 class=\"elementor-heading-title elementor-size-default\">Noves obligacions CBAM des del 2026<\/h2>\t\t\t\t<\/div>\n\t\t\t\t<\/div>\n\t\t\t\t<div class=\"elementor-element elementor-element-7f15983f elementor-widget elementor-widget-spacer\" data-id=\"7f15983f\" data-element_type=\"widget\" data-e-type=\"widget\" data-widget_type=\"spacer.default\">\n\t\t\t\t<div class=\"elementor-widget-container\">\n\t\t\t\t\t\t\t<div class=\"elementor-spacer\">\n\t\t\t<div class=\"elementor-spacer-inner\"><\/div>\n\t\t<\/div>\n\t\t\t\t\t\t<\/div>\n\t\t\t\t<\/div>\n\t\t\t\t<div class=\"elementor-element elementor-element-651ba60c elementor-widget elementor-widget-text-editor\" data-id=\"651ba60c\" data-element_type=\"widget\" data-e-type=\"widget\" data-widget_type=\"text-editor.default\">\n\t\t\t\t<div class=\"elementor-widget-container\">\n\t\t\t\t\t\t\t\t\t2 de desembre de 2025\t\t\t\t\t\t\t\t<\/div>\n\t\t\t\t<\/div>\n\t\t\t\t<div class=\"elementor-element elementor-element-2da2c3df elementor-widget elementor-widget-text-editor\" data-id=\"2da2c3df\" data-element_type=\"widget\" data-e-type=\"widget\" data-widget_type=\"text-editor.default\">\n\t\t\t\t<div class=\"elementor-widget-container\">\n\t\t\t\t\t\t\t\t\t<p><strong><span class=\"TextRun SCXW55672177 BCX0\" lang=\"ES-ES\" xml:lang=\"ES-ES\" data-contrast=\"auto\"><span class=\"NormalTextRun SCXW55672177 BCX0\">L&#8217;1 de gener del 2026 entra en vigor el per\u00edode definitiu del CBAM, un mecanisme que transformar\u00e0 les importacions industrials a la UE mitjan\u00e7ant nous requisits d&#8217;autoritzaci\u00f3, reporti i compra de certificats.<\/span><\/span><span class=\"EOP SCXW55672177 BCX0\" data-ccp-props=\"{}\"> <\/span><\/strong><\/p>\t\t\t\t\t\t\t\t<\/div>\n\t\t\t\t<\/div>\n\t\t\t\t<div class=\"elementor-element elementor-element-259a5786 elementor-widget-divider--view-line elementor-widget elementor-widget-divider\" data-id=\"259a5786\" data-element_type=\"widget\" data-e-type=\"widget\" data-widget_type=\"divider.default\">\n\t\t\t\t<div class=\"elementor-widget-container\">\n\t\t\t\t\t\t\t<div class=\"elementor-divider\">\n\t\t\t<span class=\"elementor-divider-separator\">\n\t\t\t\t\t\t<\/span>\n\t\t<\/div>\n\t\t\t\t\t\t<\/div>\n\t\t\t\t<\/div>\n\t\t\t\t<div class=\"elementor-element elementor-element-610e1feb elementor-widget elementor-widget-text-editor\" data-id=\"610e1feb\" data-element_type=\"widget\" data-e-type=\"widget\" data-widget_type=\"text-editor.default\">\n\t\t\t\t<div class=\"elementor-widget-container\">\n\t\t\t\t\t\t\t\t\t<p>El CBAM impacta directament a les <strong>empreses que importen productes<\/strong> pertanyents als sectors inclosos al mecanisme: <strong>ferro i acer, alumini, ciment, fertilitzants, hidrogen i electricitat<\/strong> . Aquests sectors concentren emissions significatives i queden plenament incorporats al&#8217;\u00e0mbit regulatori del CBAM des del 2026 .   <\/p><p>El mecanisme obliga que <strong>nom\u00e9s els declarants autoritzats CBAM puguin importar aquestes mercaderies<\/strong> , ja siguin importadors establerts a la UE o representants duaners indirectes que assumeixin les obligacions derivades del mecanisme.  <\/p><h5><strong>Implicacions per a les empreses<\/strong><\/h5><p>Per a empreses industrials, l&#8217;entrada en vigor del CBAM implica:  <\/p><ul><li aria-setsize=\"-1\" data-leveltext=\"\uf0b7\" data-font=\"Symbol\" data-listid=\"8\" data-list-defn-props=\"{\"335552541\":1,\"335559685\":720,\"335559991\":360,\"469769226\":\"Symbol\",\"469769242\":[8226],\"469777803\":\"left\",\"469777804\":\"\uf0b7\",\"469777815\":\"multilevel\"}\" data-aria-posinset=\"1\" data-aria-level=\"1\"><strong>Increments de costos en productes<\/strong> amb alta intensitat d&#8217;emissions, amb impactes estimats del 7\u20138% i pics del 20% en b\u00e9ns manufacturats, especialment en automoci\u00f3 i metal\u00b7l\u00fargia.  <\/li><\/ul><ul><li aria-setsize=\"-1\" data-leveltext=\"\uf0b7\" data-font=\"Symbol\" data-listid=\"8\" data-list-defn-props=\"{\"335552541\":1,\"335559685\":720,\"335559991\":360,\"469769226\":\"Symbol\",\"469769242\":[8226],\"469777803\":\"left\",\"469777804\":\"\uf0b7\",\"469777815\":\"multilevel\"}\" data-aria-posinset=\"2\" data-aria-level=\"1\"><strong>Obligaci\u00f3 de recopilar dades precises<\/strong> sobre emissions reals o valors per defecte per a cada mercaderia importada.  <\/li><\/ul><ul><li aria-setsize=\"-1\" data-leveltext=\"\uf0b7\" data-font=\"Symbol\" data-listid=\"8\" data-list-defn-props=\"{\"335552541\":1,\"335559685\":720,\"335559991\":360,\"469769226\":\"Symbol\",\"469769242\":[8226],\"469777803\":\"left\",\"469777804\":\"\uf0b7\",\"469777815\":\"multilevel\"}\" data-aria-posinset=\"3\" data-aria-level=\"1\"><strong>Revisi\u00f3 de contractes<\/strong> i processos amb prove\u00efdors que han de facilitar informaci\u00f3 d&#8217;emissions verificables.  <\/li><\/ul><ul><li aria-setsize=\"-1\" data-leveltext=\"\uf0b7\" data-font=\"Symbol\" data-listid=\"8\" data-list-defn-props=\"{\"335552541\":1,\"335559685\":720,\"335559991\":360,\"469769226\":\"Symbol\",\"469769242\":[8226],\"469777803\":\"left\",\"469777804\":\"\uf0b7\",\"469777815\":\"multilevel\"}\" data-aria-posinset=\"4\" data-aria-level=\"1\"><strong>Ajustaments en la planificaci\u00f3 econ\u00f2mica<\/strong> , en incorporar la compra de certificats com un nou cost regulatori.  <\/li><\/ul><h5><span style=\"color: #ffffff;\">_<\/span><br> <strong>Nou llindar de 50 tones i abast de l&#8217;obligaci\u00f3<\/strong> <\/h5><p>El Reglament introdueix un llindar \u00fanic basat en la massa de <strong>50 tones anuals per importador i any<\/strong> .<\/p><p>Qui superi aquest volum als sectors CBAM queda subjecte plenament al mecanisme i ha de sol\u00b7licitar autoritzaci\u00f3, presentar declaracions i adquirir certificats.<\/p><h5><span style=\"color: #ffffff;\">_<\/span><br> <strong>Qu\u00e8 han de fer les empreses abans del 2026<\/strong> <\/h5><p>Per assegurar la continu\u00eftat de les seves operacions, les empreses han de:  <\/p><p><strong>Obtenir lestat de declarant autoritzat CBAM.<\/strong>  La sol\u00b7licitud es realitza exclusivament a trav\u00e9s del Registre CBAM europeu, i requereix:  <\/p><ul><li>N\u00famero EORI v\u00e0lid.<\/li><li>Certificat de situaci\u00f3 tribut\u00e0ria actualitzada.<\/li><li>Estimacions dimportaci\u00f3 per tipus de mercaderia.<\/li><li>Declaracions jurades.<\/li><li>Per a empreses amb menys de dos anys dactivitat, una garantia financera obligat\u00f2ria.<\/li><\/ul><p><span style=\"color: #ffffff;\">_<\/span><br> Les sol\u00b7licituds presentades abans del 31 de mar\u00e7 de 2026 permeten continuar important provisionalment fins a la seva resoluci\u00f3.  <\/p><p><strong>Preparar-se per al c\u00e0lcul i el report d&#8217;emissions.<\/strong><\/p><p>A partir del 2026, les emissions <strong>es calcularan mitjan\u00e7ant valors reals verificats o valors per defecte<\/strong> elaborats per la Comissi\u00f3 Europea. La primera declaraci\u00f3 anual es presentar\u00e0 abans del 30 de setembre de 2027 respecte a les importacions de 2026 .   <\/p><p><strong>Planificar la compra de certificats.<\/strong><\/p><p>L&#8217;obligaci\u00f3 trimestral ser\u00e0 <strong>disposar del 50% dels certificats<\/strong> corresponents a les emissions acumulades des del comen\u00e7ament d&#8217;any. El lliurament de certificats comen\u00e7ar\u00e0 el 2027. <\/p><h5><strong>El paper d&#8217;amec en aquest proc\u00e9s  <\/strong><\/h5><p><strong>amec<\/strong> forma part de la Comissi\u00f3 dInd\u00fastria i Transici\u00f3 Ecol\u00f2gica, aix\u00ed com dels grups de treball CC. GT Canvi Clim\u00e0tic i CC. GT Ind\u00fastria, espais on s&#8217;analitzen els desenvolupaments reguladors, els impactes sectorials i les necessitats d&#8217;adaptaci\u00f3 de les empreses industrials.  <\/p><p>L&#8217;associaci\u00f3 treballa per anticipar els efectes del CBAM, traslladar les inquietuds de la ind\u00fastria i refor\u00e7ar la preparaci\u00f3 de les companyies davant d&#8217;aquest nou marc regulador.<span data-ccp-props=\"{}\"> <\/span><\/p>\t\t\t\t\t\t\t\t<\/div>\n\t\t\t\t<\/div>\n\t\t\t\t\t<\/div>\n\t\t<\/div>\n\t\t\t\t\t<\/div>\n\t\t<\/section>\n\t\t\t\t<section class=\"elementor-section elementor-top-section elementor-element elementor-element-6f3d192e elementor-section-boxed elementor-section-height-default elementor-section-height-default\" data-id=\"6f3d192e\" data-element_type=\"section\" data-e-type=\"section\">\n\t\t\t\t\t\t<div class=\"elementor-container elementor-column-gap-default\">\n\t\t\t\t\t<div class=\"elementor-column elementor-col-100 elementor-top-column elementor-element elementor-element-31cc7c94\" data-id=\"31cc7c94\" data-element_type=\"column\" data-e-type=\"column\">\n\t\t\t<div class=\"elementor-widget-wrap elementor-element-populated\">\n\t\t\t\t\t\t<div class=\"elementor-element elementor-element-6a9781a1 elementor-widget-divider--view-line elementor-widget elementor-widget-divider\" data-id=\"6a9781a1\" data-element_type=\"widget\" data-e-type=\"widget\" data-widget_type=\"divider.default\">\n\t\t\t\t<div class=\"elementor-widget-container\">\n\t\t\t\t\t\t\t<div class=\"elementor-divider\">\n\t\t\t<span class=\"elementor-divider-separator\">\n\t\t\t\t\t\t<\/span>\n\t\t<\/div>\n\t\t\t\t\t\t<\/div>\n\t\t\t\t<\/div>\n\t\t\t\t<div class=\"elementor-element elementor-element-26e28cdc elementor-widget elementor-widget-heading\" data-id=\"26e28cdc\" data-element_type=\"widget\" data-e-type=\"widget\" data-widget_type=\"heading.default\">\n\t\t\t\t<div class=\"elementor-widget-container\">\n\t\t\t\t\t<h5 class=\"elementor-heading-title elementor-size-default\">Recursos<\/h5>\t\t\t\t<\/div>\n\t\t\t\t<\/div>\n\t\t\t\t<div class=\"elementor-element elementor-element-1ab5e538 elementor-widget elementor-widget-text-editor\" data-id=\"1ab5e538\" data-element_type=\"widget\" data-e-type=\"widget\" data-widget_type=\"text-editor.default\">\n\t\t\t\t<div class=\"elementor-widget-container\">\n\t\t\t\t\t\t\t\t\t<p><span class=\"TextRun SCXW34750369 BCX0\" lang=\"ES-ES\" data-contrast=\"auto\"><span class=\"NormalTextRun SCXW34750369 BCX0\">Ministeri per a la Transici\u00f3 Ecol\u00f2gica i el Repte Demogr\u00e0fic (MITECO):<\/span><\/span> <a class=\"Hyperlink SCXW34750369 BCX0\" href=\"https:\/\/www.miteco.gob.es\/es\/cambio-climatico\/temas\/cbam.html\" target=\"_blank\" rel=\"noreferrer noopener\"><span class=\"TextRun Underlined SCXW34750369 BCX0\" lang=\"ES-ES\" data-contrast=\"none\"><span class=\"NormalTextRun SCXW34750369 BCX0\" data-ccp-charstyle=\"Hyperlink\">https:\/\/www.miteco.gob.es\/es\/cambio-climatico\/temas\/cbam.html<\/span><\/span><\/a><span class=\"EOP SCXW34750369 BCX0\" data-ccp-props=\"{}\"> <\/span><\/p>\t\t\t\t\t\t\t\t<\/div>\n\t\t\t\t<\/div>\n\t\t\t\t<div class=\"elementor-element elementor-element-baf7d25 elementor-widget elementor-widget-spacer\" data-id=\"baf7d25\" data-element_type=\"widget\" data-e-type=\"widget\" data-widget_type=\"spacer.default\">\n\t\t\t\t<div class=\"elementor-widget-container\">\n\t\t\t\t\t\t\t<div class=\"elementor-spacer\">\n\t\t\t<div class=\"elementor-spacer-inner\"><\/div>\n\t\t<\/div>\n\t\t\t\t\t\t<\/div>\n\t\t\t\t<\/div>\n\t\t\t\t\t<\/div>\n\t\t<\/div>\n\t\t\t\t\t<\/div>\n\t\t<\/section>\n\t\t\t\t<\/div>\n\t\t","protected":false},"excerpt":{"rendered":"<p>L&#8217;1 de gener del 2026 entra en vigor el per\u00edode definitiu del CBAM, un mecanisme que transformar\u00e0 les importacions industrials a la UE mitjan\u00e7ant nous requisits d&#8217;autoritzaci\u00f3, reporti i compra de certificats. El CBAM impacta directament a les empreses que importen productes pertanyents als sectors inclosos al mecanisme: ferro i acer, alumini, ciment, fertilitzants, hidrogen [&hellip;]<\/p>\n","protected":false},"author":10,"featured_media":0,"parent":5934,"menu_order":0,"comment_status":"closed","ping_status":"closed","template":"elementor_canvas","meta":{"inline_featured_image":false,"footnotes":""},"categories":[219],"tags":[],"class_list":["post-44799","page","type-page","status-publish","hentry","category-alertes-i-tendencies-exclusives"],"yoast_head":"<!-- This site is optimized with the Yoast SEO plugin v27.6 - https:\/\/yoast.com\/product\/yoast-seo-wordpress\/ -->\n<title>Noves obligacions CBAM des del 2026 | amec Positive Industry<\/title>\n<meta name=\"robots\" content=\"index, follow, max-snippet:-1, max-image-preview:large, max-video-preview:-1\" \/>\n<link rel=\"canonical\" href=\"https:\/\/amec.es\/ca\/anticipat\/alertes-i-oportunitats\/noves-obligacions-cbam-des-del-2026\/\" \/>\n<meta property=\"og:locale\" content=\"ca_ES\" \/>\n<meta property=\"og:type\" content=\"article\" \/>\n<meta property=\"og:title\" content=\"Noves obligacions CBAM des del 2026 | amec Positive Industry\" \/>\n<meta property=\"og:description\" content=\"L&#8217;1 de gener del 2026 entra en vigor el per\u00edode definitiu del CBAM, un mecanisme que transformar\u00e0 les importacions industrials a la UE mitjan\u00e7ant nous requisits d&#8217;autoritzaci\u00f3, reporti i compra de certificats. El CBAM impacta directament a les empreses que importen productes pertanyents als sectors inclosos al mecanisme: ferro i acer, alumini, ciment, fertilitzants, hidrogen [&hellip;]\" \/>\n<meta property=\"og:url\" content=\"https:\/\/amec.es\/ca\/anticipat\/alertes-i-oportunitats\/noves-obligacions-cbam-des-del-2026\/\" \/>\n<meta property=\"og:site_name\" content=\"amec Positive Industry\" \/>\n<meta property=\"article:modified_time\" content=\"2025-12-02T12:04:03+00:00\" \/>\n<meta property=\"og:image\" content=\"https:\/\/amec.es\/wp-content\/uploads\/2024\/02\/Logo_AMEC.png\" \/>\n\t<meta property=\"og:image:width\" content=\"1827\" \/>\n\t<meta property=\"og:image:height\" content=\"438\" \/>\n\t<meta property=\"og:image:type\" content=\"image\/png\" \/>\n<meta name=\"twitter:card\" content=\"summary_large_image\" \/>\n<meta name=\"twitter:label1\" content=\"Temps estimat de lectura\" \/>\n\t<meta name=\"twitter:data1\" content=\"3 minuts\" \/>\n<script type=\"application\/ld+json\" class=\"yoast-schema-graph\">{\"@context\":\"https:\\\/\\\/schema.org\",\"@graph\":[{\"@type\":\"WebPage\",\"@id\":\"https:\\\/\\\/amec.es\\\/ca\\\/anticipat\\\/alertes-i-oportunitats\\\/noves-obligacions-cbam-des-del-2026\\\/\",\"url\":\"https:\\\/\\\/amec.es\\\/ca\\\/anticipat\\\/alertes-i-oportunitats\\\/noves-obligacions-cbam-des-del-2026\\\/\",\"name\":\"Noves obligacions CBAM des del 2026 | amec Positive Industry\",\"isPartOf\":{\"@id\":\"https:\\\/\\\/amec.es\\\/#website\"},\"datePublished\":\"2025-12-02T12:03:30+00:00\",\"dateModified\":\"2025-12-02T12:04:03+00:00\",\"breadcrumb\":{\"@id\":\"https:\\\/\\\/amec.es\\\/ca\\\/anticipat\\\/alertes-i-oportunitats\\\/noves-obligacions-cbam-des-del-2026\\\/#breadcrumb\"},\"inLanguage\":\"ca\",\"potentialAction\":[{\"@type\":\"ReadAction\",\"target\":[\"https:\\\/\\\/amec.es\\\/ca\\\/anticipat\\\/alertes-i-oportunitats\\\/noves-obligacions-cbam-des-del-2026\\\/\"]}]},{\"@type\":\"BreadcrumbList\",\"@id\":\"https:\\\/\\\/amec.es\\\/ca\\\/anticipat\\\/alertes-i-oportunitats\\\/noves-obligacions-cbam-des-del-2026\\\/#breadcrumb\",\"itemListElement\":[{\"@type\":\"ListItem\",\"position\":1,\"name\":\"Portada\",\"item\":\"https:\\\/\\\/amec.es\\\/ca\\\/home-new\\\/\"},{\"@type\":\"ListItem\",\"position\":2,\"name\":\"Anticipa&#8217;t\",\"item\":\"https:\\\/\\\/amec.es\\\/ca\\\/anticipat\\\/\"},{\"@type\":\"ListItem\",\"position\":3,\"name\":\"Alertes i oportunitats\",\"item\":\"https:\\\/\\\/amec.es\\\/ca\\\/anticipat\\\/alertes-i-oportunitats\\\/\"},{\"@type\":\"ListItem\",\"position\":4,\"name\":\"Noves obligacions CBAM des del 2026\"}]},{\"@type\":\"WebSite\",\"@id\":\"https:\\\/\\\/amec.es\\\/#website\",\"url\":\"https:\\\/\\\/amec.es\\\/\",\"name\":\"amec Positive Industry\",\"description\":\"\",\"publisher\":{\"@id\":\"https:\\\/\\\/amec.es\\\/#organization\"},\"potentialAction\":[{\"@type\":\"SearchAction\",\"target\":{\"@type\":\"EntryPoint\",\"urlTemplate\":\"https:\\\/\\\/amec.es\\\/?s={search_term_string}\"},\"query-input\":{\"@type\":\"PropertyValueSpecification\",\"valueRequired\":true,\"valueName\":\"search_term_string\"}}],\"inLanguage\":\"ca\"},{\"@type\":\"Organization\",\"@id\":\"https:\\\/\\\/amec.es\\\/#organization\",\"name\":\"amec Positive Industry\",\"url\":\"https:\\\/\\\/amec.es\\\/\",\"logo\":{\"@type\":\"ImageObject\",\"inLanguage\":\"ca\",\"@id\":\"https:\\\/\\\/amec.es\\\/#\\\/schema\\\/logo\\\/image\\\/\",\"url\":\"https:\\\/\\\/amec.es\\\/wp-content\\\/uploads\\\/2023\\\/07\\\/logoamec.png\",\"contentUrl\":\"https:\\\/\\\/amec.es\\\/wp-content\\\/uploads\\\/2023\\\/07\\\/logoamec.png\",\"width\":200,\"height\":48,\"caption\":\"amec Positive Industry\"},\"image\":{\"@id\":\"https:\\\/\\\/amec.es\\\/#\\\/schema\\\/logo\\\/image\\\/\"}}]}<\/script>\n<!-- \/ Yoast SEO plugin. -->","yoast_head_json":{"title":"Noves obligacions CBAM des del 2026 | amec Positive Industry","robots":{"index":"index","follow":"follow","max-snippet":"max-snippet:-1","max-image-preview":"max-image-preview:large","max-video-preview":"max-video-preview:-1"},"canonical":"https:\/\/amec.es\/ca\/anticipat\/alertes-i-oportunitats\/noves-obligacions-cbam-des-del-2026\/","og_locale":"ca_ES","og_type":"article","og_title":"Noves obligacions CBAM des del 2026 | amec Positive Industry","og_description":"L&#8217;1 de gener del 2026 entra en vigor el per\u00edode definitiu del CBAM, un mecanisme que transformar\u00e0 les importacions industrials a la UE mitjan\u00e7ant nous requisits d&#8217;autoritzaci\u00f3, reporti i compra de certificats. El CBAM impacta directament a les empreses que importen productes pertanyents als sectors inclosos al mecanisme: ferro i acer, alumini, ciment, fertilitzants, hidrogen [&hellip;]","og_url":"https:\/\/amec.es\/ca\/anticipat\/alertes-i-oportunitats\/noves-obligacions-cbam-des-del-2026\/","og_site_name":"amec Positive Industry","article_modified_time":"2025-12-02T12:04:03+00:00","og_image":[{"width":1827,"height":438,"url":"https:\/\/amec.es\/wp-content\/uploads\/2024\/02\/Logo_AMEC.png","type":"image\/png"}],"twitter_card":"summary_large_image","twitter_misc":{"Temps estimat de lectura":"3 minuts"},"schema":{"@context":"https:\/\/schema.org","@graph":[{"@type":"WebPage","@id":"https:\/\/amec.es\/ca\/anticipat\/alertes-i-oportunitats\/noves-obligacions-cbam-des-del-2026\/","url":"https:\/\/amec.es\/ca\/anticipat\/alertes-i-oportunitats\/noves-obligacions-cbam-des-del-2026\/","name":"Noves obligacions CBAM des del 2026 | amec Positive Industry","isPartOf":{"@id":"https:\/\/amec.es\/#website"},"datePublished":"2025-12-02T12:03:30+00:00","dateModified":"2025-12-02T12:04:03+00:00","breadcrumb":{"@id":"https:\/\/amec.es\/ca\/anticipat\/alertes-i-oportunitats\/noves-obligacions-cbam-des-del-2026\/#breadcrumb"},"inLanguage":"ca","potentialAction":[{"@type":"ReadAction","target":["https:\/\/amec.es\/ca\/anticipat\/alertes-i-oportunitats\/noves-obligacions-cbam-des-del-2026\/"]}]},{"@type":"BreadcrumbList","@id":"https:\/\/amec.es\/ca\/anticipat\/alertes-i-oportunitats\/noves-obligacions-cbam-des-del-2026\/#breadcrumb","itemListElement":[{"@type":"ListItem","position":1,"name":"Portada","item":"https:\/\/amec.es\/ca\/home-new\/"},{"@type":"ListItem","position":2,"name":"Anticipa&#8217;t","item":"https:\/\/amec.es\/ca\/anticipat\/"},{"@type":"ListItem","position":3,"name":"Alertes i oportunitats","item":"https:\/\/amec.es\/ca\/anticipat\/alertes-i-oportunitats\/"},{"@type":"ListItem","position":4,"name":"Noves obligacions CBAM des del 2026"}]},{"@type":"WebSite","@id":"https:\/\/amec.es\/#website","url":"https:\/\/amec.es\/","name":"amec Positive Industry","description":"","publisher":{"@id":"https:\/\/amec.es\/#organization"},"potentialAction":[{"@type":"SearchAction","target":{"@type":"EntryPoint","urlTemplate":"https:\/\/amec.es\/?s={search_term_string}"},"query-input":{"@type":"PropertyValueSpecification","valueRequired":true,"valueName":"search_term_string"}}],"inLanguage":"ca"},{"@type":"Organization","@id":"https:\/\/amec.es\/#organization","name":"amec Positive Industry","url":"https:\/\/amec.es\/","logo":{"@type":"ImageObject","inLanguage":"ca","@id":"https:\/\/amec.es\/#\/schema\/logo\/image\/","url":"https:\/\/amec.es\/wp-content\/uploads\/2023\/07\/logoamec.png","contentUrl":"https:\/\/amec.es\/wp-content\/uploads\/2023\/07\/logoamec.png","width":200,"height":48,"caption":"amec Positive Industry"},"image":{"@id":"https:\/\/amec.es\/#\/schema\/logo\/image\/"}}]}},"featured_media_urls":[],"_links":{"self":[{"href":"https:\/\/amec.es\/ca\/wp-json\/wp\/v2\/pages\/44799","targetHints":{"allow":["GET"]}}],"collection":[{"href":"https:\/\/amec.es\/ca\/wp-json\/wp\/v2\/pages"}],"about":[{"href":"https:\/\/amec.es\/ca\/wp-json\/wp\/v2\/types\/page"}],"author":[{"embeddable":true,"href":"https:\/\/amec.es\/ca\/wp-json\/wp\/v2\/users\/10"}],"replies":[{"embeddable":true,"href":"https:\/\/amec.es\/ca\/wp-json\/wp\/v2\/comments?post=44799"}],"version-history":[{"count":3,"href":"https:\/\/amec.es\/ca\/wp-json\/wp\/v2\/pages\/44799\/revisions"}],"predecessor-version":[{"id":44802,"href":"https:\/\/amec.es\/ca\/wp-json\/wp\/v2\/pages\/44799\/revisions\/44802"}],"up":[{"embeddable":true,"href":"https:\/\/amec.es\/ca\/wp-json\/wp\/v2\/pages\/5934"}],"wp:attachment":[{"href":"https:\/\/amec.es\/ca\/wp-json\/wp\/v2\/media?parent=44799"}],"wp:term":[{"taxonomy":"category","embeddable":true,"href":"https:\/\/amec.es\/ca\/wp-json\/wp\/v2\/categories?post=44799"},{"taxonomy":"post_tag","embeddable":true,"href":"https:\/\/amec.es\/ca\/wp-json\/wp\/v2\/tags?post=44799"}],"curies":[{"name":"wp","href":"https:\/\/api.w.org\/{rel}","templated":true}]}}