{"id":44933,"date":"2025-12-07T13:09:28","date_gmt":"2025-12-07T12:09:28","guid":{"rendered":"https:\/\/amec.es\/anticipat\/alertes-i-oportunitats\/brasil-estableix-metes-de-reciclatge-de-plastic-per-a-importadors\/"},"modified":"2025-12-07T13:13:44","modified_gmt":"2025-12-07T12:13:44","slug":"brasil-estableix-metes-de-reciclatge-de-plastic-per-a-importadors","status":"publish","type":"page","link":"https:\/\/amec.es\/ca\/anticipat\/alertes-i-oportunitats\/brasil-estableix-metes-de-reciclatge-de-plastic-per-a-importadors\/","title":{"rendered":"Brasil estableix metes de reciclatge de pl\u00e0stic per a importadors"},"content":{"rendered":"\t\t<div data-elementor-type=\"wp-page\" data-elementor-id=\"44933\" class=\"elementor elementor-44933 elementor-44927\" data-elementor-post-type=\"page\">\n\t\t\t\t\t\t<section class=\"elementor-section elementor-top-section elementor-element elementor-element-ca1f105 elementor-section-boxed elementor-section-height-default elementor-section-height-default\" data-id=\"ca1f105\" data-element_type=\"section\" data-e-type=\"section\" data-settings=\"{&quot;background_background&quot;:&quot;gradient&quot;}\">\n\t\t\t\t\t\t<div class=\"elementor-container elementor-column-gap-default\">\n\t\t\t\t\t<div class=\"elementor-column elementor-col-100 elementor-top-column elementor-element elementor-element-75ec5483\" data-id=\"75ec5483\" data-element_type=\"column\" data-e-type=\"column\">\n\t\t\t<div class=\"elementor-widget-wrap elementor-element-populated\">\n\t\t\t\t\t\t<div class=\"elementor-element elementor-element-2f678ada elementor-widget elementor-widget-heading\" data-id=\"2f678ada\" data-element_type=\"widget\" data-e-type=\"widget\" data-widget_type=\"heading.default\">\n\t\t\t\t<div class=\"elementor-widget-container\">\n\t\t\t\t\t<h2 class=\"elementor-heading-title elementor-size-default\"><a href=\"https:\/\/amec.es\/ca\/category\/alertes-i-tendencies-exclusives\/\" rel=\"tag\">Alertes i tend\u00e8ncies exclusives<\/a><\/h2>\t\t\t\t<\/div>\n\t\t\t\t<\/div>\n\t\t\t\t<div class=\"elementor-element elementor-element-140d981d elementor-widget elementor-widget-spacer\" data-id=\"140d981d\" data-element_type=\"widget\" data-e-type=\"widget\" data-widget_type=\"spacer.default\">\n\t\t\t\t<div class=\"elementor-widget-container\">\n\t\t\t\t\t\t\t<div class=\"elementor-spacer\">\n\t\t\t<div class=\"elementor-spacer-inner\"><\/div>\n\t\t<\/div>\n\t\t\t\t\t\t<\/div>\n\t\t\t\t<\/div>\n\t\t\t\t<div class=\"elementor-element elementor-element-2c4babc3 elementor-widget-divider--view-line elementor-widget elementor-widget-divider\" data-id=\"2c4babc3\" data-element_type=\"widget\" data-e-type=\"widget\" data-widget_type=\"divider.default\">\n\t\t\t\t<div class=\"elementor-widget-container\">\n\t\t\t\t\t\t\t<div class=\"elementor-divider\">\n\t\t\t<span class=\"elementor-divider-separator\">\n\t\t\t\t\t\t<\/span>\n\t\t<\/div>\n\t\t\t\t\t\t<\/div>\n\t\t\t\t<\/div>\n\t\t\t\t\t<\/div>\n\t\t<\/div>\n\t\t\t\t\t<\/div>\n\t\t<\/section>\n\t\t\t\t<section class=\"elementor-section elementor-top-section elementor-element elementor-element-1edbfb7f elementor-section-boxed elementor-section-height-default elementor-section-height-default\" data-id=\"1edbfb7f\" data-element_type=\"section\" data-e-type=\"section\">\n\t\t\t\t\t\t<div class=\"elementor-container elementor-column-gap-default\">\n\t\t\t\t\t<div class=\"elementor-column elementor-col-100 elementor-top-column elementor-element elementor-element-9febdcd\" data-id=\"9febdcd\" data-element_type=\"column\" data-e-type=\"column\">\n\t\t\t<div class=\"elementor-widget-wrap elementor-element-populated\">\n\t\t\t\t\t\t<div class=\"elementor-element elementor-element-7084423e elementor-widget elementor-widget-heading\" data-id=\"7084423e\" data-element_type=\"widget\" data-e-type=\"widget\" data-widget_type=\"heading.default\">\n\t\t\t\t<div class=\"elementor-widget-container\">\n\t\t\t\t\t<h2 class=\"elementor-heading-title elementor-size-default\">Brasil estableix metes de reciclatge de pl\u00e0stic per a importadors<\/h2>\t\t\t\t<\/div>\n\t\t\t\t<\/div>\n\t\t\t\t<div class=\"elementor-element elementor-element-69f746ff elementor-widget elementor-widget-spacer\" data-id=\"69f746ff\" data-element_type=\"widget\" data-e-type=\"widget\" data-widget_type=\"spacer.default\">\n\t\t\t\t<div class=\"elementor-widget-container\">\n\t\t\t\t\t\t\t<div class=\"elementor-spacer\">\n\t\t\t<div class=\"elementor-spacer-inner\"><\/div>\n\t\t<\/div>\n\t\t\t\t\t\t<\/div>\n\t\t\t\t<\/div>\n\t\t\t\t<div class=\"elementor-element elementor-element-197cae45 elementor-widget elementor-widget-text-editor\" data-id=\"197cae45\" data-element_type=\"widget\" data-e-type=\"widget\" data-widget_type=\"text-editor.default\">\n\t\t\t\t<div class=\"elementor-widget-container\">\n\t\t\t\t\t\t\t\t\t7 de desembre de 2025\t\t\t\t\t\t\t\t<\/div>\n\t\t\t\t<\/div>\n\t\t\t\t<div class=\"elementor-element elementor-element-2704daed elementor-widget elementor-widget-text-editor\" data-id=\"2704daed\" data-element_type=\"widget\" data-e-type=\"widget\" data-widget_type=\"text-editor.default\">\n\t\t\t\t<div class=\"elementor-widget-container\">\n\t\t\t\t\t\t\t\t\t<p><strong>Brasil estableix un sistema de log\u00edstica reversa per a envasos de pl\u00e0stic que abasta tot el cicle de vida del producte i responsabilitza fabricants, importadors, distribu\u00efdors i comerciants.<\/strong><\/p>\t\t\t\t\t\t\t\t<\/div>\n\t\t\t\t<\/div>\n\t\t\t\t<div class=\"elementor-element elementor-element-21f56d23 elementor-widget-divider--view-line elementor-widget elementor-widget-divider\" data-id=\"21f56d23\" data-element_type=\"widget\" data-e-type=\"widget\" data-widget_type=\"divider.default\">\n\t\t\t\t<div class=\"elementor-widget-container\">\n\t\t\t\t\t\t\t<div class=\"elementor-divider\">\n\t\t\t<span class=\"elementor-divider-separator\">\n\t\t\t\t\t\t<\/span>\n\t\t<\/div>\n\t\t\t\t\t\t<\/div>\n\t\t\t\t<\/div>\n\t\t\t\t<div class=\"elementor-element elementor-element-2ba9310e elementor-widget elementor-widget-text-editor\" data-id=\"2ba9310e\" data-element_type=\"widget\" data-e-type=\"widget\" data-widget_type=\"text-editor.default\">\n\t\t\t\t<div class=\"elementor-widget-container\">\n\t\t\t\t\t\t\t\t\t<p>El <strong>Decret n\u00fam. 12.688, de 21 d&#8217;octubre de 2025,<\/strong> va ser notificat al Comit\u00e8 d&#8217;Obstacles T\u00e8cnics al Comer\u00e7 de l&#8217;OMC com una mesura relacionada amb productes pl\u00e0stics i els seus articles (codi HS 39), i el seu objectiu i justificaci\u00f3 inclouen requisits de qualitat.<\/p><p>El Decret estableix <strong>metes quantitatives<\/strong> m\u00ednimes que shan de complir anualment. S&#8217;estableixen percentatges m\u00ednims nacionals de contingut reciclat a incorporar als envasos de pl\u00e0stic. Aquestes metes s\u00f3n <strong>obligat\u00f2ries a partir del gener del 2026<\/strong> per a grans empreses i el juliol del 2026 per a petites i mitjanes empreses.  <\/p><p>Els aspectes clau regulats pels documents s\u00f3n els seg\u00fcents:<\/p><h5><strong><span style=\"color: #ffffff;\">_<\/span><br> Abast<\/strong><\/h5><p>El sistema abasta tot el cicle de vida del producte i \u00e9s responsabilitat dels <strong>fabricants, importadors, distribu\u00efdors i comerciants<\/strong> . La regulaci\u00f3 s&#8217;aplica als envasos primaris, secundaris i terciaris, aix\u00ed com als <strong>productes de pl\u00e0stic equiparables<\/strong> (com ara plats, gots i coberts continguts a la fracci\u00f3 seca dels residus s\u00f2lids urbans). <\/p><h5><strong><span style=\"color: #ffffff;\">_<\/span><br> Models d&#8217;operaci\u00f3 i obligacions<\/strong><\/h5><p>Es preveuen dos models d&#8217;operaci\u00f3 per al sistema de log\u00edstica reversa:<\/p><ul><li><strong>Model individual:<\/strong> Implementat i operacionalitzat directament per l&#8217;empresa.<\/li><li><strong>Model Col\u00b7lectiu:<\/strong> Estructurat i gestionat per una <strong>entitat gestora<\/strong> habilitada pel Ministeri del Medi Ambient i Canvi Clim\u00e0tic.<\/li><\/ul><h5><strong><span style=\"color: #ffffff;\">_<\/span><br> Obligacions per a tots els agents<\/strong><\/h5><ul><li><strong>Fabricants i importadors:<\/strong> Han de complir la meta de contingut reciclat, prioritzar la contractaci\u00f3 de cooperatives de recol\u00b7lectors, i garantir la reutilitzaci\u00f3 o el reciclatge dels envasos retornats.<\/li><li><strong>Distribu\u00efdors i Comerciants:<\/strong> Tenen l&#8217;obligaci\u00f3 d&#8217;orientar els consumidors sobre la devoluci\u00f3 d&#8217;envasos, instal\u00b7lar i mantenir <strong>punts de lliurament voluntari (PEVs)<\/strong> (en el cas dels comerciants), i encaminar els envasos retornables i no retornables als cicles de reciclatge respectius.<\/li><\/ul><h5><strong><span style=\"color: #ffffff;\">_<\/span><br> Obligacions de l&#8217;Importador al Brasil<\/strong><\/h5><p>Les obligacions imposades als importadors d&#8217;envasos de pl\u00e0stic o de productes comercialitzats en aquests envasos s&#8217;han de complir com a <strong>requisit de conformitat per a la importaci\u00f3 i la comercialitzaci\u00f3<\/strong> dels productes o envasos referits al Brasil.<\/p><p>Les obligacions clau inclouen:<\/p><ul><li>Estructurar, implementar i operacionalitzar un sistema de log\u00edstica reversa (ja sigui individual o col\u00b7lectiu).<\/li><li>Declarar el <strong>compliment de la meta de contingut reciclat<\/strong> als envasos.<\/li><li>Les importacions realitzades per aquells importadors que no integrin una entitat gestora (model col\u00b7lectiu) estaran <strong>condicionades a la comprovaci\u00f3 pr\u00e8via del compliment de la meta<\/strong> relacionada amb el contingut m\u00ednim reciclat incorporat als envasos de pl\u00e0stic.<\/li><li><strong>Mantenir actualitzada la informaci\u00f3<\/strong> sobre la massa d&#8217;envasos venuda al Sistema Nacional d&#8217;Informacions sobre la Gesti\u00f3 dels Residus S\u00f2lids (Sinir) o al sistema <em>black box<\/em> , segons el model d&#8217;operaci\u00f3 triat.<\/li><\/ul><p><span style=\"color: #ffffff;\">_<\/span><br> Encara que la responsabilitat legal recau en l&#8217;importador, la necessitat que els productes i els envasos compleixin els <strong>requisits de qualitat<\/strong> i les <strong>metes de contingut reciclat<\/strong> brasileres \u00e9s una <strong>condici\u00f3 <em>sine qua non<\/em><\/strong> perqu\u00e8 el client pugui importar i comercialitzar els b\u00e9ns de conformitat amb el Decret.<\/p>\t\t\t\t\t\t\t\t<\/div>\n\t\t\t\t<\/div>\n\t\t\t\t\t<\/div>\n\t\t<\/div>\n\t\t\t\t\t<\/div>\n\t\t<\/section>\n\t\t\t\t<section class=\"elementor-section elementor-top-section elementor-element elementor-element-387682fa elementor-section-boxed elementor-section-height-default elementor-section-height-default\" data-id=\"387682fa\" data-element_type=\"section\" data-e-type=\"section\">\n\t\t\t\t\t\t<div class=\"elementor-container elementor-column-gap-default\">\n\t\t\t\t\t<div class=\"elementor-column elementor-col-100 elementor-top-column elementor-element elementor-element-2bab9828\" data-id=\"2bab9828\" data-element_type=\"column\" data-e-type=\"column\">\n\t\t\t<div class=\"elementor-widget-wrap elementor-element-populated\">\n\t\t\t\t\t\t<div class=\"elementor-element elementor-element-782e9d1 elementor-widget-divider--view-line elementor-widget elementor-widget-divider\" data-id=\"782e9d1\" data-element_type=\"widget\" data-e-type=\"widget\" data-widget_type=\"divider.default\">\n\t\t\t\t<div class=\"elementor-widget-container\">\n\t\t\t\t\t\t\t<div class=\"elementor-divider\">\n\t\t\t<span class=\"elementor-divider-separator\">\n\t\t\t\t\t\t<\/span>\n\t\t<\/div>\n\t\t\t\t\t\t<\/div>\n\t\t\t\t<\/div>\n\t\t\t\t<div class=\"elementor-element elementor-element-6e3698b7 elementor-widget elementor-widget-heading\" data-id=\"6e3698b7\" data-element_type=\"widget\" data-e-type=\"widget\" data-widget_type=\"heading.default\">\n\t\t\t\t<div class=\"elementor-widget-container\">\n\t\t\t\t\t<h5 class=\"elementor-heading-title elementor-size-default\">Recursos<\/h5>\t\t\t\t<\/div>\n\t\t\t\t<\/div>\n\t\t\t\t<div class=\"elementor-element elementor-element-53e52f47 elementor-widget elementor-widget-text-editor\" data-id=\"53e52f47\" data-element_type=\"widget\" data-e-type=\"widget\" data-widget_type=\"text-editor.default\">\n\t\t\t\t<div class=\"elementor-widget-container\">\n\t\t\t\t\t\t\t\t\t<p><strong>DECRET N\u00ba 12.688, DE 21 D&#8217;OUTUBRO DE 2025.  <\/strong>Regulamenta o art. 32, \u00a7 1r, eo art. 33, \u00a7 1r, d\u00f3na Llei n\u00fam. 12.305, de 2 d&#8217;agost de 2010, i institui o sistema de log\u00edstica reversa d&#8217;embalatges de pl\u00e0stic.<\/p><p><a href=\"https:\/\/www2.camara.leg.br\/legin\/fed\/decret\/2025\/decreto-12688-21-outubro-2025-798174-publicacaooriginal-176787-pe.html\" target=\"_blank\" rel=\"noopener\">https:\/\/www2.camara.leg.br\/legin\/fed\/decret\/2025\/decreto-12688-21-outubro-2025-798174-publicacaooriginal-176787-pe.html<\/a><\/p>\t\t\t\t\t\t\t\t<\/div>\n\t\t\t\t<\/div>\n\t\t\t\t<div class=\"elementor-element elementor-element-141d1bee elementor-widget elementor-widget-spacer\" data-id=\"141d1bee\" data-element_type=\"widget\" data-e-type=\"widget\" data-widget_type=\"spacer.default\">\n\t\t\t\t<div class=\"elementor-widget-container\">\n\t\t\t\t\t\t\t<div class=\"elementor-spacer\">\n\t\t\t<div class=\"elementor-spacer-inner\"><\/div>\n\t\t<\/div>\n\t\t\t\t\t\t<\/div>\n\t\t\t\t<\/div>\n\t\t\t\t\t<\/div>\n\t\t<\/div>\n\t\t\t\t\t<\/div>\n\t\t<\/section>\n\t\t\t\t<\/div>\n\t\t","protected":false},"excerpt":{"rendered":"<p>Brasil estableix un sistema de log\u00edstica reversa per a envasos de pl\u00e0stic que abasta tot el cicle de vida del producte i responsabilitza fabricants, importadors, distribu\u00efdors i comerciants. El Decret n\u00fam. 12.688, de 21 d&#8217;octubre de 2025, va ser notificat al Comit\u00e8 d&#8217;Obstacles T\u00e8cnics al Comer\u00e7 de l&#8217;OMC com una mesura relacionada amb productes pl\u00e0stics [&hellip;]<\/p>\n","protected":false},"author":10,"featured_media":0,"parent":5934,"menu_order":0,"comment_status":"closed","ping_status":"closed","template":"elementor_canvas","meta":{"inline_featured_image":false,"footnotes":""},"categories":[219],"tags":[],"class_list":["post-44933","page","type-page","status-publish","hentry","category-alertes-i-tendencies-exclusives"],"yoast_head":"<!-- This site is optimized with the Yoast SEO plugin v27.5 - https:\/\/yoast.com\/product\/yoast-seo-wordpress\/ -->\n<title>Brasil estableix metes de reciclatge de pl\u00e0stic per a importadors | amec Positive Industry<\/title>\n<meta name=\"robots\" content=\"index, follow, max-snippet:-1, max-image-preview:large, max-video-preview:-1\" \/>\n<link rel=\"canonical\" href=\"https:\/\/amec.es\/ca\/anticipat\/alertes-i-oportunitats\/brasil-estableix-metes-de-reciclatge-de-plastic-per-a-importadors\/\" \/>\n<meta property=\"og:locale\" content=\"ca_ES\" \/>\n<meta property=\"og:type\" content=\"article\" \/>\n<meta property=\"og:title\" content=\"Brasil estableix metes de reciclatge de pl\u00e0stic per a importadors | amec Positive Industry\" \/>\n<meta property=\"og:description\" content=\"Brasil estableix un sistema de log\u00edstica reversa per a envasos de pl\u00e0stic que abasta tot el cicle de vida del producte i responsabilitza fabricants, importadors, distribu\u00efdors i comerciants. El Decret n\u00fam. 12.688, de 21 d&#8217;octubre de 2025, va ser notificat al Comit\u00e8 d&#8217;Obstacles T\u00e8cnics al Comer\u00e7 de l&#8217;OMC com una mesura relacionada amb productes pl\u00e0stics [&hellip;]\" \/>\n<meta property=\"og:url\" content=\"https:\/\/amec.es\/ca\/anticipat\/alertes-i-oportunitats\/brasil-estableix-metes-de-reciclatge-de-plastic-per-a-importadors\/\" \/>\n<meta property=\"og:site_name\" content=\"amec Positive Industry\" \/>\n<meta property=\"article:modified_time\" content=\"2025-12-07T12:13:44+00:00\" \/>\n<meta property=\"og:image\" content=\"https:\/\/amec.es\/wp-content\/uploads\/2024\/02\/Logo_AMEC.png\" \/>\n\t<meta property=\"og:image:width\" content=\"1827\" \/>\n\t<meta property=\"og:image:height\" content=\"438\" \/>\n\t<meta property=\"og:image:type\" content=\"image\/png\" \/>\n<meta name=\"twitter:card\" content=\"summary_large_image\" \/>\n<meta name=\"twitter:label1\" content=\"Temps estimat de lectura\" \/>\n\t<meta name=\"twitter:data1\" content=\"3 minuts\" \/>\n<script type=\"application\/ld+json\" class=\"yoast-schema-graph\">{\"@context\":\"https:\\\/\\\/schema.org\",\"@graph\":[{\"@type\":\"WebPage\",\"@id\":\"https:\\\/\\\/amec.es\\\/ca\\\/anticipat\\\/alertes-i-oportunitats\\\/brasil-estableix-metes-de-reciclatge-de-plastic-per-a-importadors\\\/\",\"url\":\"https:\\\/\\\/amec.es\\\/ca\\\/anticipat\\\/alertes-i-oportunitats\\\/brasil-estableix-metes-de-reciclatge-de-plastic-per-a-importadors\\\/\",\"name\":\"Brasil estableix metes de reciclatge de pl\u00e0stic per a importadors | amec Positive Industry\",\"isPartOf\":{\"@id\":\"https:\\\/\\\/amec.es\\\/#website\"},\"datePublished\":\"2025-12-07T12:09:28+00:00\",\"dateModified\":\"2025-12-07T12:13:44+00:00\",\"breadcrumb\":{\"@id\":\"https:\\\/\\\/amec.es\\\/ca\\\/anticipat\\\/alertes-i-oportunitats\\\/brasil-estableix-metes-de-reciclatge-de-plastic-per-a-importadors\\\/#breadcrumb\"},\"inLanguage\":\"ca\",\"potentialAction\":[{\"@type\":\"ReadAction\",\"target\":[\"https:\\\/\\\/amec.es\\\/ca\\\/anticipat\\\/alertes-i-oportunitats\\\/brasil-estableix-metes-de-reciclatge-de-plastic-per-a-importadors\\\/\"]}]},{\"@type\":\"BreadcrumbList\",\"@id\":\"https:\\\/\\\/amec.es\\\/ca\\\/anticipat\\\/alertes-i-oportunitats\\\/brasil-estableix-metes-de-reciclatge-de-plastic-per-a-importadors\\\/#breadcrumb\",\"itemListElement\":[{\"@type\":\"ListItem\",\"position\":1,\"name\":\"Portada\",\"item\":\"https:\\\/\\\/amec.es\\\/ca\\\/home-new\\\/\"},{\"@type\":\"ListItem\",\"position\":2,\"name\":\"Anticipa&#8217;t\",\"item\":\"https:\\\/\\\/amec.es\\\/ca\\\/anticipat\\\/\"},{\"@type\":\"ListItem\",\"position\":3,\"name\":\"Alertes i oportunitats\",\"item\":\"https:\\\/\\\/amec.es\\\/ca\\\/anticipat\\\/alertes-i-oportunitats\\\/\"},{\"@type\":\"ListItem\",\"position\":4,\"name\":\"Brasil estableix metes de reciclatge de pl\u00e0stic per a importadors\"}]},{\"@type\":\"WebSite\",\"@id\":\"https:\\\/\\\/amec.es\\\/#website\",\"url\":\"https:\\\/\\\/amec.es\\\/\",\"name\":\"amec Positive Industry\",\"description\":\"\",\"publisher\":{\"@id\":\"https:\\\/\\\/amec.es\\\/#organization\"},\"potentialAction\":[{\"@type\":\"SearchAction\",\"target\":{\"@type\":\"EntryPoint\",\"urlTemplate\":\"https:\\\/\\\/amec.es\\\/?s={search_term_string}\"},\"query-input\":{\"@type\":\"PropertyValueSpecification\",\"valueRequired\":true,\"valueName\":\"search_term_string\"}}],\"inLanguage\":\"ca\"},{\"@type\":\"Organization\",\"@id\":\"https:\\\/\\\/amec.es\\\/#organization\",\"name\":\"amec Positive Industry\",\"url\":\"https:\\\/\\\/amec.es\\\/\",\"logo\":{\"@type\":\"ImageObject\",\"inLanguage\":\"ca\",\"@id\":\"https:\\\/\\\/amec.es\\\/#\\\/schema\\\/logo\\\/image\\\/\",\"url\":\"https:\\\/\\\/amec.es\\\/wp-content\\\/uploads\\\/2023\\\/07\\\/logoamec.png\",\"contentUrl\":\"https:\\\/\\\/amec.es\\\/wp-content\\\/uploads\\\/2023\\\/07\\\/logoamec.png\",\"width\":200,\"height\":48,\"caption\":\"amec Positive Industry\"},\"image\":{\"@id\":\"https:\\\/\\\/amec.es\\\/#\\\/schema\\\/logo\\\/image\\\/\"}}]}<\/script>\n<!-- \/ Yoast SEO plugin. -->","yoast_head_json":{"title":"Brasil estableix metes de reciclatge de pl\u00e0stic per a importadors | amec Positive Industry","robots":{"index":"index","follow":"follow","max-snippet":"max-snippet:-1","max-image-preview":"max-image-preview:large","max-video-preview":"max-video-preview:-1"},"canonical":"https:\/\/amec.es\/ca\/anticipat\/alertes-i-oportunitats\/brasil-estableix-metes-de-reciclatge-de-plastic-per-a-importadors\/","og_locale":"ca_ES","og_type":"article","og_title":"Brasil estableix metes de reciclatge de pl\u00e0stic per a importadors | amec Positive Industry","og_description":"Brasil estableix un sistema de log\u00edstica reversa per a envasos de pl\u00e0stic que abasta tot el cicle de vida del producte i responsabilitza fabricants, importadors, distribu\u00efdors i comerciants. El Decret n\u00fam. 12.688, de 21 d&#8217;octubre de 2025, va ser notificat al Comit\u00e8 d&#8217;Obstacles T\u00e8cnics al Comer\u00e7 de l&#8217;OMC com una mesura relacionada amb productes pl\u00e0stics [&hellip;]","og_url":"https:\/\/amec.es\/ca\/anticipat\/alertes-i-oportunitats\/brasil-estableix-metes-de-reciclatge-de-plastic-per-a-importadors\/","og_site_name":"amec Positive Industry","article_modified_time":"2025-12-07T12:13:44+00:00","og_image":[{"width":1827,"height":438,"url":"https:\/\/amec.es\/wp-content\/uploads\/2024\/02\/Logo_AMEC.png","type":"image\/png"}],"twitter_card":"summary_large_image","twitter_misc":{"Temps estimat de lectura":"3 minuts"},"schema":{"@context":"https:\/\/schema.org","@graph":[{"@type":"WebPage","@id":"https:\/\/amec.es\/ca\/anticipat\/alertes-i-oportunitats\/brasil-estableix-metes-de-reciclatge-de-plastic-per-a-importadors\/","url":"https:\/\/amec.es\/ca\/anticipat\/alertes-i-oportunitats\/brasil-estableix-metes-de-reciclatge-de-plastic-per-a-importadors\/","name":"Brasil estableix metes de reciclatge de pl\u00e0stic per a importadors | amec Positive Industry","isPartOf":{"@id":"https:\/\/amec.es\/#website"},"datePublished":"2025-12-07T12:09:28+00:00","dateModified":"2025-12-07T12:13:44+00:00","breadcrumb":{"@id":"https:\/\/amec.es\/ca\/anticipat\/alertes-i-oportunitats\/brasil-estableix-metes-de-reciclatge-de-plastic-per-a-importadors\/#breadcrumb"},"inLanguage":"ca","potentialAction":[{"@type":"ReadAction","target":["https:\/\/amec.es\/ca\/anticipat\/alertes-i-oportunitats\/brasil-estableix-metes-de-reciclatge-de-plastic-per-a-importadors\/"]}]},{"@type":"BreadcrumbList","@id":"https:\/\/amec.es\/ca\/anticipat\/alertes-i-oportunitats\/brasil-estableix-metes-de-reciclatge-de-plastic-per-a-importadors\/#breadcrumb","itemListElement":[{"@type":"ListItem","position":1,"name":"Portada","item":"https:\/\/amec.es\/ca\/home-new\/"},{"@type":"ListItem","position":2,"name":"Anticipa&#8217;t","item":"https:\/\/amec.es\/ca\/anticipat\/"},{"@type":"ListItem","position":3,"name":"Alertes i oportunitats","item":"https:\/\/amec.es\/ca\/anticipat\/alertes-i-oportunitats\/"},{"@type":"ListItem","position":4,"name":"Brasil estableix metes de reciclatge de pl\u00e0stic per a importadors"}]},{"@type":"WebSite","@id":"https:\/\/amec.es\/#website","url":"https:\/\/amec.es\/","name":"amec Positive Industry","description":"","publisher":{"@id":"https:\/\/amec.es\/#organization"},"potentialAction":[{"@type":"SearchAction","target":{"@type":"EntryPoint","urlTemplate":"https:\/\/amec.es\/?s={search_term_string}"},"query-input":{"@type":"PropertyValueSpecification","valueRequired":true,"valueName":"search_term_string"}}],"inLanguage":"ca"},{"@type":"Organization","@id":"https:\/\/amec.es\/#organization","name":"amec Positive Industry","url":"https:\/\/amec.es\/","logo":{"@type":"ImageObject","inLanguage":"ca","@id":"https:\/\/amec.es\/#\/schema\/logo\/image\/","url":"https:\/\/amec.es\/wp-content\/uploads\/2023\/07\/logoamec.png","contentUrl":"https:\/\/amec.es\/wp-content\/uploads\/2023\/07\/logoamec.png","width":200,"height":48,"caption":"amec Positive Industry"},"image":{"@id":"https:\/\/amec.es\/#\/schema\/logo\/image\/"}}]}},"_links":{"self":[{"href":"https:\/\/amec.es\/ca\/wp-json\/wp\/v2\/pages\/44933","targetHints":{"allow":["GET"]}}],"collection":[{"href":"https:\/\/amec.es\/ca\/wp-json\/wp\/v2\/pages"}],"about":[{"href":"https:\/\/amec.es\/ca\/wp-json\/wp\/v2\/types\/page"}],"author":[{"embeddable":true,"href":"https:\/\/amec.es\/ca\/wp-json\/wp\/v2\/users\/10"}],"replies":[{"embeddable":true,"href":"https:\/\/amec.es\/ca\/wp-json\/wp\/v2\/comments?post=44933"}],"version-history":[{"count":3,"href":"https:\/\/amec.es\/ca\/wp-json\/wp\/v2\/pages\/44933\/revisions"}],"predecessor-version":[{"id":44937,"href":"https:\/\/amec.es\/ca\/wp-json\/wp\/v2\/pages\/44933\/revisions\/44937"}],"up":[{"embeddable":true,"href":"https:\/\/amec.es\/ca\/wp-json\/wp\/v2\/pages\/5934"}],"wp:attachment":[{"href":"https:\/\/amec.es\/ca\/wp-json\/wp\/v2\/media?parent=44933"}],"wp:term":[{"taxonomy":"category","embeddable":true,"href":"https:\/\/amec.es\/ca\/wp-json\/wp\/v2\/categories?post=44933"},{"taxonomy":"post_tag","embeddable":true,"href":"https:\/\/amec.es\/ca\/wp-json\/wp\/v2\/tags?post=44933"}],"curies":[{"name":"wp","href":"https:\/\/api.w.org\/{rel}","templated":true}]}}