{"id":44944,"date":"2025-12-07T13:21:19","date_gmt":"2025-12-07T12:21:19","guid":{"rendered":"https:\/\/amec.es\/anticipat\/alertes-i-oportunitats\/ghana-presenta-els-sectors-economics-prioritaris-2026\/"},"modified":"2025-12-07T13:23:59","modified_gmt":"2025-12-07T12:23:59","slug":"ghana-presenta-els-sectors-economics-prioritaris-2026","status":"publish","type":"page","link":"https:\/\/amec.es\/ca\/anticipat\/alertes-i-oportunitats\/ghana-presenta-els-sectors-economics-prioritaris-2026\/","title":{"rendered":"Ghana presenta els sectors econ\u00f2mics prioritaris 2026"},"content":{"rendered":"\t\t<div data-elementor-type=\"wp-page\" data-elementor-id=\"44944\" class=\"elementor elementor-44944 elementor-44939\" data-elementor-post-type=\"page\">\n\t\t\t\t\t\t<section class=\"elementor-section elementor-top-section elementor-element elementor-element-14069315 elementor-section-boxed elementor-section-height-default elementor-section-height-default\" data-id=\"14069315\" data-element_type=\"section\" data-e-type=\"section\" data-settings=\"{&quot;background_background&quot;:&quot;gradient&quot;}\">\n\t\t\t\t\t\t<div class=\"elementor-container elementor-column-gap-default\">\n\t\t\t\t\t<div class=\"elementor-column elementor-col-100 elementor-top-column elementor-element elementor-element-34cfd122\" data-id=\"34cfd122\" data-element_type=\"column\" data-e-type=\"column\">\n\t\t\t<div class=\"elementor-widget-wrap elementor-element-populated\">\n\t\t\t\t\t\t<div class=\"elementor-element elementor-element-31cf8948 elementor-widget elementor-widget-heading\" data-id=\"31cf8948\" data-element_type=\"widget\" data-e-type=\"widget\" data-widget_type=\"heading.default\">\n\t\t\t\t<div class=\"elementor-widget-container\">\n\t\t\t\t\t<h2 class=\"elementor-heading-title elementor-size-default\"><a href=\"https:\/\/amec.es\/ca\/category\/alertes-i-tendencies-exclusives\/\" rel=\"tag\">Alertes i tend\u00e8ncies exclusives<\/a><\/h2>\t\t\t\t<\/div>\n\t\t\t\t<\/div>\n\t\t\t\t<div class=\"elementor-element elementor-element-29e8438a elementor-widget elementor-widget-spacer\" data-id=\"29e8438a\" data-element_type=\"widget\" data-e-type=\"widget\" data-widget_type=\"spacer.default\">\n\t\t\t\t<div class=\"elementor-widget-container\">\n\t\t\t\t\t\t\t<div class=\"elementor-spacer\">\n\t\t\t<div class=\"elementor-spacer-inner\"><\/div>\n\t\t<\/div>\n\t\t\t\t\t\t<\/div>\n\t\t\t\t<\/div>\n\t\t\t\t<div class=\"elementor-element elementor-element-70b41074 elementor-widget-divider--view-line elementor-widget elementor-widget-divider\" data-id=\"70b41074\" data-element_type=\"widget\" data-e-type=\"widget\" data-widget_type=\"divider.default\">\n\t\t\t\t<div class=\"elementor-widget-container\">\n\t\t\t\t\t\t\t<div class=\"elementor-divider\">\n\t\t\t<span class=\"elementor-divider-separator\">\n\t\t\t\t\t\t<\/span>\n\t\t<\/div>\n\t\t\t\t\t\t<\/div>\n\t\t\t\t<\/div>\n\t\t\t\t\t<\/div>\n\t\t<\/div>\n\t\t\t\t\t<\/div>\n\t\t<\/section>\n\t\t\t\t<section class=\"elementor-section elementor-top-section elementor-element elementor-element-7c1876ef elementor-section-boxed elementor-section-height-default elementor-section-height-default\" data-id=\"7c1876ef\" data-element_type=\"section\" data-e-type=\"section\">\n\t\t\t\t\t\t<div class=\"elementor-container elementor-column-gap-default\">\n\t\t\t\t\t<div class=\"elementor-column elementor-col-100 elementor-top-column elementor-element elementor-element-6843a51f\" data-id=\"6843a51f\" data-element_type=\"column\" data-e-type=\"column\">\n\t\t\t<div class=\"elementor-widget-wrap elementor-element-populated\">\n\t\t\t\t\t\t<div class=\"elementor-element elementor-element-52e70658 elementor-widget elementor-widget-heading\" data-id=\"52e70658\" data-element_type=\"widget\" data-e-type=\"widget\" data-widget_type=\"heading.default\">\n\t\t\t\t<div class=\"elementor-widget-container\">\n\t\t\t\t\t<h2 class=\"elementor-heading-title elementor-size-default\">Ghana presenta els sectors econ\u00f2mics prioritaris 2026<\/h2>\t\t\t\t<\/div>\n\t\t\t\t<\/div>\n\t\t\t\t<div class=\"elementor-element elementor-element-6b849002 elementor-widget elementor-widget-spacer\" data-id=\"6b849002\" data-element_type=\"widget\" data-e-type=\"widget\" data-widget_type=\"spacer.default\">\n\t\t\t\t<div class=\"elementor-widget-container\">\n\t\t\t\t\t\t\t<div class=\"elementor-spacer\">\n\t\t\t<div class=\"elementor-spacer-inner\"><\/div>\n\t\t<\/div>\n\t\t\t\t\t\t<\/div>\n\t\t\t\t<\/div>\n\t\t\t\t<div class=\"elementor-element elementor-element-2897eb7a elementor-widget elementor-widget-text-editor\" data-id=\"2897eb7a\" data-element_type=\"widget\" data-e-type=\"widget\" data-widget_type=\"text-editor.default\">\n\t\t\t\t<div class=\"elementor-widget-container\">\n\t\t\t\t\t\t\t\t\t7 de desembre de 2025\t\t\t\t\t\t\t\t<\/div>\n\t\t\t\t<\/div>\n\t\t\t\t<div class=\"elementor-element elementor-element-235ea894 elementor-widget elementor-widget-text-editor\" data-id=\"235ea894\" data-element_type=\"widget\" data-e-type=\"widget\" data-widget_type=\"text-editor.default\">\n\t\t\t\t<div class=\"elementor-widget-container\">\n\t\t\t\t\t\t\t\t\t<p><strong>Ghana ha presentat el seu pla econ\u00f2mic per al 2026, enfocat a consolidar l&#8217;estabilitat macroecon\u00f2mica i accelerar la transformaci\u00f3 econ\u00f2mica de sectors com ara agribusiness, t\u00e8xtil i infraestructures.<\/strong><\/p>\t\t\t\t\t\t\t\t<\/div>\n\t\t\t\t<\/div>\n\t\t\t\t<div class=\"elementor-element elementor-element-6cd8a4ee elementor-widget-divider--view-line elementor-widget elementor-widget-divider\" data-id=\"6cd8a4ee\" data-element_type=\"widget\" data-e-type=\"widget\" data-widget_type=\"divider.default\">\n\t\t\t\t<div class=\"elementor-widget-container\">\n\t\t\t\t\t\t\t<div class=\"elementor-divider\">\n\t\t\t<span class=\"elementor-divider-separator\">\n\t\t\t\t\t\t<\/span>\n\t\t<\/div>\n\t\t\t\t\t\t<\/div>\n\t\t\t\t<\/div>\n\t\t\t\t<div class=\"elementor-element elementor-element-35ff5f32 elementor-widget elementor-widget-text-editor\" data-id=\"35ff5f32\" data-element_type=\"widget\" data-e-type=\"widget\" data-widget_type=\"text-editor.default\">\n\t\t\t\t<div class=\"elementor-widget-container\">\n\t\t\t\t\t\t\t\t\t<p>Ghana \u00e9s percebut com un mercat d&#8217;inter\u00e8s creixent, recolzat per les millores en l&#8217;estabilitat econ\u00f2mica i la credibilitat internacional. El govern de Ghana t\u00e9 una visi\u00f3 clara de convertir-se en un pa\u00eds que <strong>produeix m\u00e9s del que consumeix i exporta b\u00e9ns amb valor agregat<\/strong> , en lloc de nom\u00e9s primeres mat\u00e8ries. <\/p><p>A continuaci\u00f3, es detallen els sectors estrat\u00e8gics que rebran un impuls significatiu el 2026:<\/p><h5><strong><span style=\"color: #ffffff;\">_<\/span><br> Agribusiness<\/strong><\/h5><ul><li>L\u00b4objectiu \u00e9s transformar l\u00b4agricultura en un sector comercial, modern i mecanitzat, amb focus en la <strong>creaci\u00f3 d\u00b4enclavaments agroindustrials<\/strong> per a la producci\u00f3, el processament i la distribuci\u00f3.<\/li><li>S&#8217;implementar\u00e0 la <strong>Pol\u00edtica Nacional de Desenvolupament Integral de la Palma Olitera (2026-2032)<\/strong> (&#8220;or vermell&#8221;), amb l&#8217;objectiu d&#8217;expandir 100.000 hect\u00e0rees de noves plantacions i impulsar-ne la refinaci\u00f3 i el processament.<\/li><li>Es posaran en funcionament <strong>set noves plantes de processament agroindustrial<\/strong> per a productes com nyam, peix, aus de corral, anacard, arr\u00f2s, mantega de karit\u00e9 i oli de palmiste.<\/li><li>Es construiran <strong>dues noves plantes de processament d&#8217;anacard<\/strong> .<\/li><\/ul><h5><strong><span style=\"color: #ffffff;\">_<\/span><br> Ind\u00fastria i Manufactura<\/strong><\/h5><ul><li>Es recolzar\u00e0 l&#8217;establiment de <strong>tres noves f\u00e0briques de peces de vestir<\/strong> a les regions de Bono Este, Central i Oriental, dissenyades per operar sota el programa d&#8217; <strong>Economia 24 Hores<\/strong> .<\/li><li>Es restringir\u00e0 l&#8217;exportaci\u00f3 de <strong>ferralla de metalls no ferrosos i cautx\u00fa brut<\/strong> per garantir que aquestes mat\u00e8ries primeres es destinin a <strong>processadors nacionals<\/strong> per donar suport a les cadenes de valor i la fabricaci\u00f3 de components (inclosos automotrius i de maquin\u00e0ria).<\/li><li>La <strong>Junta de l&#8217;Or de Ghana (GoldBod)<\/strong> t\u00e9 la missi\u00f3 de liderar la transici\u00f3 de l&#8217;exportaci\u00f3 d&#8217;or en brut a l&#8217; <strong>or refinat<\/strong> i s&#8217;est\u00e0 treballant per establir un &#8220;Poble de l&#8217;Or&#8221; (Gold Village) com a centre continental de joieria i exportaci\u00f3 d&#8217;artesania d&#8217;or d&#8217;alt valor.<\/li><\/ul><h5><strong><span style=\"color: #ffffff;\">_<\/span><br> Energia i Infraestructura<\/strong><\/h5><ul><li>Es comen\u00e7ar\u00e0 la construcci\u00f3 el 2026 d&#8217;una <strong>central t\u00e8rmica de 1.200 megawatts de propietat estatal<\/strong> per aprofitar el subministrament addicional de gas.<\/li><li>El <strong>Programa d&#8217;Infraestructura Big Push<\/strong> (amb una inversi\u00f3 de 10.000 milions d&#8217;USD) se centrar\u00e0 en carreteres estrat\u00e8giques, ponts i corredors log\u00edstics, incloent-hi l&#8217; <strong>Autopista Accra-Kumasi<\/strong> .<\/li><\/ul>\t\t\t\t\t\t\t\t<\/div>\n\t\t\t\t<\/div>\n\t\t\t\t\t<\/div>\n\t\t<\/div>\n\t\t\t\t\t<\/div>\n\t\t<\/section>\n\t\t\t\t<section class=\"elementor-section elementor-top-section elementor-element elementor-element-3416039b elementor-section-boxed elementor-section-height-default elementor-section-height-default\" data-id=\"3416039b\" data-element_type=\"section\" data-e-type=\"section\">\n\t\t\t\t\t\t<div class=\"elementor-container elementor-column-gap-default\">\n\t\t\t\t\t<div class=\"elementor-column elementor-col-100 elementor-top-column elementor-element elementor-element-37087504\" data-id=\"37087504\" data-element_type=\"column\" data-e-type=\"column\">\n\t\t\t<div class=\"elementor-widget-wrap elementor-element-populated\">\n\t\t\t\t\t\t<div class=\"elementor-element elementor-element-74ca5abb elementor-widget-divider--view-line elementor-widget elementor-widget-divider\" data-id=\"74ca5abb\" data-element_type=\"widget\" data-e-type=\"widget\" data-widget_type=\"divider.default\">\n\t\t\t\t<div class=\"elementor-widget-container\">\n\t\t\t\t\t\t\t<div class=\"elementor-divider\">\n\t\t\t<span class=\"elementor-divider-separator\">\n\t\t\t\t\t\t<\/span>\n\t\t<\/div>\n\t\t\t\t\t\t<\/div>\n\t\t\t\t<\/div>\n\t\t\t\t<div class=\"elementor-element elementor-element-2ba9231f elementor-widget elementor-widget-heading\" data-id=\"2ba9231f\" data-element_type=\"widget\" data-e-type=\"widget\" data-widget_type=\"heading.default\">\n\t\t\t\t<div class=\"elementor-widget-container\">\n\t\t\t\t\t<h5 class=\"elementor-heading-title elementor-size-default\">Recursos<\/h5>\t\t\t\t<\/div>\n\t\t\t\t<\/div>\n\t\t\t\t<div class=\"elementor-element elementor-element-11fa6aef elementor-widget elementor-widget-text-editor\" data-id=\"11fa6aef\" data-element_type=\"widget\" data-e-type=\"widget\" data-widget_type=\"text-editor.default\">\n\t\t\t\t<div class=\"elementor-widget-container\">\n\t\t\t\t\t\t\t\t\t<p>MINISTRY OF FINANCE OF GHANA. 2026 Budget Statement and Economic Policy <\/p><p><a href=\"https:\/\/www.mofep.gov.gh\/publications\/budget-statements\" target=\"_blank\" rel=\"noopener\">https:\/\/www.mofep.gov.gh\/publications\/budget-statements<\/a><\/p>\t\t\t\t\t\t\t\t<\/div>\n\t\t\t\t<\/div>\n\t\t\t\t<div class=\"elementor-element elementor-element-57d168fa elementor-widget elementor-widget-spacer\" data-id=\"57d168fa\" data-element_type=\"widget\" data-e-type=\"widget\" data-widget_type=\"spacer.default\">\n\t\t\t\t<div class=\"elementor-widget-container\">\n\t\t\t\t\t\t\t<div class=\"elementor-spacer\">\n\t\t\t<div class=\"elementor-spacer-inner\"><\/div>\n\t\t<\/div>\n\t\t\t\t\t\t<\/div>\n\t\t\t\t<\/div>\n\t\t\t\t\t<\/div>\n\t\t<\/div>\n\t\t\t\t\t<\/div>\n\t\t<\/section>\n\t\t\t\t<\/div>\n\t\t","protected":false},"excerpt":{"rendered":"<p>Ghana ha presentat el seu pla econ\u00f2mic per al 2026, enfocat a consolidar l&#8217;estabilitat macroecon\u00f2mica i accelerar la transformaci\u00f3 econ\u00f2mica de sectors com ara agribusiness, t\u00e8xtil i infraestructures. Ghana \u00e9s percebut com un mercat d&#8217;inter\u00e8s creixent, recolzat per les millores en l&#8217;estabilitat econ\u00f2mica i la credibilitat internacional. El govern de Ghana t\u00e9 una visi\u00f3 clara [&hellip;]<\/p>\n","protected":false},"author":10,"featured_media":0,"parent":5934,"menu_order":0,"comment_status":"closed","ping_status":"closed","template":"elementor_canvas","meta":{"inline_featured_image":false,"footnotes":""},"categories":[219],"tags":[],"class_list":["post-44944","page","type-page","status-publish","hentry","category-alertes-i-tendencies-exclusives"],"yoast_head":"<!-- This site is optimized with the Yoast SEO plugin v27.5 - https:\/\/yoast.com\/product\/yoast-seo-wordpress\/ -->\n<title>Ghana presenta els sectors econ\u00f2mics prioritaris 2026 | amec Positive Industry<\/title>\n<meta name=\"robots\" content=\"index, follow, max-snippet:-1, max-image-preview:large, max-video-preview:-1\" \/>\n<link rel=\"canonical\" href=\"https:\/\/amec.es\/ca\/anticipat\/alertes-i-oportunitats\/ghana-presenta-els-sectors-economics-prioritaris-2026\/\" \/>\n<meta property=\"og:locale\" content=\"ca_ES\" \/>\n<meta property=\"og:type\" content=\"article\" \/>\n<meta property=\"og:title\" content=\"Ghana presenta els sectors econ\u00f2mics prioritaris 2026 | amec Positive Industry\" \/>\n<meta property=\"og:description\" content=\"Ghana ha presentat el seu pla econ\u00f2mic per al 2026, enfocat a consolidar l&#8217;estabilitat macroecon\u00f2mica i accelerar la transformaci\u00f3 econ\u00f2mica de sectors com ara agribusiness, t\u00e8xtil i infraestructures. Ghana \u00e9s percebut com un mercat d&#8217;inter\u00e8s creixent, recolzat per les millores en l&#8217;estabilitat econ\u00f2mica i la credibilitat internacional. El govern de Ghana t\u00e9 una visi\u00f3 clara [&hellip;]\" \/>\n<meta property=\"og:url\" content=\"https:\/\/amec.es\/ca\/anticipat\/alertes-i-oportunitats\/ghana-presenta-els-sectors-economics-prioritaris-2026\/\" \/>\n<meta property=\"og:site_name\" content=\"amec Positive Industry\" \/>\n<meta property=\"article:modified_time\" content=\"2025-12-07T12:23:59+00:00\" \/>\n<meta property=\"og:image\" content=\"https:\/\/amec.es\/wp-content\/uploads\/2024\/02\/Logo_AMEC.png\" \/>\n\t<meta property=\"og:image:width\" content=\"1827\" \/>\n\t<meta property=\"og:image:height\" content=\"438\" \/>\n\t<meta property=\"og:image:type\" content=\"image\/png\" \/>\n<meta name=\"twitter:card\" content=\"summary_large_image\" \/>\n<meta name=\"twitter:label1\" content=\"Temps estimat de lectura\" \/>\n\t<meta name=\"twitter:data1\" content=\"2 minuts\" \/>\n<script type=\"application\/ld+json\" class=\"yoast-schema-graph\">{\"@context\":\"https:\\\/\\\/schema.org\",\"@graph\":[{\"@type\":\"WebPage\",\"@id\":\"https:\\\/\\\/amec.es\\\/ca\\\/anticipat\\\/alertes-i-oportunitats\\\/ghana-presenta-els-sectors-economics-prioritaris-2026\\\/\",\"url\":\"https:\\\/\\\/amec.es\\\/ca\\\/anticipat\\\/alertes-i-oportunitats\\\/ghana-presenta-els-sectors-economics-prioritaris-2026\\\/\",\"name\":\"Ghana presenta els sectors econ\u00f2mics prioritaris 2026 | amec Positive Industry\",\"isPartOf\":{\"@id\":\"https:\\\/\\\/amec.es\\\/#website\"},\"datePublished\":\"2025-12-07T12:21:19+00:00\",\"dateModified\":\"2025-12-07T12:23:59+00:00\",\"breadcrumb\":{\"@id\":\"https:\\\/\\\/amec.es\\\/ca\\\/anticipat\\\/alertes-i-oportunitats\\\/ghana-presenta-els-sectors-economics-prioritaris-2026\\\/#breadcrumb\"},\"inLanguage\":\"ca\",\"potentialAction\":[{\"@type\":\"ReadAction\",\"target\":[\"https:\\\/\\\/amec.es\\\/ca\\\/anticipat\\\/alertes-i-oportunitats\\\/ghana-presenta-els-sectors-economics-prioritaris-2026\\\/\"]}]},{\"@type\":\"BreadcrumbList\",\"@id\":\"https:\\\/\\\/amec.es\\\/ca\\\/anticipat\\\/alertes-i-oportunitats\\\/ghana-presenta-els-sectors-economics-prioritaris-2026\\\/#breadcrumb\",\"itemListElement\":[{\"@type\":\"ListItem\",\"position\":1,\"name\":\"Portada\",\"item\":\"https:\\\/\\\/amec.es\\\/ca\\\/home-new\\\/\"},{\"@type\":\"ListItem\",\"position\":2,\"name\":\"Anticipa&#8217;t\",\"item\":\"https:\\\/\\\/amec.es\\\/ca\\\/anticipat\\\/\"},{\"@type\":\"ListItem\",\"position\":3,\"name\":\"Alertes i oportunitats\",\"item\":\"https:\\\/\\\/amec.es\\\/ca\\\/anticipat\\\/alertes-i-oportunitats\\\/\"},{\"@type\":\"ListItem\",\"position\":4,\"name\":\"Ghana presenta els sectors econ\u00f2mics prioritaris 2026\"}]},{\"@type\":\"WebSite\",\"@id\":\"https:\\\/\\\/amec.es\\\/#website\",\"url\":\"https:\\\/\\\/amec.es\\\/\",\"name\":\"amec Positive Industry\",\"description\":\"\",\"publisher\":{\"@id\":\"https:\\\/\\\/amec.es\\\/#organization\"},\"potentialAction\":[{\"@type\":\"SearchAction\",\"target\":{\"@type\":\"EntryPoint\",\"urlTemplate\":\"https:\\\/\\\/amec.es\\\/?s={search_term_string}\"},\"query-input\":{\"@type\":\"PropertyValueSpecification\",\"valueRequired\":true,\"valueName\":\"search_term_string\"}}],\"inLanguage\":\"ca\"},{\"@type\":\"Organization\",\"@id\":\"https:\\\/\\\/amec.es\\\/#organization\",\"name\":\"amec Positive Industry\",\"url\":\"https:\\\/\\\/amec.es\\\/\",\"logo\":{\"@type\":\"ImageObject\",\"inLanguage\":\"ca\",\"@id\":\"https:\\\/\\\/amec.es\\\/#\\\/schema\\\/logo\\\/image\\\/\",\"url\":\"https:\\\/\\\/amec.es\\\/wp-content\\\/uploads\\\/2023\\\/07\\\/logoamec.png\",\"contentUrl\":\"https:\\\/\\\/amec.es\\\/wp-content\\\/uploads\\\/2023\\\/07\\\/logoamec.png\",\"width\":200,\"height\":48,\"caption\":\"amec Positive Industry\"},\"image\":{\"@id\":\"https:\\\/\\\/amec.es\\\/#\\\/schema\\\/logo\\\/image\\\/\"}}]}<\/script>\n<!-- \/ Yoast SEO plugin. -->","yoast_head_json":{"title":"Ghana presenta els sectors econ\u00f2mics prioritaris 2026 | amec Positive Industry","robots":{"index":"index","follow":"follow","max-snippet":"max-snippet:-1","max-image-preview":"max-image-preview:large","max-video-preview":"max-video-preview:-1"},"canonical":"https:\/\/amec.es\/ca\/anticipat\/alertes-i-oportunitats\/ghana-presenta-els-sectors-economics-prioritaris-2026\/","og_locale":"ca_ES","og_type":"article","og_title":"Ghana presenta els sectors econ\u00f2mics prioritaris 2026 | amec Positive Industry","og_description":"Ghana ha presentat el seu pla econ\u00f2mic per al 2026, enfocat a consolidar l&#8217;estabilitat macroecon\u00f2mica i accelerar la transformaci\u00f3 econ\u00f2mica de sectors com ara agribusiness, t\u00e8xtil i infraestructures. Ghana \u00e9s percebut com un mercat d&#8217;inter\u00e8s creixent, recolzat per les millores en l&#8217;estabilitat econ\u00f2mica i la credibilitat internacional. El govern de Ghana t\u00e9 una visi\u00f3 clara [&hellip;]","og_url":"https:\/\/amec.es\/ca\/anticipat\/alertes-i-oportunitats\/ghana-presenta-els-sectors-economics-prioritaris-2026\/","og_site_name":"amec Positive Industry","article_modified_time":"2025-12-07T12:23:59+00:00","og_image":[{"width":1827,"height":438,"url":"https:\/\/amec.es\/wp-content\/uploads\/2024\/02\/Logo_AMEC.png","type":"image\/png"}],"twitter_card":"summary_large_image","twitter_misc":{"Temps estimat de lectura":"2 minuts"},"schema":{"@context":"https:\/\/schema.org","@graph":[{"@type":"WebPage","@id":"https:\/\/amec.es\/ca\/anticipat\/alertes-i-oportunitats\/ghana-presenta-els-sectors-economics-prioritaris-2026\/","url":"https:\/\/amec.es\/ca\/anticipat\/alertes-i-oportunitats\/ghana-presenta-els-sectors-economics-prioritaris-2026\/","name":"Ghana presenta els sectors econ\u00f2mics prioritaris 2026 | amec Positive Industry","isPartOf":{"@id":"https:\/\/amec.es\/#website"},"datePublished":"2025-12-07T12:21:19+00:00","dateModified":"2025-12-07T12:23:59+00:00","breadcrumb":{"@id":"https:\/\/amec.es\/ca\/anticipat\/alertes-i-oportunitats\/ghana-presenta-els-sectors-economics-prioritaris-2026\/#breadcrumb"},"inLanguage":"ca","potentialAction":[{"@type":"ReadAction","target":["https:\/\/amec.es\/ca\/anticipat\/alertes-i-oportunitats\/ghana-presenta-els-sectors-economics-prioritaris-2026\/"]}]},{"@type":"BreadcrumbList","@id":"https:\/\/amec.es\/ca\/anticipat\/alertes-i-oportunitats\/ghana-presenta-els-sectors-economics-prioritaris-2026\/#breadcrumb","itemListElement":[{"@type":"ListItem","position":1,"name":"Portada","item":"https:\/\/amec.es\/ca\/home-new\/"},{"@type":"ListItem","position":2,"name":"Anticipa&#8217;t","item":"https:\/\/amec.es\/ca\/anticipat\/"},{"@type":"ListItem","position":3,"name":"Alertes i oportunitats","item":"https:\/\/amec.es\/ca\/anticipat\/alertes-i-oportunitats\/"},{"@type":"ListItem","position":4,"name":"Ghana presenta els sectors econ\u00f2mics prioritaris 2026"}]},{"@type":"WebSite","@id":"https:\/\/amec.es\/#website","url":"https:\/\/amec.es\/","name":"amec Positive Industry","description":"","publisher":{"@id":"https:\/\/amec.es\/#organization"},"potentialAction":[{"@type":"SearchAction","target":{"@type":"EntryPoint","urlTemplate":"https:\/\/amec.es\/?s={search_term_string}"},"query-input":{"@type":"PropertyValueSpecification","valueRequired":true,"valueName":"search_term_string"}}],"inLanguage":"ca"},{"@type":"Organization","@id":"https:\/\/amec.es\/#organization","name":"amec Positive Industry","url":"https:\/\/amec.es\/","logo":{"@type":"ImageObject","inLanguage":"ca","@id":"https:\/\/amec.es\/#\/schema\/logo\/image\/","url":"https:\/\/amec.es\/wp-content\/uploads\/2023\/07\/logoamec.png","contentUrl":"https:\/\/amec.es\/wp-content\/uploads\/2023\/07\/logoamec.png","width":200,"height":48,"caption":"amec Positive Industry"},"image":{"@id":"https:\/\/amec.es\/#\/schema\/logo\/image\/"}}]}},"_links":{"self":[{"href":"https:\/\/amec.es\/ca\/wp-json\/wp\/v2\/pages\/44944","targetHints":{"allow":["GET"]}}],"collection":[{"href":"https:\/\/amec.es\/ca\/wp-json\/wp\/v2\/pages"}],"about":[{"href":"https:\/\/amec.es\/ca\/wp-json\/wp\/v2\/types\/page"}],"author":[{"embeddable":true,"href":"https:\/\/amec.es\/ca\/wp-json\/wp\/v2\/users\/10"}],"replies":[{"embeddable":true,"href":"https:\/\/amec.es\/ca\/wp-json\/wp\/v2\/comments?post=44944"}],"version-history":[{"count":3,"href":"https:\/\/amec.es\/ca\/wp-json\/wp\/v2\/pages\/44944\/revisions"}],"predecessor-version":[{"id":44949,"href":"https:\/\/amec.es\/ca\/wp-json\/wp\/v2\/pages\/44944\/revisions\/44949"}],"up":[{"embeddable":true,"href":"https:\/\/amec.es\/ca\/wp-json\/wp\/v2\/pages\/5934"}],"wp:attachment":[{"href":"https:\/\/amec.es\/ca\/wp-json\/wp\/v2\/media?parent=44944"}],"wp:term":[{"taxonomy":"category","embeddable":true,"href":"https:\/\/amec.es\/ca\/wp-json\/wp\/v2\/categories?post=44944"},{"taxonomy":"post_tag","embeddable":true,"href":"https:\/\/amec.es\/ca\/wp-json\/wp\/v2\/tags?post=44944"}],"curies":[{"name":"wp","href":"https:\/\/api.w.org\/{rel}","templated":true}]}}