{"id":44979,"date":"2025-12-07T15:51:27","date_gmt":"2025-12-07T14:51:27","guid":{"rendered":"https:\/\/amec.es\/anticipat\/alertes-i-oportunitats\/metriques-estrategiques-per-a-talent\/"},"modified":"2025-12-07T15:56:20","modified_gmt":"2025-12-07T14:56:20","slug":"metriques-estrategiques-per-a-talent","status":"publish","type":"page","link":"https:\/\/amec.es\/ca\/anticipat\/alertes-i-oportunitats\/metriques-estrategiques-per-a-talent\/","title":{"rendered":"M\u00e8triques estrat\u00e8giques per a talent"},"content":{"rendered":"\t\t<div data-elementor-type=\"wp-page\" data-elementor-id=\"44979\" class=\"elementor elementor-44979 elementor-44974\" data-elementor-post-type=\"page\">\n\t\t\t\t\t\t<section class=\"elementor-section elementor-top-section elementor-element elementor-element-89fc1e elementor-section-boxed elementor-section-height-default elementor-section-height-default\" data-id=\"89fc1e\" data-element_type=\"section\" data-e-type=\"section\" data-settings=\"{&quot;background_background&quot;:&quot;gradient&quot;}\">\n\t\t\t\t\t\t<div class=\"elementor-container elementor-column-gap-default\">\n\t\t\t\t\t<div class=\"elementor-column elementor-col-100 elementor-top-column elementor-element elementor-element-14162b2b\" data-id=\"14162b2b\" data-element_type=\"column\" data-e-type=\"column\">\n\t\t\t<div class=\"elementor-widget-wrap elementor-element-populated\">\n\t\t\t\t\t\t<div class=\"elementor-element elementor-element-6767d5a7 elementor-widget elementor-widget-heading\" data-id=\"6767d5a7\" data-element_type=\"widget\" data-e-type=\"widget\" data-widget_type=\"heading.default\">\n\t\t\t\t<div class=\"elementor-widget-container\">\n\t\t\t\t\t<h2 class=\"elementor-heading-title elementor-size-default\"><a href=\"https:\/\/amec.es\/ca\/category\/alertes-i-tendencies-exclusives\/\" rel=\"tag\">Alertes i tend\u00e8ncies exclusives<\/a><\/h2>\t\t\t\t<\/div>\n\t\t\t\t<\/div>\n\t\t\t\t<div class=\"elementor-element elementor-element-4f5b0417 elementor-widget elementor-widget-spacer\" data-id=\"4f5b0417\" data-element_type=\"widget\" data-e-type=\"widget\" data-widget_type=\"spacer.default\">\n\t\t\t\t<div class=\"elementor-widget-container\">\n\t\t\t\t\t\t\t<div class=\"elementor-spacer\">\n\t\t\t<div class=\"elementor-spacer-inner\"><\/div>\n\t\t<\/div>\n\t\t\t\t\t\t<\/div>\n\t\t\t\t<\/div>\n\t\t\t\t<div class=\"elementor-element elementor-element-2bd68ba7 elementor-widget-divider--view-line elementor-widget elementor-widget-divider\" data-id=\"2bd68ba7\" data-element_type=\"widget\" data-e-type=\"widget\" data-widget_type=\"divider.default\">\n\t\t\t\t<div class=\"elementor-widget-container\">\n\t\t\t\t\t\t\t<div class=\"elementor-divider\">\n\t\t\t<span class=\"elementor-divider-separator\">\n\t\t\t\t\t\t<\/span>\n\t\t<\/div>\n\t\t\t\t\t\t<\/div>\n\t\t\t\t<\/div>\n\t\t\t\t\t<\/div>\n\t\t<\/div>\n\t\t\t\t\t<\/div>\n\t\t<\/section>\n\t\t\t\t<section class=\"elementor-section elementor-top-section elementor-element elementor-element-6962bf03 elementor-section-boxed elementor-section-height-default elementor-section-height-default\" data-id=\"6962bf03\" data-element_type=\"section\" data-e-type=\"section\">\n\t\t\t\t\t\t<div class=\"elementor-container elementor-column-gap-default\">\n\t\t\t\t\t<div class=\"elementor-column elementor-col-100 elementor-top-column elementor-element elementor-element-165f27a3\" data-id=\"165f27a3\" data-element_type=\"column\" data-e-type=\"column\">\n\t\t\t<div class=\"elementor-widget-wrap elementor-element-populated\">\n\t\t\t\t\t\t<div class=\"elementor-element elementor-element-11a5d8c1 elementor-widget elementor-widget-heading\" data-id=\"11a5d8c1\" data-element_type=\"widget\" data-e-type=\"widget\" data-widget_type=\"heading.default\">\n\t\t\t\t<div class=\"elementor-widget-container\">\n\t\t\t\t\t<h2 class=\"elementor-heading-title elementor-size-default\">M\u00e8triques estrat\u00e8giques per a talent<\/h2>\t\t\t\t<\/div>\n\t\t\t\t<\/div>\n\t\t\t\t<div class=\"elementor-element elementor-element-5dca5c18 elementor-widget elementor-widget-spacer\" data-id=\"5dca5c18\" data-element_type=\"widget\" data-e-type=\"widget\" data-widget_type=\"spacer.default\">\n\t\t\t\t<div class=\"elementor-widget-container\">\n\t\t\t\t\t\t\t<div class=\"elementor-spacer\">\n\t\t\t<div class=\"elementor-spacer-inner\"><\/div>\n\t\t<\/div>\n\t\t\t\t\t\t<\/div>\n\t\t\t\t<\/div>\n\t\t\t\t<div class=\"elementor-element elementor-element-31e03412 elementor-widget elementor-widget-text-editor\" data-id=\"31e03412\" data-element_type=\"widget\" data-e-type=\"widget\" data-widget_type=\"text-editor.default\">\n\t\t\t\t<div class=\"elementor-widget-container\">\n\t\t\t\t\t\t\t\t\t7 de desembre de 2025\t\t\t\t\t\t\t\t<\/div>\n\t\t\t\t<\/div>\n\t\t\t\t<div class=\"elementor-element elementor-element-1ec82c95 elementor-widget elementor-widget-text-editor\" data-id=\"1ec82c95\" data-element_type=\"widget\" data-e-type=\"widget\" data-widget_type=\"text-editor.default\">\n\t\t\t\t<div class=\"elementor-widget-container\">\n\t\t\t\t\t\t\t\t\t<p><strong><span class=\"TextRun SCXW225908139 BCX0\" lang=\"ES-ES\" xml:lang=\"ES-ES\" data-contrast=\"auto\"><span class=\"NormalTextRun SCXW225908139 BCX0\">Les m\u00e8triques de RRHH ofereixen a les empreses una base objectiva per atraure, fidelitzar i desenvolupar talent, alineant la funci\u00f3 amb els objectius corporatius i facilitant decisions estrat\u00e8giques fonamentades.<\/span><\/span><span class=\"EOP SCXW225908139 BCX0\" data-ccp-props=\"{}\"> <\/span><\/strong><\/p>\t\t\t\t\t\t\t\t<\/div>\n\t\t\t\t<\/div>\n\t\t\t\t<div class=\"elementor-element elementor-element-4f8b646b elementor-widget-divider--view-line elementor-widget elementor-widget-divider\" data-id=\"4f8b646b\" data-element_type=\"widget\" data-e-type=\"widget\" data-widget_type=\"divider.default\">\n\t\t\t\t<div class=\"elementor-widget-container\">\n\t\t\t\t\t\t\t<div class=\"elementor-divider\">\n\t\t\t<span class=\"elementor-divider-separator\">\n\t\t\t\t\t\t<\/span>\n\t\t<\/div>\n\t\t\t\t\t\t<\/div>\n\t\t\t\t<\/div>\n\t\t\t\t<div class=\"elementor-element elementor-element-454ea8fc elementor-widget elementor-widget-text-editor\" data-id=\"454ea8fc\" data-element_type=\"widget\" data-e-type=\"widget\" data-widget_type=\"text-editor.default\">\n\t\t\t\t<div class=\"elementor-widget-container\">\n\t\t\t\t\t\t\t\t\t<h5><b><span data-contrast=\"auto\">Import\u00e0ncia estrat\u00e8gica dels KPIs de RRHH<\/span><\/b><span data-ccp-props=\"{}\"> <\/span><\/h5><p><span data-contrast=\"auto\">Els KPI de RRHH proporcionen una visi\u00f3 estructurada sobre aspectes com ara la satisfacci\u00f3, la rotaci\u00f3 o la qualitat dels processos d&#8217;incorporaci\u00f3.  <\/span><b><span data-contrast=\"auto\">Permeten mesurar el rendiment de RRHH i la seva aportaci\u00f3 al negoci<\/span><\/b><span data-contrast=\"auto\">, generant dades fiables per avaluar estrat\u00e8gies i orientar decisions. Gr\u00e0cies a aquestes m\u00e8triques, les empreses identifiquen tend\u00e8ncies, anticipen riscos i alineen la gesti\u00f3 del talent amb els objectius de creixement, rendibilitat i sostenibilitat. <\/span><span data-ccp-props=\"{}\"> <\/span><\/p><p><span data-contrast=\"auto\">A organitzacions complexes, aquests indicadors ajuden a diagnosticar oportunitats d&#8217;efici\u00e8ncia i exercici. Segons la metodologia presentada, la seva selecci\u00f3 correcta potencia la capacitat de RRHH per actuar com a soci de negoci, refor\u00e7ant-ne l&#8217;impacte organitzacional. <\/span><span data-ccp-props=\"{}\"> <\/span><\/p><h5><b><span data-contrast=\"auto\"><span style=\"color: #ffffff;\">_<\/span><br> Avaluaci\u00f3 de requisits de negoci<\/span><\/b><\/h5><p><span data-contrast=\"auto\">El proc\u00e9s comen\u00e7a analitzant competidors, mercat, objectius corporatius i prioritats internes per determinar qu\u00e8 espera lorganitzaci\u00f3 de RRHH. Es classifiquen necessitats com a relacions laborals, lideratge, desenvolupament del talent o diversitat. Aquesta avaluaci\u00f3 estableix les bases per a una estrat\u00e8gia de RH alineada amb el negoci.    <\/span><\/p><h5><b><span data-contrast=\"auto\"><span style=\"color: #ffffff;\">_<\/span><br> Identificaci\u00f3 d&#8217;\u00e0rees de mesura<\/span><\/b><\/h5><p><span data-contrast=\"auto\">Mitjan\u00e7ant un proc\u00e9s en cascada, es tradueixen prioritats estrat\u00e8giques en objectius, accions i m\u00e8triques mesurables. Aquest m\u00e8tode connecta dades concretes amb metes globals, assegurant que cada indicador respongui a una necessitat real del negoci.   <\/span><\/p><h5><b><span data-contrast=\"auto\"><span style=\"color: #ffffff;\">_<\/span><br> Segmentaci\u00f3 per gestionar la complexitat global<\/span><\/b><\/h5><p><span data-contrast=\"auto\">En entorns internacionals, segmentar les dades permet obtenir conclusions \u00fatils per regions, funcions, nivells professionals o experi\u00e8ncia.<\/span> <b><span data-contrast=\"auto\">Aquesta segmentaci\u00f3 facilita diagnosticar patrons de talent i detectar \u00e0rees cr\u00edtiques<\/span><\/b> <span data-contrast=\"auto\">, tant en volum com en cost, qualitat o temps.<\/span><\/p><h5><b><span data-contrast=\"auto\"><span style=\"color: #ffffff;\">_<\/span><br> Prioritzaci\u00f3 de m\u00e8triques amb valor predictiu<\/span><\/b><\/h5><p><span data-contrast=\"auto\">Les organitzacions han de prioritzar m\u00e8triques tenint en compte la seva alineaci\u00f3 estrat\u00e8gica, la utilitat i la viabilitat de recopilaci\u00f3. L&#8217;enfocament destaca el valor de les m\u00e8triques predictives, ja que alerten davant de deterioraments en el rendiment i permeten actuar amb rapidesa, especialment en processos industrials d&#8217;alta exig\u00e8ncia.   <\/span><span data-ccp-props=\"{}\"> <\/span><\/p><h5><span data-ccp-props=\"{}\"><span style=\"color: #ffffff;\">_<\/span><br><\/span> <b><span data-contrast=\"auto\">Beneficis per atraure, fidelitzar i desenvolupar talent<\/span><\/b><span data-ccp-props=\"{}\"> <\/span><\/h5><p><span data-contrast=\"auto\">Aplicar adequadament aquests KPIs proporciona diversos avantatges clau per a les empreses industrialitzades internacionalitzades:<\/span><span data-ccp-props=\"{}\"> <\/span><\/p><h5><b><span data-contrast=\"auto\"><span style=\"color: #ffffff;\">_<\/span><br> Alineaci\u00f3 amb el negoci<\/span><\/b><span data-ccp-props=\"{}\"> <\/span><\/h5><p><span data-contrast=\"auto\">Les m\u00e8triques connecten l&#8217;estrat\u00e8gia de talent amb els objectius corporatius, assegurant que processos com ara la captaci\u00f3, la formaci\u00f3 o el lideratge contribueixen directament al rendiment global.<\/span><span data-ccp-props=\"{}\"> <\/span><\/p><h5><b><span data-contrast=\"auto\"><span style=\"color: #ffffff;\">_<\/span><br> Millora continuada basada en dades<\/span><\/b><span data-ccp-props=\"{}\"> <\/span><\/h5><p><span data-contrast=\"auto\">Els indicadors permeten identificar \u00e0rees de millora, optimitzar recursos i avaluar limpacte de les iniciatives de RRHH.<\/span> <b><span data-contrast=\"auto\">L&#8217;an\u00e0lisi temporal de les m\u00e8triques ajuda a anticipar problemes<\/span><\/b> <span data-contrast=\"auto\">, com ara una rotaci\u00f3 elevada en perfils clau o desviacions en la productivitat.<\/span><span data-ccp-props=\"{}\"> <\/span><\/p><h5><b><span data-contrast=\"auto\"><span style=\"color: #ffffff;\">_<\/span><br> Atracci\u00f3 i fidelitzaci\u00f3 del talent<\/span><\/b><span data-ccp-props=\"{}\"> <\/span><\/h5><p><span data-contrast=\"auto\">El seguiment sistem\u00e0tic de dades vinculades a l&#8217;adquisici\u00f3 i la retenci\u00f3 facilita dissenyar propostes de valor m\u00e9s competitives, millorar l&#8217;experi\u00e8ncia de l&#8217;empleat i refor\u00e7ar la vinculaci\u00f3 amb l&#8217;organitzaci\u00f3.<\/span><span data-ccp-props=\"{}\"> <\/span><\/p><h5><b><span data-contrast=\"auto\"><span style=\"color: #ffffff;\">_<\/span><br> Desenvolupament i sostenibilitat del talent<\/span><\/b><span data-ccp-props=\"{}\"> <\/span><\/h5><p><span data-contrast=\"auto\">La documentaci\u00f3 incorpora la noci\u00f3 de<\/span> <i><span data-contrast=\"auto\">Sostenibilitat Humana<\/span><\/i><span data-contrast=\"auto\">, que impulsa a veure les persones com a professionals el creixement i l&#8217;ocupabilitat de les quals s&#8217;han de preservar a llarg termini. Aquest enfocament complementa els KPI amb una visi\u00f3 m\u00e9s estrat\u00e8gica del desenvolupament del talent.   <\/span><span data-ccp-props=\"{}\"> <\/span><\/p>\t\t\t\t\t\t\t\t<\/div>\n\t\t\t\t<\/div>\n\t\t\t\t\t<\/div>\n\t\t<\/div>\n\t\t\t\t\t<\/div>\n\t\t<\/section>\n\t\t\t\t<section class=\"elementor-section elementor-top-section elementor-element elementor-element-71eca1a1 elementor-section-boxed elementor-section-height-default elementor-section-height-default\" data-id=\"71eca1a1\" data-element_type=\"section\" data-e-type=\"section\">\n\t\t\t\t\t\t<div class=\"elementor-container elementor-column-gap-default\">\n\t\t\t\t\t<div class=\"elementor-column elementor-col-100 elementor-top-column elementor-element elementor-element-15b438cd\" data-id=\"15b438cd\" data-element_type=\"column\" data-e-type=\"column\">\n\t\t\t<div class=\"elementor-widget-wrap elementor-element-populated\">\n\t\t\t\t\t\t<div class=\"elementor-element elementor-element-67fa163a elementor-widget-divider--view-line elementor-widget elementor-widget-divider\" data-id=\"67fa163a\" data-element_type=\"widget\" data-e-type=\"widget\" data-widget_type=\"divider.default\">\n\t\t\t\t<div class=\"elementor-widget-container\">\n\t\t\t\t\t\t\t<div class=\"elementor-divider\">\n\t\t\t<span class=\"elementor-divider-separator\">\n\t\t\t\t\t\t<\/span>\n\t\t<\/div>\n\t\t\t\t\t\t<\/div>\n\t\t\t\t<\/div>\n\t\t\t\t<div class=\"elementor-element elementor-element-7a0ffb52 elementor-widget elementor-widget-heading\" data-id=\"7a0ffb52\" data-element_type=\"widget\" data-e-type=\"widget\" data-widget_type=\"heading.default\">\n\t\t\t\t<div class=\"elementor-widget-container\">\n\t\t\t\t\t<h5 class=\"elementor-heading-title elementor-size-default\">Recursos<\/h5>\t\t\t\t<\/div>\n\t\t\t\t<\/div>\n\t\t\t\t<div class=\"elementor-element elementor-element-75c80547 elementor-widget elementor-widget-text-editor\" data-id=\"75c80547\" data-element_type=\"widget\" data-e-type=\"widget\" data-widget_type=\"text-editor.default\">\n\t\t\t\t<div class=\"elementor-widget-container\">\n\t\t\t\t\t\t\t\t\t<p><span class=\"TextRun SCXW17534763 BCX0\" lang=\"EN-US\" data-contrast=\"auto\"><span class=\"NormalTextRun SCXW17534763 BCX0\">Gartner (2020).<\/span><\/span> <span class=\"TextRun SCXW17534763 BCX0\" lang=\"EN-US\" data-contrast=\"auto\"><span class=\"NormalTextRun ContextualSpellingAndGrammarErrorV2Themed SCXW17534763 BCX0\">Selecting<\/span> <span class=\"NormalTextRun SCXW17534763 BCX0\">HR Metrics<\/span><\/span><\/p>\t\t\t\t\t\t\t\t<\/div>\n\t\t\t\t<\/div>\n\t\t\t\t<div class=\"elementor-element elementor-element-6193ce80 elementor-widget elementor-widget-spacer\" data-id=\"6193ce80\" data-element_type=\"widget\" data-e-type=\"widget\" data-widget_type=\"spacer.default\">\n\t\t\t\t<div class=\"elementor-widget-container\">\n\t\t\t\t\t\t\t<div class=\"elementor-spacer\">\n\t\t\t<div class=\"elementor-spacer-inner\"><\/div>\n\t\t<\/div>\n\t\t\t\t\t\t<\/div>\n\t\t\t\t<\/div>\n\t\t\t\t\t<\/div>\n\t\t<\/div>\n\t\t\t\t\t<\/div>\n\t\t<\/section>\n\t\t\t\t<\/div>\n\t\t","protected":false},"excerpt":{"rendered":"<p>Les m\u00e8triques de RRHH ofereixen a les empreses una base objectiva per atraure, fidelitzar i desenvolupar talent, alineant la funci\u00f3 amb els objectius corporatius i facilitant decisions estrat\u00e8giques fonamentades. Import\u00e0ncia estrat\u00e8gica dels KPIs de RRHH Els KPI de RRHH proporcionen una visi\u00f3 estructurada sobre aspectes com ara la satisfacci\u00f3, la rotaci\u00f3 o la qualitat dels [&hellip;]<\/p>\n","protected":false},"author":10,"featured_media":0,"parent":5934,"menu_order":0,"comment_status":"closed","ping_status":"closed","template":"elementor_canvas","meta":{"inline_featured_image":false,"footnotes":""},"categories":[219],"tags":[],"class_list":["post-44979","page","type-page","status-publish","hentry","category-alertes-i-tendencies-exclusives"],"yoast_head":"<!-- This site is optimized with the Yoast SEO plugin v27.3 - https:\/\/yoast.com\/product\/yoast-seo-wordpress\/ -->\n<title>M\u00e8triques estrat\u00e8giques per a talent | amec Positive Industry<\/title>\n<meta name=\"robots\" content=\"index, follow, max-snippet:-1, max-image-preview:large, max-video-preview:-1\" \/>\n<link rel=\"canonical\" href=\"https:\/\/amec.es\/ca\/anticipat\/alertes-i-oportunitats\/metriques-estrategiques-per-a-talent\/\" \/>\n<meta property=\"og:locale\" content=\"ca_ES\" \/>\n<meta property=\"og:type\" content=\"article\" \/>\n<meta property=\"og:title\" content=\"M\u00e8triques estrat\u00e8giques per a talent | amec Positive Industry\" \/>\n<meta property=\"og:description\" content=\"Les m\u00e8triques de RRHH ofereixen a les empreses una base objectiva per atraure, fidelitzar i desenvolupar talent, alineant la funci\u00f3 amb els objectius corporatius i facilitant decisions estrat\u00e8giques fonamentades. Import\u00e0ncia estrat\u00e8gica dels KPIs de RRHH Els KPI de RRHH proporcionen una visi\u00f3 estructurada sobre aspectes com ara la satisfacci\u00f3, la rotaci\u00f3 o la qualitat dels [&hellip;]\" \/>\n<meta property=\"og:url\" content=\"https:\/\/amec.es\/ca\/anticipat\/alertes-i-oportunitats\/metriques-estrategiques-per-a-talent\/\" \/>\n<meta property=\"og:site_name\" content=\"amec Positive Industry\" \/>\n<meta property=\"article:modified_time\" content=\"2025-12-07T14:56:20+00:00\" \/>\n<meta property=\"og:image\" content=\"https:\/\/amec.es\/wp-content\/uploads\/2024\/02\/Logo_AMEC.png\" \/>\n\t<meta property=\"og:image:width\" content=\"1827\" \/>\n\t<meta property=\"og:image:height\" content=\"438\" \/>\n\t<meta property=\"og:image:type\" content=\"image\/png\" \/>\n<meta name=\"twitter:card\" content=\"summary_large_image\" \/>\n<meta name=\"twitter:label1\" content=\"Temps estimat de lectura\" \/>\n\t<meta name=\"twitter:data1\" content=\"3 minuts\" \/>\n<script type=\"application\/ld+json\" class=\"yoast-schema-graph\">{\"@context\":\"https:\\\/\\\/schema.org\",\"@graph\":[{\"@type\":\"WebPage\",\"@id\":\"https:\\\/\\\/amec.es\\\/ca\\\/anticipat\\\/alertes-i-oportunitats\\\/metriques-estrategiques-per-a-talent\\\/\",\"url\":\"https:\\\/\\\/amec.es\\\/ca\\\/anticipat\\\/alertes-i-oportunitats\\\/metriques-estrategiques-per-a-talent\\\/\",\"name\":\"M\u00e8triques estrat\u00e8giques per a talent | amec Positive Industry\",\"isPartOf\":{\"@id\":\"https:\\\/\\\/amec.es\\\/#website\"},\"datePublished\":\"2025-12-07T14:51:27+00:00\",\"dateModified\":\"2025-12-07T14:56:20+00:00\",\"breadcrumb\":{\"@id\":\"https:\\\/\\\/amec.es\\\/ca\\\/anticipat\\\/alertes-i-oportunitats\\\/metriques-estrategiques-per-a-talent\\\/#breadcrumb\"},\"inLanguage\":\"ca\",\"potentialAction\":[{\"@type\":\"ReadAction\",\"target\":[\"https:\\\/\\\/amec.es\\\/ca\\\/anticipat\\\/alertes-i-oportunitats\\\/metriques-estrategiques-per-a-talent\\\/\"]}]},{\"@type\":\"BreadcrumbList\",\"@id\":\"https:\\\/\\\/amec.es\\\/ca\\\/anticipat\\\/alertes-i-oportunitats\\\/metriques-estrategiques-per-a-talent\\\/#breadcrumb\",\"itemListElement\":[{\"@type\":\"ListItem\",\"position\":1,\"name\":\"Portada\",\"item\":\"https:\\\/\\\/amec.es\\\/\"},{\"@type\":\"ListItem\",\"position\":2,\"name\":\"Anticipa&#8217;t\",\"item\":\"https:\\\/\\\/amec.es\\\/ca\\\/anticipat\\\/\"},{\"@type\":\"ListItem\",\"position\":3,\"name\":\"Alertes i oportunitats\",\"item\":\"https:\\\/\\\/amec.es\\\/ca\\\/anticipat\\\/alertes-i-oportunitats\\\/\"},{\"@type\":\"ListItem\",\"position\":4,\"name\":\"M\u00e8triques estrat\u00e8giques per a talent\"}]},{\"@type\":\"WebSite\",\"@id\":\"https:\\\/\\\/amec.es\\\/#website\",\"url\":\"https:\\\/\\\/amec.es\\\/\",\"name\":\"amec Positive Industry\",\"description\":\"\",\"publisher\":{\"@id\":\"https:\\\/\\\/amec.es\\\/#organization\"},\"potentialAction\":[{\"@type\":\"SearchAction\",\"target\":{\"@type\":\"EntryPoint\",\"urlTemplate\":\"https:\\\/\\\/amec.es\\\/?s={search_term_string}\"},\"query-input\":{\"@type\":\"PropertyValueSpecification\",\"valueRequired\":true,\"valueName\":\"search_term_string\"}}],\"inLanguage\":\"ca\"},{\"@type\":\"Organization\",\"@id\":\"https:\\\/\\\/amec.es\\\/#organization\",\"name\":\"amec Positive Industry\",\"url\":\"https:\\\/\\\/amec.es\\\/\",\"logo\":{\"@type\":\"ImageObject\",\"inLanguage\":\"ca\",\"@id\":\"https:\\\/\\\/amec.es\\\/#\\\/schema\\\/logo\\\/image\\\/\",\"url\":\"https:\\\/\\\/amec.es\\\/wp-content\\\/uploads\\\/2023\\\/07\\\/logoamec.png\",\"contentUrl\":\"https:\\\/\\\/amec.es\\\/wp-content\\\/uploads\\\/2023\\\/07\\\/logoamec.png\",\"width\":200,\"height\":48,\"caption\":\"amec Positive Industry\"},\"image\":{\"@id\":\"https:\\\/\\\/amec.es\\\/#\\\/schema\\\/logo\\\/image\\\/\"}}]}<\/script>\n<!-- \/ Yoast SEO plugin. -->","yoast_head_json":{"title":"M\u00e8triques estrat\u00e8giques per a talent | amec Positive Industry","robots":{"index":"index","follow":"follow","max-snippet":"max-snippet:-1","max-image-preview":"max-image-preview:large","max-video-preview":"max-video-preview:-1"},"canonical":"https:\/\/amec.es\/ca\/anticipat\/alertes-i-oportunitats\/metriques-estrategiques-per-a-talent\/","og_locale":"ca_ES","og_type":"article","og_title":"M\u00e8triques estrat\u00e8giques per a talent | amec Positive Industry","og_description":"Les m\u00e8triques de RRHH ofereixen a les empreses una base objectiva per atraure, fidelitzar i desenvolupar talent, alineant la funci\u00f3 amb els objectius corporatius i facilitant decisions estrat\u00e8giques fonamentades. Import\u00e0ncia estrat\u00e8gica dels KPIs de RRHH Els KPI de RRHH proporcionen una visi\u00f3 estructurada sobre aspectes com ara la satisfacci\u00f3, la rotaci\u00f3 o la qualitat dels [&hellip;]","og_url":"https:\/\/amec.es\/ca\/anticipat\/alertes-i-oportunitats\/metriques-estrategiques-per-a-talent\/","og_site_name":"amec Positive Industry","article_modified_time":"2025-12-07T14:56:20+00:00","og_image":[{"width":1827,"height":438,"url":"https:\/\/amec.es\/wp-content\/uploads\/2024\/02\/Logo_AMEC.png","type":"image\/png"}],"twitter_card":"summary_large_image","twitter_misc":{"Temps estimat de lectura":"3 minuts"},"schema":{"@context":"https:\/\/schema.org","@graph":[{"@type":"WebPage","@id":"https:\/\/amec.es\/ca\/anticipat\/alertes-i-oportunitats\/metriques-estrategiques-per-a-talent\/","url":"https:\/\/amec.es\/ca\/anticipat\/alertes-i-oportunitats\/metriques-estrategiques-per-a-talent\/","name":"M\u00e8triques estrat\u00e8giques per a talent | amec Positive Industry","isPartOf":{"@id":"https:\/\/amec.es\/#website"},"datePublished":"2025-12-07T14:51:27+00:00","dateModified":"2025-12-07T14:56:20+00:00","breadcrumb":{"@id":"https:\/\/amec.es\/ca\/anticipat\/alertes-i-oportunitats\/metriques-estrategiques-per-a-talent\/#breadcrumb"},"inLanguage":"ca","potentialAction":[{"@type":"ReadAction","target":["https:\/\/amec.es\/ca\/anticipat\/alertes-i-oportunitats\/metriques-estrategiques-per-a-talent\/"]}]},{"@type":"BreadcrumbList","@id":"https:\/\/amec.es\/ca\/anticipat\/alertes-i-oportunitats\/metriques-estrategiques-per-a-talent\/#breadcrumb","itemListElement":[{"@type":"ListItem","position":1,"name":"Portada","item":"https:\/\/amec.es\/"},{"@type":"ListItem","position":2,"name":"Anticipa&#8217;t","item":"https:\/\/amec.es\/ca\/anticipat\/"},{"@type":"ListItem","position":3,"name":"Alertes i oportunitats","item":"https:\/\/amec.es\/ca\/anticipat\/alertes-i-oportunitats\/"},{"@type":"ListItem","position":4,"name":"M\u00e8triques estrat\u00e8giques per a talent"}]},{"@type":"WebSite","@id":"https:\/\/amec.es\/#website","url":"https:\/\/amec.es\/","name":"amec Positive Industry","description":"","publisher":{"@id":"https:\/\/amec.es\/#organization"},"potentialAction":[{"@type":"SearchAction","target":{"@type":"EntryPoint","urlTemplate":"https:\/\/amec.es\/?s={search_term_string}"},"query-input":{"@type":"PropertyValueSpecification","valueRequired":true,"valueName":"search_term_string"}}],"inLanguage":"ca"},{"@type":"Organization","@id":"https:\/\/amec.es\/#organization","name":"amec Positive Industry","url":"https:\/\/amec.es\/","logo":{"@type":"ImageObject","inLanguage":"ca","@id":"https:\/\/amec.es\/#\/schema\/logo\/image\/","url":"https:\/\/amec.es\/wp-content\/uploads\/2023\/07\/logoamec.png","contentUrl":"https:\/\/amec.es\/wp-content\/uploads\/2023\/07\/logoamec.png","width":200,"height":48,"caption":"amec Positive Industry"},"image":{"@id":"https:\/\/amec.es\/#\/schema\/logo\/image\/"}}]}},"_links":{"self":[{"href":"https:\/\/amec.es\/ca\/wp-json\/wp\/v2\/pages\/44979","targetHints":{"allow":["GET"]}}],"collection":[{"href":"https:\/\/amec.es\/ca\/wp-json\/wp\/v2\/pages"}],"about":[{"href":"https:\/\/amec.es\/ca\/wp-json\/wp\/v2\/types\/page"}],"author":[{"embeddable":true,"href":"https:\/\/amec.es\/ca\/wp-json\/wp\/v2\/users\/10"}],"replies":[{"embeddable":true,"href":"https:\/\/amec.es\/ca\/wp-json\/wp\/v2\/comments?post=44979"}],"version-history":[{"count":3,"href":"https:\/\/amec.es\/ca\/wp-json\/wp\/v2\/pages\/44979\/revisions"}],"predecessor-version":[{"id":44983,"href":"https:\/\/amec.es\/ca\/wp-json\/wp\/v2\/pages\/44979\/revisions\/44983"}],"up":[{"embeddable":true,"href":"https:\/\/amec.es\/ca\/wp-json\/wp\/v2\/pages\/5934"}],"wp:attachment":[{"href":"https:\/\/amec.es\/ca\/wp-json\/wp\/v2\/media?parent=44979"}],"wp:term":[{"taxonomy":"category","embeddable":true,"href":"https:\/\/amec.es\/ca\/wp-json\/wp\/v2\/categories?post=44979"},{"taxonomy":"post_tag","embeddable":true,"href":"https:\/\/amec.es\/ca\/wp-json\/wp\/v2\/tags?post=44979"}],"curies":[{"name":"wp","href":"https:\/\/api.w.org\/{rel}","templated":true}]}}