{"id":45059,"date":"2025-12-09T11:26:41","date_gmt":"2025-12-09T10:26:41","guid":{"rendered":"https:\/\/amec.es\/anticipat\/alertes-i-oportunitats\/la-ue-prepara-la-llei-docupacio-de-qualitat\/"},"modified":"2025-12-09T11:29:27","modified_gmt":"2025-12-09T10:29:27","slug":"la-ue-prepara-la-llei-docupacio-de-qualitat","status":"publish","type":"page","link":"https:\/\/amec.es\/ca\/anticipat\/alertes-i-oportunitats\/la-ue-prepara-la-llei-docupacio-de-qualitat\/","title":{"rendered":"La UE prepara la Llei d&#8217;ocupaci\u00f3 de qualitat"},"content":{"rendered":"\t\t<div data-elementor-type=\"wp-page\" data-elementor-id=\"45059\" class=\"elementor elementor-45059 elementor-45054\" data-elementor-post-type=\"page\">\n\t\t\t\t\t\t<section class=\"elementor-section elementor-top-section elementor-element elementor-element-466234ee elementor-section-boxed elementor-section-height-default elementor-section-height-default\" data-id=\"466234ee\" data-element_type=\"section\" data-e-type=\"section\" data-settings=\"{&quot;background_background&quot;:&quot;gradient&quot;}\">\n\t\t\t\t\t\t<div class=\"elementor-container elementor-column-gap-default\">\n\t\t\t\t\t<div class=\"elementor-column elementor-col-100 elementor-top-column elementor-element elementor-element-1ed4d8c2\" data-id=\"1ed4d8c2\" data-element_type=\"column\" data-e-type=\"column\">\n\t\t\t<div class=\"elementor-widget-wrap elementor-element-populated\">\n\t\t\t\t\t\t<div class=\"elementor-element elementor-element-71d640b3 elementor-widget elementor-widget-heading\" data-id=\"71d640b3\" data-element_type=\"widget\" data-e-type=\"widget\" data-widget_type=\"heading.default\">\n\t\t\t\t<div class=\"elementor-widget-container\">\n\t\t\t\t\t<h2 class=\"elementor-heading-title elementor-size-default\"><a href=\"https:\/\/amec.es\/ca\/category\/alertes-i-tendencies-exclusives\/\" rel=\"tag\">Alertes i tend\u00e8ncies exclusives<\/a><\/h2>\t\t\t\t<\/div>\n\t\t\t\t<\/div>\n\t\t\t\t<div class=\"elementor-element elementor-element-6737c281 elementor-widget elementor-widget-spacer\" data-id=\"6737c281\" data-element_type=\"widget\" data-e-type=\"widget\" data-widget_type=\"spacer.default\">\n\t\t\t\t<div class=\"elementor-widget-container\">\n\t\t\t\t\t\t\t<div class=\"elementor-spacer\">\n\t\t\t<div class=\"elementor-spacer-inner\"><\/div>\n\t\t<\/div>\n\t\t\t\t\t\t<\/div>\n\t\t\t\t<\/div>\n\t\t\t\t<div class=\"elementor-element elementor-element-70597aa0 elementor-widget-divider--view-line elementor-widget elementor-widget-divider\" data-id=\"70597aa0\" data-element_type=\"widget\" data-e-type=\"widget\" data-widget_type=\"divider.default\">\n\t\t\t\t<div class=\"elementor-widget-container\">\n\t\t\t\t\t\t\t<div class=\"elementor-divider\">\n\t\t\t<span class=\"elementor-divider-separator\">\n\t\t\t\t\t\t<\/span>\n\t\t<\/div>\n\t\t\t\t\t\t<\/div>\n\t\t\t\t<\/div>\n\t\t\t\t\t<\/div>\n\t\t<\/div>\n\t\t\t\t\t<\/div>\n\t\t<\/section>\n\t\t\t\t<section class=\"elementor-section elementor-top-section elementor-element elementor-element-757055a elementor-section-boxed elementor-section-height-default elementor-section-height-default\" data-id=\"757055a\" data-element_type=\"section\" data-e-type=\"section\">\n\t\t\t\t\t\t<div class=\"elementor-container elementor-column-gap-default\">\n\t\t\t\t\t<div class=\"elementor-column elementor-col-100 elementor-top-column elementor-element elementor-element-5fe1b3e7\" data-id=\"5fe1b3e7\" data-element_type=\"column\" data-e-type=\"column\">\n\t\t\t<div class=\"elementor-widget-wrap elementor-element-populated\">\n\t\t\t\t\t\t<div class=\"elementor-element elementor-element-30689601 elementor-widget elementor-widget-heading\" data-id=\"30689601\" data-element_type=\"widget\" data-e-type=\"widget\" data-widget_type=\"heading.default\">\n\t\t\t\t<div class=\"elementor-widget-container\">\n\t\t\t\t\t<h2 class=\"elementor-heading-title elementor-size-default\">La UE prepara la Llei d&#8217;ocupaci\u00f3 de qualitat<\/h2>\t\t\t\t<\/div>\n\t\t\t\t<\/div>\n\t\t\t\t<div class=\"elementor-element elementor-element-562e27d7 elementor-widget elementor-widget-spacer\" data-id=\"562e27d7\" data-element_type=\"widget\" data-e-type=\"widget\" data-widget_type=\"spacer.default\">\n\t\t\t\t<div class=\"elementor-widget-container\">\n\t\t\t\t\t\t\t<div class=\"elementor-spacer\">\n\t\t\t<div class=\"elementor-spacer-inner\"><\/div>\n\t\t<\/div>\n\t\t\t\t\t\t<\/div>\n\t\t\t\t<\/div>\n\t\t\t\t<div class=\"elementor-element elementor-element-2906034f elementor-widget elementor-widget-text-editor\" data-id=\"2906034f\" data-element_type=\"widget\" data-e-type=\"widget\" data-widget_type=\"text-editor.default\">\n\t\t\t\t<div class=\"elementor-widget-container\">\n\t\t\t\t\t\t\t\t\t9 de desembre de 2025\t\t\t\t\t\t\t\t<\/div>\n\t\t\t\t<\/div>\n\t\t\t\t<div class=\"elementor-element elementor-element-1e604aba elementor-widget elementor-widget-text-editor\" data-id=\"1e604aba\" data-element_type=\"widget\" data-e-type=\"widget\" data-widget_type=\"text-editor.default\">\n\t\t\t\t<div class=\"elementor-widget-container\">\n\t\t\t\t\t\t\t\t\t<p><strong><span class=\"TextRun SCXW17362998 BCX0\" lang=\"ES-ES\" xml:lang=\"ES-ES\" data-contrast=\"auto\"><span class=\"NormalTextRun SCXW17362998 BCX0\">La Comissi\u00f3 Europea ha presentat la<\/span> <span class=\"NormalTextRun SpellingErrorV2Themed SCXW17362998 BCX0\">Quality<\/span> <span class=\"NormalTextRun SCXW17362998 BCX0\">Jobs<\/span> <span class=\"NormalTextRun SpellingErrorV2Themed SCXW17362998 BCX0\">Roadmap<\/span> <span class=\"NormalTextRun SCXW17362998 BCX0\">, el pla que anticipa les noves regles laborals de la UE i que condicionar\u00e0 la competitivitat, la gesti\u00f3 del talent i l&#8217;adaptaci\u00f3 tecnol\u00f2gica de les empreses industrials.<\/span><\/span><span class=\"EOP SCXW17362998 BCX0\" data-ccp-props=\"{}\"> <\/span><\/strong><\/p>\t\t\t\t\t\t\t\t<\/div>\n\t\t\t\t<\/div>\n\t\t\t\t<div class=\"elementor-element elementor-element-2dbfe694 elementor-widget-divider--view-line elementor-widget elementor-widget-divider\" data-id=\"2dbfe694\" data-element_type=\"widget\" data-e-type=\"widget\" data-widget_type=\"divider.default\">\n\t\t\t\t<div class=\"elementor-widget-container\">\n\t\t\t\t\t\t\t<div class=\"elementor-divider\">\n\t\t\t<span class=\"elementor-divider-separator\">\n\t\t\t\t\t\t<\/span>\n\t\t<\/div>\n\t\t\t\t\t\t<\/div>\n\t\t\t\t<\/div>\n\t\t\t\t<div class=\"elementor-element elementor-element-7e105839 elementor-widget elementor-widget-text-editor\" data-id=\"7e105839\" data-element_type=\"widget\" data-e-type=\"widget\" data-widget_type=\"text-editor.default\">\n\t\t\t\t<div class=\"elementor-widget-container\">\n\t\t\t\t\t\t\t\t\t<p><span data-contrast=\"auto\">La Comissi\u00f3 ha iniciat la<\/span> <b><span data-contrast=\"auto\">primera fase de consulta<\/span><\/b> <span data-contrast=\"auto\">sobre la futura Llei dOcupaci\u00f3 de Qualitat, una proposta legislativa destinada a<\/span> <b><span data-contrast=\"auto\">protegir drets laborals i adaptar-se als canvis tecnol\u00f2gics, econ\u00f2mics i socials<\/span><\/b><span data-contrast=\"auto\">. La seva aprovaci\u00f3 configurar\u00e0 el nou marc laboral europeu per a la ind\u00fastria els propers anys.<\/span><span data-ccp-props=\"{}\"> <\/span><\/p><h5><b><span data-contrast=\"auto\">Competitivitat industrial i noves exig\u00e8ncies regulat\u00f2ries<\/span><\/b><\/h5><p><span data-contrast=\"auto\">El full de ruta confirma que la UE impulsar\u00e0 un entorn regulatori<\/span> <b><span data-contrast=\"auto\">m\u00e9s simple i orientat a la innovaci\u00f3<\/span><\/b><span data-contrast=\"auto\">, incloent una reducci\u00f3 de c\u00e0rregues administratives mitjan\u00e7ant el SME and Competitiveness Check. Aix\u00f2 ser\u00e0 rellevant per a empreses que operen a diversos mercats i han de planificar inversions i compliment normatiu. <\/span><span data-ccp-props=\"{}\"> <\/span><\/p><p><span data-contrast=\"auto\">La ind\u00fastria se situar\u00e0 al centre de noves pol\u00edtiques europees: Clean Industrial Deal, paquets per a bateries, xarxes energ\u00e8tiques i suport a cadenes estrat\u00e8giques. Aquestes iniciatives busquen reduir depend\u00e8ncies externes i afavorir adquisicions \u201cmade in Europe\u201d.   <\/span><span data-ccp-props=\"{}\"> <\/span><\/p><h5><b><span data-contrast=\"auto\">  Talent internacional i mobilitat: noves regles per contractar i retenir<\/span><\/b><\/h5><p><span data-contrast=\"auto\">La Comissi\u00f3 impulsar\u00e0 eines que faciliten la<\/span> <b><span data-contrast=\"auto\">mobilitat del talent dins i fora de la UE<\/span><\/b> <span data-contrast=\"auto\">, entre elles:<\/span><span data-ccp-props=\"{}\"> <\/span><\/p><ul><li aria-setsize=\"-1\" data-leveltext=\"\uf0b7\" data-font=\"Symbol\" data-listid=\"2\" data-list-defn-props=\"{\"335552541\":1,\"335559685\":720,\"335559991\":360,\"469769226\":\"Symbol\",\"469769242\":[8226],\"469777803\":\"left\",\"469777804\":\"\uf0b7\",\"469777815\":\"multilevel\"}\" data-aria-posinset=\"1\" data-aria-level=\"1\"><b><span data-contrast=\"auto\">Skills Portability Initiative<\/span><\/b> <span data-contrast=\"auto\">per recon\u00e8ixer compet\u00e8ncies a escala europea.<\/span><span data-ccp-props=\"{}\"> <\/span><\/li><\/ul><ul><li aria-setsize=\"-1\" data-leveltext=\"\uf0b7\" data-font=\"Symbol\" data-listid=\"2\" data-list-defn-props=\"{\"335552541\":1,\"335559685\":720,\"335559991\":360,\"469769226\":\"Symbol\",\"469769242\":[8226],\"469777803\":\"left\",\"469777804\":\"\uf0b7\",\"469777815\":\"multilevel\"}\" data-aria-posinset=\"2\" data-aria-level=\"1\"><b><span data-contrast=\"auto\">EU Talent Pool i Talent Partnerships<\/span><\/b> <span data-contrast=\"auto\">per atraure perfils escassos de tercers pa\u00efsos.<\/span><span data-ccp-props=\"{}\"> <\/span><\/li><\/ul><ul><li aria-setsize=\"-1\" data-leveltext=\"\uf0b7\" data-font=\"Symbol\" data-listid=\"2\" data-list-defn-props=\"{\"335552541\":1,\"335559685\":720,\"335559991\":360,\"469769226\":\"Symbol\",\"469769242\":[8226],\"469777803\":\"left\",\"469777804\":\"\uf0b7\",\"469777815\":\"multilevel\"}\" data-aria-posinset=\"3\" data-aria-level=\"1\"><span data-contrast=\"auto\">Estrat\u00e8gia de visats per a estudiants, investigadors i treballadors qualificats.<\/span> <br><span data-contrast=\"auto\">Aquests elements afecten de ple empreses amb plantilles multinacionals o centres productius i d&#8217;enginyeria distribu\u00efts.  <\/span><span data-ccp-props=\"{}\"> <\/span><\/li><\/ul><h5><b><span data-contrast=\"auto\"><span style=\"color: #ffffff;\">_<\/span><br> IA i automatitzaci\u00f3: m\u00e9s control i obligacions<\/span><\/b><\/h5><p><span data-contrast=\"auto\">Els sistemes d&#8217;IA utilitzats en selecci\u00f3, assignaci\u00f3 de tasques o avaluaci\u00f3 seran considerats<\/span> <b><span data-contrast=\"auto\">\u201calt risc\u201d<\/span><\/b><span data-contrast=\"auto\">  sota l&#8217;AI Act. Les empreses hauran de garantir transpar\u00e8ncia, supervisi\u00f3 humana i avaluaci\u00f3 de riscos en el seu \u00fas. A m\u00e9s, la Comissi\u00f3 no descarta mesures addicionals per assegurar un desplegament responsable de la gesti\u00f3 algor\u00edtmica.  <\/span><span data-ccp-props=\"{}\"> <\/span><\/p><h5><b><span data-contrast=\"auto\">  Teletreball i dret a la desconnexi\u00f3<\/span><\/b><\/h5><p><span data-contrast=\"auto\">Europa prepara un marc m\u00e9s clar en teletreball, especialment en casos transfronterers (fiscalitat i seguretat social). La Comissi\u00f3 tamb\u00e9 avan\u00e7a cap a   <\/span><b><span data-contrast=\"auto\">normes sobre dret a la desconnexi\u00f3<\/span><\/b> <span data-contrast=\"auto\">, cosa que requerir\u00e0 actualitzar pol\u00edtiques internes d&#8217;organitzaci\u00f3 del temps de treball.<\/span> <span data-ccp-props=\"{}\"> <\/span><\/p><h5><b><span data-contrast=\"auto\">  Seguretat, salut laboral i revisi\u00f3 normativa<\/span><\/b><\/h5><p><span data-contrast=\"auto\">La UE actualitzar\u00e0 directives clau per afrontar riscos psicosocials, ergonomia, teletreball, \u00fas intensiu de pantalles i exposici\u00f3 a subst\u00e0ncies perilloses. Aix\u00f2 impactar\u00e0 en sectors industrials amb entorns productius complexos i en empreses que digitalitzen acceleradament els processos.   <\/span><span data-ccp-props=\"{}\"> <\/span><\/p><h5><b><span data-contrast=\"auto\">  Subcontractaci\u00f3 i cadenes internacionals<\/span><\/b><\/h5><p><span data-contrast=\"auto\">Davant d&#8217;abusos detectats en sectors com construcci\u00f3, transport o agricultura, la UE refor\u00e7ar\u00e0 controls en<\/span> <b><span data-contrast=\"auto\">subcontractaci\u00f3, cadenes de subministrament i ocupaci\u00f3 de tercers pa\u00efsos<\/span><\/b><span data-contrast=\"auto\">. Les empreses han d&#8217;acreditar m\u00e9s tra\u00e7abilitat i compliment laboral, especialment per operar en contractes p\u00fablics europeus.<\/span><\/p>\t\t\t\t\t\t\t\t<\/div>\n\t\t\t\t<\/div>\n\t\t\t\t\t<\/div>\n\t\t<\/div>\n\t\t\t\t\t<\/div>\n\t\t<\/section>\n\t\t\t\t<section class=\"elementor-section elementor-top-section elementor-element elementor-element-6523b13d elementor-section-boxed elementor-section-height-default elementor-section-height-default\" data-id=\"6523b13d\" data-element_type=\"section\" data-e-type=\"section\">\n\t\t\t\t\t\t<div class=\"elementor-container elementor-column-gap-default\">\n\t\t\t\t\t<div class=\"elementor-column elementor-col-100 elementor-top-column elementor-element elementor-element-203d25fa\" data-id=\"203d25fa\" data-element_type=\"column\" data-e-type=\"column\">\n\t\t\t<div class=\"elementor-widget-wrap elementor-element-populated\">\n\t\t\t\t\t\t<div class=\"elementor-element elementor-element-70847df5 elementor-widget-divider--view-line elementor-widget elementor-widget-divider\" data-id=\"70847df5\" data-element_type=\"widget\" data-e-type=\"widget\" data-widget_type=\"divider.default\">\n\t\t\t\t<div class=\"elementor-widget-container\">\n\t\t\t\t\t\t\t<div class=\"elementor-divider\">\n\t\t\t<span class=\"elementor-divider-separator\">\n\t\t\t\t\t\t<\/span>\n\t\t<\/div>\n\t\t\t\t\t\t<\/div>\n\t\t\t\t<\/div>\n\t\t\t\t<div class=\"elementor-element elementor-element-48b888b0 elementor-widget elementor-widget-heading\" data-id=\"48b888b0\" data-element_type=\"widget\" data-e-type=\"widget\" data-widget_type=\"heading.default\">\n\t\t\t\t<div class=\"elementor-widget-container\">\n\t\t\t\t\t<h5 class=\"elementor-heading-title elementor-size-default\">Recursos<\/h5>\t\t\t\t<\/div>\n\t\t\t\t<\/div>\n\t\t\t\t<div class=\"elementor-element elementor-element-45a92fc4 elementor-widget elementor-widget-text-editor\" data-id=\"45a92fc4\" data-element_type=\"widget\" data-e-type=\"widget\" data-widget_type=\"text-editor.default\">\n\t\t\t\t<div class=\"elementor-widget-container\">\n\t\t\t\t\t\t\t\t\t<p><span class=\"TextRun SCXW192278226 BCX0\" lang=\"ES-ES\" data-contrast=\"auto\"><span class=\"NormalTextRun SCXW192278226 BCX0\">Nota de premsa de la Comissi\u00f3 Europea:<\/span><\/span> <a class=\"Hyperlink SCXW192278226 BCX0\" href=\"https:\/\/ec.europa.eu\/commission\/presscorner\/detail\/es\/ip_25_2917\" target=\"_blank\" rel=\"noreferrer noopener\"><span class=\"TextRun Underlined SCXW192278226 BCX0\" lang=\"ES-ES\" data-contrast=\"none\"><span class=\"NormalTextRun SCXW192278226 BCX0\" data-ccp-charstyle=\"Hyperlink\">https:\/\/ec.europa.eu\/commission\/presscorner\/detail\/es\/ip_25_2917<\/span><\/span><\/a><span class=\"EOP SCXW192278226 BCX0\" data-ccp-props=\"{}\"> <\/span><\/p>\t\t\t\t\t\t\t\t<\/div>\n\t\t\t\t<\/div>\n\t\t\t\t<div class=\"elementor-element elementor-element-2492e85a elementor-widget elementor-widget-spacer\" data-id=\"2492e85a\" data-element_type=\"widget\" data-e-type=\"widget\" data-widget_type=\"spacer.default\">\n\t\t\t\t<div class=\"elementor-widget-container\">\n\t\t\t\t\t\t\t<div class=\"elementor-spacer\">\n\t\t\t<div class=\"elementor-spacer-inner\"><\/div>\n\t\t<\/div>\n\t\t\t\t\t\t<\/div>\n\t\t\t\t<\/div>\n\t\t\t\t\t<\/div>\n\t\t<\/div>\n\t\t\t\t\t<\/div>\n\t\t<\/section>\n\t\t\t\t<\/div>\n\t\t","protected":false},"excerpt":{"rendered":"<p>La Comissi\u00f3 Europea ha presentat la Quality Jobs Roadmap , el pla que anticipa les noves regles laborals de la UE i que condicionar\u00e0 la competitivitat, la gesti\u00f3 del talent i l&#8217;adaptaci\u00f3 tecnol\u00f2gica de les empreses industrials. La Comissi\u00f3 ha iniciat la primera fase de consulta sobre la futura Llei dOcupaci\u00f3 de Qualitat, una proposta [&hellip;]<\/p>\n","protected":false},"author":10,"featured_media":0,"parent":5934,"menu_order":0,"comment_status":"closed","ping_status":"closed","template":"elementor_canvas","meta":{"inline_featured_image":false,"footnotes":""},"categories":[219],"tags":[],"class_list":["post-45059","page","type-page","status-publish","hentry","category-alertes-i-tendencies-exclusives"],"yoast_head":"<!-- This site is optimized with the Yoast SEO plugin v27.3 - https:\/\/yoast.com\/product\/yoast-seo-wordpress\/ -->\n<title>La UE prepara la Llei d&#039;ocupaci\u00f3 de qualitat | amec Positive Industry<\/title>\n<meta name=\"robots\" content=\"index, follow, max-snippet:-1, max-image-preview:large, max-video-preview:-1\" \/>\n<link rel=\"canonical\" href=\"https:\/\/amec.es\/ca\/anticipat\/alertes-i-oportunitats\/la-ue-prepara-la-llei-docupacio-de-qualitat\/\" \/>\n<meta property=\"og:locale\" content=\"ca_ES\" \/>\n<meta property=\"og:type\" content=\"article\" \/>\n<meta property=\"og:title\" content=\"La UE prepara la Llei d&#039;ocupaci\u00f3 de qualitat | amec Positive Industry\" \/>\n<meta property=\"og:description\" content=\"La Comissi\u00f3 Europea ha presentat la Quality Jobs Roadmap , el pla que anticipa les noves regles laborals de la UE i que condicionar\u00e0 la competitivitat, la gesti\u00f3 del talent i l&#8217;adaptaci\u00f3 tecnol\u00f2gica de les empreses industrials. La Comissi\u00f3 ha iniciat la primera fase de consulta sobre la futura Llei dOcupaci\u00f3 de Qualitat, una proposta [&hellip;]\" \/>\n<meta property=\"og:url\" content=\"https:\/\/amec.es\/ca\/anticipat\/alertes-i-oportunitats\/la-ue-prepara-la-llei-docupacio-de-qualitat\/\" \/>\n<meta property=\"og:site_name\" content=\"amec Positive Industry\" \/>\n<meta property=\"article:modified_time\" content=\"2025-12-09T10:29:27+00:00\" \/>\n<meta property=\"og:image\" content=\"https:\/\/amec.es\/wp-content\/uploads\/2024\/02\/Logo_AMEC.png\" \/>\n\t<meta property=\"og:image:width\" content=\"1827\" \/>\n\t<meta property=\"og:image:height\" content=\"438\" \/>\n\t<meta property=\"og:image:type\" content=\"image\/png\" \/>\n<meta name=\"twitter:card\" content=\"summary_large_image\" \/>\n<meta name=\"twitter:label1\" content=\"Temps estimat de lectura\" \/>\n\t<meta name=\"twitter:data1\" content=\"2 minuts\" \/>\n<script type=\"application\/ld+json\" class=\"yoast-schema-graph\">{\"@context\":\"https:\\\/\\\/schema.org\",\"@graph\":[{\"@type\":\"WebPage\",\"@id\":\"https:\\\/\\\/amec.es\\\/ca\\\/anticipat\\\/alertes-i-oportunitats\\\/la-ue-prepara-la-llei-docupacio-de-qualitat\\\/\",\"url\":\"https:\\\/\\\/amec.es\\\/ca\\\/anticipat\\\/alertes-i-oportunitats\\\/la-ue-prepara-la-llei-docupacio-de-qualitat\\\/\",\"name\":\"La UE prepara la Llei d'ocupaci\u00f3 de qualitat | amec Positive Industry\",\"isPartOf\":{\"@id\":\"https:\\\/\\\/amec.es\\\/#website\"},\"datePublished\":\"2025-12-09T10:26:41+00:00\",\"dateModified\":\"2025-12-09T10:29:27+00:00\",\"breadcrumb\":{\"@id\":\"https:\\\/\\\/amec.es\\\/ca\\\/anticipat\\\/alertes-i-oportunitats\\\/la-ue-prepara-la-llei-docupacio-de-qualitat\\\/#breadcrumb\"},\"inLanguage\":\"ca\",\"potentialAction\":[{\"@type\":\"ReadAction\",\"target\":[\"https:\\\/\\\/amec.es\\\/ca\\\/anticipat\\\/alertes-i-oportunitats\\\/la-ue-prepara-la-llei-docupacio-de-qualitat\\\/\"]}]},{\"@type\":\"BreadcrumbList\",\"@id\":\"https:\\\/\\\/amec.es\\\/ca\\\/anticipat\\\/alertes-i-oportunitats\\\/la-ue-prepara-la-llei-docupacio-de-qualitat\\\/#breadcrumb\",\"itemListElement\":[{\"@type\":\"ListItem\",\"position\":1,\"name\":\"Portada\",\"item\":\"https:\\\/\\\/amec.es\\\/\"},{\"@type\":\"ListItem\",\"position\":2,\"name\":\"Anticipa&#8217;t\",\"item\":\"https:\\\/\\\/amec.es\\\/ca\\\/anticipat\\\/\"},{\"@type\":\"ListItem\",\"position\":3,\"name\":\"Alertes i oportunitats\",\"item\":\"https:\\\/\\\/amec.es\\\/ca\\\/anticipat\\\/alertes-i-oportunitats\\\/\"},{\"@type\":\"ListItem\",\"position\":4,\"name\":\"La UE prepara la Llei d&#8217;ocupaci\u00f3 de qualitat\"}]},{\"@type\":\"WebSite\",\"@id\":\"https:\\\/\\\/amec.es\\\/#website\",\"url\":\"https:\\\/\\\/amec.es\\\/\",\"name\":\"amec Positive Industry\",\"description\":\"\",\"publisher\":{\"@id\":\"https:\\\/\\\/amec.es\\\/#organization\"},\"potentialAction\":[{\"@type\":\"SearchAction\",\"target\":{\"@type\":\"EntryPoint\",\"urlTemplate\":\"https:\\\/\\\/amec.es\\\/?s={search_term_string}\"},\"query-input\":{\"@type\":\"PropertyValueSpecification\",\"valueRequired\":true,\"valueName\":\"search_term_string\"}}],\"inLanguage\":\"ca\"},{\"@type\":\"Organization\",\"@id\":\"https:\\\/\\\/amec.es\\\/#organization\",\"name\":\"amec Positive Industry\",\"url\":\"https:\\\/\\\/amec.es\\\/\",\"logo\":{\"@type\":\"ImageObject\",\"inLanguage\":\"ca\",\"@id\":\"https:\\\/\\\/amec.es\\\/#\\\/schema\\\/logo\\\/image\\\/\",\"url\":\"https:\\\/\\\/amec.es\\\/wp-content\\\/uploads\\\/2023\\\/07\\\/logoamec.png\",\"contentUrl\":\"https:\\\/\\\/amec.es\\\/wp-content\\\/uploads\\\/2023\\\/07\\\/logoamec.png\",\"width\":200,\"height\":48,\"caption\":\"amec Positive Industry\"},\"image\":{\"@id\":\"https:\\\/\\\/amec.es\\\/#\\\/schema\\\/logo\\\/image\\\/\"}}]}<\/script>\n<!-- \/ Yoast SEO plugin. -->","yoast_head_json":{"title":"La UE prepara la Llei d'ocupaci\u00f3 de qualitat | amec Positive Industry","robots":{"index":"index","follow":"follow","max-snippet":"max-snippet:-1","max-image-preview":"max-image-preview:large","max-video-preview":"max-video-preview:-1"},"canonical":"https:\/\/amec.es\/ca\/anticipat\/alertes-i-oportunitats\/la-ue-prepara-la-llei-docupacio-de-qualitat\/","og_locale":"ca_ES","og_type":"article","og_title":"La UE prepara la Llei d'ocupaci\u00f3 de qualitat | amec Positive Industry","og_description":"La Comissi\u00f3 Europea ha presentat la Quality Jobs Roadmap , el pla que anticipa les noves regles laborals de la UE i que condicionar\u00e0 la competitivitat, la gesti\u00f3 del talent i l&#8217;adaptaci\u00f3 tecnol\u00f2gica de les empreses industrials. La Comissi\u00f3 ha iniciat la primera fase de consulta sobre la futura Llei dOcupaci\u00f3 de Qualitat, una proposta [&hellip;]","og_url":"https:\/\/amec.es\/ca\/anticipat\/alertes-i-oportunitats\/la-ue-prepara-la-llei-docupacio-de-qualitat\/","og_site_name":"amec Positive Industry","article_modified_time":"2025-12-09T10:29:27+00:00","og_image":[{"width":1827,"height":438,"url":"https:\/\/amec.es\/wp-content\/uploads\/2024\/02\/Logo_AMEC.png","type":"image\/png"}],"twitter_card":"summary_large_image","twitter_misc":{"Temps estimat de lectura":"2 minuts"},"schema":{"@context":"https:\/\/schema.org","@graph":[{"@type":"WebPage","@id":"https:\/\/amec.es\/ca\/anticipat\/alertes-i-oportunitats\/la-ue-prepara-la-llei-docupacio-de-qualitat\/","url":"https:\/\/amec.es\/ca\/anticipat\/alertes-i-oportunitats\/la-ue-prepara-la-llei-docupacio-de-qualitat\/","name":"La UE prepara la Llei d'ocupaci\u00f3 de qualitat | amec Positive Industry","isPartOf":{"@id":"https:\/\/amec.es\/#website"},"datePublished":"2025-12-09T10:26:41+00:00","dateModified":"2025-12-09T10:29:27+00:00","breadcrumb":{"@id":"https:\/\/amec.es\/ca\/anticipat\/alertes-i-oportunitats\/la-ue-prepara-la-llei-docupacio-de-qualitat\/#breadcrumb"},"inLanguage":"ca","potentialAction":[{"@type":"ReadAction","target":["https:\/\/amec.es\/ca\/anticipat\/alertes-i-oportunitats\/la-ue-prepara-la-llei-docupacio-de-qualitat\/"]}]},{"@type":"BreadcrumbList","@id":"https:\/\/amec.es\/ca\/anticipat\/alertes-i-oportunitats\/la-ue-prepara-la-llei-docupacio-de-qualitat\/#breadcrumb","itemListElement":[{"@type":"ListItem","position":1,"name":"Portada","item":"https:\/\/amec.es\/"},{"@type":"ListItem","position":2,"name":"Anticipa&#8217;t","item":"https:\/\/amec.es\/ca\/anticipat\/"},{"@type":"ListItem","position":3,"name":"Alertes i oportunitats","item":"https:\/\/amec.es\/ca\/anticipat\/alertes-i-oportunitats\/"},{"@type":"ListItem","position":4,"name":"La UE prepara la Llei d&#8217;ocupaci\u00f3 de qualitat"}]},{"@type":"WebSite","@id":"https:\/\/amec.es\/#website","url":"https:\/\/amec.es\/","name":"amec Positive Industry","description":"","publisher":{"@id":"https:\/\/amec.es\/#organization"},"potentialAction":[{"@type":"SearchAction","target":{"@type":"EntryPoint","urlTemplate":"https:\/\/amec.es\/?s={search_term_string}"},"query-input":{"@type":"PropertyValueSpecification","valueRequired":true,"valueName":"search_term_string"}}],"inLanguage":"ca"},{"@type":"Organization","@id":"https:\/\/amec.es\/#organization","name":"amec Positive Industry","url":"https:\/\/amec.es\/","logo":{"@type":"ImageObject","inLanguage":"ca","@id":"https:\/\/amec.es\/#\/schema\/logo\/image\/","url":"https:\/\/amec.es\/wp-content\/uploads\/2023\/07\/logoamec.png","contentUrl":"https:\/\/amec.es\/wp-content\/uploads\/2023\/07\/logoamec.png","width":200,"height":48,"caption":"amec Positive Industry"},"image":{"@id":"https:\/\/amec.es\/#\/schema\/logo\/image\/"}}]}},"_links":{"self":[{"href":"https:\/\/amec.es\/ca\/wp-json\/wp\/v2\/pages\/45059","targetHints":{"allow":["GET"]}}],"collection":[{"href":"https:\/\/amec.es\/ca\/wp-json\/wp\/v2\/pages"}],"about":[{"href":"https:\/\/amec.es\/ca\/wp-json\/wp\/v2\/types\/page"}],"author":[{"embeddable":true,"href":"https:\/\/amec.es\/ca\/wp-json\/wp\/v2\/users\/10"}],"replies":[{"embeddable":true,"href":"https:\/\/amec.es\/ca\/wp-json\/wp\/v2\/comments?post=45059"}],"version-history":[{"count":1,"href":"https:\/\/amec.es\/ca\/wp-json\/wp\/v2\/pages\/45059\/revisions"}],"predecessor-version":[{"id":45060,"href":"https:\/\/amec.es\/ca\/wp-json\/wp\/v2\/pages\/45059\/revisions\/45060"}],"up":[{"embeddable":true,"href":"https:\/\/amec.es\/ca\/wp-json\/wp\/v2\/pages\/5934"}],"wp:attachment":[{"href":"https:\/\/amec.es\/ca\/wp-json\/wp\/v2\/media?parent=45059"}],"wp:term":[{"taxonomy":"category","embeddable":true,"href":"https:\/\/amec.es\/ca\/wp-json\/wp\/v2\/categories?post=45059"},{"taxonomy":"post_tag","embeddable":true,"href":"https:\/\/amec.es\/ca\/wp-json\/wp\/v2\/tags?post=45059"}],"curies":[{"name":"wp","href":"https:\/\/api.w.org\/{rel}","templated":true}]}}