{"id":45102,"date":"2025-12-09T17:42:55","date_gmt":"2025-12-09T16:42:55","guid":{"rendered":"https:\/\/amec.es\/anticipat\/alertes-i-oportunitats\/acord-sobre-simplificacio-dinformes-de-sostenibilitat\/"},"modified":"2025-12-09T17:47:54","modified_gmt":"2025-12-09T16:47:54","slug":"acord-sobre-simplificacio-dinformes-de-sostenibilitat","status":"publish","type":"page","link":"https:\/\/amec.es\/ca\/anticipat\/alertes-i-oportunitats\/acord-sobre-simplificacio-dinformes-de-sostenibilitat\/","title":{"rendered":"Acord sobre simplificaci\u00f3 d&#8217;informes de sostenibilitat"},"content":{"rendered":"\t\t<div data-elementor-type=\"wp-page\" data-elementor-id=\"45102\" class=\"elementor elementor-45102 elementor-45092\" data-elementor-post-type=\"page\">\n\t\t\t\t\t\t<section class=\"elementor-section elementor-top-section elementor-element elementor-element-3a4cfda5 elementor-section-boxed elementor-section-height-default elementor-section-height-default\" data-id=\"3a4cfda5\" data-element_type=\"section\" data-e-type=\"section\" data-settings=\"{&quot;background_background&quot;:&quot;gradient&quot;}\">\n\t\t\t\t\t\t<div class=\"elementor-container elementor-column-gap-default\">\n\t\t\t\t\t<div class=\"elementor-column elementor-col-100 elementor-top-column elementor-element elementor-element-2e3c16cc\" data-id=\"2e3c16cc\" data-element_type=\"column\" data-e-type=\"column\">\n\t\t\t<div class=\"elementor-widget-wrap elementor-element-populated\">\n\t\t\t\t\t\t<div class=\"elementor-element elementor-element-5889583d elementor-widget elementor-widget-heading\" data-id=\"5889583d\" data-element_type=\"widget\" data-e-type=\"widget\" data-widget_type=\"heading.default\">\n\t\t\t\t<div class=\"elementor-widget-container\">\n\t\t\t\t\t<h2 class=\"elementor-heading-title elementor-size-default\"><a href=\"https:\/\/amec.es\/ca\/category\/alertes-i-tendencies-exclusives\/\" rel=\"tag\">Alertes i tend\u00e8ncies exclusives<\/a><\/h2>\t\t\t\t<\/div>\n\t\t\t\t<\/div>\n\t\t\t\t<div class=\"elementor-element elementor-element-badb7fa elementor-widget elementor-widget-spacer\" data-id=\"badb7fa\" data-element_type=\"widget\" data-e-type=\"widget\" data-widget_type=\"spacer.default\">\n\t\t\t\t<div class=\"elementor-widget-container\">\n\t\t\t\t\t\t\t<div class=\"elementor-spacer\">\n\t\t\t<div class=\"elementor-spacer-inner\"><\/div>\n\t\t<\/div>\n\t\t\t\t\t\t<\/div>\n\t\t\t\t<\/div>\n\t\t\t\t<div class=\"elementor-element elementor-element-669a3917 elementor-widget-divider--view-line elementor-widget elementor-widget-divider\" data-id=\"669a3917\" data-element_type=\"widget\" data-e-type=\"widget\" data-widget_type=\"divider.default\">\n\t\t\t\t<div class=\"elementor-widget-container\">\n\t\t\t\t\t\t\t<div class=\"elementor-divider\">\n\t\t\t<span class=\"elementor-divider-separator\">\n\t\t\t\t\t\t<\/span>\n\t\t<\/div>\n\t\t\t\t\t\t<\/div>\n\t\t\t\t<\/div>\n\t\t\t\t\t<\/div>\n\t\t<\/div>\n\t\t\t\t\t<\/div>\n\t\t<\/section>\n\t\t\t\t<section class=\"elementor-section elementor-top-section elementor-element elementor-element-73364ee4 elementor-section-boxed elementor-section-height-default elementor-section-height-default\" data-id=\"73364ee4\" data-element_type=\"section\" data-e-type=\"section\">\n\t\t\t\t\t\t<div class=\"elementor-container elementor-column-gap-default\">\n\t\t\t\t\t<div class=\"elementor-column elementor-col-100 elementor-top-column elementor-element elementor-element-7389f787\" data-id=\"7389f787\" data-element_type=\"column\" data-e-type=\"column\">\n\t\t\t<div class=\"elementor-widget-wrap elementor-element-populated\">\n\t\t\t\t\t\t<div class=\"elementor-element elementor-element-30e4a722 elementor-widget elementor-widget-heading\" data-id=\"30e4a722\" data-element_type=\"widget\" data-e-type=\"widget\" data-widget_type=\"heading.default\">\n\t\t\t\t<div class=\"elementor-widget-container\">\n\t\t\t\t\t<h2 class=\"elementor-heading-title elementor-size-default\">Acord sobre simplificaci\u00f3 d&#8217;informes de sostenibilitat<\/h2>\t\t\t\t<\/div>\n\t\t\t\t<\/div>\n\t\t\t\t<div class=\"elementor-element elementor-element-60f850d4 elementor-widget elementor-widget-spacer\" data-id=\"60f850d4\" data-element_type=\"widget\" data-e-type=\"widget\" data-widget_type=\"spacer.default\">\n\t\t\t\t<div class=\"elementor-widget-container\">\n\t\t\t\t\t\t\t<div class=\"elementor-spacer\">\n\t\t\t<div class=\"elementor-spacer-inner\"><\/div>\n\t\t<\/div>\n\t\t\t\t\t\t<\/div>\n\t\t\t\t<\/div>\n\t\t\t\t<div class=\"elementor-element elementor-element-5c675be8 elementor-widget elementor-widget-text-editor\" data-id=\"5c675be8\" data-element_type=\"widget\" data-e-type=\"widget\" data-widget_type=\"text-editor.default\">\n\t\t\t\t<div class=\"elementor-widget-container\">\n\t\t\t\t\t\t\t\t\t9 de desembre de 2025\t\t\t\t\t\t\t\t<\/div>\n\t\t\t\t<\/div>\n\t\t\t\t<div class=\"elementor-element elementor-element-5d6fe8b elementor-widget elementor-widget-text-editor\" data-id=\"5d6fe8b\" data-element_type=\"widget\" data-e-type=\"widget\" data-widget_type=\"text-editor.default\">\n\t\t\t\t<div class=\"elementor-widget-container\">\n\t\t\t\t\t\t\t\t\t<p><strong>El Parlament Europeu ha arribat a un acord amb els Estats membres de la UE sobre el text final de la Directiva \u00d2mnibus I sobre la simplificaci\u00f3 de la informaci\u00f3 de sostenibilitat i les normes de dilig\u00e8ncia deguda per a les empreses.<\/strong><\/p>\t\t\t\t\t\t\t\t<\/div>\n\t\t\t\t<\/div>\n\t\t\t\t<div class=\"elementor-element elementor-element-128c6d53 elementor-widget-divider--view-line elementor-widget elementor-widget-divider\" data-id=\"128c6d53\" data-element_type=\"widget\" data-e-type=\"widget\" data-widget_type=\"divider.default\">\n\t\t\t\t<div class=\"elementor-widget-container\">\n\t\t\t\t\t\t\t<div class=\"elementor-divider\">\n\t\t\t<span class=\"elementor-divider-separator\">\n\t\t\t\t\t\t<\/span>\n\t\t<\/div>\n\t\t\t\t\t\t<\/div>\n\t\t\t\t<\/div>\n\t\t\t\t<div class=\"elementor-element elementor-element-5d224a9e elementor-widget elementor-widget-text-editor\" data-id=\"5d224a9e\" data-element_type=\"widget\" data-e-type=\"widget\" data-widget_type=\"text-editor.default\">\n\t\t\t\t<div class=\"elementor-widget-container\">\n\t\t\t\t\t\t\t\t\t<h5><strong>Abast empresarial i magnitud del canvi regulatori<\/strong><\/h5><p>Els nous llindars deixen fora del reporting i dilig\u00e8ncia deguda a la gran majoria de companyies inicialment previstes sota CSRD i CSDDD. En lloc d&#8217;empreses a partir de 50 milions de facturaci\u00f3, com va plantejar la Comissi\u00f3, el nou m\u00ednim queda en 450 milions i m\u00e9s de 1.000 empleats. Segons la presid\u00e8ncia del Consell, aquesta modificaci\u00f3 <strong>eximeix m\u00e9s del 85% de les empreses inicialment incloses<\/strong> . Aix\u00f2 suposa un gir reglamentari orientat a reduir els costos administratius i frenar l&#8217;expansi\u00f3 del marc ESG obligatori.   <\/p><h5><strong><span style=\"color: #ffffff;\">_<\/span><br> Canvis profunds al reporting (CSRD)<\/strong><\/h5><p>L&#8217;obligaci\u00f3 d&#8217;informar ja no ser\u00e0 generalitzada, sin\u00f3 restringida a grans corporacions. Tres canvis clau: <\/p><ul><li><p>El reporti haur\u00e0 de ser <strong>m\u00e9s quantitatiu<\/strong> , cosa que redueix la interpretaci\u00f3 narrativa i acota la informaci\u00f3 exigible.<\/p><\/li><li><p>Els <strong>est\u00e0ndards sectorials deixen de ser obligatoris<\/strong> i passen a \u00e9sser voluntaris.<\/p><\/li><li><p>Les empreses per sota del llindar poden <strong>negar compartir informaci\u00f3 addicional<\/strong> , evitant que grans grups els traslladin c\u00e0rregues documentals.<\/p><\/li><\/ul><p><span style=\"color: #ffffff;\">_<\/span><br> A m\u00e9s, la Comissi\u00f3 crear\u00e0 un <strong>portal digital amb plantilles i guies<\/strong> , cosa que facilitar\u00e0 l&#8217;estandarditzaci\u00f3 documental i previsiblement reduir\u00e0 diverg\u00e8ncies entre interpretacions nacionals.<\/p><h5><strong><span style=\"color: #ffffff;\">_<\/span><br> Reducci\u00f3 substancial en dilig\u00e8ncia deguda (CSDDD)<\/strong><\/h5><p>Nom\u00e9s quedaran obligades les <strong>empreses amb m\u00e9s de 5.000 empleats i facturaci\u00f3 superior a 1.5 mil milions<\/strong> . L&#8217;eliminaci\u00f3 dels <strong>plans de transici\u00f3 clim\u00e0tica obligatoris<\/strong> implica que la compatibilitat amb l&#8217;Acord de Par\u00eds no ser\u00e0 exigida mitjan\u00e7ant un full de ruta empresarial. La responsabilitat i les sancions es desplacen a l&#8217;\u00e0mbit nacional, amb multes potencials de fins al 3% del volum de negoci mundial.  <\/p><h5><span style=\"color: #ffffff;\">_<\/span><br> <strong>Context pol\u00edtic de l&#8217;acord<\/strong><\/h5><p>El pacte arriba despr\u00e9s de mesos de pressi\u00f3 empresarial i negociacions perllongades. Alguns parlamentaris celebren el resultat com a <strong>reducci\u00f3 hist\u00f2rica de costos per a empreses<\/strong> i una vict\u00f2ria per a la competitivitat, mentre que altres ho interpreten com una <strong>debilitaci\u00f3 del Pacte Verd europeu<\/strong> , especialment per l&#8217;eliminaci\u00f3 dels plans de transici\u00f3 clim\u00e0tica. <\/p><h5><strong><span style=\"color: #ffffff;\">_<\/span><br> Possibles efectes operatius per a empreses europees<\/strong><\/h5><ul><li><p>El marc ESG <strong>es concentra en actors de grans dimensions<\/strong> ; la gran empresa continuar\u00e0 reportant, per\u00f2 amb menys complexitat sectorial.<\/p><\/li><li><p>Les pimes queden en una posici\u00f3 m\u00e9s flexible, amb menys c\u00e0rrega documental i menys tra\u00e7abilitat exigible.<\/p><\/li><li><p>La cadena de subministrament pot experimentar <strong>menys pressi\u00f3 cap al prove\u00efdor petit<\/strong> , at\u00e8s que aquest podr\u00e0 legalment rebutjar sol\u00b7licituds addicionals.<\/p><\/li><li><p>Com que no hi ha obligaci\u00f3 de transici\u00f3 clim\u00e0tica, hi pot haver menor alineaci\u00f3 estructural amb objectius clim\u00e0tics en sectors intensius en carboni.<\/p><\/li><\/ul>\t\t\t\t\t\t\t\t<\/div>\n\t\t\t\t<\/div>\n\t\t\t\t\t<\/div>\n\t\t<\/div>\n\t\t\t\t\t<\/div>\n\t\t<\/section>\n\t\t\t\t<section class=\"elementor-section elementor-top-section elementor-element elementor-element-e51b954 elementor-section-boxed elementor-section-height-default elementor-section-height-default\" data-id=\"e51b954\" data-element_type=\"section\" data-e-type=\"section\">\n\t\t\t\t\t\t<div class=\"elementor-container elementor-column-gap-default\">\n\t\t\t\t\t<div class=\"elementor-column elementor-col-100 elementor-top-column elementor-element elementor-element-625d1397\" data-id=\"625d1397\" data-element_type=\"column\" data-e-type=\"column\">\n\t\t\t<div class=\"elementor-widget-wrap elementor-element-populated\">\n\t\t\t\t\t\t<div class=\"elementor-element elementor-element-292dce46 elementor-widget-divider--view-line elementor-widget elementor-widget-divider\" data-id=\"292dce46\" data-element_type=\"widget\" data-e-type=\"widget\" data-widget_type=\"divider.default\">\n\t\t\t\t<div class=\"elementor-widget-container\">\n\t\t\t\t\t\t\t<div class=\"elementor-divider\">\n\t\t\t<span class=\"elementor-divider-separator\">\n\t\t\t\t\t\t<\/span>\n\t\t<\/div>\n\t\t\t\t\t\t<\/div>\n\t\t\t\t<\/div>\n\t\t\t\t<div class=\"elementor-element elementor-element-6e6a848c elementor-widget elementor-widget-heading\" data-id=\"6e6a848c\" data-element_type=\"widget\" data-e-type=\"widget\" data-widget_type=\"heading.default\">\n\t\t\t\t<div class=\"elementor-widget-container\">\n\t\t\t\t\t<h5 class=\"elementor-heading-title elementor-size-default\">Recursos<\/h5>\t\t\t\t<\/div>\n\t\t\t\t<\/div>\n\t\t\t\t<div class=\"elementor-element elementor-element-14a50d25 elementor-widget elementor-widget-text-editor\" data-id=\"14a50d25\" data-element_type=\"widget\" data-e-type=\"widget\" data-widget_type=\"text-editor.default\">\n\t\t\t\t<div class=\"elementor-widget-container\">\n\t\t\t\t\t\t\t\t\t<p>PARLAMENT EUROPEU. Comunicat de premsa (9 desembre 2025) <\/p><p><a href=\"https:\/\/www.europarl.europa.eu\/news\/en\/press-room\/20251208IPR32080\/deal-on-updated-sustainability-reporting-and-due-diligence-rules\" target=\"_blank\" rel=\"noopener\">https:\/\/www.europarl.europa.eu\/news\/en\/press-room\/20251208IPR32080\/deal-on-updated-sustainability-reporting-and-due-diligence-rules<\/a><\/p>\t\t\t\t\t\t\t\t<\/div>\n\t\t\t\t<\/div>\n\t\t\t\t<div class=\"elementor-element elementor-element-a98215f elementor-widget elementor-widget-spacer\" data-id=\"a98215f\" data-element_type=\"widget\" data-e-type=\"widget\" data-widget_type=\"spacer.default\">\n\t\t\t\t<div class=\"elementor-widget-container\">\n\t\t\t\t\t\t\t<div class=\"elementor-spacer\">\n\t\t\t<div class=\"elementor-spacer-inner\"><\/div>\n\t\t<\/div>\n\t\t\t\t\t\t<\/div>\n\t\t\t\t<\/div>\n\t\t\t\t\t<\/div>\n\t\t<\/div>\n\t\t\t\t\t<\/div>\n\t\t<\/section>\n\t\t\t\t<\/div>\n\t\t","protected":false},"excerpt":{"rendered":"<p>El Parlament Europeu ha arribat a un acord amb els Estats membres de la UE sobre el text final de la Directiva \u00d2mnibus I sobre la simplificaci\u00f3 de la informaci\u00f3 de sostenibilitat i les normes de dilig\u00e8ncia deguda per a les empreses. Abast empresarial i magnitud del canvi regulatori Els nous llindars deixen fora del [&hellip;]<\/p>\n","protected":false},"author":10,"featured_media":0,"parent":5934,"menu_order":0,"comment_status":"closed","ping_status":"closed","template":"elementor_canvas","meta":{"inline_featured_image":false,"footnotes":""},"categories":[219],"tags":[],"class_list":["post-45102","page","type-page","status-publish","hentry","category-alertes-i-tendencies-exclusives"],"yoast_head":"<!-- This site is optimized with the Yoast SEO plugin v27.5 - https:\/\/yoast.com\/product\/yoast-seo-wordpress\/ -->\n<title>Acord sobre simplificaci\u00f3 d&#039;informes de sostenibilitat | amec Positive Industry<\/title>\n<meta name=\"robots\" content=\"index, follow, max-snippet:-1, max-image-preview:large, max-video-preview:-1\" \/>\n<link rel=\"canonical\" href=\"https:\/\/amec.es\/ca\/anticipat\/alertes-i-oportunitats\/acord-sobre-simplificacio-dinformes-de-sostenibilitat\/\" \/>\n<meta property=\"og:locale\" content=\"ca_ES\" \/>\n<meta property=\"og:type\" content=\"article\" \/>\n<meta property=\"og:title\" content=\"Acord sobre simplificaci\u00f3 d&#039;informes de sostenibilitat | amec Positive Industry\" \/>\n<meta property=\"og:description\" content=\"El Parlament Europeu ha arribat a un acord amb els Estats membres de la UE sobre el text final de la Directiva \u00d2mnibus I sobre la simplificaci\u00f3 de la informaci\u00f3 de sostenibilitat i les normes de dilig\u00e8ncia deguda per a les empreses. Abast empresarial i magnitud del canvi regulatori Els nous llindars deixen fora del [&hellip;]\" \/>\n<meta property=\"og:url\" content=\"https:\/\/amec.es\/ca\/anticipat\/alertes-i-oportunitats\/acord-sobre-simplificacio-dinformes-de-sostenibilitat\/\" \/>\n<meta property=\"og:site_name\" content=\"amec Positive Industry\" \/>\n<meta property=\"article:modified_time\" content=\"2025-12-09T16:47:54+00:00\" \/>\n<meta property=\"og:image\" content=\"https:\/\/amec.es\/wp-content\/uploads\/2024\/02\/Logo_AMEC.png\" \/>\n\t<meta property=\"og:image:width\" content=\"1827\" \/>\n\t<meta property=\"og:image:height\" content=\"438\" \/>\n\t<meta property=\"og:image:type\" content=\"image\/png\" \/>\n<meta name=\"twitter:card\" content=\"summary_large_image\" \/>\n<meta name=\"twitter:label1\" content=\"Temps estimat de lectura\" \/>\n\t<meta name=\"twitter:data1\" content=\"2 minuts\" \/>\n<script type=\"application\/ld+json\" class=\"yoast-schema-graph\">{\"@context\":\"https:\\\/\\\/schema.org\",\"@graph\":[{\"@type\":\"WebPage\",\"@id\":\"https:\\\/\\\/amec.es\\\/ca\\\/anticipat\\\/alertes-i-oportunitats\\\/acord-sobre-simplificacio-dinformes-de-sostenibilitat\\\/\",\"url\":\"https:\\\/\\\/amec.es\\\/ca\\\/anticipat\\\/alertes-i-oportunitats\\\/acord-sobre-simplificacio-dinformes-de-sostenibilitat\\\/\",\"name\":\"Acord sobre simplificaci\u00f3 d'informes de sostenibilitat | amec Positive Industry\",\"isPartOf\":{\"@id\":\"https:\\\/\\\/amec.es\\\/#website\"},\"datePublished\":\"2025-12-09T16:42:55+00:00\",\"dateModified\":\"2025-12-09T16:47:54+00:00\",\"breadcrumb\":{\"@id\":\"https:\\\/\\\/amec.es\\\/ca\\\/anticipat\\\/alertes-i-oportunitats\\\/acord-sobre-simplificacio-dinformes-de-sostenibilitat\\\/#breadcrumb\"},\"inLanguage\":\"ca\",\"potentialAction\":[{\"@type\":\"ReadAction\",\"target\":[\"https:\\\/\\\/amec.es\\\/ca\\\/anticipat\\\/alertes-i-oportunitats\\\/acord-sobre-simplificacio-dinformes-de-sostenibilitat\\\/\"]}]},{\"@type\":\"BreadcrumbList\",\"@id\":\"https:\\\/\\\/amec.es\\\/ca\\\/anticipat\\\/alertes-i-oportunitats\\\/acord-sobre-simplificacio-dinformes-de-sostenibilitat\\\/#breadcrumb\",\"itemListElement\":[{\"@type\":\"ListItem\",\"position\":1,\"name\":\"Portada\",\"item\":\"https:\\\/\\\/amec.es\\\/ca\\\/home-new\\\/\"},{\"@type\":\"ListItem\",\"position\":2,\"name\":\"Anticipa&#8217;t\",\"item\":\"https:\\\/\\\/amec.es\\\/ca\\\/anticipat\\\/\"},{\"@type\":\"ListItem\",\"position\":3,\"name\":\"Alertes i oportunitats\",\"item\":\"https:\\\/\\\/amec.es\\\/ca\\\/anticipat\\\/alertes-i-oportunitats\\\/\"},{\"@type\":\"ListItem\",\"position\":4,\"name\":\"Acord sobre simplificaci\u00f3 d&#8217;informes de sostenibilitat\"}]},{\"@type\":\"WebSite\",\"@id\":\"https:\\\/\\\/amec.es\\\/#website\",\"url\":\"https:\\\/\\\/amec.es\\\/\",\"name\":\"amec Positive Industry\",\"description\":\"\",\"publisher\":{\"@id\":\"https:\\\/\\\/amec.es\\\/#organization\"},\"potentialAction\":[{\"@type\":\"SearchAction\",\"target\":{\"@type\":\"EntryPoint\",\"urlTemplate\":\"https:\\\/\\\/amec.es\\\/?s={search_term_string}\"},\"query-input\":{\"@type\":\"PropertyValueSpecification\",\"valueRequired\":true,\"valueName\":\"search_term_string\"}}],\"inLanguage\":\"ca\"},{\"@type\":\"Organization\",\"@id\":\"https:\\\/\\\/amec.es\\\/#organization\",\"name\":\"amec Positive Industry\",\"url\":\"https:\\\/\\\/amec.es\\\/\",\"logo\":{\"@type\":\"ImageObject\",\"inLanguage\":\"ca\",\"@id\":\"https:\\\/\\\/amec.es\\\/#\\\/schema\\\/logo\\\/image\\\/\",\"url\":\"https:\\\/\\\/amec.es\\\/wp-content\\\/uploads\\\/2023\\\/07\\\/logoamec.png\",\"contentUrl\":\"https:\\\/\\\/amec.es\\\/wp-content\\\/uploads\\\/2023\\\/07\\\/logoamec.png\",\"width\":200,\"height\":48,\"caption\":\"amec Positive Industry\"},\"image\":{\"@id\":\"https:\\\/\\\/amec.es\\\/#\\\/schema\\\/logo\\\/image\\\/\"}}]}<\/script>\n<!-- \/ Yoast SEO plugin. -->","yoast_head_json":{"title":"Acord sobre simplificaci\u00f3 d'informes de sostenibilitat | amec Positive Industry","robots":{"index":"index","follow":"follow","max-snippet":"max-snippet:-1","max-image-preview":"max-image-preview:large","max-video-preview":"max-video-preview:-1"},"canonical":"https:\/\/amec.es\/ca\/anticipat\/alertes-i-oportunitats\/acord-sobre-simplificacio-dinformes-de-sostenibilitat\/","og_locale":"ca_ES","og_type":"article","og_title":"Acord sobre simplificaci\u00f3 d'informes de sostenibilitat | amec Positive Industry","og_description":"El Parlament Europeu ha arribat a un acord amb els Estats membres de la UE sobre el text final de la Directiva \u00d2mnibus I sobre la simplificaci\u00f3 de la informaci\u00f3 de sostenibilitat i les normes de dilig\u00e8ncia deguda per a les empreses. Abast empresarial i magnitud del canvi regulatori Els nous llindars deixen fora del [&hellip;]","og_url":"https:\/\/amec.es\/ca\/anticipat\/alertes-i-oportunitats\/acord-sobre-simplificacio-dinformes-de-sostenibilitat\/","og_site_name":"amec Positive Industry","article_modified_time":"2025-12-09T16:47:54+00:00","og_image":[{"width":1827,"height":438,"url":"https:\/\/amec.es\/wp-content\/uploads\/2024\/02\/Logo_AMEC.png","type":"image\/png"}],"twitter_card":"summary_large_image","twitter_misc":{"Temps estimat de lectura":"2 minuts"},"schema":{"@context":"https:\/\/schema.org","@graph":[{"@type":"WebPage","@id":"https:\/\/amec.es\/ca\/anticipat\/alertes-i-oportunitats\/acord-sobre-simplificacio-dinformes-de-sostenibilitat\/","url":"https:\/\/amec.es\/ca\/anticipat\/alertes-i-oportunitats\/acord-sobre-simplificacio-dinformes-de-sostenibilitat\/","name":"Acord sobre simplificaci\u00f3 d'informes de sostenibilitat | amec Positive Industry","isPartOf":{"@id":"https:\/\/amec.es\/#website"},"datePublished":"2025-12-09T16:42:55+00:00","dateModified":"2025-12-09T16:47:54+00:00","breadcrumb":{"@id":"https:\/\/amec.es\/ca\/anticipat\/alertes-i-oportunitats\/acord-sobre-simplificacio-dinformes-de-sostenibilitat\/#breadcrumb"},"inLanguage":"ca","potentialAction":[{"@type":"ReadAction","target":["https:\/\/amec.es\/ca\/anticipat\/alertes-i-oportunitats\/acord-sobre-simplificacio-dinformes-de-sostenibilitat\/"]}]},{"@type":"BreadcrumbList","@id":"https:\/\/amec.es\/ca\/anticipat\/alertes-i-oportunitats\/acord-sobre-simplificacio-dinformes-de-sostenibilitat\/#breadcrumb","itemListElement":[{"@type":"ListItem","position":1,"name":"Portada","item":"https:\/\/amec.es\/ca\/home-new\/"},{"@type":"ListItem","position":2,"name":"Anticipa&#8217;t","item":"https:\/\/amec.es\/ca\/anticipat\/"},{"@type":"ListItem","position":3,"name":"Alertes i oportunitats","item":"https:\/\/amec.es\/ca\/anticipat\/alertes-i-oportunitats\/"},{"@type":"ListItem","position":4,"name":"Acord sobre simplificaci\u00f3 d&#8217;informes de sostenibilitat"}]},{"@type":"WebSite","@id":"https:\/\/amec.es\/#website","url":"https:\/\/amec.es\/","name":"amec Positive Industry","description":"","publisher":{"@id":"https:\/\/amec.es\/#organization"},"potentialAction":[{"@type":"SearchAction","target":{"@type":"EntryPoint","urlTemplate":"https:\/\/amec.es\/?s={search_term_string}"},"query-input":{"@type":"PropertyValueSpecification","valueRequired":true,"valueName":"search_term_string"}}],"inLanguage":"ca"},{"@type":"Organization","@id":"https:\/\/amec.es\/#organization","name":"amec Positive Industry","url":"https:\/\/amec.es\/","logo":{"@type":"ImageObject","inLanguage":"ca","@id":"https:\/\/amec.es\/#\/schema\/logo\/image\/","url":"https:\/\/amec.es\/wp-content\/uploads\/2023\/07\/logoamec.png","contentUrl":"https:\/\/amec.es\/wp-content\/uploads\/2023\/07\/logoamec.png","width":200,"height":48,"caption":"amec Positive Industry"},"image":{"@id":"https:\/\/amec.es\/#\/schema\/logo\/image\/"}}]}},"_links":{"self":[{"href":"https:\/\/amec.es\/ca\/wp-json\/wp\/v2\/pages\/45102","targetHints":{"allow":["GET"]}}],"collection":[{"href":"https:\/\/amec.es\/ca\/wp-json\/wp\/v2\/pages"}],"about":[{"href":"https:\/\/amec.es\/ca\/wp-json\/wp\/v2\/types\/page"}],"author":[{"embeddable":true,"href":"https:\/\/amec.es\/ca\/wp-json\/wp\/v2\/users\/10"}],"replies":[{"embeddable":true,"href":"https:\/\/amec.es\/ca\/wp-json\/wp\/v2\/comments?post=45102"}],"version-history":[{"count":1,"href":"https:\/\/amec.es\/ca\/wp-json\/wp\/v2\/pages\/45102\/revisions"}],"predecessor-version":[{"id":45103,"href":"https:\/\/amec.es\/ca\/wp-json\/wp\/v2\/pages\/45102\/revisions\/45103"}],"up":[{"embeddable":true,"href":"https:\/\/amec.es\/ca\/wp-json\/wp\/v2\/pages\/5934"}],"wp:attachment":[{"href":"https:\/\/amec.es\/ca\/wp-json\/wp\/v2\/media?parent=45102"}],"wp:term":[{"taxonomy":"category","embeddable":true,"href":"https:\/\/amec.es\/ca\/wp-json\/wp\/v2\/categories?post=45102"},{"taxonomy":"post_tag","embeddable":true,"href":"https:\/\/amec.es\/ca\/wp-json\/wp\/v2\/tags?post=45102"}],"curies":[{"name":"wp","href":"https:\/\/api.w.org\/{rel}","templated":true}]}}