{"id":45119,"date":"2025-12-09T11:42:51","date_gmt":"2025-12-09T10:42:51","guid":{"rendered":"https:\/\/amec.es\/anticipat\/alertes-i-oportunitats\/novetats-sobre-el-decret-de-calcul-dempremta-de-carboni\/"},"modified":"2025-12-10T09:02:05","modified_gmt":"2025-12-10T08:02:05","slug":"novetats-sobre-el-decret-de-calcul-dempremta-de-carboni","status":"publish","type":"page","link":"https:\/\/amec.es\/ca\/anticipat\/alertes-i-oportunitats\/novetats-sobre-el-decret-de-calcul-dempremta-de-carboni\/","title":{"rendered":"Novetats sobre el Decret de c\u00e0lcul d&#8217;empremta de carboni"},"content":{"rendered":"\t\t<div data-elementor-type=\"wp-page\" data-elementor-id=\"45119\" class=\"elementor elementor-45119 elementor-45066\" data-elementor-post-type=\"page\">\n\t\t\t\t\t\t<section class=\"elementor-section elementor-top-section elementor-element elementor-element-a95beac elementor-section-boxed elementor-section-height-default elementor-section-height-default\" data-id=\"a95beac\" data-element_type=\"section\" data-e-type=\"section\" data-settings=\"{&quot;background_background&quot;:&quot;gradient&quot;}\">\n\t\t\t\t\t\t<div class=\"elementor-container elementor-column-gap-default\">\n\t\t\t\t\t<div class=\"elementor-column elementor-col-100 elementor-top-column elementor-element elementor-element-267f771c\" data-id=\"267f771c\" data-element_type=\"column\" data-e-type=\"column\">\n\t\t\t<div class=\"elementor-widget-wrap elementor-element-populated\">\n\t\t\t\t\t\t<div class=\"elementor-element elementor-element-2646a8b elementor-widget elementor-widget-heading\" data-id=\"2646a8b\" data-element_type=\"widget\" data-e-type=\"widget\" data-widget_type=\"heading.default\">\n\t\t\t\t<div class=\"elementor-widget-container\">\n\t\t\t\t\t<h2 class=\"elementor-heading-title elementor-size-default\"><a href=\"https:\/\/amec.es\/ca\/category\/alertes-i-tendencies-exclusives\/\" rel=\"tag\">Alertes i tend\u00e8ncies exclusives<\/a><\/h2>\t\t\t\t<\/div>\n\t\t\t\t<\/div>\n\t\t\t\t<div class=\"elementor-element elementor-element-9a18827 elementor-widget elementor-widget-spacer\" data-id=\"9a18827\" data-element_type=\"widget\" data-e-type=\"widget\" data-widget_type=\"spacer.default\">\n\t\t\t\t<div class=\"elementor-widget-container\">\n\t\t\t\t\t\t\t<div class=\"elementor-spacer\">\n\t\t\t<div class=\"elementor-spacer-inner\"><\/div>\n\t\t<\/div>\n\t\t\t\t\t\t<\/div>\n\t\t\t\t<\/div>\n\t\t\t\t<div class=\"elementor-element elementor-element-39793734 elementor-widget-divider--view-line elementor-widget elementor-widget-divider\" data-id=\"39793734\" data-element_type=\"widget\" data-e-type=\"widget\" data-widget_type=\"divider.default\">\n\t\t\t\t<div class=\"elementor-widget-container\">\n\t\t\t\t\t\t\t<div class=\"elementor-divider\">\n\t\t\t<span class=\"elementor-divider-separator\">\n\t\t\t\t\t\t<\/span>\n\t\t<\/div>\n\t\t\t\t\t\t<\/div>\n\t\t\t\t<\/div>\n\t\t\t\t\t<\/div>\n\t\t<\/div>\n\t\t\t\t\t<\/div>\n\t\t<\/section>\n\t\t\t\t<section class=\"elementor-section elementor-top-section elementor-element elementor-element-5b97afb elementor-section-boxed elementor-section-height-default elementor-section-height-default\" data-id=\"5b97afb\" data-element_type=\"section\" data-e-type=\"section\">\n\t\t\t\t\t\t<div class=\"elementor-container elementor-column-gap-default\">\n\t\t\t\t\t<div class=\"elementor-column elementor-col-100 elementor-top-column elementor-element elementor-element-ff69f32\" data-id=\"ff69f32\" data-element_type=\"column\" data-e-type=\"column\">\n\t\t\t<div class=\"elementor-widget-wrap elementor-element-populated\">\n\t\t\t\t\t\t<div class=\"elementor-element elementor-element-19011040 elementor-widget elementor-widget-heading\" data-id=\"19011040\" data-element_type=\"widget\" data-e-type=\"widget\" data-widget_type=\"heading.default\">\n\t\t\t\t<div class=\"elementor-widget-container\">\n\t\t\t\t\t<h2 class=\"elementor-heading-title elementor-size-default\">Novetats sobre el Decret de c\u00e0lcul d&#8217;empremta de carboni<\/h2>\t\t\t\t<\/div>\n\t\t\t\t<\/div>\n\t\t\t\t<div class=\"elementor-element elementor-element-37f03d38 elementor-widget elementor-widget-spacer\" data-id=\"37f03d38\" data-element_type=\"widget\" data-e-type=\"widget\" data-widget_type=\"spacer.default\">\n\t\t\t\t<div class=\"elementor-widget-container\">\n\t\t\t\t\t\t\t<div class=\"elementor-spacer\">\n\t\t\t<div class=\"elementor-spacer-inner\"><\/div>\n\t\t<\/div>\n\t\t\t\t\t\t<\/div>\n\t\t\t\t<\/div>\n\t\t\t\t<div class=\"elementor-element elementor-element-2516a129 elementor-widget elementor-widget-text-editor\" data-id=\"2516a129\" data-element_type=\"widget\" data-e-type=\"widget\" data-widget_type=\"text-editor.default\">\n\t\t\t\t<div class=\"elementor-widget-container\">\n\t\t\t\t\t\t\t\t\t9 de desembre de 2025\t\t\t\t\t\t\t\t<\/div>\n\t\t\t\t<\/div>\n\t\t\t\t<div class=\"elementor-element elementor-element-2099707b elementor-widget elementor-widget-text-editor\" data-id=\"2099707b\" data-element_type=\"widget\" data-e-type=\"widget\" data-widget_type=\"text-editor.default\">\n\t\t\t\t<div class=\"elementor-widget-container\">\n\t\t\t\t\t\t\t\t\t<p><strong><span class=\"TextRun SCXW63254045 BCX0\" lang=\"ES-ES\" xml:lang=\"ES-ES\" data-contrast=\"auto\"><span class=\"NormalTextRun SCXW63254045 BCX0\">La nova nota aclaridora del MITECO redefineix l&#8217;abast real del Reial decret 214\/2025 i confirma quines empreses han de calcular i reportar la seva empremta de carboni, refor\u00e7ant la seguretat jur\u00eddica el primer any d&#8217;aplicaci\u00f3.<\/span><\/span><span class=\"EOP SCXW63254045 BCX0\" data-ccp-props=\"{}\"> <\/span><\/strong><\/p>\t\t\t\t\t\t\t\t<\/div>\n\t\t\t\t<\/div>\n\t\t\t\t<div class=\"elementor-element elementor-element-32aa19d7 elementor-widget-divider--view-line elementor-widget elementor-widget-divider\" data-id=\"32aa19d7\" data-element_type=\"widget\" data-e-type=\"widget\" data-widget_type=\"divider.default\">\n\t\t\t\t<div class=\"elementor-widget-container\">\n\t\t\t\t\t\t\t<div class=\"elementor-divider\">\n\t\t\t<span class=\"elementor-divider-separator\">\n\t\t\t\t\t\t<\/span>\n\t\t<\/div>\n\t\t\t\t\t\t<\/div>\n\t\t\t\t<\/div>\n\t\t\t\t<div class=\"elementor-element elementor-element-15ba1339 elementor-widget elementor-widget-text-editor\" data-id=\"15ba1339\" data-element_type=\"widget\" data-e-type=\"widget\" data-widget_type=\"text-editor.default\">\n\t\t\t\t<div class=\"elementor-widget-container\">\n\t\t\t\t\t\t\t\t\t<h5><b><span data-contrast=\"auto\">\u00c0mbit d&#8217;aplicaci\u00f3 del Reial decret<\/span><\/b><span data-ccp-props=\"{}\"> <\/span><\/h5><p><span data-contrast=\"auto\">La nota aclaridora confirma que<\/span> <b><span data-contrast=\"auto\">les obligacions del RD 214\/2025 afecten \u00fanicament les empreses subjectes al report d&#8217;informaci\u00f3 no financera<\/span><\/b><span data-contrast=\"auto\">, segons el Codi de comer\u00e7 i la Llei de societats de capital . Aquesta precisi\u00f3 corregeix la confusi\u00f3 generada despr\u00e9s de la publicaci\u00f3 del decret i identifica les companyies que superen els llindars de mida o s\u00f3n entitats d?inter\u00e8s p\u00fablic. <\/span><span data-ccp-props=\"{}\"> <\/span><\/p><p><span data-contrast=\"auto\">Aquestes empreses han de<\/span> <b><span data-contrast=\"auto\">calcular anualment la petjada de carboni<\/span><\/b> <span data-contrast=\"auto\">i incloure obligat\u00f2riament els<\/span> <b><span data-contrast=\"auto\">abasts 1 i 2<\/span><\/b><span data-contrast=\"auto\">, mentre que l&#8217;abast 3 roman com a opcional. La nota tamb\u00e9 recorda l&#8217;obligaci\u00f3 d&#8217;utilitzar els factors d&#8217;emissi\u00f3 publicats pel registre oficial, sempre que siguin compatibles amb la normativa d&#8217;informaci\u00f3 no financera. <\/span><span data-ccp-props=\"{}\"> <\/span><\/p><h5><b><span data-contrast=\"auto\">Requisits del pla de reducci\u00f3<\/span><\/b><span data-ccp-props=\"{}\"> <\/span><\/h5><p><span data-contrast=\"auto\">El decret exigeix \u200b\u200belaborar un<\/span> <b><span data-contrast=\"auto\">pla de reducci\u00f3 d&#8217;emissions amb un horitz\u00f3 m\u00ednim de cinc anys<\/span><\/b><span data-contrast=\"auto\">, que incorpori un objectiu quantificat i mesures associades. La nota aclareix que   <\/span><b><span data-contrast=\"auto\">els grups empresarials que ja disposin d&#8217;un pla vigent poden mantenir-lo<\/span><\/b> <span data-contrast=\"auto\">sempre que compleixi els requisits exigits per la norma.<\/span><span data-ccp-props=\"{}\"> <\/span><\/p><p><span data-contrast=\"auto\">Aquest pla ha d&#8217;estar alineat amb els objectius clim\u00e0tics nacionals i europeus, especialment amb la neutralitat clim\u00e0tica per al 2050.<\/span><span data-ccp-props=\"{}\"> <\/span><\/p><h5><b><span data-contrast=\"auto\">Calendari i obligacions de publicaci\u00f3<\/span><\/b><span data-ccp-props=\"{}\"> <\/span><\/h5><p><span data-contrast=\"auto\">L&#8217;obligaci\u00f3 d&#8217;informar s&#8217;aplica des del 2021 i mant\u00e9 el calendari de la Llei 11\/2018. El  <\/span><b><span data-contrast=\"auto\">c\u00e0lcul i el pla s&#8217;han de presentar dins dels sis mesos posteriors al tancament de l&#8217;exercici<\/span><\/b> <span data-contrast=\"auto\">, coincidint amb la presentaci\u00f3 de l&#8217;Estat d&#8217;Informaci\u00f3 No Financera (EINF).<\/span><span data-ccp-props=\"{}\"> <\/span><\/p><p><span data-contrast=\"auto\">Aix\u00ed mateix, les empreses han de<\/span> <b><span data-contrast=\"auto\">publicar de forma gratu\u00efta i accessible<\/span><\/b><span data-contrast=\"auto\">  a la seva web tant la petjada de carboni com el pla de reducci\u00f3. Una vegada estigui transposada la Directiva de sostenibilitat (CSRD), aquesta obligaci\u00f3 es considera complerta si la informaci\u00f3 s&#8217;integra a l&#8217;informe de sostenibilitat corresponent. <\/span><span data-ccp-props=\"{}\"> <\/span><\/p><h5><b><span data-contrast=\"auto\">Aplicaci\u00f3 en multinacionals<\/span><\/b><\/h5><p><span data-contrast=\"auto\">La nota clarifica com han d&#8217;aplicar les obligacions els grups amb pres\u00e8ncia internacional:<\/span><span data-ccp-props=\"{}\"> <\/span><\/p><ul><li><b><span data-contrast=\"auto\">  Grups amb matriu a Espanya<\/span><\/b><\/li><\/ul><p><span data-contrast=\"auto\">El grup \u00e9s subjecte obligat si supera els llindars del Codi de comer\u00e7. L&#8217;obligaci\u00f3 es compleix mitjan\u00e7ant el   <\/span><b><span data-contrast=\"auto\">EINF consolidat<\/span><\/b> <span data-contrast=\"auto\">, sempre que inclogui el c\u00e0lcul de la petjada i el pla de reducci\u00f3.<\/span><\/p><p><span data-contrast=\"auto\">Per al<\/span> <b><span data-contrast=\"auto\">registre oficial<\/span><\/b> <span data-contrast=\"auto\">, nom\u00e9s es poden inscriure les<\/span> <b><span data-contrast=\"auto\">emissions generades en territori espanyol<\/span><\/b> <span data-contrast=\"auto\">i el pla associat.<\/span><span data-ccp-props=\"{}\"> <\/span><\/p><ul><li><b><span data-contrast=\"auto\">  Matriu a la UE i filials a Espanya<\/span><\/b><\/li><\/ul><p><span data-contrast=\"auto\">Les filials espanyoles poden quedar<\/span> <b><span data-contrast=\"auto\">exemptes de presentar el seu propi EINF<\/span><\/b> <span data-contrast=\"auto\">, sempre que la matriu reporti d&#8217;acord amb la normativa del seu pa\u00eds i inclogui els elements obligatoris del RD 214\/2025.<\/span><\/p><p><span data-contrast=\"auto\">Al registre, nom\u00e9s s&#8217;inscriu l&#8217;empremta de les filials espanyoles amb el pla corresponent.<\/span><span data-ccp-props=\"{}\"> <\/span><\/p><ul><li><b><span data-contrast=\"auto\">  Matriu fora de la UE<\/span><\/b><\/li><\/ul><p><span data-contrast=\"auto\">La filial espanyola ser\u00e0 subjecte obligat si compleix els llindars legals.<\/span><\/p><p><span data-contrast=\"auto\">Podr\u00e0 quedar exempta d&#8217;elaborar el propi EINF si la matriu compleix els requisits equivalents a la Llei 11\/2018 i inclou el c\u00e0lcul i el pla de reducci\u00f3.<\/span><\/p><p><span data-contrast=\"auto\">Si la matriu no proporciona aquesta informaci\u00f3, la filial haur\u00e0 d&#8217;<\/span> <b><span data-contrast=\"auto\">elaborar un EINF propi a Espanya<\/span><\/b> <span data-contrast=\"auto\">, que inclogui el c\u00e0lcul i el pla de reducci\u00f3.<\/span><br> <span data-contrast=\"auto\">El registre nom\u00e9s admet la petjada i el pla de les filials espanyoles.<\/span><\/p>\t\t\t\t\t\t\t\t<\/div>\n\t\t\t\t<\/div>\n\t\t\t\t\t<\/div>\n\t\t<\/div>\n\t\t\t\t\t<\/div>\n\t\t<\/section>\n\t\t\t\t<section class=\"elementor-section elementor-top-section elementor-element elementor-element-7fdff9b9 elementor-section-boxed elementor-section-height-default elementor-section-height-default\" data-id=\"7fdff9b9\" data-element_type=\"section\" data-e-type=\"section\">\n\t\t\t\t\t\t<div class=\"elementor-container elementor-column-gap-default\">\n\t\t\t\t\t<div class=\"elementor-column elementor-col-100 elementor-top-column elementor-element elementor-element-62f4fa4e\" data-id=\"62f4fa4e\" data-element_type=\"column\" data-e-type=\"column\">\n\t\t\t<div class=\"elementor-widget-wrap elementor-element-populated\">\n\t\t\t\t\t\t<div class=\"elementor-element elementor-element-1c593352 elementor-widget-divider--view-line elementor-widget elementor-widget-divider\" data-id=\"1c593352\" data-element_type=\"widget\" data-e-type=\"widget\" data-widget_type=\"divider.default\">\n\t\t\t\t<div class=\"elementor-widget-container\">\n\t\t\t\t\t\t\t<div class=\"elementor-divider\">\n\t\t\t<span class=\"elementor-divider-separator\">\n\t\t\t\t\t\t<\/span>\n\t\t<\/div>\n\t\t\t\t\t\t<\/div>\n\t\t\t\t<\/div>\n\t\t\t\t<div class=\"elementor-element elementor-element-4be3239e elementor-widget elementor-widget-heading\" data-id=\"4be3239e\" data-element_type=\"widget\" data-e-type=\"widget\" data-widget_type=\"heading.default\">\n\t\t\t\t<div class=\"elementor-widget-container\">\n\t\t\t\t\t<h5 class=\"elementor-heading-title elementor-size-default\">Recursos<\/h5>\t\t\t\t<\/div>\n\t\t\t\t<\/div>\n\t\t\t\t<div class=\"elementor-element elementor-element-7611b07e elementor-widget elementor-widget-text-editor\" data-id=\"7611b07e\" data-element_type=\"widget\" data-e-type=\"widget\" data-widget_type=\"text-editor.default\">\n\t\t\t\t<div class=\"elementor-widget-container\">\n\t\t\t\t\t\t\t\t\t<p><span class=\"TextRun SCXW108744357 BCX0\" lang=\"ES-ES\" data-contrast=\"auto\"><span class=\"NormalTextRun SCXW108744357 BCX0\">Nota aclaridora del MITECO (desembre 2025):<\/span><\/span> <span class=\"TextRun SCXW108744357 BCX0\" lang=\"ES-ES\" data-contrast=\"auto\"><span class=\"NormalTextRun SCXW108744357 BCX0\">Reial Decret 214\/2025 \u2013 c\u00e0lcul d&#8217;empremta de carboni i plans de reducci\u00f3<\/span><\/span> <span class=\"TextRun SCXW108744357 BCX0\" lang=\"ES-ES\" data-contrast=\"auto\"><span class=\"NormalTextRun SCXW108744357 BCX0\">.<\/span><\/span><span class=\"EOP SCXW108744357 BCX0\" data-ccp-props=\"{}\"> <\/span><\/p><p><a href=\"https:\/\/www.miteco.gob.es\/content\/dam\/miteco\/es\/cambio-climatico\/temas\/mitigacion-politicas-y-medidas\/RD214_2025%20nota%20aclaratoria.pdf\" target=\"_blank\" rel=\"noopener\">https:\/\/www.miteco.gob.es\/content\/dam\/miteco\/es\/cambio-climatico\/temas\/mitigacion-politicas-y-medidas\/RD214_2025%20nota%20aclaratoria.pdf<\/a><\/p>\t\t\t\t\t\t\t\t<\/div>\n\t\t\t\t<\/div>\n\t\t\t\t<div class=\"elementor-element elementor-element-63e27f7b elementor-widget elementor-widget-spacer\" data-id=\"63e27f7b\" data-element_type=\"widget\" data-e-type=\"widget\" data-widget_type=\"spacer.default\">\n\t\t\t\t<div class=\"elementor-widget-container\">\n\t\t\t\t\t\t\t<div class=\"elementor-spacer\">\n\t\t\t<div class=\"elementor-spacer-inner\"><\/div>\n\t\t<\/div>\n\t\t\t\t\t\t<\/div>\n\t\t\t\t<\/div>\n\t\t\t\t\t<\/div>\n\t\t<\/div>\n\t\t\t\t\t<\/div>\n\t\t<\/section>\n\t\t\t\t<\/div>\n\t\t","protected":false},"excerpt":{"rendered":"<p>La nova nota aclaridora del MITECO redefineix l&#8217;abast real del Reial decret 214\/2025 i confirma quines empreses han de calcular i reportar la seva empremta de carboni, refor\u00e7ant la seguretat jur\u00eddica el primer any d&#8217;aplicaci\u00f3. \u00c0mbit d&#8217;aplicaci\u00f3 del Reial decret La nota aclaridora confirma que les obligacions del RD 214\/2025 afecten \u00fanicament les empreses subjectes [&hellip;]<\/p>\n","protected":false},"author":10,"featured_media":0,"parent":5934,"menu_order":0,"comment_status":"closed","ping_status":"closed","template":"elementor_canvas","meta":{"inline_featured_image":false,"footnotes":""},"categories":[219],"tags":[],"class_list":["post-45119","page","type-page","status-publish","hentry","category-alertes-i-tendencies-exclusives"],"yoast_head":"<!-- This site is optimized with the Yoast SEO plugin v27.5 - https:\/\/yoast.com\/product\/yoast-seo-wordpress\/ -->\n<title>Novetats sobre el Decret de c\u00e0lcul d&#039;empremta de carboni | amec Positive Industry<\/title>\n<meta name=\"robots\" content=\"index, follow, max-snippet:-1, max-image-preview:large, max-video-preview:-1\" \/>\n<link rel=\"canonical\" href=\"https:\/\/amec.es\/ca\/anticipat\/alertes-i-oportunitats\/novetats-sobre-el-decret-de-calcul-dempremta-de-carboni\/\" \/>\n<meta property=\"og:locale\" content=\"ca_ES\" \/>\n<meta property=\"og:type\" content=\"article\" \/>\n<meta property=\"og:title\" content=\"Novetats sobre el Decret de c\u00e0lcul d&#039;empremta de carboni | amec Positive Industry\" \/>\n<meta property=\"og:description\" content=\"La nova nota aclaridora del MITECO redefineix l&#8217;abast real del Reial decret 214\/2025 i confirma quines empreses han de calcular i reportar la seva empremta de carboni, refor\u00e7ant la seguretat jur\u00eddica el primer any d&#8217;aplicaci\u00f3. \u00c0mbit d&#8217;aplicaci\u00f3 del Reial decret La nota aclaridora confirma que les obligacions del RD 214\/2025 afecten \u00fanicament les empreses subjectes [&hellip;]\" \/>\n<meta property=\"og:url\" content=\"https:\/\/amec.es\/ca\/anticipat\/alertes-i-oportunitats\/novetats-sobre-el-decret-de-calcul-dempremta-de-carboni\/\" \/>\n<meta property=\"og:site_name\" content=\"amec Positive Industry\" \/>\n<meta property=\"article:modified_time\" content=\"2025-12-10T08:02:05+00:00\" \/>\n<meta property=\"og:image\" content=\"https:\/\/amec.es\/wp-content\/uploads\/2024\/02\/Logo_AMEC.png\" \/>\n\t<meta property=\"og:image:width\" content=\"1827\" \/>\n\t<meta property=\"og:image:height\" content=\"438\" \/>\n\t<meta property=\"og:image:type\" content=\"image\/png\" \/>\n<meta name=\"twitter:card\" content=\"summary_large_image\" \/>\n<meta name=\"twitter:label1\" content=\"Temps estimat de lectura\" \/>\n\t<meta name=\"twitter:data1\" content=\"3 minuts\" \/>\n<script type=\"application\/ld+json\" class=\"yoast-schema-graph\">{\"@context\":\"https:\\\/\\\/schema.org\",\"@graph\":[{\"@type\":\"WebPage\",\"@id\":\"https:\\\/\\\/amec.es\\\/ca\\\/anticipat\\\/alertes-i-oportunitats\\\/novetats-sobre-el-decret-de-calcul-dempremta-de-carboni\\\/\",\"url\":\"https:\\\/\\\/amec.es\\\/ca\\\/anticipat\\\/alertes-i-oportunitats\\\/novetats-sobre-el-decret-de-calcul-dempremta-de-carboni\\\/\",\"name\":\"Novetats sobre el Decret de c\u00e0lcul d'empremta de carboni | amec Positive Industry\",\"isPartOf\":{\"@id\":\"https:\\\/\\\/amec.es\\\/#website\"},\"datePublished\":\"2025-12-09T10:42:51+00:00\",\"dateModified\":\"2025-12-10T08:02:05+00:00\",\"breadcrumb\":{\"@id\":\"https:\\\/\\\/amec.es\\\/ca\\\/anticipat\\\/alertes-i-oportunitats\\\/novetats-sobre-el-decret-de-calcul-dempremta-de-carboni\\\/#breadcrumb\"},\"inLanguage\":\"ca\",\"potentialAction\":[{\"@type\":\"ReadAction\",\"target\":[\"https:\\\/\\\/amec.es\\\/ca\\\/anticipat\\\/alertes-i-oportunitats\\\/novetats-sobre-el-decret-de-calcul-dempremta-de-carboni\\\/\"]}]},{\"@type\":\"BreadcrumbList\",\"@id\":\"https:\\\/\\\/amec.es\\\/ca\\\/anticipat\\\/alertes-i-oportunitats\\\/novetats-sobre-el-decret-de-calcul-dempremta-de-carboni\\\/#breadcrumb\",\"itemListElement\":[{\"@type\":\"ListItem\",\"position\":1,\"name\":\"Portada\",\"item\":\"https:\\\/\\\/amec.es\\\/ca\\\/home-new\\\/\"},{\"@type\":\"ListItem\",\"position\":2,\"name\":\"Anticipa&#8217;t\",\"item\":\"https:\\\/\\\/amec.es\\\/ca\\\/anticipat\\\/\"},{\"@type\":\"ListItem\",\"position\":3,\"name\":\"Alertes i oportunitats\",\"item\":\"https:\\\/\\\/amec.es\\\/ca\\\/anticipat\\\/alertes-i-oportunitats\\\/\"},{\"@type\":\"ListItem\",\"position\":4,\"name\":\"Novetats sobre el Decret de c\u00e0lcul d&#8217;empremta de carboni\"}]},{\"@type\":\"WebSite\",\"@id\":\"https:\\\/\\\/amec.es\\\/#website\",\"url\":\"https:\\\/\\\/amec.es\\\/\",\"name\":\"amec Positive Industry\",\"description\":\"\",\"publisher\":{\"@id\":\"https:\\\/\\\/amec.es\\\/#organization\"},\"potentialAction\":[{\"@type\":\"SearchAction\",\"target\":{\"@type\":\"EntryPoint\",\"urlTemplate\":\"https:\\\/\\\/amec.es\\\/?s={search_term_string}\"},\"query-input\":{\"@type\":\"PropertyValueSpecification\",\"valueRequired\":true,\"valueName\":\"search_term_string\"}}],\"inLanguage\":\"ca\"},{\"@type\":\"Organization\",\"@id\":\"https:\\\/\\\/amec.es\\\/#organization\",\"name\":\"amec Positive Industry\",\"url\":\"https:\\\/\\\/amec.es\\\/\",\"logo\":{\"@type\":\"ImageObject\",\"inLanguage\":\"ca\",\"@id\":\"https:\\\/\\\/amec.es\\\/#\\\/schema\\\/logo\\\/image\\\/\",\"url\":\"https:\\\/\\\/amec.es\\\/wp-content\\\/uploads\\\/2023\\\/07\\\/logoamec.png\",\"contentUrl\":\"https:\\\/\\\/amec.es\\\/wp-content\\\/uploads\\\/2023\\\/07\\\/logoamec.png\",\"width\":200,\"height\":48,\"caption\":\"amec Positive Industry\"},\"image\":{\"@id\":\"https:\\\/\\\/amec.es\\\/#\\\/schema\\\/logo\\\/image\\\/\"}}]}<\/script>\n<!-- \/ Yoast SEO plugin. -->","yoast_head_json":{"title":"Novetats sobre el Decret de c\u00e0lcul d'empremta de carboni | amec Positive Industry","robots":{"index":"index","follow":"follow","max-snippet":"max-snippet:-1","max-image-preview":"max-image-preview:large","max-video-preview":"max-video-preview:-1"},"canonical":"https:\/\/amec.es\/ca\/anticipat\/alertes-i-oportunitats\/novetats-sobre-el-decret-de-calcul-dempremta-de-carboni\/","og_locale":"ca_ES","og_type":"article","og_title":"Novetats sobre el Decret de c\u00e0lcul d'empremta de carboni | amec Positive Industry","og_description":"La nova nota aclaridora del MITECO redefineix l&#8217;abast real del Reial decret 214\/2025 i confirma quines empreses han de calcular i reportar la seva empremta de carboni, refor\u00e7ant la seguretat jur\u00eddica el primer any d&#8217;aplicaci\u00f3. \u00c0mbit d&#8217;aplicaci\u00f3 del Reial decret La nota aclaridora confirma que les obligacions del RD 214\/2025 afecten \u00fanicament les empreses subjectes [&hellip;]","og_url":"https:\/\/amec.es\/ca\/anticipat\/alertes-i-oportunitats\/novetats-sobre-el-decret-de-calcul-dempremta-de-carboni\/","og_site_name":"amec Positive Industry","article_modified_time":"2025-12-10T08:02:05+00:00","og_image":[{"width":1827,"height":438,"url":"https:\/\/amec.es\/wp-content\/uploads\/2024\/02\/Logo_AMEC.png","type":"image\/png"}],"twitter_card":"summary_large_image","twitter_misc":{"Temps estimat de lectura":"3 minuts"},"schema":{"@context":"https:\/\/schema.org","@graph":[{"@type":"WebPage","@id":"https:\/\/amec.es\/ca\/anticipat\/alertes-i-oportunitats\/novetats-sobre-el-decret-de-calcul-dempremta-de-carboni\/","url":"https:\/\/amec.es\/ca\/anticipat\/alertes-i-oportunitats\/novetats-sobre-el-decret-de-calcul-dempremta-de-carboni\/","name":"Novetats sobre el Decret de c\u00e0lcul d'empremta de carboni | amec Positive Industry","isPartOf":{"@id":"https:\/\/amec.es\/#website"},"datePublished":"2025-12-09T10:42:51+00:00","dateModified":"2025-12-10T08:02:05+00:00","breadcrumb":{"@id":"https:\/\/amec.es\/ca\/anticipat\/alertes-i-oportunitats\/novetats-sobre-el-decret-de-calcul-dempremta-de-carboni\/#breadcrumb"},"inLanguage":"ca","potentialAction":[{"@type":"ReadAction","target":["https:\/\/amec.es\/ca\/anticipat\/alertes-i-oportunitats\/novetats-sobre-el-decret-de-calcul-dempremta-de-carboni\/"]}]},{"@type":"BreadcrumbList","@id":"https:\/\/amec.es\/ca\/anticipat\/alertes-i-oportunitats\/novetats-sobre-el-decret-de-calcul-dempremta-de-carboni\/#breadcrumb","itemListElement":[{"@type":"ListItem","position":1,"name":"Portada","item":"https:\/\/amec.es\/ca\/home-new\/"},{"@type":"ListItem","position":2,"name":"Anticipa&#8217;t","item":"https:\/\/amec.es\/ca\/anticipat\/"},{"@type":"ListItem","position":3,"name":"Alertes i oportunitats","item":"https:\/\/amec.es\/ca\/anticipat\/alertes-i-oportunitats\/"},{"@type":"ListItem","position":4,"name":"Novetats sobre el Decret de c\u00e0lcul d&#8217;empremta de carboni"}]},{"@type":"WebSite","@id":"https:\/\/amec.es\/#website","url":"https:\/\/amec.es\/","name":"amec Positive Industry","description":"","publisher":{"@id":"https:\/\/amec.es\/#organization"},"potentialAction":[{"@type":"SearchAction","target":{"@type":"EntryPoint","urlTemplate":"https:\/\/amec.es\/?s={search_term_string}"},"query-input":{"@type":"PropertyValueSpecification","valueRequired":true,"valueName":"search_term_string"}}],"inLanguage":"ca"},{"@type":"Organization","@id":"https:\/\/amec.es\/#organization","name":"amec Positive Industry","url":"https:\/\/amec.es\/","logo":{"@type":"ImageObject","inLanguage":"ca","@id":"https:\/\/amec.es\/#\/schema\/logo\/image\/","url":"https:\/\/amec.es\/wp-content\/uploads\/2023\/07\/logoamec.png","contentUrl":"https:\/\/amec.es\/wp-content\/uploads\/2023\/07\/logoamec.png","width":200,"height":48,"caption":"amec Positive Industry"},"image":{"@id":"https:\/\/amec.es\/#\/schema\/logo\/image\/"}}]}},"_links":{"self":[{"href":"https:\/\/amec.es\/ca\/wp-json\/wp\/v2\/pages\/45119","targetHints":{"allow":["GET"]}}],"collection":[{"href":"https:\/\/amec.es\/ca\/wp-json\/wp\/v2\/pages"}],"about":[{"href":"https:\/\/amec.es\/ca\/wp-json\/wp\/v2\/types\/page"}],"author":[{"embeddable":true,"href":"https:\/\/amec.es\/ca\/wp-json\/wp\/v2\/users\/10"}],"replies":[{"embeddable":true,"href":"https:\/\/amec.es\/ca\/wp-json\/wp\/v2\/comments?post=45119"}],"version-history":[{"count":1,"href":"https:\/\/amec.es\/ca\/wp-json\/wp\/v2\/pages\/45119\/revisions"}],"predecessor-version":[{"id":45120,"href":"https:\/\/amec.es\/ca\/wp-json\/wp\/v2\/pages\/45119\/revisions\/45120"}],"up":[{"embeddable":true,"href":"https:\/\/amec.es\/ca\/wp-json\/wp\/v2\/pages\/5934"}],"wp:attachment":[{"href":"https:\/\/amec.es\/ca\/wp-json\/wp\/v2\/media?parent=45119"}],"wp:term":[{"taxonomy":"category","embeddable":true,"href":"https:\/\/amec.es\/ca\/wp-json\/wp\/v2\/categories?post=45119"},{"taxonomy":"post_tag","embeddable":true,"href":"https:\/\/amec.es\/ca\/wp-json\/wp\/v2\/tags?post=45119"}],"curies":[{"name":"wp","href":"https:\/\/api.w.org\/{rel}","templated":true}]}}