{"id":45123,"date":"2025-12-09T17:32:45","date_gmt":"2025-12-09T16:32:45","guid":{"rendered":"https:\/\/amec.es\/anticipat\/alertes-i-oportunitats\/nou-regim-del-contracte-formatiu\/"},"modified":"2025-12-10T09:02:15","modified_gmt":"2025-12-10T08:02:15","slug":"nou-regim-del-contracte-formatiu","status":"publish","type":"page","link":"https:\/\/amec.es\/ca\/anticipat\/alertes-i-oportunitats\/nou-regim-del-contracte-formatiu\/","title":{"rendered":"Nou r\u00e8gim del contracte formatiu"},"content":{"rendered":"\t\t<div data-elementor-type=\"wp-page\" data-elementor-id=\"45123\" class=\"elementor elementor-45123 elementor-45080\" data-elementor-post-type=\"page\">\n\t\t\t\t\t\t<section class=\"elementor-section elementor-top-section elementor-element elementor-element-70d68ed6 elementor-section-boxed elementor-section-height-default elementor-section-height-default\" data-id=\"70d68ed6\" data-element_type=\"section\" data-e-type=\"section\" data-settings=\"{&quot;background_background&quot;:&quot;gradient&quot;}\">\n\t\t\t\t\t\t<div class=\"elementor-container elementor-column-gap-default\">\n\t\t\t\t\t<div class=\"elementor-column elementor-col-100 elementor-top-column elementor-element elementor-element-79210ba6\" data-id=\"79210ba6\" data-element_type=\"column\" data-e-type=\"column\">\n\t\t\t<div class=\"elementor-widget-wrap elementor-element-populated\">\n\t\t\t\t\t\t<div class=\"elementor-element elementor-element-117ce330 elementor-widget elementor-widget-heading\" data-id=\"117ce330\" data-element_type=\"widget\" data-e-type=\"widget\" data-widget_type=\"heading.default\">\n\t\t\t\t<div class=\"elementor-widget-container\">\n\t\t\t\t\t<h2 class=\"elementor-heading-title elementor-size-default\"><a href=\"https:\/\/amec.es\/ca\/category\/alertes-i-tendencies-exclusives\/\" rel=\"tag\">Alertes i tend\u00e8ncies exclusives<\/a><\/h2>\t\t\t\t<\/div>\n\t\t\t\t<\/div>\n\t\t\t\t<div class=\"elementor-element elementor-element-1d7343ff elementor-widget elementor-widget-spacer\" data-id=\"1d7343ff\" data-element_type=\"widget\" data-e-type=\"widget\" data-widget_type=\"spacer.default\">\n\t\t\t\t<div class=\"elementor-widget-container\">\n\t\t\t\t\t\t\t<div class=\"elementor-spacer\">\n\t\t\t<div class=\"elementor-spacer-inner\"><\/div>\n\t\t<\/div>\n\t\t\t\t\t\t<\/div>\n\t\t\t\t<\/div>\n\t\t\t\t<div class=\"elementor-element elementor-element-21d2d894 elementor-widget-divider--view-line elementor-widget elementor-widget-divider\" data-id=\"21d2d894\" data-element_type=\"widget\" data-e-type=\"widget\" data-widget_type=\"divider.default\">\n\t\t\t\t<div class=\"elementor-widget-container\">\n\t\t\t\t\t\t\t<div class=\"elementor-divider\">\n\t\t\t<span class=\"elementor-divider-separator\">\n\t\t\t\t\t\t<\/span>\n\t\t<\/div>\n\t\t\t\t\t\t<\/div>\n\t\t\t\t<\/div>\n\t\t\t\t\t<\/div>\n\t\t<\/div>\n\t\t\t\t\t<\/div>\n\t\t<\/section>\n\t\t\t\t<section class=\"elementor-section elementor-top-section elementor-element elementor-element-4a4f4d2b elementor-section-boxed elementor-section-height-default elementor-section-height-default\" data-id=\"4a4f4d2b\" data-element_type=\"section\" data-e-type=\"section\">\n\t\t\t\t\t\t<div class=\"elementor-container elementor-column-gap-default\">\n\t\t\t\t\t<div class=\"elementor-column elementor-col-100 elementor-top-column elementor-element elementor-element-19073cdd\" data-id=\"19073cdd\" data-element_type=\"column\" data-e-type=\"column\">\n\t\t\t<div class=\"elementor-widget-wrap elementor-element-populated\">\n\t\t\t\t\t\t<div class=\"elementor-element elementor-element-6d7020ee elementor-widget elementor-widget-heading\" data-id=\"6d7020ee\" data-element_type=\"widget\" data-e-type=\"widget\" data-widget_type=\"heading.default\">\n\t\t\t\t<div class=\"elementor-widget-container\">\n\t\t\t\t\t<h2 class=\"elementor-heading-title elementor-size-default\">Nou r\u00e8gim del contracte formatiu<\/h2>\t\t\t\t<\/div>\n\t\t\t\t<\/div>\n\t\t\t\t<div class=\"elementor-element elementor-element-e93f630 elementor-widget elementor-widget-spacer\" data-id=\"e93f630\" data-element_type=\"widget\" data-e-type=\"widget\" data-widget_type=\"spacer.default\">\n\t\t\t\t<div class=\"elementor-widget-container\">\n\t\t\t\t\t\t\t<div class=\"elementor-spacer\">\n\t\t\t<div class=\"elementor-spacer-inner\"><\/div>\n\t\t<\/div>\n\t\t\t\t\t\t<\/div>\n\t\t\t\t<\/div>\n\t\t\t\t<div class=\"elementor-element elementor-element-2caf5db5 elementor-widget elementor-widget-text-editor\" data-id=\"2caf5db5\" data-element_type=\"widget\" data-e-type=\"widget\" data-widget_type=\"text-editor.default\">\n\t\t\t\t<div class=\"elementor-widget-container\">\n\t\t\t\t\t\t\t\t\t9 de desembre de 2025\t\t\t\t\t\t\t\t<\/div>\n\t\t\t\t<\/div>\n\t\t\t\t<div class=\"elementor-element elementor-element-7aa8729 elementor-widget elementor-widget-text-editor\" data-id=\"7aa8729\" data-element_type=\"widget\" data-e-type=\"widget\" data-widget_type=\"text-editor.default\">\n\t\t\t\t<div class=\"elementor-widget-container\">\n\t\t\t\t\t\t\t\t\t<p><strong><span class=\"TextRun SCXW29316167 BCX0\" lang=\"ES-ES\" xml:lang=\"ES-ES\" data-contrast=\"auto\"><span class=\"NormalTextRun SCXW29316167 BCX0\">S&#8217;ha publicat el Reial decret que desenvolupa el r\u00e8gim del contracte formatiu i en redefineix les modalitats, els l\u00edmits i les obligacions, introduint canvis amb impacte directe en la gesti\u00f3 laboral de les empreses.<\/span><\/span><span class=\"EOP SCXW29316167 BCX0\" data-ccp-props=\"{}\"> <\/span><\/strong><\/p>\t\t\t\t\t\t\t\t<\/div>\n\t\t\t\t<\/div>\n\t\t\t\t<div class=\"elementor-element elementor-element-7a8bb706 elementor-widget-divider--view-line elementor-widget elementor-widget-divider\" data-id=\"7a8bb706\" data-element_type=\"widget\" data-e-type=\"widget\" data-widget_type=\"divider.default\">\n\t\t\t\t<div class=\"elementor-widget-container\">\n\t\t\t\t\t\t\t<div class=\"elementor-divider\">\n\t\t\t<span class=\"elementor-divider-separator\">\n\t\t\t\t\t\t<\/span>\n\t\t<\/div>\n\t\t\t\t\t\t<\/div>\n\t\t\t\t<\/div>\n\t\t\t\t<div class=\"elementor-element elementor-element-7170920e elementor-widget elementor-widget-text-editor\" data-id=\"7170920e\" data-element_type=\"widget\" data-e-type=\"widget\" data-widget_type=\"text-editor.default\">\n\t\t\t\t<div class=\"elementor-widget-container\">\n\t\t\t\t\t\t\t\t\t<p><b><span data-contrast=\"auto\">Nou marc del contracte formatiu<\/span><\/b><span data-ccp-props=\"{}\"> <\/span><\/p><p><span data-contrast=\"auto\">El Reial decret 1065\/2025 regula el contracte de formaci\u00f3 en alternan\u00e7a i el contracte per a l&#8217;obtenci\u00f3 de pr\u00e0ctica professional, definits a l&#8217;article 11 de l&#8217;Estatut dels Treballadors. La norma actualitza i substitueix el marc anterior per adaptar el model a les necessitats actuals de qualificaci\u00f3 i garantir   <\/span><b><span data-contrast=\"auto\">majors salvaguardes per a les persones en formaci\u00f3<\/span><\/b> <span data-contrast=\"auto\">.<\/span><span data-ccp-props=\"{}\"> <\/span><\/p><p><b><span data-contrast=\"auto\">Canvis estructurals en les modalitats<\/span><\/b><span data-ccp-props=\"{}\"> <\/span><\/p><p><span data-contrast=\"auto\">El contracte de formaci\u00f3 en alternan\u00e7a permet compatibilitzar activitat laboral retribu\u00efda amb formaci\u00f3 de FP, estudis universitaris o especialitats del sistema nacional d&#8217;ocupaci\u00f3. La seva activaci\u00f3 exigeix \u200b\u200bacreditar la matr\u00edcula, un pla formatiu individual i un conveni de cooperaci\u00f3 quan la formaci\u00f3 s&#8217;imparteixi en un centre extern. <\/span><span data-ccp-props=\"{}\"> <\/span><\/p><p><span data-contrast=\"auto\">El contracte per a l&#8217;obtenci\u00f3 de pr\u00e0ctica professional s&#8217;adre\u00e7a a persones amb titulaci\u00f3 universit\u00e0ria o de FP de grau C, D o E, sempre que no tinguin m\u00e9s de tres mesos d&#8217;experi\u00e8ncia pr\u00e8via en la mateixa activitat a l&#8217;empresa i se signi dins dels tres anys posteriors a l&#8217;obtenci\u00f3 del t\u00edtol (cinc en cas de persones amb discapacitat).<\/span><span data-ccp-props=\"{}\"> <\/span><\/p><p><b><span data-contrast=\"auto\">L\u00edmits a la contractaci\u00f3 i noves obligacions<\/span><\/b><span data-ccp-props=\"{}\"> <\/span><\/p><p><span data-contrast=\"auto\">La norma fixa per primera vegada una<\/span> <b><span data-contrast=\"auto\">quota m\u00e0xima de contractes formatius<\/span><\/b><span data-contrast=\"auto\">  per centre de treball: des de tres contractes en empreses de fins a deu persones en plantilla fins a un m\u00e0xim del 20% en empreses amb m\u00e9s de cinquanta persones treballadores. El l\u00edmit pret\u00e9n assegurar la qualitat de la formaci\u00f3 i la capacitat de tutoritzaci\u00f3. <\/span><span data-ccp-props=\"{}\"> <\/span><\/p><p><span data-contrast=\"auto\">A m\u00e9s, cada persona tutora podr\u00e0 encarregar-se simult\u00e0niament d&#8217;un m\u00e0xim de cinc persones contractades (tres a centres amb menys de trenta persones), fet que implica  <\/span><b><span data-contrast=\"auto\">ajustar la planificaci\u00f3 interna de RR. HH. <\/span><\/b><span data-contrast=\"auto\">  per complir els requisits de seguiment i avaluaci\u00f3.<\/span><span data-ccp-props=\"{}\"> <\/span><\/p><p><b><span data-contrast=\"auto\">Jornada, retribuci\u00f3 i condicions laborals<\/span><\/b><span data-ccp-props=\"{}\"> <\/span><\/p><p><span data-contrast=\"auto\">El temps de treball efectiu tindr\u00e0 l\u00edmits estrictes:<\/span> <b><span data-contrast=\"auto\">65% de la jornada el primer any i 85% el segon<\/span><\/b> <span data-contrast=\"auto\">, sense possibilitat d&#8217;hores extraordin\u00e0ries, complement\u00e0ries, treball nocturn oa torns, llevat d&#8217;excepcions formatives justificades.<\/span><br> <span data-contrast=\"auto\">La retribuci\u00f3 proporcional al temps de treball no podr\u00e0 ser inferior al salari m\u00ednim interprofessional i es fixar\u00e0 conforme al conveni corresponent.<\/span><span data-ccp-props=\"{}\"> <\/span><\/p><p><b><span data-contrast=\"auto\">Impacte a les empreses<\/span><\/b><span data-ccp-props=\"{}\"> <\/span><\/p><p><span data-contrast=\"auto\">Els departaments de RR. HH. hauran de preveure noves obligacions documentals: pla formatiu individual, verificaci\u00f3 pr\u00e8via de correspond\u00e8ncia entre lloc i formaci\u00f3, comunicaci\u00f3 al SEPE en deu dies i elaboraci\u00f3 de certificacions en finalitzar el contracte. Aquestes exig\u00e8ncies reforcen la tra\u00e7abilitat del proc\u00e9s i redueixen el marge d&#8217;\u00fas inadequat d&#8217;aquesta modalitat contractual.  <\/span><span data-ccp-props=\"{}\"> <\/span><\/p><p><span data-contrast=\"auto\">L\u201fempresa haur\u00e0 d\u201fadaptar l\u201forganitzaci\u00f3 d\u201fequips i tutors, revisar r\u00e0tios internes i refor\u00e7ar la coordinaci\u00f3 amb centres formatius. Aix\u00ed mateix, el nou marc pot   <\/span><b><span data-contrast=\"auto\">augmentar la seguretat jur\u00eddica<\/span><\/b> <span data-contrast=\"auto\">i afavorir una integraci\u00f3 millor del talent jove mitjan\u00e7ant processos formatius m\u00e9s estructurats.<\/span><span data-ccp-props=\"{}\"> <\/span><\/p><p><b><span data-contrast=\"auto\">R\u00e8gim transitori i entrada en vigor<\/span><\/b><span data-ccp-props=\"{}\"> <\/span><\/p><p><span data-contrast=\"auto\">Els contractes vigents abans de l&#8217;aplicaci\u00f3 del Reial decret continuaran regint-se per la norma existent en el moment de la signatura. El Reial decret 1065\/2025   <\/span><b><span data-contrast=\"auto\">entrar\u00e0 en vigor als vint dies de la seva publicaci\u00f3 al BOE<\/span><\/b> <span data-contrast=\"auto\">.<\/span><span data-ccp-props=\"{}\"> <\/span><\/p>\t\t\t\t\t\t\t\t<\/div>\n\t\t\t\t<\/div>\n\t\t\t\t\t<\/div>\n\t\t<\/div>\n\t\t\t\t\t<\/div>\n\t\t<\/section>\n\t\t\t\t<section class=\"elementor-section elementor-top-section elementor-element elementor-element-55f46923 elementor-section-boxed elementor-section-height-default elementor-section-height-default\" data-id=\"55f46923\" data-element_type=\"section\" data-e-type=\"section\">\n\t\t\t\t\t\t<div class=\"elementor-container elementor-column-gap-default\">\n\t\t\t\t\t<div class=\"elementor-column elementor-col-100 elementor-top-column elementor-element elementor-element-3a465a04\" data-id=\"3a465a04\" data-element_type=\"column\" data-e-type=\"column\">\n\t\t\t<div class=\"elementor-widget-wrap elementor-element-populated\">\n\t\t\t\t\t\t<div class=\"elementor-element elementor-element-a97f418 elementor-widget-divider--view-line elementor-widget elementor-widget-divider\" data-id=\"a97f418\" data-element_type=\"widget\" data-e-type=\"widget\" data-widget_type=\"divider.default\">\n\t\t\t\t<div class=\"elementor-widget-container\">\n\t\t\t\t\t\t\t<div class=\"elementor-divider\">\n\t\t\t<span class=\"elementor-divider-separator\">\n\t\t\t\t\t\t<\/span>\n\t\t<\/div>\n\t\t\t\t\t\t<\/div>\n\t\t\t\t<\/div>\n\t\t\t\t<div class=\"elementor-element elementor-element-8a7a6de elementor-widget elementor-widget-heading\" data-id=\"8a7a6de\" data-element_type=\"widget\" data-e-type=\"widget\" data-widget_type=\"heading.default\">\n\t\t\t\t<div class=\"elementor-widget-container\">\n\t\t\t\t\t<h5 class=\"elementor-heading-title elementor-size-default\">Recursos<\/h5>\t\t\t\t<\/div>\n\t\t\t\t<\/div>\n\t\t\t\t<div class=\"elementor-element elementor-element-37a205e0 elementor-widget elementor-widget-text-editor\" data-id=\"37a205e0\" data-element_type=\"widget\" data-e-type=\"widget\" data-widget_type=\"text-editor.default\">\n\t\t\t\t<div class=\"elementor-widget-container\">\n\t\t\t\t\t\t\t\t\t<p class=\"documento-tit\">Reial Decret 1065\/2025, de 26 de novembre, pel qual es desenvolupa el r\u00e8gim del contracte formatiu, previst a l&#8217;article 11 del text ref\u00f3s de la Llei de l&#8217;Estatut dels Treballadors, aprovat pel Reial Decret Legislatiu 2\/2015, de 23 d&#8217;octubre.<\/p><p><a href=\"https:\/\/www.boe.es\/buscar\/doc.php?id=BOE-A-2025-24011\" target=\"_blank\" rel=\"noopener\">https:\/\/www.boe.es\/buscar\/doc.php?id=BOE-A-2025-24011<\/a><\/p>\t\t\t\t\t\t\t\t<\/div>\n\t\t\t\t<\/div>\n\t\t\t\t<div class=\"elementor-element elementor-element-5bda73a5 elementor-widget elementor-widget-spacer\" data-id=\"5bda73a5\" data-element_type=\"widget\" data-e-type=\"widget\" data-widget_type=\"spacer.default\">\n\t\t\t\t<div class=\"elementor-widget-container\">\n\t\t\t\t\t\t\t<div class=\"elementor-spacer\">\n\t\t\t<div class=\"elementor-spacer-inner\"><\/div>\n\t\t<\/div>\n\t\t\t\t\t\t<\/div>\n\t\t\t\t<\/div>\n\t\t\t\t\t<\/div>\n\t\t<\/div>\n\t\t\t\t\t<\/div>\n\t\t<\/section>\n\t\t\t\t<\/div>\n\t\t","protected":false},"excerpt":{"rendered":"<p>S&#8217;ha publicat el Reial decret que desenvolupa el r\u00e8gim del contracte formatiu i en redefineix les modalitats, els l\u00edmits i les obligacions, introduint canvis amb impacte directe en la gesti\u00f3 laboral de les empreses. Nou marc del contracte formatiu El Reial decret 1065\/2025 regula el contracte de formaci\u00f3 en alternan\u00e7a i el contracte per a [&hellip;]<\/p>\n","protected":false},"author":10,"featured_media":0,"parent":5934,"menu_order":0,"comment_status":"closed","ping_status":"closed","template":"elementor_canvas","meta":{"inline_featured_image":false,"footnotes":""},"categories":[219],"tags":[],"class_list":["post-45123","page","type-page","status-publish","hentry","category-alertes-i-tendencies-exclusives"],"yoast_head":"<!-- This site is optimized with the Yoast SEO plugin v27.3 - https:\/\/yoast.com\/product\/yoast-seo-wordpress\/ -->\n<title>Nou r\u00e8gim del contracte formatiu | amec Positive Industry<\/title>\n<meta name=\"robots\" content=\"index, follow, max-snippet:-1, max-image-preview:large, max-video-preview:-1\" \/>\n<link rel=\"canonical\" href=\"https:\/\/amec.es\/ca\/anticipat\/alertes-i-oportunitats\/nou-regim-del-contracte-formatiu\/\" \/>\n<meta property=\"og:locale\" content=\"ca_ES\" \/>\n<meta property=\"og:type\" content=\"article\" \/>\n<meta property=\"og:title\" content=\"Nou r\u00e8gim del contracte formatiu | amec Positive Industry\" \/>\n<meta property=\"og:description\" content=\"S&#8217;ha publicat el Reial decret que desenvolupa el r\u00e8gim del contracte formatiu i en redefineix les modalitats, els l\u00edmits i les obligacions, introduint canvis amb impacte directe en la gesti\u00f3 laboral de les empreses. Nou marc del contracte formatiu El Reial decret 1065\/2025 regula el contracte de formaci\u00f3 en alternan\u00e7a i el contracte per a [&hellip;]\" \/>\n<meta property=\"og:url\" content=\"https:\/\/amec.es\/ca\/anticipat\/alertes-i-oportunitats\/nou-regim-del-contracte-formatiu\/\" \/>\n<meta property=\"og:site_name\" content=\"amec Positive Industry\" \/>\n<meta property=\"article:modified_time\" content=\"2025-12-10T08:02:15+00:00\" \/>\n<meta property=\"og:image\" content=\"https:\/\/amec.es\/wp-content\/uploads\/2024\/02\/Logo_AMEC.png\" \/>\n\t<meta property=\"og:image:width\" content=\"1827\" \/>\n\t<meta property=\"og:image:height\" content=\"438\" \/>\n\t<meta property=\"og:image:type\" content=\"image\/png\" \/>\n<meta name=\"twitter:card\" content=\"summary_large_image\" \/>\n<meta name=\"twitter:label1\" content=\"Temps estimat de lectura\" \/>\n\t<meta name=\"twitter:data1\" content=\"3 minuts\" \/>\n<script type=\"application\/ld+json\" class=\"yoast-schema-graph\">{\"@context\":\"https:\\\/\\\/schema.org\",\"@graph\":[{\"@type\":\"WebPage\",\"@id\":\"https:\\\/\\\/amec.es\\\/ca\\\/anticipat\\\/alertes-i-oportunitats\\\/nou-regim-del-contracte-formatiu\\\/\",\"url\":\"https:\\\/\\\/amec.es\\\/ca\\\/anticipat\\\/alertes-i-oportunitats\\\/nou-regim-del-contracte-formatiu\\\/\",\"name\":\"Nou r\u00e8gim del contracte formatiu | amec Positive Industry\",\"isPartOf\":{\"@id\":\"https:\\\/\\\/amec.es\\\/#website\"},\"datePublished\":\"2025-12-09T16:32:45+00:00\",\"dateModified\":\"2025-12-10T08:02:15+00:00\",\"breadcrumb\":{\"@id\":\"https:\\\/\\\/amec.es\\\/ca\\\/anticipat\\\/alertes-i-oportunitats\\\/nou-regim-del-contracte-formatiu\\\/#breadcrumb\"},\"inLanguage\":\"ca\",\"potentialAction\":[{\"@type\":\"ReadAction\",\"target\":[\"https:\\\/\\\/amec.es\\\/ca\\\/anticipat\\\/alertes-i-oportunitats\\\/nou-regim-del-contracte-formatiu\\\/\"]}]},{\"@type\":\"BreadcrumbList\",\"@id\":\"https:\\\/\\\/amec.es\\\/ca\\\/anticipat\\\/alertes-i-oportunitats\\\/nou-regim-del-contracte-formatiu\\\/#breadcrumb\",\"itemListElement\":[{\"@type\":\"ListItem\",\"position\":1,\"name\":\"Portada\",\"item\":\"https:\\\/\\\/amec.es\\\/\"},{\"@type\":\"ListItem\",\"position\":2,\"name\":\"Anticipa&#8217;t\",\"item\":\"https:\\\/\\\/amec.es\\\/ca\\\/anticipat\\\/\"},{\"@type\":\"ListItem\",\"position\":3,\"name\":\"Alertes i oportunitats\",\"item\":\"https:\\\/\\\/amec.es\\\/ca\\\/anticipat\\\/alertes-i-oportunitats\\\/\"},{\"@type\":\"ListItem\",\"position\":4,\"name\":\"Nou r\u00e8gim del contracte formatiu\"}]},{\"@type\":\"WebSite\",\"@id\":\"https:\\\/\\\/amec.es\\\/#website\",\"url\":\"https:\\\/\\\/amec.es\\\/\",\"name\":\"amec Positive Industry\",\"description\":\"\",\"publisher\":{\"@id\":\"https:\\\/\\\/amec.es\\\/#organization\"},\"potentialAction\":[{\"@type\":\"SearchAction\",\"target\":{\"@type\":\"EntryPoint\",\"urlTemplate\":\"https:\\\/\\\/amec.es\\\/?s={search_term_string}\"},\"query-input\":{\"@type\":\"PropertyValueSpecification\",\"valueRequired\":true,\"valueName\":\"search_term_string\"}}],\"inLanguage\":\"ca\"},{\"@type\":\"Organization\",\"@id\":\"https:\\\/\\\/amec.es\\\/#organization\",\"name\":\"amec Positive Industry\",\"url\":\"https:\\\/\\\/amec.es\\\/\",\"logo\":{\"@type\":\"ImageObject\",\"inLanguage\":\"ca\",\"@id\":\"https:\\\/\\\/amec.es\\\/#\\\/schema\\\/logo\\\/image\\\/\",\"url\":\"https:\\\/\\\/amec.es\\\/wp-content\\\/uploads\\\/2023\\\/07\\\/logoamec.png\",\"contentUrl\":\"https:\\\/\\\/amec.es\\\/wp-content\\\/uploads\\\/2023\\\/07\\\/logoamec.png\",\"width\":200,\"height\":48,\"caption\":\"amec Positive Industry\"},\"image\":{\"@id\":\"https:\\\/\\\/amec.es\\\/#\\\/schema\\\/logo\\\/image\\\/\"}}]}<\/script>\n<!-- \/ Yoast SEO plugin. -->","yoast_head_json":{"title":"Nou r\u00e8gim del contracte formatiu | amec Positive Industry","robots":{"index":"index","follow":"follow","max-snippet":"max-snippet:-1","max-image-preview":"max-image-preview:large","max-video-preview":"max-video-preview:-1"},"canonical":"https:\/\/amec.es\/ca\/anticipat\/alertes-i-oportunitats\/nou-regim-del-contracte-formatiu\/","og_locale":"ca_ES","og_type":"article","og_title":"Nou r\u00e8gim del contracte formatiu | amec Positive Industry","og_description":"S&#8217;ha publicat el Reial decret que desenvolupa el r\u00e8gim del contracte formatiu i en redefineix les modalitats, els l\u00edmits i les obligacions, introduint canvis amb impacte directe en la gesti\u00f3 laboral de les empreses. Nou marc del contracte formatiu El Reial decret 1065\/2025 regula el contracte de formaci\u00f3 en alternan\u00e7a i el contracte per a [&hellip;]","og_url":"https:\/\/amec.es\/ca\/anticipat\/alertes-i-oportunitats\/nou-regim-del-contracte-formatiu\/","og_site_name":"amec Positive Industry","article_modified_time":"2025-12-10T08:02:15+00:00","og_image":[{"width":1827,"height":438,"url":"https:\/\/amec.es\/wp-content\/uploads\/2024\/02\/Logo_AMEC.png","type":"image\/png"}],"twitter_card":"summary_large_image","twitter_misc":{"Temps estimat de lectura":"3 minuts"},"schema":{"@context":"https:\/\/schema.org","@graph":[{"@type":"WebPage","@id":"https:\/\/amec.es\/ca\/anticipat\/alertes-i-oportunitats\/nou-regim-del-contracte-formatiu\/","url":"https:\/\/amec.es\/ca\/anticipat\/alertes-i-oportunitats\/nou-regim-del-contracte-formatiu\/","name":"Nou r\u00e8gim del contracte formatiu | amec Positive Industry","isPartOf":{"@id":"https:\/\/amec.es\/#website"},"datePublished":"2025-12-09T16:32:45+00:00","dateModified":"2025-12-10T08:02:15+00:00","breadcrumb":{"@id":"https:\/\/amec.es\/ca\/anticipat\/alertes-i-oportunitats\/nou-regim-del-contracte-formatiu\/#breadcrumb"},"inLanguage":"ca","potentialAction":[{"@type":"ReadAction","target":["https:\/\/amec.es\/ca\/anticipat\/alertes-i-oportunitats\/nou-regim-del-contracte-formatiu\/"]}]},{"@type":"BreadcrumbList","@id":"https:\/\/amec.es\/ca\/anticipat\/alertes-i-oportunitats\/nou-regim-del-contracte-formatiu\/#breadcrumb","itemListElement":[{"@type":"ListItem","position":1,"name":"Portada","item":"https:\/\/amec.es\/"},{"@type":"ListItem","position":2,"name":"Anticipa&#8217;t","item":"https:\/\/amec.es\/ca\/anticipat\/"},{"@type":"ListItem","position":3,"name":"Alertes i oportunitats","item":"https:\/\/amec.es\/ca\/anticipat\/alertes-i-oportunitats\/"},{"@type":"ListItem","position":4,"name":"Nou r\u00e8gim del contracte formatiu"}]},{"@type":"WebSite","@id":"https:\/\/amec.es\/#website","url":"https:\/\/amec.es\/","name":"amec Positive Industry","description":"","publisher":{"@id":"https:\/\/amec.es\/#organization"},"potentialAction":[{"@type":"SearchAction","target":{"@type":"EntryPoint","urlTemplate":"https:\/\/amec.es\/?s={search_term_string}"},"query-input":{"@type":"PropertyValueSpecification","valueRequired":true,"valueName":"search_term_string"}}],"inLanguage":"ca"},{"@type":"Organization","@id":"https:\/\/amec.es\/#organization","name":"amec Positive Industry","url":"https:\/\/amec.es\/","logo":{"@type":"ImageObject","inLanguage":"ca","@id":"https:\/\/amec.es\/#\/schema\/logo\/image\/","url":"https:\/\/amec.es\/wp-content\/uploads\/2023\/07\/logoamec.png","contentUrl":"https:\/\/amec.es\/wp-content\/uploads\/2023\/07\/logoamec.png","width":200,"height":48,"caption":"amec Positive Industry"},"image":{"@id":"https:\/\/amec.es\/#\/schema\/logo\/image\/"}}]}},"_links":{"self":[{"href":"https:\/\/amec.es\/ca\/wp-json\/wp\/v2\/pages\/45123","targetHints":{"allow":["GET"]}}],"collection":[{"href":"https:\/\/amec.es\/ca\/wp-json\/wp\/v2\/pages"}],"about":[{"href":"https:\/\/amec.es\/ca\/wp-json\/wp\/v2\/types\/page"}],"author":[{"embeddable":true,"href":"https:\/\/amec.es\/ca\/wp-json\/wp\/v2\/users\/10"}],"replies":[{"embeddable":true,"href":"https:\/\/amec.es\/ca\/wp-json\/wp\/v2\/comments?post=45123"}],"version-history":[{"count":1,"href":"https:\/\/amec.es\/ca\/wp-json\/wp\/v2\/pages\/45123\/revisions"}],"predecessor-version":[{"id":45124,"href":"https:\/\/amec.es\/ca\/wp-json\/wp\/v2\/pages\/45123\/revisions\/45124"}],"up":[{"embeddable":true,"href":"https:\/\/amec.es\/ca\/wp-json\/wp\/v2\/pages\/5934"}],"wp:attachment":[{"href":"https:\/\/amec.es\/ca\/wp-json\/wp\/v2\/media?parent=45123"}],"wp:term":[{"taxonomy":"category","embeddable":true,"href":"https:\/\/amec.es\/ca\/wp-json\/wp\/v2\/categories?post=45123"},{"taxonomy":"post_tag","embeddable":true,"href":"https:\/\/amec.es\/ca\/wp-json\/wp\/v2\/tags?post=45123"}],"curies":[{"name":"wp","href":"https:\/\/api.w.org\/{rel}","templated":true}]}}