{"id":45240,"date":"2025-12-20T08:59:48","date_gmt":"2025-12-20T07:59:48","guid":{"rendered":"https:\/\/amec.es\/anticipat\/alertes-i-oportunitats\/desembre-decideix-la-destinacio-de-lacord-ue-mercosur\/"},"modified":"2025-12-20T20:35:50","modified_gmt":"2025-12-20T19:35:50","slug":"desembre-decideix-la-destinacio-de-lacord-ue-mercosur","status":"publish","type":"page","link":"https:\/\/amec.es\/ca\/anticipat\/alertes-i-oportunitats\/desembre-decideix-la-destinacio-de-lacord-ue-mercosur\/","title":{"rendered":"L&#8217;acord UE-Mercosur en suspens fins al gener"},"content":{"rendered":"\t\t<div data-elementor-type=\"wp-page\" data-elementor-id=\"45240\" class=\"elementor elementor-45240 elementor-45234\" data-elementor-post-type=\"page\">\n\t\t\t\t\t\t<section class=\"elementor-section elementor-top-section elementor-element elementor-element-2ad90942 elementor-section-boxed elementor-section-height-default elementor-section-height-default\" data-id=\"2ad90942\" data-element_type=\"section\" data-e-type=\"section\" data-settings=\"{&quot;background_background&quot;:&quot;gradient&quot;}\">\n\t\t\t\t\t\t<div class=\"elementor-container elementor-column-gap-default\">\n\t\t\t\t\t<div class=\"elementor-column elementor-col-100 elementor-top-column elementor-element elementor-element-3fe8fd0d\" data-id=\"3fe8fd0d\" data-element_type=\"column\" data-e-type=\"column\">\n\t\t\t<div class=\"elementor-widget-wrap elementor-element-populated\">\n\t\t\t\t\t\t<div class=\"elementor-element elementor-element-f82da68 elementor-widget elementor-widget-heading\" data-id=\"f82da68\" data-element_type=\"widget\" data-e-type=\"widget\" data-widget_type=\"heading.default\">\n\t\t\t\t<div class=\"elementor-widget-container\">\n\t\t\t\t\t<h2 class=\"elementor-heading-title elementor-size-default\"><a href=\"https:\/\/amec.es\/ca\/category\/alertes-i-tendencies-exclusives\/\" rel=\"tag\">Alertes i tend\u00e8ncies exclusives<\/a><\/h2>\t\t\t\t<\/div>\n\t\t\t\t<\/div>\n\t\t\t\t<div class=\"elementor-element elementor-element-78fc464f elementor-widget elementor-widget-spacer\" data-id=\"78fc464f\" data-element_type=\"widget\" data-e-type=\"widget\" data-widget_type=\"spacer.default\">\n\t\t\t\t<div class=\"elementor-widget-container\">\n\t\t\t\t\t\t\t<div class=\"elementor-spacer\">\n\t\t\t<div class=\"elementor-spacer-inner\"><\/div>\n\t\t<\/div>\n\t\t\t\t\t\t<\/div>\n\t\t\t\t<\/div>\n\t\t\t\t<div class=\"elementor-element elementor-element-4f00c088 elementor-widget-divider--view-line elementor-widget elementor-widget-divider\" data-id=\"4f00c088\" data-element_type=\"widget\" data-e-type=\"widget\" data-widget_type=\"divider.default\">\n\t\t\t\t<div class=\"elementor-widget-container\">\n\t\t\t\t\t\t\t<div class=\"elementor-divider\">\n\t\t\t<span class=\"elementor-divider-separator\">\n\t\t\t\t\t\t<\/span>\n\t\t<\/div>\n\t\t\t\t\t\t<\/div>\n\t\t\t\t<\/div>\n\t\t\t\t\t<\/div>\n\t\t<\/div>\n\t\t\t\t\t<\/div>\n\t\t<\/section>\n\t\t\t\t<section class=\"elementor-section elementor-top-section elementor-element elementor-element-6a401538 elementor-section-boxed elementor-section-height-default elementor-section-height-default\" data-id=\"6a401538\" data-element_type=\"section\" data-e-type=\"section\">\n\t\t\t\t\t\t<div class=\"elementor-container elementor-column-gap-default\">\n\t\t\t\t\t<div class=\"elementor-column elementor-col-100 elementor-top-column elementor-element elementor-element-668c88d6\" data-id=\"668c88d6\" data-element_type=\"column\" data-e-type=\"column\">\n\t\t\t<div class=\"elementor-widget-wrap elementor-element-populated\">\n\t\t\t\t\t\t<div class=\"elementor-element elementor-element-63392e81 elementor-widget elementor-widget-heading\" data-id=\"63392e81\" data-element_type=\"widget\" data-e-type=\"widget\" data-widget_type=\"heading.default\">\n\t\t\t\t<div class=\"elementor-widget-container\">\n\t\t\t\t\t<h2 class=\"elementor-heading-title elementor-size-default\">L&#8217;acord UE-Mercosur en suspens fins al gener<\/h2>\t\t\t\t<\/div>\n\t\t\t\t<\/div>\n\t\t\t\t<div class=\"elementor-element elementor-element-7840445 elementor-widget elementor-widget-spacer\" data-id=\"7840445\" data-element_type=\"widget\" data-e-type=\"widget\" data-widget_type=\"spacer.default\">\n\t\t\t\t<div class=\"elementor-widget-container\">\n\t\t\t\t\t\t\t<div class=\"elementor-spacer\">\n\t\t\t<div class=\"elementor-spacer-inner\"><\/div>\n\t\t<\/div>\n\t\t\t\t\t\t<\/div>\n\t\t\t\t<\/div>\n\t\t\t\t<div class=\"elementor-element elementor-element-414eda69 elementor-widget elementor-widget-text-editor\" data-id=\"414eda69\" data-element_type=\"widget\" data-e-type=\"widget\" data-widget_type=\"text-editor.default\">\n\t\t\t\t<div class=\"elementor-widget-container\">\n\t\t\t\t\t\t\t\t\t20 de desembre de 2025\t\t\t\t\t\t\t\t<\/div>\n\t\t\t\t<\/div>\n\t\t\t\t<div class=\"elementor-element elementor-element-63a46ed6 elementor-widget elementor-widget-text-editor\" data-id=\"63a46ed6\" data-element_type=\"widget\" data-e-type=\"widget\" data-widget_type=\"text-editor.default\">\n\t\t\t\t<div class=\"elementor-widget-container\">\n\t\t\t\t\t\t\t\t\t<p><strong>Actualitzaci\u00f3: Els l\u00edders de la UE decideixen deixar la decisi\u00f3 sobre l&#8217;acord comercial amb el Mercosur per al gener, despr\u00e9s d&#8217;intents d&#8217;\u00faltima hora per aconseguir el vistiplau de Fran\u00e7a i It\u00e0lia.<\/strong><\/p>\t\t\t\t\t\t\t\t<\/div>\n\t\t\t\t<\/div>\n\t\t\t\t<div class=\"elementor-element elementor-element-3d6d7fe4 elementor-widget-divider--view-line elementor-widget elementor-widget-divider\" data-id=\"3d6d7fe4\" data-element_type=\"widget\" data-e-type=\"widget\" data-widget_type=\"divider.default\">\n\t\t\t\t<div class=\"elementor-widget-container\">\n\t\t\t\t\t\t\t<div class=\"elementor-divider\">\n\t\t\t<span class=\"elementor-divider-separator\">\n\t\t\t\t\t\t<\/span>\n\t\t<\/div>\n\t\t\t\t\t\t<\/div>\n\t\t\t\t<\/div>\n\t\t\t\t<div class=\"elementor-element elementor-element-1b47a026 elementor-widget elementor-widget-text-editor\" data-id=\"1b47a026\" data-element_type=\"widget\" data-e-type=\"widget\" data-widget_type=\"text-editor.default\">\n\t\t\t\t<div class=\"elementor-widget-container\">\n\t\t\t\t\t\t\t\t\t<h5><strong>Nou ajornament<\/strong><\/h5><p>Durant la reuni\u00f3 del Consell Europeu de dijous 18, els l\u00edders dels 27 Estats membres de la UE <strong>van decidir posposar la conclusi\u00f3 de l&#8217;acord amb el Mercorsur fins al gener<\/strong> , en lloc de signar-lo el 20 de desembre, com estava previst.<\/p><p>Es confia que hi haur\u00e0 <strong>prou majoria<\/strong> per a la seva aprovaci\u00f3, tot i que es reconeix que alguns estats encara necessiten temps per treballar en els detalls.<\/p><p>En una <strong>carta signada per Ursula von der Leyen i Ant\u00f3nio Costa dirigida al president brasiler<\/strong> , datada el 19 de desembre, es reafirma el comprom\u00eds de la UE per signar l&#8217;Acord a comen\u00e7aments de gener (previsiblement el 12-13), lamentant el retard per procediments interns pendents del Consell Europeu.<\/p><h5><strong>La posici\u00f3 del Mercosur<\/strong><\/h5><p>Els pa\u00efsos del Mercosur comparteixen frustraci\u00f3 pel retard, per\u00f2 <strong>accepten un ajornament curt<\/strong> mentre adverteixen contra dilacions indefinides o salvaguardes europees excessives.<\/p><p>La cimera del Mercosur, programada per a aquest dissabte 20 de desembre a Foz do Igua\u00e7u, Brasil, se celebrar\u00e0 tal com estava previst, per avan\u00e7ar a l&#8217;agenda interna del bloc, mentre discuteixen l&#8217;impacte del retard europeu i exploren alternatives si Brussel\u00b7les torna a endarrerir el proc\u00e9s.<\/p><ul><li><strong>El Brasil,<\/strong> com a principal impulsor, veu l&#8217;acord com un pilar estrat\u00e8gic de la seva pol\u00edtica exterior: Lula havia endurit el to amb un ultim\u00e0tum, per\u00f2 despr\u00e9s d&#8217;una trucada amb Giorgia Meloni va acceptar esperar unes setmanes, encara que insisteix que el Brasil ja va cedir prou i est\u00e0 disposat a pivotar cap a socis com el Canad\u00e0, el Regne Unit o l&#8217;\u00c0sia. el pacte.<\/li><li><strong>Argentina<\/strong> acompanya l&#8217;empenta brasilera amb pragmatisme comercial, prioritzant l&#8217;acc\u00e9s preferencial per als seus agroaliments i manufactures malgrat les friccions personals entre Milei i Lula. Buenos Aires observa amb cautela les demandes europees de l\u00edmits en carn, pollastre o sucre, per\u00f2 cerca desvincular les difer\u00e8ncies ideol\u00f2giques dels beneficis econ\u00f2mics del tractat. <\/li><li><strong>El Paraguai<\/strong> , que pren la presid\u00e8ncia del bloc, adverteix que un altre retard podria &#8220;esgotar&#8221; el proc\u00e9s, especialment perqu\u00e8 tem que les noves cl\u00e0usules de salvaguarda frenin el boom exportador agr\u00edcola que espera del pacte amb la UE.<\/li><li><strong>L&#8217;Uruguai<\/strong> tolera un ajornament breu, per\u00f2 no un d&#8217;indefinit. Montevideo veu a l&#8217;acord una consolidaci\u00f3 de la seva estrat\u00e8gia comercial i recorda la seva disposici\u00f3 a explorar tractats bilaterals si el Mercosur s&#8217;embussa per m\u00e9s temps. <\/li><\/ul>\t\t\t\t\t\t\t\t<\/div>\n\t\t\t\t<\/div>\n\t\t\t\t\t<\/div>\n\t\t<\/div>\n\t\t\t\t\t<\/div>\n\t\t<\/section>\n\t\t\t\t<\/div>\n\t\t","protected":false},"excerpt":{"rendered":"<p>Actualitzaci\u00f3: Els l\u00edders de la UE decideixen deixar la decisi\u00f3 sobre l&#8217;acord comercial amb el Mercosur per al gener, despr\u00e9s d&#8217;intents d&#8217;\u00faltima hora per aconseguir el vistiplau de Fran\u00e7a i It\u00e0lia. Nou ajornament Durant la reuni\u00f3 del Consell Europeu de dijous 18, els l\u00edders dels 27 Estats membres de la UE van decidir posposar la [&hellip;]<\/p>\n","protected":false},"author":10,"featured_media":0,"parent":5934,"menu_order":0,"comment_status":"closed","ping_status":"closed","template":"elementor_canvas","meta":{"inline_featured_image":false,"footnotes":""},"categories":[219],"tags":[],"class_list":["post-45240","page","type-page","status-publish","hentry","category-alertes-i-tendencies-exclusives"],"yoast_head":"<!-- This site is optimized with the Yoast SEO plugin v27.3 - https:\/\/yoast.com\/product\/yoast-seo-wordpress\/ -->\n<title>L&#039;acord UE-Mercosur en suspens fins al gener | amec Positive Industry<\/title>\n<meta name=\"robots\" content=\"index, follow, max-snippet:-1, max-image-preview:large, max-video-preview:-1\" \/>\n<link rel=\"canonical\" href=\"https:\/\/amec.es\/anticipate\/alertas-y-oportunidades\/diciembre-decide-el-destino-del-acuerdo-ue-mercosur\/\" \/>\n<meta property=\"og:locale\" content=\"ca_ES\" \/>\n<meta property=\"og:type\" content=\"article\" \/>\n<meta property=\"og:title\" content=\"L&#039;acord UE-Mercosur en suspens fins al gener | amec Positive Industry\" \/>\n<meta property=\"og:description\" content=\"Actualitzaci\u00f3: Els l\u00edders de la UE decideixen deixar la decisi\u00f3 sobre l&#8217;acord comercial amb el Mercosur per al gener, despr\u00e9s d&#8217;intents d&#8217;\u00faltima hora per aconseguir el vistiplau de Fran\u00e7a i It\u00e0lia. Nou ajornament Durant la reuni\u00f3 del Consell Europeu de dijous 18, els l\u00edders dels 27 Estats membres de la UE van decidir posposar la [&hellip;]\" \/>\n<meta property=\"og:url\" content=\"https:\/\/amec.es\/anticipate\/alertas-y-oportunidades\/diciembre-decide-el-destino-del-acuerdo-ue-mercosur\/\" \/>\n<meta property=\"og:site_name\" content=\"amec Positive Industry\" \/>\n<meta property=\"article:modified_time\" content=\"2025-12-20T19:35:50+00:00\" \/>\n<meta property=\"og:image\" content=\"https:\/\/amec.es\/wp-content\/uploads\/2024\/02\/Logo_AMEC.png\" \/>\n\t<meta property=\"og:image:width\" content=\"1827\" \/>\n\t<meta property=\"og:image:height\" content=\"438\" \/>\n\t<meta property=\"og:image:type\" content=\"image\/png\" \/>\n<meta name=\"twitter:card\" content=\"summary_large_image\" \/>\n<meta name=\"twitter:label1\" content=\"Temps estimat de lectura\" \/>\n\t<meta name=\"twitter:data1\" content=\"2 minuts\" \/>\n<script type=\"application\/ld+json\" class=\"yoast-schema-graph\">{\"@context\":\"https:\\\/\\\/schema.org\",\"@graph\":[{\"@type\":\"WebPage\",\"@id\":\"https:\\\/\\\/amec.es\\\/anticipate\\\/alertas-y-oportunidades\\\/diciembre-decide-el-destino-del-acuerdo-ue-mercosur\\\/\",\"url\":\"https:\\\/\\\/amec.es\\\/anticipate\\\/alertas-y-oportunidades\\\/diciembre-decide-el-destino-del-acuerdo-ue-mercosur\\\/\",\"name\":\"L'acord UE-Mercosur en suspens fins al gener | amec Positive Industry\",\"isPartOf\":{\"@id\":\"https:\\\/\\\/amec.es\\\/#website\"},\"datePublished\":\"2025-12-20T07:59:48+00:00\",\"dateModified\":\"2025-12-20T19:35:50+00:00\",\"breadcrumb\":{\"@id\":\"https:\\\/\\\/amec.es\\\/anticipate\\\/alertas-y-oportunidades\\\/diciembre-decide-el-destino-del-acuerdo-ue-mercosur\\\/#breadcrumb\"},\"inLanguage\":\"ca\",\"potentialAction\":[{\"@type\":\"ReadAction\",\"target\":[\"https:\\\/\\\/amec.es\\\/anticipate\\\/alertas-y-oportunidades\\\/diciembre-decide-el-destino-del-acuerdo-ue-mercosur\\\/\"]}]},{\"@type\":\"BreadcrumbList\",\"@id\":\"https:\\\/\\\/amec.es\\\/anticipate\\\/alertas-y-oportunidades\\\/diciembre-decide-el-destino-del-acuerdo-ue-mercosur\\\/#breadcrumb\",\"itemListElement\":[{\"@type\":\"ListItem\",\"position\":1,\"name\":\"Portada\",\"item\":\"https:\\\/\\\/amec.es\\\/\"},{\"@type\":\"ListItem\",\"position\":2,\"name\":\"Anticipa&#8217;t\",\"item\":\"https:\\\/\\\/amec.es\\\/ca\\\/anticipat\\\/\"},{\"@type\":\"ListItem\",\"position\":3,\"name\":\"Alertes i oportunitats\",\"item\":\"https:\\\/\\\/amec.es\\\/ca\\\/anticipat\\\/alertes-i-oportunitats\\\/\"},{\"@type\":\"ListItem\",\"position\":4,\"name\":\"L&#8217;acord UE-Mercosur en suspens fins al gener\"}]},{\"@type\":\"WebSite\",\"@id\":\"https:\\\/\\\/amec.es\\\/#website\",\"url\":\"https:\\\/\\\/amec.es\\\/\",\"name\":\"amec Positive Industry\",\"description\":\"\",\"publisher\":{\"@id\":\"https:\\\/\\\/amec.es\\\/#organization\"},\"potentialAction\":[{\"@type\":\"SearchAction\",\"target\":{\"@type\":\"EntryPoint\",\"urlTemplate\":\"https:\\\/\\\/amec.es\\\/?s={search_term_string}\"},\"query-input\":{\"@type\":\"PropertyValueSpecification\",\"valueRequired\":true,\"valueName\":\"search_term_string\"}}],\"inLanguage\":\"ca\"},{\"@type\":\"Organization\",\"@id\":\"https:\\\/\\\/amec.es\\\/#organization\",\"name\":\"amec Positive Industry\",\"url\":\"https:\\\/\\\/amec.es\\\/\",\"logo\":{\"@type\":\"ImageObject\",\"inLanguage\":\"ca\",\"@id\":\"https:\\\/\\\/amec.es\\\/#\\\/schema\\\/logo\\\/image\\\/\",\"url\":\"https:\\\/\\\/amec.es\\\/wp-content\\\/uploads\\\/2023\\\/07\\\/logoamec.png\",\"contentUrl\":\"https:\\\/\\\/amec.es\\\/wp-content\\\/uploads\\\/2023\\\/07\\\/logoamec.png\",\"width\":200,\"height\":48,\"caption\":\"amec Positive Industry\"},\"image\":{\"@id\":\"https:\\\/\\\/amec.es\\\/#\\\/schema\\\/logo\\\/image\\\/\"}}]}<\/script>\n<!-- \/ Yoast SEO plugin. -->","yoast_head_json":{"title":"L'acord UE-Mercosur en suspens fins al gener | amec Positive Industry","robots":{"index":"index","follow":"follow","max-snippet":"max-snippet:-1","max-image-preview":"max-image-preview:large","max-video-preview":"max-video-preview:-1"},"canonical":"https:\/\/amec.es\/anticipate\/alertas-y-oportunidades\/diciembre-decide-el-destino-del-acuerdo-ue-mercosur\/","og_locale":"ca_ES","og_type":"article","og_title":"L'acord UE-Mercosur en suspens fins al gener | amec Positive Industry","og_description":"Actualitzaci\u00f3: Els l\u00edders de la UE decideixen deixar la decisi\u00f3 sobre l&#8217;acord comercial amb el Mercosur per al gener, despr\u00e9s d&#8217;intents d&#8217;\u00faltima hora per aconseguir el vistiplau de Fran\u00e7a i It\u00e0lia. Nou ajornament Durant la reuni\u00f3 del Consell Europeu de dijous 18, els l\u00edders dels 27 Estats membres de la UE van decidir posposar la [&hellip;]","og_url":"https:\/\/amec.es\/anticipate\/alertas-y-oportunidades\/diciembre-decide-el-destino-del-acuerdo-ue-mercosur\/","og_site_name":"amec Positive Industry","article_modified_time":"2025-12-20T19:35:50+00:00","og_image":[{"width":1827,"height":438,"url":"https:\/\/amec.es\/wp-content\/uploads\/2024\/02\/Logo_AMEC.png","type":"image\/png"}],"twitter_card":"summary_large_image","twitter_misc":{"Temps estimat de lectura":"2 minuts"},"schema":{"@context":"https:\/\/schema.org","@graph":[{"@type":"WebPage","@id":"https:\/\/amec.es\/anticipate\/alertas-y-oportunidades\/diciembre-decide-el-destino-del-acuerdo-ue-mercosur\/","url":"https:\/\/amec.es\/anticipate\/alertas-y-oportunidades\/diciembre-decide-el-destino-del-acuerdo-ue-mercosur\/","name":"L'acord UE-Mercosur en suspens fins al gener | amec Positive Industry","isPartOf":{"@id":"https:\/\/amec.es\/#website"},"datePublished":"2025-12-20T07:59:48+00:00","dateModified":"2025-12-20T19:35:50+00:00","breadcrumb":{"@id":"https:\/\/amec.es\/anticipate\/alertas-y-oportunidades\/diciembre-decide-el-destino-del-acuerdo-ue-mercosur\/#breadcrumb"},"inLanguage":"ca","potentialAction":[{"@type":"ReadAction","target":["https:\/\/amec.es\/anticipate\/alertas-y-oportunidades\/diciembre-decide-el-destino-del-acuerdo-ue-mercosur\/"]}]},{"@type":"BreadcrumbList","@id":"https:\/\/amec.es\/anticipate\/alertas-y-oportunidades\/diciembre-decide-el-destino-del-acuerdo-ue-mercosur\/#breadcrumb","itemListElement":[{"@type":"ListItem","position":1,"name":"Portada","item":"https:\/\/amec.es\/"},{"@type":"ListItem","position":2,"name":"Anticipa&#8217;t","item":"https:\/\/amec.es\/ca\/anticipat\/"},{"@type":"ListItem","position":3,"name":"Alertes i oportunitats","item":"https:\/\/amec.es\/ca\/anticipat\/alertes-i-oportunitats\/"},{"@type":"ListItem","position":4,"name":"L&#8217;acord UE-Mercosur en suspens fins al gener"}]},{"@type":"WebSite","@id":"https:\/\/amec.es\/#website","url":"https:\/\/amec.es\/","name":"amec Positive Industry","description":"","publisher":{"@id":"https:\/\/amec.es\/#organization"},"potentialAction":[{"@type":"SearchAction","target":{"@type":"EntryPoint","urlTemplate":"https:\/\/amec.es\/?s={search_term_string}"},"query-input":{"@type":"PropertyValueSpecification","valueRequired":true,"valueName":"search_term_string"}}],"inLanguage":"ca"},{"@type":"Organization","@id":"https:\/\/amec.es\/#organization","name":"amec Positive Industry","url":"https:\/\/amec.es\/","logo":{"@type":"ImageObject","inLanguage":"ca","@id":"https:\/\/amec.es\/#\/schema\/logo\/image\/","url":"https:\/\/amec.es\/wp-content\/uploads\/2023\/07\/logoamec.png","contentUrl":"https:\/\/amec.es\/wp-content\/uploads\/2023\/07\/logoamec.png","width":200,"height":48,"caption":"amec Positive Industry"},"image":{"@id":"https:\/\/amec.es\/#\/schema\/logo\/image\/"}}]}},"_links":{"self":[{"href":"https:\/\/amec.es\/ca\/wp-json\/wp\/v2\/pages\/45240","targetHints":{"allow":["GET"]}}],"collection":[{"href":"https:\/\/amec.es\/ca\/wp-json\/wp\/v2\/pages"}],"about":[{"href":"https:\/\/amec.es\/ca\/wp-json\/wp\/v2\/types\/page"}],"author":[{"embeddable":true,"href":"https:\/\/amec.es\/ca\/wp-json\/wp\/v2\/users\/10"}],"replies":[{"embeddable":true,"href":"https:\/\/amec.es\/ca\/wp-json\/wp\/v2\/comments?post=45240"}],"version-history":[{"count":11,"href":"https:\/\/amec.es\/ca\/wp-json\/wp\/v2\/pages\/45240\/revisions"}],"predecessor-version":[{"id":45680,"href":"https:\/\/amec.es\/ca\/wp-json\/wp\/v2\/pages\/45240\/revisions\/45680"}],"up":[{"embeddable":true,"href":"https:\/\/amec.es\/ca\/wp-json\/wp\/v2\/pages\/5934"}],"wp:attachment":[{"href":"https:\/\/amec.es\/ca\/wp-json\/wp\/v2\/media?parent=45240"}],"wp:term":[{"taxonomy":"category","embeddable":true,"href":"https:\/\/amec.es\/ca\/wp-json\/wp\/v2\/categories?post=45240"},{"taxonomy":"post_tag","embeddable":true,"href":"https:\/\/amec.es\/ca\/wp-json\/wp\/v2\/tags?post=45240"}],"curies":[{"name":"wp","href":"https:\/\/api.w.org\/{rel}","templated":true}]}}