{"id":52505,"date":"2026-04-15T09:07:35","date_gmt":"2026-04-15T07:07:35","guid":{"rendered":"https:\/\/amec.es\/labsentisme-laboral-a-espanya-claus-i-mesures-per-a-les-empreses\/"},"modified":"2026-04-15T15:53:59","modified_gmt":"2026-04-15T13:53:59","slug":"labsentisme-laboral-a-espanya-claus-i-mesures-per-a-les-empreses","status":"publish","type":"page","link":"https:\/\/amec.es\/ca\/labsentisme-laboral-a-espanya-claus-i-mesures-per-a-les-empreses\/","title":{"rendered":"La sostenibilitat com a palanca estrat\u00e8gica de valor a l&#8217;empresa industrial"},"content":{"rendered":"\t\t<div data-elementor-type=\"wp-page\" data-elementor-id=\"52505\" class=\"elementor elementor-52505 elementor-52499\" data-elementor-post-type=\"page\">\n\t\t\t\t\t\t<section class=\"elementor-section elementor-top-section elementor-element elementor-element-284b79a elementor-section-boxed elementor-section-height-default elementor-section-height-default\" data-id=\"284b79a\" data-element_type=\"section\" data-e-type=\"section\" data-settings=\"{&quot;background_background&quot;:&quot;gradient&quot;}\">\n\t\t\t\t\t\t<div class=\"elementor-container elementor-column-gap-default\">\n\t\t\t\t\t<div class=\"elementor-column elementor-col-100 elementor-top-column elementor-element elementor-element-aef9232\" data-id=\"aef9232\" data-element_type=\"column\" data-e-type=\"column\">\n\t\t\t<div class=\"elementor-widget-wrap elementor-element-populated\">\n\t\t\t\t\t\t<div class=\"elementor-element elementor-element-dc569bb elementor-widget elementor-widget-heading\" data-id=\"dc569bb\" data-element_type=\"widget\" data-e-type=\"widget\" data-widget_type=\"heading.default\">\n\t\t\t\t<div class=\"elementor-widget-container\">\n\t\t\t\t\t<h2 class=\"elementor-heading-title elementor-size-default\"><a href=\"https:\/\/amec.es\/ca\/category\/actualitat-ca\/\" rel=\"tag\">Actualitat<\/a><\/h2>\t\t\t\t<\/div>\n\t\t\t\t<\/div>\n\t\t\t\t<div class=\"elementor-element elementor-element-b4dc44e elementor-widget elementor-widget-spacer\" data-id=\"b4dc44e\" data-element_type=\"widget\" data-e-type=\"widget\" data-widget_type=\"spacer.default\">\n\t\t\t\t<div class=\"elementor-widget-container\">\n\t\t\t\t\t\t\t<div class=\"elementor-spacer\">\n\t\t\t<div class=\"elementor-spacer-inner\"><\/div>\n\t\t<\/div>\n\t\t\t\t\t\t<\/div>\n\t\t\t\t<\/div>\n\t\t\t\t<div class=\"elementor-element elementor-element-ee69cfe elementor-widget-divider--view-line elementor-widget elementor-widget-divider\" data-id=\"ee69cfe\" data-element_type=\"widget\" data-e-type=\"widget\" data-widget_type=\"divider.default\">\n\t\t\t\t<div class=\"elementor-widget-container\">\n\t\t\t\t\t\t\t<div class=\"elementor-divider\">\n\t\t\t<span class=\"elementor-divider-separator\">\n\t\t\t\t\t\t<\/span>\n\t\t<\/div>\n\t\t\t\t\t\t<\/div>\n\t\t\t\t<\/div>\n\t\t\t\t\t<\/div>\n\t\t<\/div>\n\t\t\t\t\t<\/div>\n\t\t<\/section>\n\t\t<div class=\"elementor-element elementor-element-c254c13 e-flex e-con-boxed e-con e-parent\" data-id=\"c254c13\" data-element_type=\"container\" data-e-type=\"container\">\n\t\t\t\t\t<div class=\"e-con-inner\">\n\t\t\t\t<div class=\"elementor-element elementor-element-3b191c2 elementor-widget elementor-widget-spacer\" data-id=\"3b191c2\" data-element_type=\"widget\" data-e-type=\"widget\" data-widget_type=\"spacer.default\">\n\t\t\t\t<div class=\"elementor-widget-container\">\n\t\t\t\t\t\t\t<div class=\"elementor-spacer\">\n\t\t\t<div class=\"elementor-spacer-inner\"><\/div>\n\t\t<\/div>\n\t\t\t\t\t\t<\/div>\n\t\t\t\t<\/div>\n\t\t\t\t<div class=\"elementor-element elementor-element-bd90031 elementor-widget elementor-widget-heading\" data-id=\"bd90031\" data-element_type=\"widget\" data-e-type=\"widget\" data-widget_type=\"heading.default\">\n\t\t\t\t<div class=\"elementor-widget-container\">\n\t\t\t\t\t<h2 class=\"elementor-heading-title elementor-size-default\">Sostenibilitat com a palanca d'innovaci\u00f3 i competitivitat industrial<\/h2>\t\t\t\t<\/div>\n\t\t\t\t<\/div>\n\t\t\t\t\t<\/div>\n\t\t\t\t<\/div>\n\t\t<div class=\"elementor-element elementor-element-a994f88 e-flex e-con-boxed e-con e-parent\" data-id=\"a994f88\" data-element_type=\"container\" data-e-type=\"container\">\n\t\t\t\t\t<div class=\"e-con-inner\">\n\t\t\t\t<div class=\"elementor-element elementor-element-274dbd0 elementor-widget elementor-widget-spacer\" data-id=\"274dbd0\" data-element_type=\"widget\" data-e-type=\"widget\" data-widget_type=\"spacer.default\">\n\t\t\t\t<div class=\"elementor-widget-container\">\n\t\t\t\t\t\t\t<div class=\"elementor-spacer\">\n\t\t\t<div class=\"elementor-spacer-inner\"><\/div>\n\t\t<\/div>\n\t\t\t\t\t\t<\/div>\n\t\t\t\t<\/div>\n\t\t\t\t<div class=\"elementor-element elementor-element-9fd333c elementor-widget elementor-widget-text-editor\" data-id=\"9fd333c\" data-element_type=\"widget\" data-e-type=\"widget\" data-widget_type=\"text-editor.default\">\n\t\t\t\t<div class=\"elementor-widget-container\">\n\t\t\t\t\t\t\t\t\t<p>Per Carles Agust\u00ed, Director de Sostenibilitat i Desenvolupament de Negoci de Worsley AC<\/p><p>14 d&#8217;abril del 2026<\/p>\t\t\t\t\t\t\t\t<\/div>\n\t\t\t\t<\/div>\n\t\t\t\t<div class=\"elementor-element elementor-element-4011775 elementor-widget elementor-widget-text-editor\" data-id=\"4011775\" data-element_type=\"widget\" data-e-type=\"widget\" data-widget_type=\"text-editor.default\">\n\t\t\t\t<div class=\"elementor-widget-container\">\n\t\t\t\t\t\t\t\t\t<p>Durant anys, la sostenibilitat ha ocupat un lloc ambigu a l&#8217;agenda empresarial. Sovint s&#8217;ha percebut com un conjunt d&#8217;obligacions reguladores, costos addicionals i noves c\u00e0rregues administratives m\u00e9s que no pas com una oportunitat real de transformaci\u00f3. El sector industrial s&#8217;ha vist precisament molt exposat a aquestes obligacions creixents en ser estrat\u00e8gic en l&#8217;objectiu de la reducci\u00f3 de la petjada de carboni.  <\/p><p>Tot i aix\u00f2, aquest enfocament reactiu resulta avui insuficient. La sostenibilitat ja no es pot entendre com un exercici de compliment normatiu, sin\u00f3 com una q\u00fcesti\u00f3 estrat\u00e8gica que incideix directament en la competitivitat, la venda i la viabilitat futura de les empreses. La pregunta rellevant ja no \u00e9s si hem de ser sostenibles sin\u00f3 com convertir la sostenibilitat en una font tangible de creaci\u00f3 de valor.  <\/p><p><strong>Del prop\u00f2sit a l&#8217;impacte econ\u00f2mic  <\/strong><\/p><p>En termes estrictament empresarials, el valor es mesura a trav\u00e9s dels fluxos de caixa i la resili\u00e8ncia a llarg termini. Des d&#8217;aquesta perspectiva, la sostenibilitat no \u00e9s un concepte abstracte: t\u00e9 efectes econ\u00f2mics concrets i mesurables. <\/p><p>El seu impacte es manifesta almenys en tres grans \u00e0mbits.<\/p><p>Als <strong>mercats de producte<\/strong> , les solucions m\u00e9s sostenibles milloren el posicionament competitiu, faciliten l&#8217;acc\u00e9s a clients exigents i obren la porta a licitacions p\u00fabliques i privades on els criteris ASG (ambientals, socials i de governan\u00e7a) s\u00f3n cada cop m\u00e9s determinants.<\/p><p>Al <strong>mercat laboral<\/strong> , les organitzacions que cuiden les persones i l&#8217;entorn atrauen i retenen talent amb m\u00e9s facilitat. La reducci\u00f3 de la rotaci\u00f3 i de l&#8217;absentisme es tradueix directament en menors costos i m\u00e9s productivitat. <\/p><p>Als <strong>mercats de capital<\/strong> , la sostenibilitat influeix de forma directa en l&#8217;acc\u00e9s a finan\u00e7ament i en el cost del capital. Avui, l&#8217;exercici ASG forma part de l&#8217;an\u00e0lisi de risc de bancs i inversors, al mateix nivell que els indicadors financers tradicionals. <\/p><p><strong>El paper creixent dels ratings de sostenibilitat ESG  <\/strong><\/p><p>Un dels canvis m\u00e9s significatius dels darrers anys \u00e9s la incorporaci\u00f3 sistem\u00e0tica de criteris de sostenibilitat a l&#8217;avaluaci\u00f3 financera de les empreses.<\/p><p>Les entitats financeres ja no es limiten a analitzar balan\u00e7os i comptes de resultats. Avaluen tamb\u00e9 com les companyies gestionen els seus riscos ambientals, socials i de governan\u00e7a (ESG): exposici\u00f3 reguladora, depend\u00e8ncia de recursos cr\u00edtics, conflictes laborals, impactes reputacionals o debilitats de governan\u00e7a. <\/p><p>Una bona gesti\u00f3 en aquests \u00e0mbits es pot traduir en millors condicions de finan\u00e7ament. Per contra, sancions ambientals, litigis o fallades de gesti\u00f3 poden deteriorar greument la solv\u00e8ncia i l&#8217;acc\u00e9s a capital. <\/p><p>Aquestes an\u00e0lisis es recolzen en elements com ara la doble materialitat, la qualitat del reporting, la gesti\u00f3 de riscos ASG, la solidesa de la governan\u00e7a o l&#8217;adaptaci\u00f3 als riscos espec\u00edfics del sector. En definitiva, la sostenibilitat ha esdevingut un indicador de gesti\u00f3 empresarial. <\/p><p><strong>Regulaci\u00f3: complexitat o simplificaci\u00f3?  <\/strong><\/p><p>El risc d&#8217;una hiper regulaci\u00f3 que enterboleix el principi de simplicitat que havien aconseguit aportar els ODS \u00e9s evident. Normatives com la CSRD, per exemple, han elevat el nivell d&#8217;exig\u00e8ncia en mat\u00e8ria d&#8217;informaci\u00f3 corporativa, tot i que tamb\u00e9 han generat una c\u00e0rrega administrativa considerable, especialment per a les pimes. <\/p><p>Tot aix\u00f2 afavoreix el risc que la sostenibilitat passi dels experts en el tema als responsables de l&#8217;\u00e0rea legal de les empreses, perdent aix\u00ed part del sentit.<\/p><p>No obstant aix\u00f2, hi ha esperan\u00e7a, hi ha senyals, com la llei \u00f2mnibus, que anem cap a una simplificaci\u00f3 progressiva: menys volum d&#8217;informaci\u00f3 i m\u00e9s focus en all\u00f2 que realment \u00e9s material per al negoci.<\/p><p>Per a moltes empreses, els est\u00e0ndards voluntaris o l&#8217;an\u00e0lisi de doble materialitat poden ser un bon punt de partida per estructurar la informaci\u00f3, identificar bretxes i professionalitzar-ne la gesti\u00f3 sense generar complexitat innecess\u00e0ria.<\/p><p><strong>La petjada de carboni: mesurar per gestionar  <\/strong><\/p><p>Si hi ha un \u00e0mbit on la incertesa regulat\u00f2ria \u00e9s menor, \u00e9s el de la petjada de carboni. El mesurament, la publicaci\u00f3 i la planificaci\u00f3 de la reducci\u00f3 d&#8217;emissions s&#8217;est\u00e0 consolidant com un requisit ineludible. <\/p><p>Al nostre entorn, el Decret 214\/2025 obliga les empreses que estaven realitzant els informes no financers ia part del sector p\u00fablic, al c\u00e0lcul de la petjada de carboni.<\/p><p>Per\u00f2 mesurar-ho no \u00e9s l&#8217;objectiu final. Mesurar \u00e9s la condici\u00f3 pr\u00e8via per a all\u00f2 que realment aporta valor en la gesti\u00f3 del canvi clim\u00e0tic, la descarbonitzaci\u00f3 i els plans de mitigaci\u00f3. Sense dades, no hi ha cap millora.  <\/p><p>En l&#8217;\u00e0mbit industrial, aquesta transici\u00f3 cap a la sostenibilitat adquireix una dimensi\u00f3 especialment cr\u00edtica. A difer\u00e8ncia d&#8217;altres sectors, la major part de l&#8217;impacte clim\u00e0tic no es concentra \u00fanicament en les operacions directes de planta, sin\u00f3 al llarg de tota la cadena de subministrament: primeres mat\u00e8ries intensives en carboni, consum energ\u00e8tic de processos productius i log\u00edstica associada. En molts casos, les emissions indirectes superen \u00e0mpliament les generades dins de la pr\u00f2pia f\u00e0brica. Per aix\u00f2, la sostenibilitat industrial exigeix \u200b\u200buna visi\u00f3 sist\u00e8mica que combini efici\u00e8ncia energ\u00e8tica, electrificaci\u00f3, redisseny de processos i una gesti\u00f3 activa de prove\u00efdors. M\u00e9s que un exercici de compliance, es tracta de trobar el valor i benefici propi i global d&#8217;aquestes mesures.    <\/p><p>La descarbonitzaci\u00f3, ben gestionada, \u00e9s efici\u00e8ncia operativa.<\/p><p><strong>Sostenibilitat com a avantatge competitiu  <\/strong><\/p><p>Tot plegat condueix a una conclusi\u00f3 clara: la sostenibilitat no \u00e9s una moda ni una imposici\u00f3 conjuntural. \u00c9s una eina estrat\u00e8gica per refor\u00e7ar la resili\u00e8ncia empresarial en un context marcat per la incertesa clim\u00e0tica, regulat\u00f2ria i econ\u00f2mica. <\/p><p>Integrar-la de forma coherent al model de negoci permet:<\/p><ul><li>gestionar millor els riscos,<\/li><li>operar amb m\u00e9s efici\u00e8ncia,<\/li><li>accedir a millors condicions de finan\u00e7ament,<\/li><li>alinear-se amb les expectatives de clients i cadenes de valor,<\/li><li>Incrementar vendes,<\/li><li>i construir empreses m\u00e9s s\u00f2lides a llarg termini.<\/li><\/ul><p>Per al sector industrial, anticipar-se ser\u00e0 clau. Les companyies que entenguin la sostenibilitat com una palanca estrat\u00e8gica \u2014i no com una obligaci\u00f3\u2014 seran les que liderin la propera d\u00e8cada. No es tracta de ser m\u00e9s sostenibles per convicci\u00f3 de reputaci\u00f3, sin\u00f3 de ser m\u00e9s competitius per intel\u00b7lig\u00e8ncia empresarial.  <\/p><p>Com a reflexi\u00f3 final \u00e9s important destacar que, en el context actual, la sostenibilitat no es pot entendre com un \u00e0mbit separat, sin\u00f3 com una dimensi\u00f3 essencial de la innovaci\u00f3 en aquest cas industrial. Les empreses que integrin sostenibilitat, innovaci\u00f3, digitalitzaci\u00f3 i efici\u00e8ncia operativa dins de la seva estrat\u00e8gia seran les que lideraran el futur del sector. <\/p>\t\t\t\t\t\t\t\t<\/div>\n\t\t\t\t<\/div>\n\t\t\t\t\t<\/div>\n\t\t\t\t<\/div>\n\t\t\t\t<\/div>\n\t\t","protected":false},"excerpt":{"rendered":"<p>Sostenibilitat com a palanca d&#8217;innovaci\u00f3 i competitivitat industrial Per Carles Agust\u00ed, Director de Sostenibilitat i Desenvolupament de Negoci de Worsley AC 14 d&#8217;abril del 2026 Durant anys, la sostenibilitat ha ocupat un lloc ambigu a l&#8217;agenda empresarial. Sovint s&#8217;ha percebut com un conjunt d&#8217;obligacions reguladores, costos addicionals i noves c\u00e0rregues administratives m\u00e9s que no pas [&hellip;]<\/p>\n","protected":false},"author":29,"featured_media":0,"parent":0,"menu_order":0,"comment_status":"closed","ping_status":"closed","template":"elementor_header_footer","meta":{"inline_featured_image":false,"footnotes":""},"categories":[525],"tags":[],"class_list":["post-52505","page","type-page","status-publish","hentry","category-actualitat-ca"],"yoast_head":"<!-- This site is optimized with the Yoast SEO plugin v27.5 - https:\/\/yoast.com\/product\/yoast-seo-wordpress\/ -->\n<title>La sostenibilitat com a palanca estrat\u00e8gica de valor a l&#039;empresa industrial | amec Positive Industry<\/title>\n<meta name=\"robots\" content=\"index, follow, max-snippet:-1, max-image-preview:large, max-video-preview:-1\" \/>\n<link rel=\"canonical\" href=\"https:\/\/amec.es\/la-sostenibilidad-como-palanca-estrategica-de-valor-en-la-empresa-industrial\/\" \/>\n<meta property=\"og:locale\" content=\"ca_ES\" \/>\n<meta property=\"og:type\" content=\"article\" \/>\n<meta property=\"og:title\" content=\"La sostenibilitat com a palanca estrat\u00e8gica de valor a l&#039;empresa industrial | amec Positive Industry\" \/>\n<meta property=\"og:description\" content=\"Sostenibilitat com a palanca d&#8217;innovaci\u00f3 i competitivitat industrial Per Carles Agust\u00ed, Director de Sostenibilitat i Desenvolupament de Negoci de Worsley AC 14 d&#8217;abril del 2026 Durant anys, la sostenibilitat ha ocupat un lloc ambigu a l&#8217;agenda empresarial. Sovint s&#8217;ha percebut com un conjunt d&#8217;obligacions reguladores, costos addicionals i noves c\u00e0rregues administratives m\u00e9s que no pas [&hellip;]\" \/>\n<meta property=\"og:url\" content=\"https:\/\/amec.es\/la-sostenibilidad-como-palanca-estrategica-de-valor-en-la-empresa-industrial\/\" \/>\n<meta property=\"og:site_name\" content=\"amec Positive Industry\" \/>\n<meta property=\"article:modified_time\" content=\"2026-04-15T13:53:59+00:00\" \/>\n<meta property=\"og:image\" content=\"https:\/\/amec.es\/wp-content\/uploads\/2024\/02\/Logo_AMEC.png\" \/>\n\t<meta property=\"og:image:width\" content=\"1827\" \/>\n\t<meta property=\"og:image:height\" content=\"438\" \/>\n\t<meta property=\"og:image:type\" content=\"image\/png\" \/>\n<meta name=\"twitter:card\" content=\"summary_large_image\" \/>\n<meta name=\"twitter:label1\" content=\"Temps estimat de lectura\" \/>\n\t<meta name=\"twitter:data1\" content=\"6 minuts\" \/>\n<script type=\"application\/ld+json\" class=\"yoast-schema-graph\">{\"@context\":\"https:\\\/\\\/schema.org\",\"@graph\":[{\"@type\":\"WebPage\",\"@id\":\"https:\\\/\\\/amec.es\\\/la-sostenibilidad-como-palanca-estrategica-de-valor-en-la-empresa-industrial\\\/\",\"url\":\"https:\\\/\\\/amec.es\\\/la-sostenibilidad-como-palanca-estrategica-de-valor-en-la-empresa-industrial\\\/\",\"name\":\"La sostenibilitat com a palanca estrat\u00e8gica de valor a l'empresa industrial | amec Positive Industry\",\"isPartOf\":{\"@id\":\"https:\\\/\\\/amec.es\\\/#website\"},\"datePublished\":\"2026-04-15T07:07:35+00:00\",\"dateModified\":\"2026-04-15T13:53:59+00:00\",\"breadcrumb\":{\"@id\":\"https:\\\/\\\/amec.es\\\/la-sostenibilidad-como-palanca-estrategica-de-valor-en-la-empresa-industrial\\\/#breadcrumb\"},\"inLanguage\":\"ca\",\"potentialAction\":[{\"@type\":\"ReadAction\",\"target\":[\"https:\\\/\\\/amec.es\\\/la-sostenibilidad-como-palanca-estrategica-de-valor-en-la-empresa-industrial\\\/\"]}]},{\"@type\":\"BreadcrumbList\",\"@id\":\"https:\\\/\\\/amec.es\\\/la-sostenibilidad-como-palanca-estrategica-de-valor-en-la-empresa-industrial\\\/#breadcrumb\",\"itemListElement\":[{\"@type\":\"ListItem\",\"position\":1,\"name\":\"Portada\",\"item\":\"https:\\\/\\\/amec.es\\\/ca\\\/home-new\\\/\"},{\"@type\":\"ListItem\",\"position\":2,\"name\":\"La sostenibilitat com a palanca estrat\u00e8gica de valor a l&#8217;empresa industrial\"}]},{\"@type\":\"WebSite\",\"@id\":\"https:\\\/\\\/amec.es\\\/#website\",\"url\":\"https:\\\/\\\/amec.es\\\/\",\"name\":\"amec Positive Industry\",\"description\":\"\",\"publisher\":{\"@id\":\"https:\\\/\\\/amec.es\\\/#organization\"},\"potentialAction\":[{\"@type\":\"SearchAction\",\"target\":{\"@type\":\"EntryPoint\",\"urlTemplate\":\"https:\\\/\\\/amec.es\\\/?s={search_term_string}\"},\"query-input\":{\"@type\":\"PropertyValueSpecification\",\"valueRequired\":true,\"valueName\":\"search_term_string\"}}],\"inLanguage\":\"ca\"},{\"@type\":\"Organization\",\"@id\":\"https:\\\/\\\/amec.es\\\/#organization\",\"name\":\"amec Positive Industry\",\"url\":\"https:\\\/\\\/amec.es\\\/\",\"logo\":{\"@type\":\"ImageObject\",\"inLanguage\":\"ca\",\"@id\":\"https:\\\/\\\/amec.es\\\/#\\\/schema\\\/logo\\\/image\\\/\",\"url\":\"https:\\\/\\\/amec.es\\\/wp-content\\\/uploads\\\/2023\\\/07\\\/logoamec.png\",\"contentUrl\":\"https:\\\/\\\/amec.es\\\/wp-content\\\/uploads\\\/2023\\\/07\\\/logoamec.png\",\"width\":200,\"height\":48,\"caption\":\"amec Positive Industry\"},\"image\":{\"@id\":\"https:\\\/\\\/amec.es\\\/#\\\/schema\\\/logo\\\/image\\\/\"}}]}<\/script>\n<!-- \/ Yoast SEO plugin. -->","yoast_head_json":{"title":"La sostenibilitat com a palanca estrat\u00e8gica de valor a l'empresa industrial | amec Positive Industry","robots":{"index":"index","follow":"follow","max-snippet":"max-snippet:-1","max-image-preview":"max-image-preview:large","max-video-preview":"max-video-preview:-1"},"canonical":"https:\/\/amec.es\/la-sostenibilidad-como-palanca-estrategica-de-valor-en-la-empresa-industrial\/","og_locale":"ca_ES","og_type":"article","og_title":"La sostenibilitat com a palanca estrat\u00e8gica de valor a l'empresa industrial | amec Positive Industry","og_description":"Sostenibilitat com a palanca d&#8217;innovaci\u00f3 i competitivitat industrial Per Carles Agust\u00ed, Director de Sostenibilitat i Desenvolupament de Negoci de Worsley AC 14 d&#8217;abril del 2026 Durant anys, la sostenibilitat ha ocupat un lloc ambigu a l&#8217;agenda empresarial. Sovint s&#8217;ha percebut com un conjunt d&#8217;obligacions reguladores, costos addicionals i noves c\u00e0rregues administratives m\u00e9s que no pas [&hellip;]","og_url":"https:\/\/amec.es\/la-sostenibilidad-como-palanca-estrategica-de-valor-en-la-empresa-industrial\/","og_site_name":"amec Positive Industry","article_modified_time":"2026-04-15T13:53:59+00:00","og_image":[{"width":1827,"height":438,"url":"https:\/\/amec.es\/wp-content\/uploads\/2024\/02\/Logo_AMEC.png","type":"image\/png"}],"twitter_card":"summary_large_image","twitter_misc":{"Temps estimat de lectura":"6 minuts"},"schema":{"@context":"https:\/\/schema.org","@graph":[{"@type":"WebPage","@id":"https:\/\/amec.es\/la-sostenibilidad-como-palanca-estrategica-de-valor-en-la-empresa-industrial\/","url":"https:\/\/amec.es\/la-sostenibilidad-como-palanca-estrategica-de-valor-en-la-empresa-industrial\/","name":"La sostenibilitat com a palanca estrat\u00e8gica de valor a l'empresa industrial | amec Positive Industry","isPartOf":{"@id":"https:\/\/amec.es\/#website"},"datePublished":"2026-04-15T07:07:35+00:00","dateModified":"2026-04-15T13:53:59+00:00","breadcrumb":{"@id":"https:\/\/amec.es\/la-sostenibilidad-como-palanca-estrategica-de-valor-en-la-empresa-industrial\/#breadcrumb"},"inLanguage":"ca","potentialAction":[{"@type":"ReadAction","target":["https:\/\/amec.es\/la-sostenibilidad-como-palanca-estrategica-de-valor-en-la-empresa-industrial\/"]}]},{"@type":"BreadcrumbList","@id":"https:\/\/amec.es\/la-sostenibilidad-como-palanca-estrategica-de-valor-en-la-empresa-industrial\/#breadcrumb","itemListElement":[{"@type":"ListItem","position":1,"name":"Portada","item":"https:\/\/amec.es\/ca\/home-new\/"},{"@type":"ListItem","position":2,"name":"La sostenibilitat com a palanca estrat\u00e8gica de valor a l&#8217;empresa industrial"}]},{"@type":"WebSite","@id":"https:\/\/amec.es\/#website","url":"https:\/\/amec.es\/","name":"amec Positive Industry","description":"","publisher":{"@id":"https:\/\/amec.es\/#organization"},"potentialAction":[{"@type":"SearchAction","target":{"@type":"EntryPoint","urlTemplate":"https:\/\/amec.es\/?s={search_term_string}"},"query-input":{"@type":"PropertyValueSpecification","valueRequired":true,"valueName":"search_term_string"}}],"inLanguage":"ca"},{"@type":"Organization","@id":"https:\/\/amec.es\/#organization","name":"amec Positive Industry","url":"https:\/\/amec.es\/","logo":{"@type":"ImageObject","inLanguage":"ca","@id":"https:\/\/amec.es\/#\/schema\/logo\/image\/","url":"https:\/\/amec.es\/wp-content\/uploads\/2023\/07\/logoamec.png","contentUrl":"https:\/\/amec.es\/wp-content\/uploads\/2023\/07\/logoamec.png","width":200,"height":48,"caption":"amec Positive Industry"},"image":{"@id":"https:\/\/amec.es\/#\/schema\/logo\/image\/"}}]}},"_links":{"self":[{"href":"https:\/\/amec.es\/ca\/wp-json\/wp\/v2\/pages\/52505","targetHints":{"allow":["GET"]}}],"collection":[{"href":"https:\/\/amec.es\/ca\/wp-json\/wp\/v2\/pages"}],"about":[{"href":"https:\/\/amec.es\/ca\/wp-json\/wp\/v2\/types\/page"}],"author":[{"embeddable":true,"href":"https:\/\/amec.es\/ca\/wp-json\/wp\/v2\/users\/29"}],"replies":[{"embeddable":true,"href":"https:\/\/amec.es\/ca\/wp-json\/wp\/v2\/comments?post=52505"}],"version-history":[{"count":9,"href":"https:\/\/amec.es\/ca\/wp-json\/wp\/v2\/pages\/52505\/revisions"}],"predecessor-version":[{"id":53850,"href":"https:\/\/amec.es\/ca\/wp-json\/wp\/v2\/pages\/52505\/revisions\/53850"}],"wp:attachment":[{"href":"https:\/\/amec.es\/ca\/wp-json\/wp\/v2\/media?parent=52505"}],"wp:term":[{"taxonomy":"category","embeddable":true,"href":"https:\/\/amec.es\/ca\/wp-json\/wp\/v2\/categories?post=52505"},{"taxonomy":"post_tag","embeddable":true,"href":"https:\/\/amec.es\/ca\/wp-json\/wp\/v2\/tags?post=52505"}],"curies":[{"name":"wp","href":"https:\/\/api.w.org\/{rel}","templated":true}]}}