{"id":52566,"date":"2026-03-23T13:30:16","date_gmt":"2026-03-23T12:30:16","guid":{"rendered":"https:\/\/amec.es\/?page_id=52566"},"modified":"2026-03-26T13:10:53","modified_gmt":"2026-03-26T12:10:53","slug":"casosusoia","status":"publish","type":"page","link":"https:\/\/amec.es\/ca\/casosusoia\/","title":{"rendered":"Compartim casos d&#8217;\u00fas de la intel\u00b7lig\u00e8ncia artificial"},"content":{"rendered":"\t\t<div data-elementor-type=\"wp-page\" data-elementor-id=\"52566\" class=\"elementor elementor-52566 elementor-52565\" data-elementor-post-type=\"page\">\n\t\t\t\t\t\t<section class=\"elementor-section elementor-top-section elementor-element elementor-element-f43e207 elementor-section-boxed elementor-section-height-default elementor-section-height-default\" data-id=\"f43e207\" data-element_type=\"section\" data-e-type=\"section\" data-settings=\"{&quot;background_background&quot;:&quot;gradient&quot;}\">\n\t\t\t\t\t\t<div class=\"elementor-container elementor-column-gap-default\">\n\t\t\t\t\t<div class=\"elementor-column elementor-col-100 elementor-top-column elementor-element elementor-element-1b54d1b\" data-id=\"1b54d1b\" data-element_type=\"column\" data-e-type=\"column\">\n\t\t\t<div class=\"elementor-widget-wrap elementor-element-populated\">\n\t\t\t\t\t\t<div class=\"elementor-element elementor-element-ec3972f elementor-widget elementor-widget-heading\" data-id=\"ec3972f\" data-element_type=\"widget\" data-e-type=\"widget\" data-widget_type=\"heading.default\">\n\t\t\t\t<div class=\"elementor-widget-container\">\n\t\t\t\t\t<h2 class=\"elementor-heading-title elementor-size-default\"><a href=\"https:\/\/amec.es\/ca\/category\/actualitat-ca\/\" rel=\"tag\">Actualitat<\/a><\/h2>\t\t\t\t<\/div>\n\t\t\t\t<\/div>\n\t\t\t\t<div class=\"elementor-element elementor-element-5ca2255 elementor-widget elementor-widget-spacer\" data-id=\"5ca2255\" data-element_type=\"widget\" data-e-type=\"widget\" data-widget_type=\"spacer.default\">\n\t\t\t\t<div class=\"elementor-widget-container\">\n\t\t\t\t\t\t\t<div class=\"elementor-spacer\">\n\t\t\t<div class=\"elementor-spacer-inner\"><\/div>\n\t\t<\/div>\n\t\t\t\t\t\t<\/div>\n\t\t\t\t<\/div>\n\t\t\t\t<div class=\"elementor-element elementor-element-67a2778 elementor-widget-divider--view-line elementor-widget elementor-widget-divider\" data-id=\"67a2778\" data-element_type=\"widget\" data-e-type=\"widget\" data-widget_type=\"divider.default\">\n\t\t\t\t<div class=\"elementor-widget-container\">\n\t\t\t\t\t\t\t<div class=\"elementor-divider\">\n\t\t\t<span class=\"elementor-divider-separator\">\n\t\t\t\t\t\t<\/span>\n\t\t<\/div>\n\t\t\t\t\t\t<\/div>\n\t\t\t\t<\/div>\n\t\t\t\t\t<\/div>\n\t\t<\/div>\n\t\t\t\t\t<\/div>\n\t\t<\/section>\n\t\t\t\t<section class=\"elementor-section elementor-top-section elementor-element elementor-element-85642a5 elementor-section-boxed elementor-section-height-default elementor-section-height-default\" data-id=\"85642a5\" data-element_type=\"section\" data-e-type=\"section\">\n\t\t\t\t\t\t<div class=\"elementor-container elementor-column-gap-default\">\n\t\t\t\t\t<div class=\"elementor-column elementor-col-100 elementor-top-column elementor-element elementor-element-f327550\" data-id=\"f327550\" data-element_type=\"column\" data-e-type=\"column\">\n\t\t\t<div class=\"elementor-widget-wrap elementor-element-populated\">\n\t\t\t\t\t\t<div class=\"elementor-element elementor-element-2d88781 elementor-widget elementor-widget-heading\" data-id=\"2d88781\" data-element_type=\"widget\" data-e-type=\"widget\" data-widget_type=\"heading.default\">\n\t\t\t\t<div class=\"elementor-widget-container\">\n\t\t\t\t\t<h2 class=\"elementor-heading-title elementor-size-default\">Compartim casos d&#8217;\u00fas de la intel\u00b7lig\u00e8ncia artificial<\/h2>\t\t\t\t<\/div>\n\t\t\t\t<\/div>\n\t\t\t\t<div class=\"elementor-element elementor-element-24f57a9 elementor-widget elementor-widget-spacer\" data-id=\"24f57a9\" data-element_type=\"widget\" data-e-type=\"widget\" data-widget_type=\"spacer.default\">\n\t\t\t\t<div class=\"elementor-widget-container\">\n\t\t\t\t\t\t\t<div class=\"elementor-spacer\">\n\t\t\t<div class=\"elementor-spacer-inner\"><\/div>\n\t\t<\/div>\n\t\t\t\t\t\t<\/div>\n\t\t\t\t<\/div>\n\t\t\t\t<div class=\"elementor-element elementor-element-88ed7fa elementor-widget elementor-widget-text-editor\" data-id=\"88ed7fa\" data-element_type=\"widget\" data-e-type=\"widget\" data-widget_type=\"text-editor.default\">\n\t\t\t\t<div class=\"elementor-widget-container\">\n\t\t\t\t\t\t\t\t\t<p>8 de juliol de 2025<\/p>\t\t\t\t\t\t\t\t<\/div>\n\t\t\t\t<\/div>\n\t\t\t\t<div class=\"elementor-element elementor-element-b1706c1 elementor-widget elementor-widget-text-editor\" data-id=\"b1706c1\" data-element_type=\"widget\" data-e-type=\"widget\" data-widget_type=\"text-editor.default\">\n\t\t\t\t<div class=\"elementor-widget-container\">\n\t\t\t\t\t\t\t\t\t<p>Participem a la xarxa de Punts d&#8217;Informaci\u00f3 sobre R+D+i del CDTI, de la qual <em><strong>amec<\/strong><\/em> n&#8217;\u00e9s membre. El director del CDTI, Jos\u00e9 Mois\u00e9s Martin, va plantejar l&#8217;escenari de treball d&#8217;aquesta instituci\u00f3 per als propers anys: <\/p><ul data-start=\"156\" data-end=\"2638\"><li data-start=\"262\" data-end=\"689\"><p data-start=\"264\" data-end=\"315\"><strong data-start=\"264\" data-end=\"315\">Moments de Disrupci\u00f3 Tecnol\u00f2gica i Econ\u00f2mica:<\/strong><\/p><ul data-start=\"318\" data-end=\"689\"><li data-start=\"318\" data-end=\"384\"><p data-start=\"320\" data-end=\"384\">Emerg\u00e8ncia de nous models de llenguatge d&#8217;IA (paper rellevant de la Xina i els EUA).<\/p><\/li><li data-start=\"387\" data-end=\"592\"><p data-start=\"389\" data-end=\"592\">Reptes en la transici\u00f3 ambiental: encara que hi ha tecnologies disponibles, moltes encara requereixen maduraci\u00f3 i una major assumpci\u00f3 de riscos empresarials (el 40% de les solucions al canvi clim\u00e0tic dep\u00e8n de tecnologies no comercialitzades).<\/p><\/li><li data-start=\"595\" data-end=\"689\"><p data-start=\"597\" data-end=\"689\">Seguretat i defensa: Espanya inverteix el 2,1% del PIB, amb un paper creixent per a les pimes.<\/p><\/li><\/ul><\/li><li data-start=\"691\" data-end=\"967\"><p data-start=\"693\" data-end=\"728\"><strong data-start=\"693\" data-end=\"728\">Desafiaments Espec\u00edfics a Espanya:<\/strong><\/p><ul data-start=\"731\" data-end=\"967\"><li data-start=\"731\" data-end=\"797\"><p data-start=\"733\" data-end=\"797\">La inversi\u00f3 privada en R+D est\u00e0 per sota de la mitjana europea.<\/p><\/li><li data-start=\"800\" data-end=\"967\"><p data-start=\"802\" data-end=\"967\">El teixit empresarial es basa en pimes i micropimes, amb escassa participaci\u00f3 a la innovaci\u00f3. Repte de fomentar la innovaci\u00f3 en aquest segment. <\/p><\/li><\/ul><\/li><li data-start=\"969\" data-end=\"1269\"><p data-start=\"971\" data-end=\"1010\"><strong data-start=\"971\" data-end=\"1010\">La Innovaci\u00f3 \u00e9s Local i Sist\u00e8mica:<\/strong><\/p><ul data-start=\"1013\" data-end=\"1269\"><li data-start=\"1013\" data-end=\"1124\"><p data-start=\"1015\" data-end=\"1124\">La innovaci\u00f3 es desenvolupa principalment a l&#8217;entorn local, encara que la ci\u00e8ncia tingui un component global.<\/p><\/li><li data-start=\"1127\" data-end=\"1269\"><p data-start=\"1129\" data-end=\"1269\">El progr\u00e9s nom\u00e9s dep\u00e8n d&#8217;empreses disruptives, sin\u00f3 de l&#8217;adopci\u00f3 generalitzada de tecnologies pel conjunt del teixit empresarial.<\/p><\/li><\/ul><\/li><li data-start=\"1271\" data-end=\"1543\"><p data-start=\"1273\" data-end=\"1323\"><strong data-start=\"1273\" data-end=\"1323\">Factors Clau per a la Innovaci\u00f3 Empresarial:<\/strong><\/p><ul data-start=\"1326\" data-end=\"1543\"><li data-start=\"1326\" data-end=\"1397\"><p data-start=\"1328\" data-end=\"1397\">Sensibilitzaci\u00f3, networking i enfortiment del capital relacional.<\/p><\/li><li data-start=\"1400\" data-end=\"1543\"><p data-start=\"1402\" data-end=\"1543\">Mitigaci\u00f3 del risc percebut, especialment en pimes, malgrat m\u00e9s del 60% dels projectes finan\u00e7ats per CDTI tenen \u00e8xit comercial.<\/p><\/li><\/ul><\/li><li data-start=\"1545\" data-end=\"1830\"><p data-start=\"1547\" data-end=\"1573\"><strong data-start=\"1547\" data-end=\"1573\">Aliances i Ecosistema:<\/strong><\/p><ul data-start=\"1576\" data-end=\"1830\"><li data-start=\"1576\" data-end=\"1718\"><p data-start=\"1578\" data-end=\"1718\">CDTI impulsa aliances territorials a tres nivells: Comunitats Aut\u00f2nomes, Consell Assessor (xarxes sectorials i tecnol\u00f2giques) i la Xarxa PIDI.<\/p><\/li><li data-start=\"1721\" data-end=\"1830\"><p data-start=\"1723\" data-end=\"1830\">El CDTI no cerca liderar l&#8217;ecosistema, sin\u00f3 donar suport al seu funcionament i enfortir les capacitats locals.<\/p><\/li><\/ul><\/li><li data-start=\"1832\" data-end=\"2139\"><p data-start=\"1834\" data-end=\"1869\"><strong data-start=\"1834\" data-end=\"1869\">Rol Estrat\u00e8gic de la Xarxa PIDI:<\/strong><\/p><ul data-start=\"1872\" data-end=\"2139\"><li data-start=\"1872\" data-end=\"1952\"><p data-start=\"1874\" data-end=\"1952\">Potenciar la seva funci\u00f3 com a catalitzador de confian\u00e7a i proactivitat empresarial.<\/p><\/li><li data-start=\"1955\" data-end=\"2039\"><p data-start=\"1957\" data-end=\"2039\">Convertir consultes en projectes reals (el 2024 es van gestionar 14.000 consultes).<\/p><\/li><li data-start=\"2042\" data-end=\"2139\"><p data-start=\"2044\" data-end=\"2139\">Apropar la innovaci\u00f3 a empreses inactives en aquest \u00e0mbit, facilitant-ne l&#8217;acc\u00e9s a l&#8217;ecosistema.<\/p><\/li><\/ul><\/li><li data-start=\"2141\" data-end=\"2638\"><p data-start=\"2143\" data-end=\"2178\"><strong data-start=\"2143\" data-end=\"2178\">Resultats i Perspectives CDTI:<\/strong><\/p><ul data-start=\"2181\" data-end=\"2638\"><li data-start=\"2181\" data-end=\"2282\"><p data-start=\"2183\" data-end=\"2282\">El 2025 mobilitza 1.942 M\u20ac (10% de la innovaci\u00f3 nacional), amb un impacte estimat de 0,5% del PIB.<\/p><\/li><li data-start=\"2285\" data-end=\"2373\"><p data-start=\"2287\" data-end=\"2373\">Comprom\u00eds de finan\u00e7ar propostes t\u00e8cniques valuoses, fins i tot si s&#8217;esgoten els fons.<\/p><\/li><li data-start=\"2376\" data-end=\"2456\"><p data-start=\"2378\" data-end=\"2456\">Millora en la cobertura de risc (fins a 1 M\u20ac per a pimes i 2 M\u20ac per a mitjanes).<\/p><\/li><li data-start=\"2459\" data-end=\"2538\"><p data-start=\"2461\" data-end=\"2538\">Publicaci\u00f3 de calendaris de convocat\u00f2ries i codisseny amb els participants.<\/p><\/li><li data-start=\"2541\" data-end=\"2638\"><p data-start=\"2543\" data-end=\"2638\">Enfocament a atraure noves empreses cap a la innovaci\u00f3 mitjan\u00e7ant models dactuaci\u00f3 proactius.  <\/p><\/li><\/ul><\/li><\/ul><p>Durant el debat es van plantejar diverses opcions per intentar promoure que les petites empreses participessin m\u00e9s en projectes dinnovaci\u00f3 amb el suport del CDTI. Hi va haver una petici\u00f3 generalitzada de simplificaci\u00f3 administrativa per part de les entitats participants de la xarxa. <\/p><p>Des <strong><em>d&#8217;amec<\/em><\/strong> recordem el comprom\u00eds ja anunciat pel director del CDTI a la nostra Comissi\u00f3 T\u00e8cnica d&#8217;Innovaci\u00f3 de llan\u00e7ar un nou programa anomenat &#8220;la meva primera APR&#8221;, que finan\u00e7aria les despeses de preparaci\u00f3 de la primera proposta d&#8217;Ajuda Parcialment Reemborsable de petites empreses, sempre que abans CDTI hagu\u00e9s aprovat una nota de concepte pr\u00e8via. El director del CDTI va indicar que estan treballant al programa i que esperen llan\u00e7ar-lo en els propers mesos. <\/p>\t\t\t\t\t\t\t\t<\/div>\n\t\t\t\t<\/div>\n\t\t\t\t<div class=\"elementor-element elementor-element-1adc2e1 elementor-widget elementor-widget-image\" data-id=\"1adc2e1\" data-element_type=\"widget\" data-e-type=\"widget\" data-widget_type=\"image.default\">\n\t\t\t\t<div class=\"elementor-widget-container\">\n\t\t\t\t\t\t\t\t\t\t\t\t\t\t\t<img fetchpriority=\"high\" decoding=\"async\" width=\"800\" height=\"600\" src=\"https:\/\/amec.es\/wp-content\/uploads\/2025\/07\/PIDI1-1024x768.jpg\" class=\"attachment-large size-large wp-image-38278\" alt=\"\" srcset=\"https:\/\/amec.es\/wp-content\/uploads\/2025\/07\/PIDI1-1024x768.jpg 1024w, https:\/\/amec.es\/wp-content\/uploads\/2025\/07\/PIDI1-300x225.jpg 300w, https:\/\/amec.es\/wp-content\/uploads\/2025\/07\/PIDI1-768x576.jpg 768w, https:\/\/amec.es\/wp-content\/uploads\/2025\/07\/PIDI1-1536x1152.jpg 1536w, https:\/\/amec.es\/wp-content\/uploads\/2025\/07\/PIDI1-2048x1536.jpg 2048w, https:\/\/amec.es\/wp-content\/uploads\/2025\/07\/PIDI1-600x450.jpg 600w\" sizes=\"(max-width: 800px) 100vw, 800px\" \/>\t\t\t\t\t\t\t\t\t\t\t\t\t\t\t<\/div>\n\t\t\t\t<\/div>\n\t\t\t\t\t<\/div>\n\t\t<\/div>\n\t\t\t\t\t<\/div>\n\t\t<\/section>\n\t\t\t\t<\/div>\n\t\t","protected":false},"excerpt":{"rendered":"<p>8 de juliol de 2025 Participem a la xarxa de Punts d&#8217;Informaci\u00f3 sobre R+D+i del CDTI, de la qual amec n&#8217;\u00e9s membre. El director del CDTI, Jos\u00e9 Mois\u00e9s Martin, va plantejar l&#8217;escenari de treball d&#8217;aquesta instituci\u00f3 per als propers anys: Moments de Disrupci\u00f3 Tecnol\u00f2gica i Econ\u00f2mica: Emerg\u00e8ncia de nous models de llenguatge d&#8217;IA (paper rellevant [&hellip;]<\/p>\n","protected":false},"author":33,"featured_media":0,"parent":0,"menu_order":0,"comment_status":"closed","ping_status":"closed","template":"elementor_header_footer","meta":{"inline_featured_image":false,"footnotes":""},"categories":[525],"tags":[],"class_list":["post-52566","page","type-page","status-publish","hentry","category-actualitat-ca"],"yoast_head":"<!-- This site is optimized with the Yoast SEO plugin v27.5 - https:\/\/yoast.com\/product\/yoast-seo-wordpress\/ -->\n<title>Compartim casos d&#039;\u00fas de la intel\u00b7lig\u00e8ncia artificial | amec Positive Industry<\/title>\n<meta name=\"robots\" content=\"noindex, nofollow\" \/>\n<meta property=\"og:locale\" content=\"ca_ES\" \/>\n<meta property=\"og:type\" content=\"article\" \/>\n<meta property=\"og:title\" content=\"Compartim casos d&#039;\u00fas de la intel\u00b7lig\u00e8ncia artificial | amec Positive Industry\" \/>\n<meta property=\"og:description\" content=\"8 de juliol de 2025 Participem a la xarxa de Punts d&#8217;Informaci\u00f3 sobre R+D+i del CDTI, de la qual amec n&#8217;\u00e9s membre. El director del CDTI, Jos\u00e9 Mois\u00e9s Martin, va plantejar l&#8217;escenari de treball d&#8217;aquesta instituci\u00f3 per als propers anys: Moments de Disrupci\u00f3 Tecnol\u00f2gica i Econ\u00f2mica: Emerg\u00e8ncia de nous models de llenguatge d&#8217;IA (paper rellevant [&hellip;]\" \/>\n<meta property=\"og:url\" content=\"https:\/\/amec.es\/ca\/casosusoia\/\" \/>\n<meta property=\"og:site_name\" content=\"amec Positive Industry\" \/>\n<meta property=\"article:modified_time\" content=\"2026-03-26T12:10:53+00:00\" \/>\n<meta property=\"og:image\" content=\"https:\/\/amec.es\/wp-content\/uploads\/2025\/07\/PIDI1-scaled.jpg\" \/>\n\t<meta property=\"og:image:width\" content=\"2560\" \/>\n\t<meta property=\"og:image:height\" content=\"1920\" \/>\n\t<meta property=\"og:image:type\" content=\"image\/jpeg\" \/>\n<meta name=\"twitter:card\" content=\"summary_large_image\" \/>\n<meta name=\"twitter:label1\" content=\"Temps estimat de lectura\" \/>\n\t<meta name=\"twitter:data1\" content=\"3 minuts\" \/>\n<script type=\"application\/ld+json\" class=\"yoast-schema-graph\">{\"@context\":\"https:\\\/\\\/schema.org\",\"@graph\":[{\"@type\":\"WebPage\",\"@id\":\"https:\\\/\\\/amec.es\\\/ca\\\/casosusoia\\\/\",\"url\":\"https:\\\/\\\/amec.es\\\/ca\\\/casosusoia\\\/\",\"name\":\"Compartim casos d'\u00fas de la intel\u00b7lig\u00e8ncia artificial | amec Positive Industry\",\"isPartOf\":{\"@id\":\"https:\\\/\\\/amec.es\\\/#website\"},\"primaryImageOfPage\":{\"@id\":\"https:\\\/\\\/amec.es\\\/ca\\\/casosusoia\\\/#primaryimage\"},\"image\":{\"@id\":\"https:\\\/\\\/amec.es\\\/ca\\\/casosusoia\\\/#primaryimage\"},\"thumbnailUrl\":\"https:\\\/\\\/amec.es\\\/wp-content\\\/uploads\\\/2025\\\/07\\\/PIDI1-1024x768.jpg\",\"datePublished\":\"2026-03-23T12:30:16+00:00\",\"dateModified\":\"2026-03-26T12:10:53+00:00\",\"breadcrumb\":{\"@id\":\"https:\\\/\\\/amec.es\\\/ca\\\/casosusoia\\\/#breadcrumb\"},\"inLanguage\":\"ca\",\"potentialAction\":[{\"@type\":\"ReadAction\",\"target\":[\"https:\\\/\\\/amec.es\\\/ca\\\/casosusoia\\\/\"]}]},{\"@type\":\"ImageObject\",\"inLanguage\":\"ca\",\"@id\":\"https:\\\/\\\/amec.es\\\/ca\\\/casosusoia\\\/#primaryimage\",\"url\":\"https:\\\/\\\/amec.es\\\/wp-content\\\/uploads\\\/2025\\\/07\\\/PIDI1-1024x768.jpg\",\"contentUrl\":\"https:\\\/\\\/amec.es\\\/wp-content\\\/uploads\\\/2025\\\/07\\\/PIDI1-1024x768.jpg\"},{\"@type\":\"BreadcrumbList\",\"@id\":\"https:\\\/\\\/amec.es\\\/ca\\\/casosusoia\\\/#breadcrumb\",\"itemListElement\":[{\"@type\":\"ListItem\",\"position\":1,\"name\":\"Portada\",\"item\":\"https:\\\/\\\/amec.es\\\/ca\\\/home-new\\\/\"},{\"@type\":\"ListItem\",\"position\":2,\"name\":\"Compartim casos d&#8217;\u00fas de la intel\u00b7lig\u00e8ncia artificial\"}]},{\"@type\":\"WebSite\",\"@id\":\"https:\\\/\\\/amec.es\\\/#website\",\"url\":\"https:\\\/\\\/amec.es\\\/\",\"name\":\"amec Positive Industry\",\"description\":\"\",\"publisher\":{\"@id\":\"https:\\\/\\\/amec.es\\\/#organization\"},\"potentialAction\":[{\"@type\":\"SearchAction\",\"target\":{\"@type\":\"EntryPoint\",\"urlTemplate\":\"https:\\\/\\\/amec.es\\\/?s={search_term_string}\"},\"query-input\":{\"@type\":\"PropertyValueSpecification\",\"valueRequired\":true,\"valueName\":\"search_term_string\"}}],\"inLanguage\":\"ca\"},{\"@type\":\"Organization\",\"@id\":\"https:\\\/\\\/amec.es\\\/#organization\",\"name\":\"amec Positive Industry\",\"url\":\"https:\\\/\\\/amec.es\\\/\",\"logo\":{\"@type\":\"ImageObject\",\"inLanguage\":\"ca\",\"@id\":\"https:\\\/\\\/amec.es\\\/#\\\/schema\\\/logo\\\/image\\\/\",\"url\":\"https:\\\/\\\/amec.es\\\/wp-content\\\/uploads\\\/2023\\\/07\\\/logoamec.png\",\"contentUrl\":\"https:\\\/\\\/amec.es\\\/wp-content\\\/uploads\\\/2023\\\/07\\\/logoamec.png\",\"width\":200,\"height\":48,\"caption\":\"amec Positive Industry\"},\"image\":{\"@id\":\"https:\\\/\\\/amec.es\\\/#\\\/schema\\\/logo\\\/image\\\/\"}}]}<\/script>\n<!-- \/ Yoast SEO plugin. -->","yoast_head_json":{"title":"Compartim casos d'\u00fas de la intel\u00b7lig\u00e8ncia artificial | amec Positive Industry","robots":{"index":"noindex","follow":"nofollow"},"og_locale":"ca_ES","og_type":"article","og_title":"Compartim casos d'\u00fas de la intel\u00b7lig\u00e8ncia artificial | amec Positive Industry","og_description":"8 de juliol de 2025 Participem a la xarxa de Punts d&#8217;Informaci\u00f3 sobre R+D+i del CDTI, de la qual amec n&#8217;\u00e9s membre. El director del CDTI, Jos\u00e9 Mois\u00e9s Martin, va plantejar l&#8217;escenari de treball d&#8217;aquesta instituci\u00f3 per als propers anys: Moments de Disrupci\u00f3 Tecnol\u00f2gica i Econ\u00f2mica: Emerg\u00e8ncia de nous models de llenguatge d&#8217;IA (paper rellevant [&hellip;]","og_url":"https:\/\/amec.es\/ca\/casosusoia\/","og_site_name":"amec Positive Industry","article_modified_time":"2026-03-26T12:10:53+00:00","og_image":[{"width":2560,"height":1920,"url":"https:\/\/amec.es\/wp-content\/uploads\/2025\/07\/PIDI1-scaled.jpg","type":"image\/jpeg"}],"twitter_card":"summary_large_image","twitter_misc":{"Temps estimat de lectura":"3 minuts"},"schema":{"@context":"https:\/\/schema.org","@graph":[{"@type":"WebPage","@id":"https:\/\/amec.es\/ca\/casosusoia\/","url":"https:\/\/amec.es\/ca\/casosusoia\/","name":"Compartim casos d'\u00fas de la intel\u00b7lig\u00e8ncia artificial | amec Positive Industry","isPartOf":{"@id":"https:\/\/amec.es\/#website"},"primaryImageOfPage":{"@id":"https:\/\/amec.es\/ca\/casosusoia\/#primaryimage"},"image":{"@id":"https:\/\/amec.es\/ca\/casosusoia\/#primaryimage"},"thumbnailUrl":"https:\/\/amec.es\/wp-content\/uploads\/2025\/07\/PIDI1-1024x768.jpg","datePublished":"2026-03-23T12:30:16+00:00","dateModified":"2026-03-26T12:10:53+00:00","breadcrumb":{"@id":"https:\/\/amec.es\/ca\/casosusoia\/#breadcrumb"},"inLanguage":"ca","potentialAction":[{"@type":"ReadAction","target":["https:\/\/amec.es\/ca\/casosusoia\/"]}]},{"@type":"ImageObject","inLanguage":"ca","@id":"https:\/\/amec.es\/ca\/casosusoia\/#primaryimage","url":"https:\/\/amec.es\/wp-content\/uploads\/2025\/07\/PIDI1-1024x768.jpg","contentUrl":"https:\/\/amec.es\/wp-content\/uploads\/2025\/07\/PIDI1-1024x768.jpg"},{"@type":"BreadcrumbList","@id":"https:\/\/amec.es\/ca\/casosusoia\/#breadcrumb","itemListElement":[{"@type":"ListItem","position":1,"name":"Portada","item":"https:\/\/amec.es\/ca\/home-new\/"},{"@type":"ListItem","position":2,"name":"Compartim casos d&#8217;\u00fas de la intel\u00b7lig\u00e8ncia artificial"}]},{"@type":"WebSite","@id":"https:\/\/amec.es\/#website","url":"https:\/\/amec.es\/","name":"amec Positive Industry","description":"","publisher":{"@id":"https:\/\/amec.es\/#organization"},"potentialAction":[{"@type":"SearchAction","target":{"@type":"EntryPoint","urlTemplate":"https:\/\/amec.es\/?s={search_term_string}"},"query-input":{"@type":"PropertyValueSpecification","valueRequired":true,"valueName":"search_term_string"}}],"inLanguage":"ca"},{"@type":"Organization","@id":"https:\/\/amec.es\/#organization","name":"amec Positive Industry","url":"https:\/\/amec.es\/","logo":{"@type":"ImageObject","inLanguage":"ca","@id":"https:\/\/amec.es\/#\/schema\/logo\/image\/","url":"https:\/\/amec.es\/wp-content\/uploads\/2023\/07\/logoamec.png","contentUrl":"https:\/\/amec.es\/wp-content\/uploads\/2023\/07\/logoamec.png","width":200,"height":48,"caption":"amec Positive Industry"},"image":{"@id":"https:\/\/amec.es\/#\/schema\/logo\/image\/"}}]}},"_links":{"self":[{"href":"https:\/\/amec.es\/ca\/wp-json\/wp\/v2\/pages\/52566","targetHints":{"allow":["GET"]}}],"collection":[{"href":"https:\/\/amec.es\/ca\/wp-json\/wp\/v2\/pages"}],"about":[{"href":"https:\/\/amec.es\/ca\/wp-json\/wp\/v2\/types\/page"}],"author":[{"embeddable":true,"href":"https:\/\/amec.es\/ca\/wp-json\/wp\/v2\/users\/33"}],"replies":[{"embeddable":true,"href":"https:\/\/amec.es\/ca\/wp-json\/wp\/v2\/comments?post=52566"}],"version-history":[{"count":3,"href":"https:\/\/amec.es\/ca\/wp-json\/wp\/v2\/pages\/52566\/revisions"}],"predecessor-version":[{"id":52897,"href":"https:\/\/amec.es\/ca\/wp-json\/wp\/v2\/pages\/52566\/revisions\/52897"}],"wp:attachment":[{"href":"https:\/\/amec.es\/ca\/wp-json\/wp\/v2\/media?parent=52566"}],"wp:term":[{"taxonomy":"category","embeddable":true,"href":"https:\/\/amec.es\/ca\/wp-json\/wp\/v2\/categories?post=52566"},{"taxonomy":"post_tag","embeddable":true,"href":"https:\/\/amec.es\/ca\/wp-json\/wp\/v2\/tags?post=52566"}],"curies":[{"name":"wp","href":"https:\/\/api.w.org\/{rel}","templated":true}]}}