{"id":43753,"date":"2025-11-18T09:34:37","date_gmt":"2025-11-18T08:34:37","guid":{"rendered":"https:\/\/amec.es\/plan-india\/"},"modified":"2025-11-18T09:34:58","modified_gmt":"2025-11-18T08:34:58","slug":"plan-india","status":"publish","type":"page","link":"https:\/\/amec.es\/en\/plan-india\/","title":{"rendered":"Plan India"},"content":{"rendered":"<h2><strong>Summit NEXT 2026<\/strong><\/h2>\n<h2>30 de octubre de 2025<\/h2>\n<p>Esade Barcelona<\/p>\n<h2>INSCRIPCIONES CERRADAS<\/h2>\n<p><a href=\"#formulario\"><br \/>\n\u00a1Inscr\u00edbete!<br \/>\n<\/a><\/p>\n<p>Con la colaboraci\u00f3n de:<\/p>\n<p><a href=\"https:\/\/bmcglobal.net\/es\/\"><br \/>\n<img fetchpriority=\"high\" decoding=\"async\" src=\"https:\/\/www.amec.es\/wp-content\/uploads\/2025\/10\/logo-bmcglobal-white-1024x222.png\" sizes=\"(max-width: 800px) 100vw, 800px\" srcset=\"https:\/\/www.amec.es\/wp-content\/uploads\/2025\/10\/logo-bmcglobal-white-1024x222.png 1024w, https:\/\/www.amec.es\/wp-content\/uploads\/2025\/10\/logo-bmcglobal-white-300x65.png 300w, https:\/\/www.amec.es\/wp-content\/uploads\/2025\/10\/logo-bmcglobal-white-768x167.png 768w, https:\/\/www.amec.es\/wp-content\/uploads\/2025\/10\/logo-bmcglobal-white-1536x333.png 1536w, https:\/\/www.amec.es\/wp-content\/uploads\/2025\/10\/logo-bmcglobal-white-2048x444.png 2048w, https:\/\/www.amec.es\/wp-content\/uploads\/2025\/10\/logo-bmcglobal-white-600x130.png 600w\" alt=\"\" width=\"800\" height=\"173\" \/> <\/a><br \/>\n<a href=\"https:\/\/www.cesce.es\/es\/\"><br \/>\n<img decoding=\"async\" src=\"https:\/\/www.amec.es\/wp-content\/uploads\/2024\/05\/Cesce-white.png\" alt=\"\" width=\"200\" height=\"100\" \/> <\/a><br \/>\n<a href=\"https:\/\/www.esade.edu\/es\"><br \/>\n<img decoding=\"async\" src=\"https:\/\/www.amec.es\/wp-content\/uploads\/2024\/10\/logo-esade-white.png\" alt=\"\" width=\"200\" height=\"100\" \/> <\/a><br \/>\n<a href=\"https:\/\/jcvshipping.com\/\"><br \/>\n<img loading=\"lazy\" decoding=\"async\" src=\"https:\/\/www.amec.es\/wp-content\/uploads\/2024\/10\/Logo-jcv-web-summit.png\" alt=\"\" width=\"200\" height=\"100\" \/> <\/a><\/p>\n<figure><img loading=\"lazy\" decoding=\"async\" src=\"https:\/\/www.amec.es\/wp-content\/uploads\/2023\/10\/exclusivo-icona-summit-150x150.png\" alt=\"\" width=\"150\" height=\"150\" \/><\/figure>\n<h5>Un evento imperdible y exclusivo para nuestra comunidad<\/h5>\n<figure><img loading=\"lazy\" decoding=\"async\" src=\"https:\/\/www.amec.es\/wp-content\/uploads\/2023\/10\/prospectiva-icona-summit-150x150.png\" alt=\"\" width=\"150\" height=\"150\" \/><\/figure>\n<h5>Planea el 2026 con prospectiva y estrategia de mercados<\/h5>\n<figure><img loading=\"lazy\" decoding=\"async\" src=\"https:\/\/www.amec.es\/wp-content\/uploads\/2023\/10\/conexions-icona-summit-150x150.png\" alt=\"\" width=\"150\" height=\"150\" \/><\/figure>\n<h5>Asiste con tu equipo para contrastar vuestro plan de crecimiento y perspectivas<\/h5>\n<h2>El evento de prospectiva que no te querr\u00e1s perder<\/h2>\n<h2>El evento de prospectiva que no te querr\u00e1s perder<\/h2>\n<p>El Summit NEXT 2026 llega con todas las respuestas para que encares los retos del pr\u00f3ximo a\u00f1o con confianza. <b>\u00bfCu\u00e1les ser\u00e1n los principales riesgos para 2026? \u00bfC\u00f3mo crecer a pesar de la incertidumbre?<\/b><\/p>\n<p>Este a\u00f1o, el Summit Next cobra m\u00e1s importancia que nunca. La influencia geopol\u00edtica en las decisiones empresariales est\u00e1 a la orden del d\u00eda, y el comercio internacional gana complejidad por la fragmentaci\u00f3n de los \u00f3rdenes que conoc\u00edamos hasta ahora. <strong>Acomp\u00e1\u00f1anos a abordar los retos y oportunidades para las empresas industriales internacionalizadas en este entorno tan complejo.<\/strong><\/p>\n<p><b>\u00bfPreparad@ para descubrir c\u00f3mo destacar en 2026? \u00a1Sigue leyendo! \ud83d\ude09<\/b><\/p>\n<h2>Un programa pensado para que conozcas los riesgos y aproveches las oportunidades de 2026<\/h2>\n<p><a tabindex=\"0\">9:15 | Recogida de acreditaciones<\/a><br \/>\n<a tabindex=\"0\">9:30 | Bienvenida Summit Next 2026 &#8211; Esade<\/a><\/p>\n<p>A cargo de Josep Llu\u00eds Cano, Director Acad\u00e9mico de Custom &amp; Partners Programs ExEd en Esade<\/p>\n<p><a tabindex=\"0\">9:35 | Apertura Summit Next 2026 &#8211; amec<\/a><\/p>\n<p>A cargo de Pere Relats, presidente de amec<\/p>\n<p><a tabindex=\"0\">9:40 | El Estado del Mundo &#8211; Beatriz Reguero, directora del \u00c1rea de la Cuenta del Estado de Cesce<\/a><\/p>\n<p>Beatriz Reguero, directora de \u00c1rea de la Cuenta del Estado en Cesce, nos presentar\u00e1 el Estado del Mundo, donde descubriremos los riesgos y posibles oportunidades de los mercados para el pr\u00f3ximo a\u00f1o.<\/p>\n<p><a tabindex=\"0\">10:30 | Tertulia: la industria en el entorno de riesgos y oportunidades geopol\u00edticas 2025-2026<\/a><\/p>\n<ul>\n<li><strong>Beatriz Reguero<\/strong>, directora del \u00c1rea de la Cuenta de Estado de Cesce.<\/li>\n<li><b>Pau Abell\u00f3,\u00a0<\/b>director general de relaciones institucionales de Roca.<\/li>\n<li><strong>Xavier Mendoza, <\/strong>profesor titular, Departamento de Direcci\u00f3n General y Estrategia de Esade<\/li>\n<li><strong>Llu\u00eds Ferrer<\/strong>, Export Manager de Manusa<\/li>\n<\/ul>\n<p>Moderada por:<\/p>\n<ul>\n<li><strong>Aleix Serrallonga<\/strong>, project manager internacional de amec<\/li>\n<\/ul>\n<p><a tabindex=\"0\">11:15 | Preguntas de los asistentes<\/a><\/p>\n<p>Turno de preguntas a los participantes de la tertulia<\/p>\n<p><a tabindex=\"0\">11:25 | Flash de conocimiento de BMC Global<\/a><\/p>\n<p>A cargo de Xavier Larruy, deputy sales director de BMC Global<\/p>\n<p><a tabindex=\"0\">11:30 | Coffee Break<\/a><\/p>\n<p>Caf\u00e9 networking donde conectar, compartir y colaborar con el resto de empresas industriales.<\/p>\n<p><a tabindex=\"0\">12:10 | Informe de Prospectiva de Mercados &#8211; Susana Gonzalez, responsable del Observatorio de amec<\/a><\/p>\n<p>Susana Gonz\u00e1lez, responsable del Observatorio de amec, nos presentar\u00e1 el informe de Prospectiva de Mercados. Es el\u00a0<strong>informe insignia de amec<\/strong>\u00a0en el que se eval\u00faa el potencial de los mercados prioritarios para los miembros de\u00a0<i>amec\u00a0<\/i>desde una perspectiva sectorial y de proyecci\u00f3n.<\/p>\n<p><a tabindex=\"0\">12:35 | P\u00edldoras de conocimiento. Los mercados m\u00e1s estrat\u00e9gicos para 2026<\/a><\/p>\n<p>Representantes y delegados de la red internacional de amec nos compartir\u00e1n cu\u00e1les son los mercados m\u00e1s estrat\u00e9gicos para 2026 y d\u00f3nde debemos poner el foco para aprovecharlos al m\u00e1ximo:<\/p>\n<ul>\n<li>Mercosur<\/li>\n<li>Arabia Saud\u00ed<\/li>\n<li>India<\/li>\n<\/ul>\n<p><a tabindex=\"0\">13:15 | Conclusiones &#8211; Joan Tristany, director general de amec<\/a><\/p>\n<p>Joan Tristany, director general de amec, nos expondr\u00e1 los highlights m\u00e1s importantes de la jornada.<\/p>\n<p><a href=\"#formulario\"><br \/>\n\u00a1Inscr\u00edbete!<br \/>\n<\/a><\/p>\n<h2>Ponentes expertos en prospectiva de mercados<\/h2>\n<figure><img decoding=\"async\" title=\"Pere Relats forum\" src=\"https:\/\/www.amec.es\/wp-content\/uploads\/elementor\/thumbs\/Pere-Relats-forum-r6pasl3ybfqce0oobzr9f61gl5c8avv7g5u66vf5ds.jpg\" alt=\"Pere Relats forum\" \/><\/figure>\n<h3>Pere Relats<\/h3>\n<p>Presidente de amec<\/p>\n<figure><img decoding=\"async\" title=\"beatriz-reguero\" src=\"https:\/\/www.amec.es\/wp-content\/uploads\/elementor\/thumbs\/beatriz-reguero-rckcmdn0qmg1d70r6ajknw9gyz8mn0f8jc8cxlxkow.jpg\" alt=\"beatriz-reguero\" \/><\/figure>\n<h3>Beatriz Reguero<\/h3>\n<p>Directora del \u00c1rea del Cuenta del Estado de Cesce<\/p>\n<figure><img decoding=\"async\" title=\"Joan tristany forum\" src=\"https:\/\/www.amec.es\/wp-content\/uploads\/elementor\/thumbs\/Joan-tristany-forum-r6pasfgx6fimgcwv8xbi07gp0u410p8tfdx9b7nif4.jpg\" alt=\"Joan tristany forum\" \/><\/figure>\n<h3>Joan Tristany<\/h3>\n<p>Director general de amec<\/p>\n<figure><img decoding=\"async\" title=\"susana-gonzalez\" src=\"https:\/\/www.amec.es\/wp-content\/uploads\/elementor\/thumbs\/susana-gonzalez-rckcqoqe2acckurh0nl0lb4izk06x2iy4nvh49jm68.jpg\" alt=\"susana-gonzalez\" \/><\/figure>\n<h3>Susana Gonz\u00e1lez<\/h3>\n<p>Directora del Observatorio de amec<\/p>\n<figure><img decoding=\"async\" title=\"Pau-abello\" src=\"https:\/\/www.amec.es\/wp-content\/uploads\/elementor\/thumbs\/Pau-abello-rckcmk7w2gp1mgr73vdynclp4oc74w5cw8srajnthc.jpg\" alt=\"Pau-abello\" \/><\/figure>\n<h3>Pau Abell\u00f3<\/h3>\n<p>Director general de relaciones institucionales de Roca<\/p>\n<figure><img decoding=\"async\" title=\"Foto Perfil Lluis Ferrer\" src=\"https:\/\/www.amec.es\/wp-content\/uploads\/elementor\/thumbs\/Foto-Perfil-Lluis-Ferrer-rdvq4znfe6ikis41eohvoo4xerarltnke91alpaf7s.jpg\" alt=\"Foto Perfil Lluis Ferrer\" \/><\/figure>\n<h3>Llu\u00eds Ferrer<\/h3>\n<p>Export Manager en Manusa<\/p>\n<figure><img decoding=\"async\" title=\"xavier-mendoza\" src=\"https:\/\/www.amec.es\/wp-content\/uploads\/elementor\/thumbs\/xavier-mendoza-rckcm9vnzaaw2r67s8x2dx7mlfr5s80b6tmf0i35ds.jpg\" alt=\"xavier-mendoza\" \/><\/figure>\n<h3>Xavier Mendoza<\/h3>\n<p>Profesor titular, Departamento de Direcci\u00f3n General y Estrategia de Esade<\/p>\n<figure><img decoding=\"async\" title=\"diego-guri\" src=\"https:\/\/www.amec.es\/wp-content\/uploads\/elementor\/thumbs\/diego-guri-rckcmggjb4jwc0wnptrgddjur4uqa3qfjq6tdfte68.jpg\" alt=\"diego-guri\" \/><\/figure>\n<h3>Diego Guri<\/h3>\n<p>Subdirector general de amec<\/p>\n<figure><img decoding=\"async\" title=\"xavier-larruy-bmc\" src=\"https:\/\/www.amec.es\/wp-content\/uploads\/elementor\/thumbs\/xavier-larruy-bmc-rd7bhb3hw14lkmw87pml4tckfzu0eu2i3ylgv47jsw.png\" alt=\"xavier-larruy-bmc\" \/><\/figure>\n<h3>Xavier Larruy<\/h3>\n<p>Deputy Sales Director de BMC Global<\/p>\n<figure><img decoding=\"async\" title=\"Nuria-Sala\" src=\"https:\/\/www.amec.es\/wp-content\/uploads\/elementor\/thumbs\/Nuria-Sala-rckcn14zhhc7fg2md2p8w8bztm0szg0iykjhxiyqdc.jpg\" alt=\"Nuria-Sala\" \/><\/figure>\n<h3>N\u00faria Sala<\/h3>\n<p>Directora de Comunicaci\u00f3n y Marketing de amec<\/p>\n<figure><img decoding=\"async\" title=\"josep lluis cano ok\" src=\"https:\/\/www.amec.es\/wp-content\/uploads\/elementor\/thumbs\/josep-lluis-cano-ok-rcy7r78tikepoeaxvey43iyail78yfehor3zz3dp8g.jpg\" alt=\"josep lluis cano ok\" \/><\/figure>\n<h3>Josep Llu\u00eds Cano<\/h3>\n<p>Director Acad\u00e9mico de Custom &amp; Partners Programs ExEd en Esade<\/p>\n<figure><img decoding=\"async\" title=\"aleix-serrallonga\" src=\"https:\/\/www.amec.es\/wp-content\/uploads\/elementor\/thumbs\/aleix-serrallonga-rckcn3yi1zg2e9yiwlx4lpmdlrmwmjbpyyhydcujuo.jpg\" alt=\"aleix-serrallonga\" \/><\/figure>\n<h3>Aleix Serrallonga<\/h3>\n<p>Project Manager Internacional de amec<\/p>\n<h2>Patrocinador<\/h2>\n<p><a href=\"https:\/\/bmcglobal.net\/es\/\"><br \/>\nBMC Global es una agencia de viajes y eventos corporativos que ofrece un servicio personalizado y a medida a las empresas. Uno de sus puntos fuertes es la adaptaci\u00f3n del servicio a cada cliente, ofreciendo un modelo h\u00edbrido que combina un servicio personalizado con la tecnolog\u00eda de BQueek, una herramienta integrada de gesti\u00f3n de viajes a trav\u00e9s de la cual los viajeros pueden reservar sus trayectos, comparar tarifas y consultar sus bonos de viajes entre otros.<br \/>\n<\/a><\/p>\n<h2>Patrocinador experto<\/h2>\n<p><a href=\"https:\/\/www.cesce.es\/\"><br \/>\nCesce es la cabecera de un grupo de empresas que ofrece soluciones integrales para la gesti\u00f3n del cr\u00e9dito comercial y la emisi\u00f3n de seguro de cauci\u00f3n y garant\u00edas en parte de Europa y Latinoam\u00e9rica. Cesce es tambi\u00e9n la Agencia de Cr\u00e9dito a la Exportaci\u00f3n (ECA) espa\u00f1ola que gestiona el seguro de cr\u00e9dito a la exportaci\u00f3n, y la cobertura de los riesgos a medio y largo plazo de los consumidores electrointensivos, ambos por cuenta del Estado.<br \/>\n<\/a><\/p>\n<h2>Knowledge partner<\/h2>\n<p><a href=\"https:\/\/www.esade.edu\/es\"><br \/>\nPor segundo a\u00f1o consecutivo, el Financial Times ha situado a Esade como la 4\u00aa mejor Business School del mundo para Executive Education y ha reconocido la calidad de nuestros Open Programs otorg\u00e1ndoles la 3\u00aa posici\u00f3n. Esade Executive Education reafirma que la innovaci\u00f3n en la experiencia de aprendizaje a trav\u00e9s de entornos colaborativos permite potenciar el talento, el desarrollo de nuevas habilidades y la capacidad de impacto de l\u00edderes y empresas.<br \/>\n<\/a><\/p>\n<h2>Patrocinador<\/h2>\n<p>Empresa familiar con m\u00e1s de 25 a\u00f1os de experiencia en transporte mar\u00edtimo. Su clara orientaci\u00f3n al cliente y esp\u00edritu innovador hacen que, desde su creaci\u00f3n, est\u00e9n siempre a la vanguardia de cualquier cambio que se pueda producir para adaptar su empresa a las necesidades que sus clientes y el mercado demandan. Apuestan por las nuevas tecnolog\u00edas y la informaci\u00f3n en tiempo real, pero su compromiso es a\u00fan mayor con las personas.<br \/>\n<a href=\"https:\/\/jcvshipping.com\/\"><br \/>\nAccede a la web <\/a><\/p>\n<h2>\u00a1Inscr\u00edbete al Summit Next 2026!<\/h2>\n","protected":false},"excerpt":{"rendered":"<p>Summit NEXT 2026 30 de octubre de 2025 Esade Barcelona INSCRIPCIONES CERRADAS \u00a1Inscr\u00edbete! Con la colaboraci\u00f3n de: Un evento imperdible y exclusivo para nuestra comunidad Planea el 2026 con prospectiva y estrategia de mercados Asiste con tu equipo para contrastar vuestro plan de crecimiento y perspectivas El evento de prospectiva que no te querr\u00e1s perder [&hellip;]<\/p>\n","protected":false},"author":28,"featured_media":43366,"parent":0,"menu_order":0,"comment_status":"closed","ping_status":"closed","template":"elementor_header_footer","meta":{"inline_featured_image":false,"footnotes":""},"categories":[563,564,602,603,568,569,570,562,560,565,567,566,561],"tags":[604],"class_list":["post-43753","page","type-page","status-publish","has-post-thumbnail","hentry","category-amec-industry-sector-en","category-amec-urbis-sector-en","category-india-plan-2026","category-major-events","category-sector-amec-aefemac-en-2","category-sector-amec-afespan-en-2","category-sector-amec-alimentec-en-2","category-sector-amec-amelec-en-2","category-sector-amec-amtex-en-2","category-sector-amec-ascon-en-2","category-sector-amec-envasgraf-en-2","category-sector-amec-fertech-en-2","category-sector-amec-imapc-en-2","tag-major-events"],"yoast_head":"<!-- This site is optimized with the Yoast SEO plugin v27.3 - https:\/\/yoast.com\/product\/yoast-seo-wordpress\/ -->\n<title>Plan India | amec Positive Industry<\/title>\n<meta name=\"robots\" content=\"index, follow, max-snippet:-1, max-image-preview:large, max-video-preview:-1\" \/>\n<link rel=\"canonical\" href=\"https:\/\/amec.es\/en\/plan-india\/\" \/>\n<meta property=\"og:locale\" content=\"en_US\" \/>\n<meta property=\"og:type\" content=\"article\" \/>\n<meta property=\"og:title\" content=\"Plan India | amec Positive Industry\" \/>\n<meta property=\"og:description\" content=\"Summit NEXT 2026 30 de octubre de 2025 Esade Barcelona INSCRIPCIONES CERRADAS \u00a1Inscr\u00edbete! Con la colaboraci\u00f3n de: Un evento imperdible y exclusivo para nuestra comunidad Planea el 2026 con prospectiva y estrategia de mercados Asiste con tu equipo para contrastar vuestro plan de crecimiento y perspectivas El evento de prospectiva que no te querr\u00e1s perder [&hellip;]\" \/>\n<meta property=\"og:url\" content=\"https:\/\/amec.es\/en\/plan-india\/\" \/>\n<meta property=\"og:site_name\" content=\"amec Positive Industry\" \/>\n<meta property=\"article:modified_time\" content=\"2025-11-18T08:34:58+00:00\" \/>\n<meta property=\"og:image\" content=\"https:\/\/amec.es\/wp-content\/uploads\/2023\/10\/prova-portada-summit.jpg\" \/>\n\t<meta property=\"og:image:width\" content=\"1899\" \/>\n\t<meta property=\"og:image:height\" content=\"656\" \/>\n\t<meta property=\"og:image:type\" content=\"image\/jpeg\" \/>\n<meta name=\"twitter:card\" content=\"summary_large_image\" \/>\n<meta name=\"twitter:label1\" content=\"Est. reading time\" \/>\n\t<meta name=\"twitter:data1\" content=\"5 minutes\" \/>\n<script type=\"application\/ld+json\" class=\"yoast-schema-graph\">{\"@context\":\"https:\\\/\\\/schema.org\",\"@graph\":[{\"@type\":\"WebPage\",\"@id\":\"https:\\\/\\\/amec.es\\\/en\\\/plan-india\\\/\",\"url\":\"https:\\\/\\\/amec.es\\\/en\\\/plan-india\\\/\",\"name\":\"Plan India | amec Positive Industry\",\"isPartOf\":{\"@id\":\"https:\\\/\\\/amec.es\\\/#website\"},\"primaryImageOfPage\":{\"@id\":\"https:\\\/\\\/amec.es\\\/en\\\/plan-india\\\/#primaryimage\"},\"image\":{\"@id\":\"https:\\\/\\\/amec.es\\\/en\\\/plan-india\\\/#primaryimage\"},\"thumbnailUrl\":\"https:\\\/\\\/amec.es\\\/wp-content\\\/uploads\\\/2023\\\/10\\\/prova-portada-summit.jpg\",\"datePublished\":\"2025-11-18T08:34:37+00:00\",\"dateModified\":\"2025-11-18T08:34:58+00:00\",\"breadcrumb\":{\"@id\":\"https:\\\/\\\/amec.es\\\/en\\\/plan-india\\\/#breadcrumb\"},\"inLanguage\":\"en-US\",\"potentialAction\":[{\"@type\":\"ReadAction\",\"target\":[\"https:\\\/\\\/amec.es\\\/en\\\/plan-india\\\/\"]}]},{\"@type\":\"ImageObject\",\"inLanguage\":\"en-US\",\"@id\":\"https:\\\/\\\/amec.es\\\/en\\\/plan-india\\\/#primaryimage\",\"url\":\"https:\\\/\\\/amec.es\\\/wp-content\\\/uploads\\\/2023\\\/10\\\/prova-portada-summit.jpg\",\"contentUrl\":\"https:\\\/\\\/amec.es\\\/wp-content\\\/uploads\\\/2023\\\/10\\\/prova-portada-summit.jpg\",\"width\":1899,\"height\":656},{\"@type\":\"BreadcrumbList\",\"@id\":\"https:\\\/\\\/amec.es\\\/en\\\/plan-india\\\/#breadcrumb\",\"itemListElement\":[{\"@type\":\"ListItem\",\"position\":1,\"name\":\"Portada\",\"item\":\"https:\\\/\\\/amec.es\\\/\"},{\"@type\":\"ListItem\",\"position\":2,\"name\":\"Plan India\"}]},{\"@type\":\"WebSite\",\"@id\":\"https:\\\/\\\/amec.es\\\/#website\",\"url\":\"https:\\\/\\\/amec.es\\\/\",\"name\":\"amec Positive Industry\",\"description\":\"\",\"publisher\":{\"@id\":\"https:\\\/\\\/amec.es\\\/#organization\"},\"potentialAction\":[{\"@type\":\"SearchAction\",\"target\":{\"@type\":\"EntryPoint\",\"urlTemplate\":\"https:\\\/\\\/amec.es\\\/?s={search_term_string}\"},\"query-input\":{\"@type\":\"PropertyValueSpecification\",\"valueRequired\":true,\"valueName\":\"search_term_string\"}}],\"inLanguage\":\"en-US\"},{\"@type\":\"Organization\",\"@id\":\"https:\\\/\\\/amec.es\\\/#organization\",\"name\":\"amec Positive Industry\",\"url\":\"https:\\\/\\\/amec.es\\\/\",\"logo\":{\"@type\":\"ImageObject\",\"inLanguage\":\"en-US\",\"@id\":\"https:\\\/\\\/amec.es\\\/#\\\/schema\\\/logo\\\/image\\\/\",\"url\":\"https:\\\/\\\/amec.es\\\/wp-content\\\/uploads\\\/2023\\\/07\\\/logoamec.png\",\"contentUrl\":\"https:\\\/\\\/amec.es\\\/wp-content\\\/uploads\\\/2023\\\/07\\\/logoamec.png\",\"width\":200,\"height\":48,\"caption\":\"amec Positive Industry\"},\"image\":{\"@id\":\"https:\\\/\\\/amec.es\\\/#\\\/schema\\\/logo\\\/image\\\/\"}}]}<\/script>\n<!-- \/ Yoast SEO plugin. -->","yoast_head_json":{"title":"Plan India | amec Positive Industry","robots":{"index":"index","follow":"follow","max-snippet":"max-snippet:-1","max-image-preview":"max-image-preview:large","max-video-preview":"max-video-preview:-1"},"canonical":"https:\/\/amec.es\/en\/plan-india\/","og_locale":"en_US","og_type":"article","og_title":"Plan India | amec Positive Industry","og_description":"Summit NEXT 2026 30 de octubre de 2025 Esade Barcelona INSCRIPCIONES CERRADAS \u00a1Inscr\u00edbete! Con la colaboraci\u00f3n de: Un evento imperdible y exclusivo para nuestra comunidad Planea el 2026 con prospectiva y estrategia de mercados Asiste con tu equipo para contrastar vuestro plan de crecimiento y perspectivas El evento de prospectiva que no te querr\u00e1s perder [&hellip;]","og_url":"https:\/\/amec.es\/en\/plan-india\/","og_site_name":"amec Positive Industry","article_modified_time":"2025-11-18T08:34:58+00:00","og_image":[{"width":1899,"height":656,"url":"https:\/\/amec.es\/wp-content\/uploads\/2023\/10\/prova-portada-summit.jpg","type":"image\/jpeg"}],"twitter_card":"summary_large_image","twitter_misc":{"Est. reading time":"5 minutes"},"schema":{"@context":"https:\/\/schema.org","@graph":[{"@type":"WebPage","@id":"https:\/\/amec.es\/en\/plan-india\/","url":"https:\/\/amec.es\/en\/plan-india\/","name":"Plan India | amec Positive Industry","isPartOf":{"@id":"https:\/\/amec.es\/#website"},"primaryImageOfPage":{"@id":"https:\/\/amec.es\/en\/plan-india\/#primaryimage"},"image":{"@id":"https:\/\/amec.es\/en\/plan-india\/#primaryimage"},"thumbnailUrl":"https:\/\/amec.es\/wp-content\/uploads\/2023\/10\/prova-portada-summit.jpg","datePublished":"2025-11-18T08:34:37+00:00","dateModified":"2025-11-18T08:34:58+00:00","breadcrumb":{"@id":"https:\/\/amec.es\/en\/plan-india\/#breadcrumb"},"inLanguage":"en-US","potentialAction":[{"@type":"ReadAction","target":["https:\/\/amec.es\/en\/plan-india\/"]}]},{"@type":"ImageObject","inLanguage":"en-US","@id":"https:\/\/amec.es\/en\/plan-india\/#primaryimage","url":"https:\/\/amec.es\/wp-content\/uploads\/2023\/10\/prova-portada-summit.jpg","contentUrl":"https:\/\/amec.es\/wp-content\/uploads\/2023\/10\/prova-portada-summit.jpg","width":1899,"height":656},{"@type":"BreadcrumbList","@id":"https:\/\/amec.es\/en\/plan-india\/#breadcrumb","itemListElement":[{"@type":"ListItem","position":1,"name":"Portada","item":"https:\/\/amec.es\/"},{"@type":"ListItem","position":2,"name":"Plan India"}]},{"@type":"WebSite","@id":"https:\/\/amec.es\/#website","url":"https:\/\/amec.es\/","name":"amec Positive Industry","description":"","publisher":{"@id":"https:\/\/amec.es\/#organization"},"potentialAction":[{"@type":"SearchAction","target":{"@type":"EntryPoint","urlTemplate":"https:\/\/amec.es\/?s={search_term_string}"},"query-input":{"@type":"PropertyValueSpecification","valueRequired":true,"valueName":"search_term_string"}}],"inLanguage":"en-US"},{"@type":"Organization","@id":"https:\/\/amec.es\/#organization","name":"amec Positive Industry","url":"https:\/\/amec.es\/","logo":{"@type":"ImageObject","inLanguage":"en-US","@id":"https:\/\/amec.es\/#\/schema\/logo\/image\/","url":"https:\/\/amec.es\/wp-content\/uploads\/2023\/07\/logoamec.png","contentUrl":"https:\/\/amec.es\/wp-content\/uploads\/2023\/07\/logoamec.png","width":200,"height":48,"caption":"amec Positive Industry"},"image":{"@id":"https:\/\/amec.es\/#\/schema\/logo\/image\/"}}]}},"_links":{"self":[{"href":"https:\/\/amec.es\/en\/wp-json\/wp\/v2\/pages\/43753","targetHints":{"allow":["GET"]}}],"collection":[{"href":"https:\/\/amec.es\/en\/wp-json\/wp\/v2\/pages"}],"about":[{"href":"https:\/\/amec.es\/en\/wp-json\/wp\/v2\/types\/page"}],"author":[{"embeddable":true,"href":"https:\/\/amec.es\/en\/wp-json\/wp\/v2\/users\/28"}],"replies":[{"embeddable":true,"href":"https:\/\/amec.es\/en\/wp-json\/wp\/v2\/comments?post=43753"}],"version-history":[{"count":1,"href":"https:\/\/amec.es\/en\/wp-json\/wp\/v2\/pages\/43753\/revisions"}],"predecessor-version":[{"id":43756,"href":"https:\/\/amec.es\/en\/wp-json\/wp\/v2\/pages\/43753\/revisions\/43756"}],"wp:featuredmedia":[{"embeddable":true,"href":"https:\/\/amec.es\/en\/wp-json\/wp\/v2\/media\/43366"}],"wp:attachment":[{"href":"https:\/\/amec.es\/en\/wp-json\/wp\/v2\/media?parent=43753"}],"wp:term":[{"taxonomy":"category","embeddable":true,"href":"https:\/\/amec.es\/en\/wp-json\/wp\/v2\/categories?post=43753"},{"taxonomy":"post_tag","embeddable":true,"href":"https:\/\/amec.es\/en\/wp-json\/wp\/v2\/tags?post=43753"}],"curies":[{"name":"wp","href":"https:\/\/api.w.org\/{rel}","templated":true}]}}